{"id":74157,"date":"2025-08-05T09:23:16","date_gmt":"2025-08-05T08:23:16","guid":{"rendered":"https:\/\/www.memoria.cat\/ramon-majo\/?page_id=74157"},"modified":"2025-08-05T19:01:21","modified_gmt":"2025-08-05T18:01:21","slug":"enllacos","status":"publish","type":"page","link":"https:\/\/www.memoria.cat\/ramon-majo\/enllacos\/","title":{"rendered":"Enlla\u00e7os"},"content":{"rendered":"<p>&nbsp;<\/p>\n<ul>\n<li>El testimoni de Ramon Maj\u00f3 explicat a la taula rodona \u201c<a href=\"https:\/\/www.memoria.cat\/supervivents-i-resistents-taula-rodona\/\">Supervivents i resistents. Catalunya 1939-1959. El cas de Manresa<\/a>\u201d, organitzada per la Fundaci\u00f3 Independ\u00e8ncia i Progr\u00e9s i celebrada a Manresa el 14\/11\/2019, on tamb\u00e9 hi van intervenir Montserrat Biosca, Montse Bozzo, Pepita Burgu\u00e9s, Llu\u00eds Calderer i Juli Sanclimens.<\/li>\n<\/ul>\n<p>&nbsp;<\/p>\n<ul>\n<li><a href=\"https:\/\/www.memoria.cat\/eleccions-municipals-1979\/laudio-del-debat-dels-caps-de-llista\/audios-i-transcripcions\/\">\u00c0udio de la seva intervenci\u00f3 al debat electoral dels caps de llista a les primeres eleccions municipals democr\u00e0tiques<\/a>, organitzat per Jove Cambra de Manresa i celebrat al Teatre Conservatori el 31\/3\/1979.<\/li>\n<\/ul>\n<p>&nbsp;<\/p>\n","protected":false},"excerpt":{"rendered":"<p>&nbsp; El testimoni de Ramon Maj\u00f3 explicat a la taula rodona \u201cSupervivents i resistents. Catalunya 1939-1959. El cas de Manresa\u201d, organitzada per la Fundaci\u00f3 Independ\u00e8ncia i Progr\u00e9s i celebrada a Manresa el 14\/11\/2019, on tamb\u00e9 hi van intervenir Montserrat Biosca, Montse Bozzo, Pepita Burgu\u00e9s, Llu\u00eds Calderer i Juli Sanclimens. &nbsp; \u00c0udio de la seva intervenci\u00f3 [&hellip;]<\/p>\n","protected":false},"author":28,"featured_media":0,"parent":0,"menu_order":0,"comment_status":"closed","ping_status":"closed","template":"","meta":{"footnotes":""},"class_list":["post-74157","page","type-page","status-publish","hentry"],"_links":{"self":[{"href":"https:\/\/www.memoria.cat\/ramon-majo\/wp-json\/wp\/v2\/pages\/74157","targetHints":{"allow":["GET"]}}],"collection":[{"href":"https:\/\/www.memoria.cat\/ramon-majo\/wp-json\/wp\/v2\/pages"}],"about":[{"href":"https:\/\/www.memoria.cat\/ramon-majo\/wp-json\/wp\/v2\/types\/page"}],"author":[{"embeddable":true,"href":"https:\/\/www.memoria.cat\/ramon-majo\/wp-json\/wp\/v2\/users\/28"}],"replies":[{"embeddable":true,"href":"https:\/\/www.memoria.cat\/ramon-majo\/wp-json\/wp\/v2\/comments?post=74157"}],"version-history":[{"count":0,"href":"https:\/\/www.memoria.cat\/ramon-majo\/wp-json\/wp\/v2\/pages\/74157\/revisions"}],"wp:attachment":[{"href":"https:\/\/www.memoria.cat\/ramon-majo\/wp-json\/wp\/v2\/media?parent=74157"}],"curies":[{"name":"wp","href":"https:\/\/api.w.org\/{rel}","templated":true}]}}