{"id":74155,"date":"2025-08-05T09:22:40","date_gmt":"2025-08-05T08:22:40","guid":{"rendered":"https:\/\/www.memoria.cat\/ramon-majo\/?page_id=74155"},"modified":"2025-08-30T16:33:19","modified_gmt":"2025-08-30T15:33:19","slug":"videos-relacionats-amb-les-detencions-de-1975","status":"publish","type":"page","link":"https:\/\/www.memoria.cat\/ramon-majo\/videos-relacionats-amb-les-detencions-de-1975\/","title":{"rendered":"V\u00eddeos relacionats amb les detencions de 1975"},"content":{"rendered":"<p>&nbsp;<\/p>\n<ul>\n<li>\n<h3><a href=\"https:\/\/www.memoria.cat\/detencions1975\/videos\/ramon-majo-lluch-les-persones-que-es-van-fugar-contactes-amb-el-partit\/\" target=\"_blank\" rel=\"noopener\">Les persones que es van fugar. Contactes amb el partit\u00a0<\/a><\/h3>\n<\/li>\n<\/ul>\n<ul>\n<li>\n<h3><a href=\"https:\/\/www.memoria.cat\/detencions1975\/videos\/ramon-majo-lluch-les-persones-que-es-van-fugar-amagat-a-barcelona\/\" target=\"_blank\" rel=\"noopener\">Les persones que es van fugar. Amagat a Barcelona\u00a0<\/a><\/h3>\n<\/li>\n<\/ul>\n<ul>\n<li>\n<h3><a href=\"https:\/\/www.memoria.cat\/detencions1975\/videos\/ramon-majo-lluch-la-caiguda-de-laparell-de-propaganda-del-psuc-i-les-seves-consequencies\/\" target=\"_blank\" rel=\"noopener\">La caiguda de l\u2019aparell de propaganda del PSUC i les seves conseq\u00fc\u00e8ncies\u00a0<\/a><\/h3>\n<\/li>\n<\/ul>\n<ul>\n<li>\n<h3><a href=\"https:\/\/www.memoria.cat\/detencions1975\/videos\/ramon-majo-lluch-el-retorn-dels-empresonats-i-la-rebuda-massiva-a-manresa\/\" target=\"_blank\" rel=\"noopener\">El retorn dels empresonats i la rebuda massiva a Manresa\u00a0<\/a><\/h3>\n<\/li>\n<\/ul>\n<ul>\n<li>\n<h3><a href=\"https:\/\/www.memoria.cat\/detencions1975\/videos\/ramon-majo-lluch-algunes-consequencies-dels-fets-el-miting-de-la-sala-loiola\/\" target=\"_blank\" rel=\"noopener\">Algunes conseq\u00fc\u00e8ncies dels fets. El m\u00edting de la Sala Loiola\u00a0<\/a><\/h3>\n<\/li>\n<\/ul>\n<ul>\n<li>\n<h3><a href=\"https:\/\/www.memoria.cat\/detencions1975\/videos\/ramon-majo-lluch-algunes-consequencies-dels-fets-reincorporacio\/\" target=\"_blank\" rel=\"noopener\">Algunes conseq\u00fc\u00e8ncies dels fets. Reincorporaci\u00f3\u00a0<\/a><\/h3>\n<\/li>\n<\/ul>\n<ul>\n<li>\n<h3><a href=\"https:\/\/www.memoria.cat\/detencions1975\/videos\/ramon-majo-lluch-reflexions-poc-suport-social\/\" target=\"_blank\" rel=\"noopener\">Reflexions. Poc suport social\u00a0<\/a><\/h3>\n<\/li>\n<\/ul>\n<ul>\n<li>\n<h3><a href=\"https:\/\/www.memoria.cat\/detencions1975\/videos\/ramon-majo-lluch-reflexions-donar-un-sentit-a-la-vida\/\" target=\"_blank\" rel=\"noopener\">Reflexions. Donar un sentit a la vida<\/a><\/h3>\n<\/li>\n<\/ul>\n<ul>\n<li>\n<h3><a href=\"https:\/\/www.memoria.cat\/detencions1975\/videos\/ramon-majo-lluch-reflexions-el-psuc-i-la-questio-nacional\/\" target=\"_blank\" rel=\"noopener\">Reflexions. El PSUC i la q\u00fcesti\u00f3 nacional\u00a0<\/a><\/h3>\n<\/li>\n<\/ul>\n<h3><\/h3>\n","protected":false},"excerpt":{"rendered":"<p>&nbsp; Les persones que es van fugar. Contactes amb el partit\u00a0 Les persones que es van fugar. Amagat a Barcelona\u00a0 La caiguda de l\u2019aparell de propaganda del PSUC i les seves conseq\u00fc\u00e8ncies\u00a0 El retorn dels empresonats i la rebuda massiva a Manresa\u00a0 Algunes conseq\u00fc\u00e8ncies dels fets. El m\u00edting de la Sala Loiola\u00a0 Algunes conseq\u00fc\u00e8ncies dels [&hellip;]<\/p>\n","protected":false},"author":28,"featured_media":0,"parent":0,"menu_order":0,"comment_status":"closed","ping_status":"closed","template":"","meta":{"footnotes":""},"class_list":["post-74155","page","type-page","status-publish","hentry"],"_links":{"self":[{"href":"https:\/\/www.memoria.cat\/ramon-majo\/wp-json\/wp\/v2\/pages\/74155","targetHints":{"allow":["GET"]}}],"collection":[{"href":"https:\/\/www.memoria.cat\/ramon-majo\/wp-json\/wp\/v2\/pages"}],"about":[{"href":"https:\/\/www.memoria.cat\/ramon-majo\/wp-json\/wp\/v2\/types\/page"}],"author":[{"embeddable":true,"href":"https:\/\/www.memoria.cat\/ramon-majo\/wp-json\/wp\/v2\/users\/28"}],"replies":[{"embeddable":true,"href":"https:\/\/www.memoria.cat\/ramon-majo\/wp-json\/wp\/v2\/comments?post=74155"}],"version-history":[{"count":0,"href":"https:\/\/www.memoria.cat\/ramon-majo\/wp-json\/wp\/v2\/pages\/74155\/revisions"}],"wp:attachment":[{"href":"https:\/\/www.memoria.cat\/ramon-majo\/wp-json\/wp\/v2\/media?parent=74155"}],"curies":[{"name":"wp","href":"https:\/\/api.w.org\/{rel}","templated":true}]}}