{"id":73404,"date":"2019-11-11T13:18:10","date_gmt":"2019-11-11T12:18:10","guid":{"rendered":"https:\/\/www.memoria.cat\/ramon-majo\/?page_id=73404"},"modified":"2025-08-28T23:39:16","modified_gmt":"2025-08-28T22:39:16","slug":"portada","status":"publish","type":"page","link":"https:\/\/www.memoria.cat\/ramon-majo\/","title":{"rendered":"Portada"},"content":{"rendered":"<p>&nbsp;<\/p>\n<p>L&#8217;any 2010 Memoria.cat va publicar <a href=\"https:\/\/www.memoria.cat\/ramon-majo\/videos-de-lentrevista-sobre-les-seves-detencions-i-empresonament\/#1\">la seg\u00fcent entrevista al lluitador antifranquista i activista social Ramon Maj\u00f3 Lluch (Manresa, 1940) sobre les seves detencions i estada a la pres\u00f3 Model durant la dictadura franquista<\/a><\/p>\n<p>Tanmateix, l\u2019entrevista, que va ser enregistrada el 16\/4\/2010, va ser m\u00e9s extensa i diverses q\u00fcestions exposades que no es van publicar aleshores estaven relacionades amb la hist\u00f2ria de l\u2019Assemblea del Bages, del qual ell va ser membre actiu. A causa de l\u2019inter\u00e8s i actualitat del tema (<a href=\"https:\/\/www.memoria.cat\/blog\/lassemblea-democratica-del-bages-una-pionera-oposicio-al-franquisme\/\">dem\u00e0, 30 d&#8217;agost, s\u2019inaugura al Museu Comarcal de Manresa una exposici\u00f3 sobre la hist\u00f2ria de I\u2019Assemblea<\/a>) oferim la resta de temes tractats. Els hem desglossat en aquests 10 v\u00eddeos:<\/p>\n<ul>\n<li><a href=\"https:\/\/www.memoria.cat\/ramon-majo\/videos-de-lentrevista-sobre-les-seves-detencions-i-empresonament\/#2\" target=\"_blank\" rel=\"noopener\">La milit\u00e0ncia<\/a><\/li>\n<li><a href=\"https:\/\/www.memoria.cat\/ramon-majo\/videos-de-lentrevista-sobre-les-seves-detencions-i-empresonament\/#3\" target=\"_blank\" rel=\"noopener\">Una manifestaci\u00f3 a Par\u00eds<\/a><\/li>\n<li><a href=\"https:\/\/www.memoria.cat\/ramon-majo\/videos-de-lentrevista-sobre-les-seves-detencions-i-empresonament\/#4\">L\u2019Assemblea del Bages<\/a><\/li>\n<li><a href=\"https:\/\/www.memoria.cat\/ramon-majo\/videos-de-lentrevista-sobre-les-seves-detencions-i-empresonament\/#5\">Els \u00faltims mesos del franquisme<\/a><\/li>\n<li><a href=\"https:\/\/www.memoria.cat\/ramon-majo\/videos-de-lentrevista-sobre-les-seves-detencions-i-empresonament\/#6\">La Marxa per la llibertat (1976)<\/a><\/li>\n<li><a href=\"https:\/\/www.memoria.cat\/ramon-majo\/videos-de-lentrevista-sobre-les-seves-detencions-i-empresonament\/#7\">El M\u00edting de la Diada Nacional de Catalunya a Manresa (1976)<\/a><\/li>\n<li><a href=\"https:\/\/www.memoria.cat\/ramon-majo\/videos-de-lentrevista-sobre-les-seves-detencions-i-empresonament\/#8\">La trobada amb el president Tarradellas a Par\u00eds (1977)<\/a><\/li>\n<li><a href=\"https:\/\/www.memoria.cat\/ramon-majo\/videos-de-lentrevista-sobre-les-seves-detencions-i-empresonament\/#9\">Valoraci\u00f3 de l\u2019Assemblea de Catalunya<\/a><\/li>\n<li><a href=\"https:\/\/www.memoria.cat\/ramon-majo\/videos-de-lentrevista-sobre-les-seves-detencions-i-empresonament\/#10\">L\u2019etapa de Ramon Roqueta com a alcalde de Manresa (1975-1979)<\/a><\/li>\n<li><a href=\"https:\/\/www.memoria.cat\/ramon-majo\/videos-de-lentrevista-sobre-les-seves-detencions-i-empresonament\/#11\">L\u2019etapa com a regidor del primer ajuntament democr\u00e0tic (1979-1983)<\/a><\/li>\n<\/ul>\n<p><span style=\"font-family: -apple-system, BlinkMacSystemFont, 'Segoe UI', Roboto, 'Helvetica Neue', Arial, 'Noto Sans', sans-serif, 'Apple Color Emoji', 'Segoe UI Emoji', 'Segoe UI Symbol', 'Noto Color Emoji';\">Ramon Maj\u00f3 tamb\u00e9 va ser una de la vintena de persones participants en dues taules rodones organitzades l\u2019any 2009 per l\u2019Associaci\u00f3 Mem\u00f2ria i Hist\u00f2ria de Manresa, amb protagonistes i testimonis de les detencions del 1975 a Manresa de membres del PSUC, CC.OO i Plataformes Anticapitalistes. En aquella ocasi\u00f3, per evitar ser detingut, Maj\u00f3 va decidir fugar-se. El web sobre aquell fet hist\u00f2ric, que va commocionar la ciutat, ofereix el seu testimoni en aquests 9 v\u00eddeos:<\/span><\/p>\n<ul>\n<li><a href=\"https:\/\/www.memoria.cat\/detencions1975\/videos\/ramon-majo-lluch-les-persones-que-es-van-fugar-contactes-amb-el-partit\/\" target=\"_blank\" rel=\"noopener\">Les persones que es van fugar. Contactes amb el partit\u00a0<\/a><\/li>\n<\/ul>\n<ul>\n<li><a href=\"https:\/\/www.memoria.cat\/detencions1975\/videos\/ramon-majo-lluch-les-persones-que-es-van-fugar-amagat-a-barcelona\/\" target=\"_blank\" rel=\"noopener\">Les persones que es van fugar. Amagat a Barcelona\u00a0<\/a><\/li>\n<\/ul>\n<ul>\n<li><a href=\"https:\/\/www.memoria.cat\/detencions1975\/videos\/ramon-majo-lluch-la-caiguda-de-laparell-de-propaganda-del-psuc-i-les-seves-consequencies\/\" target=\"_blank\" rel=\"noopener\">La caiguda de l&#8217;aparell de propaganda del PSUC i les seves conseq\u00fc\u00e8ncies\u00a0<\/a><\/li>\n<\/ul>\n<ul>\n<li><a href=\"https:\/\/www.memoria.cat\/detencions1975\/videos\/ramon-majo-lluch-el-retorn-dels-empresonats-i-la-rebuda-massiva-a-manresa\/\" target=\"_blank\" rel=\"noopener\">El retorn dels empresonats i la rebuda massiva a Manresa\u00a0<\/a><\/li>\n<\/ul>\n<ul>\n<li><a href=\"https:\/\/www.memoria.cat\/detencions1975\/videos\/ramon-majo-lluch-algunes-consequencies-dels-fets-el-miting-de-la-sala-loiola\/\" target=\"_blank\" rel=\"noopener\">Algunes conseq\u00fc\u00e8ncies dels fets. El m\u00edting de la Sala Loiola\u00a0<\/a><\/li>\n<\/ul>\n<ul>\n<li><a href=\"https:\/\/www.memoria.cat\/detencions1975\/videos\/ramon-majo-lluch-algunes-consequencies-dels-fets-reincorporacio\/\" target=\"_blank\" rel=\"noopener\">Algunes conseq\u00fc\u00e8ncies dels fets. Reincorporaci\u00f3\u00a0<\/a><\/li>\n<\/ul>\n<ul>\n<li><a href=\"https:\/\/www.memoria.cat\/detencions1975\/videos\/ramon-majo-lluch-reflexions-poc-suport-social\/\" target=\"_blank\" rel=\"noopener\">Reflexions. Poc suport social\u00a0<\/a><\/li>\n<\/ul>\n<ul>\n<li><a href=\"https:\/\/www.memoria.cat\/detencions1975\/videos\/ramon-majo-lluch-reflexions-donar-un-sentit-a-la-vida\/\" target=\"_blank\" rel=\"noopener\">Reflexions. Donar un sentit a la vida<\/a><\/li>\n<\/ul>\n<ul>\n<li><a href=\"https:\/\/www.memoria.cat\/detencions1975\/videos\/ramon-majo-lluch-reflexions-el-psuc-i-la-questio-nacional\/\" target=\"_blank\" rel=\"noopener\">Reflexions. El PSUC i la q\u00fcesti\u00f3 nacional\u00a0<\/a><\/li>\n<\/ul>\n<p>Tamb\u00e9 a Memoria.cat podeu trobar la seva intervenci\u00f3 a la taula rodona, organitzada per la Fundaci\u00f3 Independ\u00e8ncia i Progr\u00e9s i moderada per Gal\u00b7la Garcia, que va tenir lloc a Manresa el 14\/11\/2019 amb el t\u00edtol &#8220;<a href=\"https:\/\/www.memoria.cat\/supervivents-i-resistents-taula-rodona\/\">Supervivents i resistents. Catalunya 1939-1959. El cas de Manresa<\/a>&#8220;, on va intervenir al costat de Montserrat Biosca, Montse Bozzo, Pepita Burgu\u00e9s, Llu\u00eds Calderer i Juli Sancliments. En aquesta ocasi\u00f3 va parlar del paper del Centre Excursionista de Bages durant els primers anys del franquisme.<\/p>\n<p>En aquest web, doncs, agrupem el conjunt de les seves intervencions. Ramon Maj\u00f3 va ser un membre actiu del col\u00b7lectiu Art Viu i del Centre Excursionista de la Comarca de Bages. \u00c9s una persona molt coneguda a Manresa. Durant anys va militar al Partit Socialista Unificat de Catalunya (PSUC). Del 1967 fins al primer ajuntament democr\u00e0tic, del qual fou regidor, el seu treball pol\u00edtic va desenvolupar-se majorit\u00e0riament als organismes unitaris antifranquistes sovint en la clandestinitat. Va ser detingut l\u20191 de maig de 1972 i condu\u00eft a la caserna de la Gu\u00e0rdia Civil de Manresa. Posteriorment, va ser un dels 113 detinguts de la hist\u00f2rica trobada clandestina de membres de l\u2019Assemblea de Catalunya, celebrada a la parr\u00f2quia de Santa Maria Mitjancera de Barcelona. Despr\u00e9s de passar per la Comissaria de policia de Via Laietana i una altra comissaria de Barcelona, el van internar a la pres\u00f3 Model del 28 d\u2019octubre del 1973 al gener de 1974. Va ser el darrer dels 113 detinguts a ser posat en llibertat.<\/p>\n<p style=\"text-align: center;\">Associaci\u00f3 Mem\u00f2ria i Hist\u00f2ria de Manresa<\/p>\n<p>&nbsp;<\/p>\n","protected":false},"excerpt":{"rendered":"<p>&nbsp; L&#8217;any 2010 Memoria.cat va publicar la seg\u00fcent entrevista al lluitador antifranquista i activista social Ramon Maj\u00f3 Lluch (Manresa, 1940) sobre les seves detencions i estada a la pres\u00f3 Model durant la dictadura franquista Tanmateix, l\u2019entrevista, que va ser enregistrada el 16\/4\/2010, va ser m\u00e9s extensa i diverses q\u00fcestions exposades que no es van publicar [&hellip;]<\/p>\n","protected":false},"author":1,"featured_media":0,"parent":0,"menu_order":0,"comment_status":"closed","ping_status":"closed","template":"","meta":{"footnotes":""},"class_list":["post-73404","page","type-page","status-publish","hentry"],"_links":{"self":[{"href":"https:\/\/www.memoria.cat\/ramon-majo\/wp-json\/wp\/v2\/pages\/73404","targetHints":{"allow":["GET"]}}],"collection":[{"href":"https:\/\/www.memoria.cat\/ramon-majo\/wp-json\/wp\/v2\/pages"}],"about":[{"href":"https:\/\/www.memoria.cat\/ramon-majo\/wp-json\/wp\/v2\/types\/page"}],"author":[{"embeddable":true,"href":"https:\/\/www.memoria.cat\/ramon-majo\/wp-json\/wp\/v2\/users\/1"}],"replies":[{"embeddable":true,"href":"https:\/\/www.memoria.cat\/ramon-majo\/wp-json\/wp\/v2\/comments?post=73404"}],"version-history":[{"count":0,"href":"https:\/\/www.memoria.cat\/ramon-majo\/wp-json\/wp\/v2\/pages\/73404\/revisions"}],"wp:attachment":[{"href":"https:\/\/www.memoria.cat\/ramon-majo\/wp-json\/wp\/v2\/media?parent=73404"}],"curies":[{"name":"wp","href":"https:\/\/api.w.org\/{rel}","templated":true}]}}