{"id":71990,"date":"2018-02-20T16:26:55","date_gmt":"2018-02-20T15:26:55","guid":{"rendered":"https:\/\/www.memoria.cat\/pontsdestruits\/?page_id=71990"},"modified":"2021-01-27T23:23:20","modified_gmt":"2021-01-27T22:23:20","slug":"pagina-prova","status":"publish","type":"page","link":"https:\/\/www.memoria.cat\/pontsdestruits\/","title":{"rendered":"Fotografies dels ponts destru\u00efts durant la retirada republicana, el 1939"},"content":{"rendered":"<h6 style=\"text-align: right\">Joaquim Aloy<\/h6>\n<p>En aquest apartat podeu veure un recull de fotografies dels ponts destru\u00efts a Manresa la matinada del 24 de gener del 1939 per les forces republicanes per endarrerir l\u2019aven\u00e7 de les tropes franquistes i facilitar la retirada. Tamb\u00e9 imatges de la reconstrucci\u00f3 d\u2019alguns d\u2019aquests ponts.<\/p>\n<p>Les \u00faltimes setmanes de la guerra civil les vies de comunicaci\u00f3 van ser un objectiu militar vital per a l\u2019ex\u00e8rcit republic\u00e0. Soldats sapadors van destruir ponts i causar destrosses a carreteres i vies f\u00e8rries. Alguns hi van perdre la vida, per\u00f2 el seu treball va evitar que milers de refugiats i una bona part de l\u2019ex\u00e8rcit republic\u00e0 fossin capturats.<\/p>\n<p>El 24 de gener de 1939, cap a les dues de la matinada, la gran massa de les tropes republicanes batudes en retirada passaren per Manresa. Quan els \u00faltims combatents van haver abandonat Manresa, membres del cos d&#8217;enginyers de l&#8217;ex\u00e8rcit republic\u00e0 van fer volar la majoria dels ponts. La detonaci\u00f3 fou eixordadora i resson\u00e0 per tota la ciutat. Moltes cases van trontollar i es van trencar els vidres dels edificis propers, entre els quals els vitralls de la Seu.<\/p>\n<p>Les explosions destru\u00efren el Pont Vell, la passarel\u00b7la de l&#8217;estaci\u00f3 del Nord, el pont de Can Poc Oli, el pont del ferrocarril, el Pont Fumat i el Pont Nou. A causa d\u2019un problema t\u00e8cnic amb les c\u00e0rregues de dinamita, el pont de Sant Francesc no es vol\u00e0. Un dels soldats que les havia col\u00b7locades, el manres\u00e0 Josep M. Pascual Guitart, en anar a comprovar per qu\u00e8 no esclataven, hi trob\u00e0 la mort, ja que feren explosi\u00f3 en aquell prec\u00eds moment. La dinamita nom\u00e9s va fer malb\u00e9 una arcada, la m\u00e9s propera a la banda de l&#8217;estaci\u00f3, que, en entrar, els franquistes referen aviat. El pont de ferro no fou destru\u00eft per la proximitat de les cases.<\/p>\n<p>L&#8217;espant que caus\u00e0 aquella intensa explosi\u00f3 dels ponts s&#8217;apoder\u00e0 de la majoria de manresans que, amagats als refugis o en amagatalls de les cases, no sabien qu\u00e8 havia passat. Hores despr\u00e9s, l\u2019ex\u00e8rcit rebel entrava victori\u00f3s a Manresa.<\/p>\n<p>Vegeu m\u00e9s informaci\u00f3 a: <a href=\"https:\/\/www.memoria.cat\/franquisme\/sites\/memoria.cat.franquisme\/files\/la_retirada_de_les_forces_republicanes.pdf\">La retirada de les forces republicanes de la ciutat de Manresa (gener del 1939)<\/a> i <a href=\"http:\/\/www1.memoria.cat\/sites\/memoria.cat.franquisme\/files\/L-entrada-de-les-tropes-franquistes-A-Manresa.pdf\">L\u2019entrada de les tropes franquistes a Manresa<\/a>.<\/p>\n<p><a href=\"https:\/\/www.memoria.cat\/reproducci%C3%B3-dun-quadern-doperacions-militars-de-soldats-republicans-encarregats-de-destruir-els-pont\" target=\"_blank\" rel=\"noopener noreferrer\">Quadern de soldats republicans encarregats de destruir els ponts durant la retirada.<\/a><\/p>\n<p><a href=\"https:\/\/www.memoria.cat\/joves\/content\/film-de-lentrada-de-les-tropes-franquistes-manresa-24-1-1939\">Vegeu el v\u00eddeo de l\u2019entrada de les tropes franquistes a Manresa<\/a> (S\u2019hi pot observar com va quedar el Pont Nou despr\u00e9s de les explosions).<\/p>\n<p><a href=\"https:\/\/www.memoria.cat\/pontvell\">Vegeu 100 fotografies de la reconstrucci\u00f3 del Pont Vell<\/a><\/p>\n<p>Podeu veure <a href=\"https:\/\/www.memoria.cat\/franquisme\/content\/videos\/tema\/2\">diferents v\u00eddeos de testimonis sobre la retirada dels republicans i l\u2019entrada de les tropes franquistes<\/a>.<\/p>\n<p>Podeu veure 3 v\u00eddeos de testimonis sobre el pont de la Reforma que es va construir el 1940-1942: <a href=\"https:\/\/www.memoria.cat\/franquisme\/content\/un-pont-construit-2-metres-sobre-la-carretera\">Joan Rius i Soler<\/a> (1925), <a href=\"https:\/\/www.memoria.cat\/franquisme\/content\/soldats-i-presoners-treballant-al-pont-de-la-reforma\">Llu\u00eds Soldevila i Momin\u00f3<\/a> (1931) i <a href=\"https:\/\/www.memoria.cat\/franquisme\/content\/un-pont-de-l-estacio-del-nord-que-va-necessitar-escales\">Josep Torra i Ferrer<\/a> (1921).<\/p>\n<p>&nbsp;<\/p>\n<div id=\"jig1\" class=\"justified-image-grid jig-bbe16e056370fb868d2e9df49d029c5b jig-preset-c1 jig-source-wp-gallery jig-rml-id-4\"><div class=\"jig-clearfix\"><\/div><noscript id=\"jig1-html\" class=\"justified-image-grid-html\" data-lazy-src=\"skiplazyload\" data-src=\"skipunveillazyload\"><ul><li><a href=\"https:\/\/www.memoria.cat\/pontsdestruits\/wp-content\/uploads\/sites\/27\/2019\/08\/1a.jpg\" title=\"1a\"><img fetchpriority=\"high\" decoding=\"async\" src=\"https:\/\/www.memoria.cat\/pontsdestruits\/wp-content\/uploads\/sites\/27\/2019\/08\/1a.jpg\" alt=\"La passarel\u00b7la o palanca de l\u2019estaci\u00f3 del Nord, demolida el 24 de gener del 1939 durant la retirada de les forces republicanes. (Fotografia: Lloren\u00e7 Gamisans i Vilaplana).\" width=\"346\" height=\"230\" \/><\/a><p class=\"jig-HTMLdescription\">La passarel\u00b7la o palanca de l\u2019estaci\u00f3 del Nord, demolida el 24 de gener del 1939 durant la retirada de les forces republicanes. (Fotografia: Lloren\u00e7 Gamisans i Vilaplana).<br\/>1a<\/p><\/li><li><a href=\"https:\/\/www.memoria.cat\/pontsdestruits\/wp-content\/uploads\/sites\/27\/2019\/08\/2.jpg\" title=\"2\"><img decoding=\"async\" src=\"https:\/\/www.memoria.cat\/pontsdestruits\/wp-content\/uploads\/sites\/27\/2019\/08\/2.jpg\" alt=\"El bar La Reforma, enrunat pels mateixos explosius col\u00b7locats a la passarel\u00b7la. (Fotografia: Lloren\u00e7 Gamisans i Vilaplana).\" width=\"155\" height=\"230\" \/><\/a><p class=\"jig-HTMLdescription\">El bar La Reforma, enrunat pels mateixos explosius col\u00b7locats a la passarel\u00b7la. (Fotografia: Lloren\u00e7 Gamisans i Vilaplana).<br\/>2<\/p><\/li><li><a href=\"https:\/\/www.memoria.cat\/pontsdestruits\/wp-content\/uploads\/sites\/27\/2019\/08\/3.jpg\" title=\"3\"><img decoding=\"async\" src=\"https:\/\/www.memoria.cat\/pontsdestruits\/wp-content\/uploads\/sites\/27\/2019\/08\/3.jpg\" alt=\"La passarel\u00b7la abans de la seva destrucci\u00f3. (Arxiu Comarcal del Bages).\" width=\"356\" height=\"230\" \/><\/a><p class=\"jig-HTMLdescription\">La passarel\u00b7la abans de la seva destrucci\u00f3. (Arxiu Comarcal del Bages).<br\/>3<\/p><\/li><li><a href=\"https:\/\/www.memoria.cat\/pontsdestruits\/wp-content\/uploads\/sites\/27\/2019\/08\/4.jpg\" title=\"4\"><img loading=\"lazy\" decoding=\"async\" src=\"https:\/\/www.memoria.cat\/pontsdestruits\/wp-content\/uploads\/sites\/27\/2019\/08\/4.jpg\" alt=\"La passarel\u00b7la abans de la seva destrucci\u00f3. (Arxiu Comarcal del Bages).\" width=\"332\" height=\"230\" \/><\/a><p class=\"jig-HTMLdescription\">La passarel\u00b7la abans de la seva destrucci\u00f3. (Arxiu Comarcal del Bages).<br\/>4<\/p><\/li><li><a href=\"https:\/\/www.memoria.cat\/pontsdestruits\/wp-content\/uploads\/sites\/27\/2019\/08\/5.jpg\" title=\"5\"><img loading=\"lazy\" decoding=\"async\" src=\"https:\/\/www.memoria.cat\/pontsdestruits\/wp-content\/uploads\/sites\/27\/2019\/08\/5.jpg\" alt=\"La passarel\u00b7la abans de la seva destrucci\u00f3. (Arxiu Comarcal del Bages).\" width=\"313\" height=\"230\" \/><\/a><p class=\"jig-HTMLdescription\">La passarel\u00b7la abans de la seva destrucci\u00f3. (Arxiu Comarcal del Bages).<br\/>5<\/p><\/li><li><a href=\"https:\/\/www.memoria.cat\/pontsdestruits\/wp-content\/uploads\/sites\/27\/2019\/08\/6.jpg\" title=\"6\"><img loading=\"lazy\" decoding=\"async\" src=\"https:\/\/www.memoria.cat\/pontsdestruits\/wp-content\/uploads\/sites\/27\/2019\/08\/6.jpg\" alt=\"Fotografies de la construcci\u00f3 del nou pont de la Reforma. Es va fer entre els anys 1940 i 1942. Van construir-lo soldats i presoners de guerra. A primer terme, la passarel\u00b7la provisional que es va habilitar de seguida per als vianants.\" width=\"301\" height=\"230\" \/><\/a><p class=\"jig-HTMLdescription\">Fotografies de la construcci\u00f3 del nou pont de la Reforma. Es va fer entre els anys 1940 i 1942. Van construir-lo soldats i presoners de guerra. A primer terme, la passarel\u00b7la provisional que es va habilitar de seguida per als vianants.<br\/>6<\/p><\/li><li><a href=\"https:\/\/www.memoria.cat\/pontsdestruits\/wp-content\/uploads\/sites\/27\/2019\/08\/7.jpg\" title=\"7\"><img loading=\"lazy\" decoding=\"async\" src=\"https:\/\/www.memoria.cat\/pontsdestruits\/wp-content\/uploads\/sites\/27\/2019\/08\/7.jpg\" alt=\"Fotografies de la construcci\u00f3 del nou pont de la Reforma. Es va fer entre els anys 1940 i 1942. Van construir-lo soldats i presoners de guerra. A primer terme, la passarel\u00b7la provisional que es va habilitar de seguida per als vianants.\" width=\"339\" height=\"230\" \/><\/a><p class=\"jig-HTMLdescription\">Fotografies de la construcci\u00f3 del nou pont de la Reforma. Es va fer entre els anys 1940 i 1942. Van construir-lo soldats i presoners de guerra. A primer terme, la passarel\u00b7la provisional que es va habilitar de seguida per als vianants.<br\/>7<\/p><\/li><li><a href=\"https:\/\/www.memoria.cat\/pontsdestruits\/wp-content\/uploads\/sites\/27\/2019\/08\/8.jpg\" title=\"8\"><img loading=\"lazy\" decoding=\"async\" src=\"https:\/\/www.memoria.cat\/pontsdestruits\/wp-content\/uploads\/sites\/27\/2019\/08\/8.jpg\" alt=\"El pont de la Reforma, acabat. No permetia el tr\u00e0nsit de vehicles per la difer\u00e8ncia de desnivell entre un marge i l\u2019altre del riu. (Font: josepsar).\" width=\"338\" height=\"230\" \/><\/a><p class=\"jig-HTMLdescription\">El pont de la Reforma, acabat. No permetia el tr\u00e0nsit de vehicles per la difer\u00e8ncia de desnivell entre un marge i l\u2019altre del riu. (Font: josepsar).<br\/>8<\/p><\/li><li><a href=\"https:\/\/www.memoria.cat\/pontsdestruits\/wp-content\/uploads\/sites\/27\/2019\/08\/9.jpg\" title=\"9\"><img loading=\"lazy\" decoding=\"async\" src=\"https:\/\/www.memoria.cat\/pontsdestruits\/wp-content\/uploads\/sites\/27\/2019\/08\/9.jpg\" alt=\"El pont de la Reforma, acabat. No permetia el tr\u00e0nsit de vehicles per la difer\u00e8ncia de desnivell entre un marge i l\u2019altre del riu. (Font: josepsar).\" width=\"354\" height=\"230\" \/><\/a><p class=\"jig-HTMLdescription\">El pont de la Reforma, acabat. No permetia el tr\u00e0nsit de vehicles per la difer\u00e8ncia de desnivell entre un marge i l\u2019altre del riu. (Font: josepsar).<br\/>9<\/p><\/li><li><a href=\"https:\/\/www.memoria.cat\/pontsdestruits\/wp-content\/uploads\/sites\/27\/2019\/08\/10a.jpg\" title=\"10a\"><img loading=\"lazy\" decoding=\"async\" src=\"https:\/\/www.memoria.cat\/pontsdestruits\/wp-content\/uploads\/sites\/27\/2019\/08\/10a.jpg\" alt=\"Una fotografia recent del pont de la Reforma, reestructurat. Es va inaugurar el desembre del 1965. La connexi\u00f3 amb la carretera d\u2019Esparreguera permetia el tr\u00e0nsit de vehicles. (Font: wikimedia). \" width=\"346\" height=\"230\" \/><\/a><p class=\"jig-HTMLdescription\">Una fotografia recent del pont de la Reforma, reestructurat. Es va inaugurar el desembre del 1965. La connexi\u00f3 amb la carretera d\u2019Esparreguera permetia el tr\u00e0nsit de vehicles. (Font: wikimedia). <br\/>10a<\/p><\/li><li><a href=\"https:\/\/www.memoria.cat\/pontsdestruits\/wp-content\/uploads\/sites\/27\/2019\/08\/11a.jpg\" title=\"11a\"><img loading=\"lazy\" decoding=\"async\" src=\"https:\/\/www.memoria.cat\/pontsdestruits\/wp-content\/uploads\/sites\/27\/2019\/08\/11a.jpg\" alt=\"El pont dels Ferrocarrils Catalans, demolit. Situat entre La Catalana i el passeig del Riu, antigament aquest pont comunicava l\u2019estaci\u00f3 dels Ferrocarrils Catalans de Manresa-Berga (ubicada al mateix passeig del Riu) amb la dels ferrocarrils de l\u2019estaci\u00f3 del Nord. (Fotografies: Lloren\u00e7 Gamisans i Vilaplana).\" width=\"346\" height=\"230\" \/><\/a><p class=\"jig-HTMLdescription\">El pont dels Ferrocarrils Catalans, demolit. Situat entre La Catalana i el passeig del Riu, antigament aquest pont comunicava l\u2019estaci\u00f3 dels Ferrocarrils Catalans de Manresa-Berga (ubicada al mateix passeig del Riu) amb la dels ferrocarrils de l\u2019estaci\u00f3 del Nord. (Fotografies: Lloren\u00e7 Gamisans i Vilaplana).<br\/>11a<\/p><\/li><li><a href=\"https:\/\/www.memoria.cat\/pontsdestruits\/wp-content\/uploads\/sites\/27\/2019\/08\/12a.jpg\" title=\"12a\"><img loading=\"lazy\" decoding=\"async\" src=\"https:\/\/www.memoria.cat\/pontsdestruits\/wp-content\/uploads\/sites\/27\/2019\/08\/12a.jpg\" alt=\"El pont dels Ferrocarrils Catalans, demolit. Situat entre La Catalana i el passeig del Riu, antigament aquest pont comunicava l\u2019estaci\u00f3 dels Ferrocarrils Catalans de Manresa-Berga (ubicada al mateix passeig del Riu) amb la dels ferrocarrils de l\u2019estaci\u00f3 del Nord. (Fotografies: Lloren\u00e7 Gamisans i Vilaplana).\" width=\"346\" height=\"230\" \/><\/a><p class=\"jig-HTMLdescription\">El pont dels Ferrocarrils Catalans, demolit. Situat entre La Catalana i el passeig del Riu, antigament aquest pont comunicava l\u2019estaci\u00f3 dels Ferrocarrils Catalans de Manresa-Berga (ubicada al mateix passeig del Riu) amb la dels ferrocarrils de l\u2019estaci\u00f3 del Nord. (Fotografies: Lloren\u00e7 Gamisans i Vilaplana).<br\/>12a<\/p><\/li><li><a href=\"https:\/\/www.memoria.cat\/pontsdestruits\/wp-content\/uploads\/sites\/27\/2019\/08\/13.jpg\" title=\"13\"><img loading=\"lazy\" decoding=\"async\" src=\"https:\/\/www.memoria.cat\/pontsdestruits\/wp-content\/uploads\/sites\/27\/2019\/08\/13.jpg\" alt=\"El pont de Sant Francesc. Els explosius van fallar i nom\u00e9s van ocasionar alguns desperfectes a l\u2019arcada de la dreta. (Fotografia: col\u00b7lecci\u00f3 Fam\u00edlia Singla).\" width=\"352\" height=\"230\" \/><\/a><p class=\"jig-HTMLdescription\">El pont de Sant Francesc. Els explosius van fallar i nom\u00e9s van ocasionar alguns desperfectes a l\u2019arcada de la dreta. (Fotografia: col\u00b7lecci\u00f3 Fam\u00edlia Singla).<br\/>13<\/p><\/li><li><a href=\"https:\/\/www.memoria.cat\/pontsdestruits\/wp-content\/uploads\/sites\/27\/2019\/08\/14a.jpg\" title=\"14a\"><img loading=\"lazy\" decoding=\"async\" src=\"https:\/\/www.memoria.cat\/pontsdestruits\/wp-content\/uploads\/sites\/27\/2019\/08\/14a.jpg\" alt=\"Fotografies del pont dels Ferrocarrils Catalans i del pont de Sant Francesc, anteriors al 1939. (Arxiu Comarcal del Bages).\" width=\"346\" height=\"230\" \/><\/a><p class=\"jig-HTMLdescription\">Fotografies del pont dels Ferrocarrils Catalans i del pont de Sant Francesc, anteriors al 1939. (Arxiu Comarcal del Bages).<br\/>14a<\/p><\/li><li><a href=\"https:\/\/www.memoria.cat\/pontsdestruits\/wp-content\/uploads\/sites\/27\/2019\/08\/15.jpg\" title=\"15\"><img loading=\"lazy\" decoding=\"async\" src=\"https:\/\/www.memoria.cat\/pontsdestruits\/wp-content\/uploads\/sites\/27\/2019\/08\/15.jpg\" alt=\"Fotografies del pont dels Ferrocarrils Catalans i del pont de Sant Francesc, anteriors al 1939. (Arxiu Comarcal del Bages).\" width=\"362\" height=\"230\" \/><\/a><p class=\"jig-HTMLdescription\">Fotografies del pont dels Ferrocarrils Catalans i del pont de Sant Francesc, anteriors al 1939. (Arxiu Comarcal del Bages).<br\/>15<\/p><\/li><li><a href=\"https:\/\/www.memoria.cat\/pontsdestruits\/wp-content\/uploads\/sites\/27\/2019\/08\/16a.jpg\" title=\"16a\"><img loading=\"lazy\" decoding=\"async\" src=\"https:\/\/www.memoria.cat\/pontsdestruits\/wp-content\/uploads\/sites\/27\/2019\/08\/16a.jpg\" alt=\"Fotografies del pont dels Ferrocarrils Catalans i del pont de Sant Francesc, anteriors al 1939. (Arxiu Comarcal del Bages).\" width=\"346\" height=\"230\" \/><\/a><p class=\"jig-HTMLdescription\">Fotografies del pont dels Ferrocarrils Catalans i del pont de Sant Francesc, anteriors al 1939. (Arxiu Comarcal del Bages).<br\/>16a<\/p><\/li><li><a href=\"https:\/\/www.memoria.cat\/pontsdestruits\/wp-content\/uploads\/sites\/27\/2019\/08\/17.jpg\" title=\"17\"><img loading=\"lazy\" decoding=\"async\" src=\"https:\/\/www.memoria.cat\/pontsdestruits\/wp-content\/uploads\/sites\/27\/2019\/08\/17.jpg\" alt=\"Fotografies del pont dels Ferrocarrils Catalans i del pont de Sant Francesc, anteriors al 1939. (Arxiu Comarcal del Bages).\" width=\"361\" height=\"230\" \/><\/a><p class=\"jig-HTMLdescription\">Fotografies del pont dels Ferrocarrils Catalans i del pont de Sant Francesc, anteriors al 1939. (Arxiu Comarcal del Bages).<br\/>17<\/p><\/li><li><a href=\"https:\/\/www.memoria.cat\/pontsdestruits\/wp-content\/uploads\/sites\/27\/2019\/08\/18.jpg\" title=\"18\"><img loading=\"lazy\" decoding=\"async\" src=\"https:\/\/www.memoria.cat\/pontsdestruits\/wp-content\/uploads\/sites\/27\/2019\/08\/18.jpg\" alt=\"Fotografies del pont dels Ferrocarrils Catalans i del pont de Sant Francesc, anteriors al 1939. (Arxiu Comarcal del Bages).\" width=\"349\" height=\"230\" \/><\/a><p class=\"jig-HTMLdescription\">Fotografies del pont dels Ferrocarrils Catalans i del pont de Sant Francesc, anteriors al 1939. (Arxiu Comarcal del Bages).<br\/>18<\/p><\/li><li><a href=\"https:\/\/www.memoria.cat\/pontsdestruits\/wp-content\/uploads\/sites\/27\/2019\/08\/19.jpg\" title=\"19\"><img loading=\"lazy\" decoding=\"async\" src=\"https:\/\/www.memoria.cat\/pontsdestruits\/wp-content\/uploads\/sites\/27\/2019\/08\/19.jpg\" alt=\"El pont de Can Poc Oli, destru\u00eft. (Arxiu Francesc Villegas).\" width=\"342\" height=\"230\" \/><\/a><p class=\"jig-HTMLdescription\">El pont de Can Poc Oli, destru\u00eft. (Arxiu Francesc Villegas).<br\/>19<\/p><\/li><li><a href=\"https:\/\/www.memoria.cat\/pontsdestruits\/wp-content\/uploads\/sites\/27\/2019\/08\/20.jpg\" title=\"20\"><img loading=\"lazy\" decoding=\"async\" src=\"https:\/\/www.memoria.cat\/pontsdestruits\/wp-content\/uploads\/sites\/27\/2019\/08\/20.jpg\" alt=\"Reconstrucci\u00f3 del Pont Nou o pont del Cementiri. (Fotografia: col\u00b7lecci\u00f3 F. Brunet).\" width=\"337\" height=\"230\" \/><\/a><p class=\"jig-HTMLdescription\">Reconstrucci\u00f3 del Pont Nou o pont del Cementiri. (Fotografia: col\u00b7lecci\u00f3 F. Brunet).<br\/>20<\/p><\/li><li><a href=\"https:\/\/www.memoria.cat\/pontsdestruits\/wp-content\/uploads\/sites\/27\/2019\/08\/21.jpg\" title=\"21\"><img loading=\"lazy\" decoding=\"async\" src=\"https:\/\/www.memoria.cat\/pontsdestruits\/wp-content\/uploads\/sites\/27\/2019\/08\/21.jpg\" alt=\"El Pont Vell, destru\u00eft. (Archivo General de la Administraci\u00f3n).\" width=\"360\" height=\"230\" \/><\/a><p class=\"jig-HTMLdescription\">El Pont Vell, destru\u00eft. (Archivo General de la Administraci\u00f3n).<br\/>21<\/p><\/li><li><a href=\"https:\/\/www.memoria.cat\/pontsdestruits\/wp-content\/uploads\/sites\/27\/2019\/08\/22.jpg\" title=\"22\"><img loading=\"lazy\" decoding=\"async\" src=\"https:\/\/www.memoria.cat\/pontsdestruits\/wp-content\/uploads\/sites\/27\/2019\/08\/22.jpg\" alt=\"Obres de restauraci\u00f3 del Pont Vell, destru\u00eft el 1939. No s\u2019iniciaren fins l\u2019any 1960. (Archivo General de la Administraci\u00f3n).\" width=\"328\" height=\"230\" \/><\/a><p class=\"jig-HTMLdescription\">Obres de restauraci\u00f3 del Pont Vell, destru\u00eft el 1939. No s\u2019iniciaren fins l\u2019any 1960. (Archivo General de la Administraci\u00f3n).<br\/>22<\/p><\/li><li><a href=\"https:\/\/www.memoria.cat\/pontsdestruits\/wp-content\/uploads\/sites\/27\/2019\/08\/23.jpg\" title=\"23\"><img loading=\"lazy\" decoding=\"async\" src=\"https:\/\/www.memoria.cat\/pontsdestruits\/wp-content\/uploads\/sites\/27\/2019\/08\/23.jpg\" alt=\"Obres de restauraci\u00f3 del Pont Vell, destru\u00eft el 1939. No s\u2019iniciaren fins l\u2019any 1960. (Archivo General de la Administraci\u00f3n).\" width=\"356\" height=\"230\" \/><\/a><p class=\"jig-HTMLdescription\">Obres de restauraci\u00f3 del Pont Vell, destru\u00eft el 1939. No s\u2019iniciaren fins l\u2019any 1960. (Archivo General de la Administraci\u00f3n).<br\/>23<\/p><\/li><li><a href=\"https:\/\/www.memoria.cat\/pontsdestruits\/wp-content\/uploads\/sites\/27\/2019\/08\/24.jpg\" title=\"24\"><img loading=\"lazy\" decoding=\"async\" src=\"https:\/\/www.memoria.cat\/pontsdestruits\/wp-content\/uploads\/sites\/27\/2019\/08\/24.jpg\" alt=\"Obres de restauraci\u00f3 del Pont Vell, destru\u00eft el 1939. No s\u2019iniciaren fins l\u2019any 1960. (Archivo General de la Administraci\u00f3n).\" width=\"377\" height=\"230\" \/><\/a><p class=\"jig-HTMLdescription\">Obres de restauraci\u00f3 del Pont Vell, destru\u00eft el 1939. No s\u2019iniciaren fins l\u2019any 1960. (Archivo General de la Administraci\u00f3n).<br\/>24<\/p><\/li><li><a href=\"https:\/\/www.memoria.cat\/pontsdestruits\/wp-content\/uploads\/sites\/27\/2019\/08\/25.jpg\" title=\"25\"><img loading=\"lazy\" decoding=\"async\" src=\"https:\/\/www.memoria.cat\/pontsdestruits\/wp-content\/uploads\/sites\/27\/2019\/08\/25.jpg\" alt=\"Obres de restauraci\u00f3 del Pont Vell, destru\u00eft el 1939. No s\u2019iniciaren fins l\u2019any 1960. (Archivo General de la Administraci\u00f3n).\" width=\"348\" height=\"230\" \/><\/a><p class=\"jig-HTMLdescription\">Obres de restauraci\u00f3 del Pont Vell, destru\u00eft el 1939. No s\u2019iniciaren fins l\u2019any 1960. (Archivo General de la Administraci\u00f3n).<br\/>25<\/p><\/li><li><a href=\"https:\/\/www.memoria.cat\/pontsdestruits\/wp-content\/uploads\/sites\/27\/2019\/08\/26.jpg\" title=\"26\"><img loading=\"lazy\" decoding=\"async\" src=\"https:\/\/www.memoria.cat\/pontsdestruits\/wp-content\/uploads\/sites\/27\/2019\/08\/26.jpg\" alt=\"El Pont Vell, un cop acabada la restauraci\u00f3. (Archivo General de la Administraci\u00f3n).\" width=\"338\" height=\"230\" \/><\/a><p class=\"jig-HTMLdescription\">El Pont Vell, un cop acabada la restauraci\u00f3. (Archivo General de la Administraci\u00f3n).<br\/>26<\/p><\/li><li><a href=\"https:\/\/www.memoria.cat\/pontsdestruits\/wp-content\/uploads\/sites\/27\/2019\/08\/27.jpg\" title=\"27\"><img loading=\"lazy\" decoding=\"async\" src=\"https:\/\/www.memoria.cat\/pontsdestruits\/wp-content\/uploads\/sites\/27\/2019\/08\/27.jpg\" alt=\"30\/1\/1963. Inauguraci\u00f3 del Pont Vell reconstru\u00eft, amb la pres\u00e8ncia del ministre de l\u2019Habitatge, Jos\u00e9 Mar\u00eda Mart\u00ednez S\u00e1nchez-Arjona, i l\u2019alcalde de Manresa Joan Moll. (Arxiu Comarcal del Bages).\" width=\"320\" height=\"230\" \/><\/a><p class=\"jig-HTMLdescription\">30\/1\/1963. Inauguraci\u00f3 del Pont Vell reconstru\u00eft, amb la pres\u00e8ncia del ministre de l\u2019Habitatge, Jos\u00e9 Mar\u00eda Mart\u00ednez S\u00e1nchez-Arjona, i l\u2019alcalde de Manresa Joan Moll. (Arxiu Comarcal del Bages).<br\/>27<\/p><\/li><li><a href=\"https:\/\/www.memoria.cat\/pontsdestruits\/wp-content\/uploads\/sites\/27\/2019\/08\/28a.jpg\" title=\"28a\"><img loading=\"lazy\" decoding=\"async\" src=\"https:\/\/www.memoria.cat\/pontsdestruits\/wp-content\/uploads\/sites\/27\/2019\/08\/28a.jpg\" alt=\"Placa del nou Pont Vell reconstru\u00eft i que deixa const\u00e0ncia que el pont va ser destru\u00eft per \u201cla horda rojo separatista\u201d. (Arxiu Comarcal del Bages).\" width=\"346\" height=\"230\" \/><\/a><p class=\"jig-HTMLdescription\">Placa del nou Pont Vell reconstru\u00eft i que deixa const\u00e0ncia que el pont va ser destru\u00eft per \u201cla horda rojo separatista\u201d. (Arxiu Comarcal del Bages).<br\/>28a<\/p><\/li><\/ul><\/noscript><\/div>\n<p>&nbsp;<\/p>\n","protected":false},"excerpt":{"rendered":"<p>Joaquim Aloy En aquest apartat podeu veure un recull de fotografies dels ponts destru\u00efts a Manresa la matinada del 24 de gener del 1939 per les forces republicanes per endarrerir l\u2019aven\u00e7 de les tropes franquistes i facilitar la retirada. Tamb\u00e9 imatges de la reconstrucci\u00f3 d\u2019alguns d\u2019aquests ponts. Les \u00faltimes setmanes de la guerra civil les [&hellip;]<\/p>\n","protected":false},"author":1,"featured_media":0,"parent":0,"menu_order":0,"comment_status":"closed","ping_status":"closed","template":"","meta":{"footnotes":""},"class_list":["post-71990","page","type-page","status-publish","hentry"],"_links":{"self":[{"href":"https:\/\/www.memoria.cat\/pontsdestruits\/wp-json\/wp\/v2\/pages\/71990","targetHints":{"allow":["GET"]}}],"collection":[{"href":"https:\/\/www.memoria.cat\/pontsdestruits\/wp-json\/wp\/v2\/pages"}],"about":[{"href":"https:\/\/www.memoria.cat\/pontsdestruits\/wp-json\/wp\/v2\/types\/page"}],"author":[{"embeddable":true,"href":"https:\/\/www.memoria.cat\/pontsdestruits\/wp-json\/wp\/v2\/users\/1"}],"replies":[{"embeddable":true,"href":"https:\/\/www.memoria.cat\/pontsdestruits\/wp-json\/wp\/v2\/comments?post=71990"}],"version-history":[{"count":0,"href":"https:\/\/www.memoria.cat\/pontsdestruits\/wp-json\/wp\/v2\/pages\/71990\/revisions"}],"wp:attachment":[{"href":"https:\/\/www.memoria.cat\/pontsdestruits\/wp-json\/wp\/v2\/media?parent=71990"}],"curies":[{"name":"wp","href":"https:\/\/api.w.org\/{rel}","templated":true}]}}