{"id":74057,"date":"2021-11-13T10:56:05","date_gmt":"2021-11-13T09:56:05","guid":{"rendered":"https:\/\/www.memoria.cat\/placido\/?page_id=74057"},"modified":"2021-11-13T10:57:58","modified_gmt":"2021-11-13T09:57:58","slug":"dialeg-entre-josep-tomas-cabot-i-luis-garcia-berlanga-1961","status":"publish","type":"page","link":"https:\/\/www.memoria.cat\/placido\/dialeg-entre-josep-tomas-cabot-i-luis-garcia-berlanga-1961\/","title":{"rendered":"Di\u00e0leg entre Josep Tom\u00e0s Cabot i Luis Garc\u00eda Berlanga (1961)"},"content":{"rendered":"<p>Aqu\u00ed podeu veure l\u2019entrevista-di\u00e0leg entre Luis Garc\u00eda Berlanga i el manres\u00e0 Josep Tom\u00e0s Cabot, que es va publicar a la Revista Bages, el juliol-agost del 1961.<\/p>\n<p><a href=\"https:\/\/www.memoria.cat\/placido\/wp-content\/uploads\/sites\/60\/2021\/11\/Entrevista-de-Josep-Toma\u0300s-Cabot-a-Luis-G.-Berlanga-scaled.jpg\"><img fetchpriority=\"high\" decoding=\"async\" class=\"alignnone wp-image-74059 size-full\" src=\"https:\/\/www.memoria.cat\/placido\/wp-content\/uploads\/sites\/60\/2021\/11\/Entrevista-de-Josep-Toma\u0300s-Cabot-a-Luis-G.-Berlanga-scaled.jpg\" alt=\"\" width=\"1920\" height=\"2560\" srcset=\"https:\/\/www.memoria.cat\/placido\/wp-content\/uploads\/sites\/60\/2021\/11\/Entrevista-de-Josep-Toma\u0300s-Cabot-a-Luis-G.-Berlanga-scaled.jpg 1920w, https:\/\/www.memoria.cat\/placido\/wp-content\/uploads\/sites\/60\/2021\/11\/Entrevista-de-Josep-Toma\u0300s-Cabot-a-Luis-G.-Berlanga-225x300.jpg 225w, https:\/\/www.memoria.cat\/placido\/wp-content\/uploads\/sites\/60\/2021\/11\/Entrevista-de-Josep-Toma\u0300s-Cabot-a-Luis-G.-Berlanga-768x1024.jpg 768w, https:\/\/www.memoria.cat\/placido\/wp-content\/uploads\/sites\/60\/2021\/11\/Entrevista-de-Josep-Toma\u0300s-Cabot-a-Luis-G.-Berlanga-1152x1536.jpg 1152w, https:\/\/www.memoria.cat\/placido\/wp-content\/uploads\/sites\/60\/2021\/11\/Entrevista-de-Josep-Toma\u0300s-Cabot-a-Luis-G.-Berlanga-1536x2048.jpg 1536w\" sizes=\"(max-width: 1920px) 100vw, 1920px\" \/><\/a><\/p>\n<p>&nbsp;<\/p>\n<p>&nbsp;<\/p>\n","protected":false},"excerpt":{"rendered":"<p>Aqu\u00ed podeu veure l\u2019entrevista-di\u00e0leg entre Luis Garc\u00eda Berlanga i el manres\u00e0 Josep Tom\u00e0s Cabot, que es va publicar a la Revista Bages, el juliol-agost del 1961. &nbsp; &nbsp;<\/p>\n","protected":false},"author":28,"featured_media":0,"parent":0,"menu_order":0,"comment_status":"closed","ping_status":"closed","template":"","meta":{"iawp_total_views":13,"footnotes":""},"class_list":["post-74057","page","type-page","status-publish","hentry"],"_links":{"self":[{"href":"https:\/\/www.memoria.cat\/placido\/wp-json\/wp\/v2\/pages\/74057","targetHints":{"allow":["GET"]}}],"collection":[{"href":"https:\/\/www.memoria.cat\/placido\/wp-json\/wp\/v2\/pages"}],"about":[{"href":"https:\/\/www.memoria.cat\/placido\/wp-json\/wp\/v2\/types\/page"}],"author":[{"embeddable":true,"href":"https:\/\/www.memoria.cat\/placido\/wp-json\/wp\/v2\/users\/28"}],"replies":[{"embeddable":true,"href":"https:\/\/www.memoria.cat\/placido\/wp-json\/wp\/v2\/comments?post=74057"}],"version-history":[{"count":0,"href":"https:\/\/www.memoria.cat\/placido\/wp-json\/wp\/v2\/pages\/74057\/revisions"}],"wp:attachment":[{"href":"https:\/\/www.memoria.cat\/placido\/wp-json\/wp\/v2\/media?parent=74057"}],"curies":[{"name":"wp","href":"https:\/\/api.w.org\/{rel}","templated":true}]}}