{"id":73983,"date":"2021-11-12T11:29:40","date_gmt":"2021-11-12T10:29:40","guid":{"rendered":"https:\/\/www.memoria.cat\/placido\/?page_id=73983"},"modified":"2021-11-13T12:42:49","modified_gmt":"2021-11-13T11:42:49","slug":"fotografies-de-la-xerrada-de-berlanga-a-manresa-el-19-9-1995","status":"publish","type":"page","link":"https:\/\/www.memoria.cat\/placido\/laudio-inedit-i-les-fotos-de-la-xerrada-de-berlanga-a-manresa-el-19-9-1995\/fotografies-de-la-xerrada-de-berlanga-a-manresa-el-19-9-1995\/","title":{"rendered":"Fotografies de l&#8217;estada de Berlanga a Manresa el 19\/9\/1995"},"content":{"rendered":"<p>&nbsp;<\/p>\n<div id=\"jig1\" class=\"justified-image-grid jig-b647407430884d1b0bb9220657fde042 jig-preset-c3 jig-source-wp-gallery jig-rml-id-18\"><div class=\"jig-clearfix\"><\/div><noscript id=\"jig1-html\" class=\"justified-image-grid-html\" data-lazy-src=\"skiplazyload\" data-src=\"skipunveillazyload\"><ul><li><a href=\"https:\/\/www.memoria.cat\/placido\/wp-content\/uploads\/sites\/60\/2021\/11\/001.jpg\" title=\"Luis Garc\u00eda Berlanga assenyalant els lavabos de la pla\u00e7a de Sant Dom\u00e8nec de Manresa, un dels escenaris principals de la pel\u00b7l\u00edcula Pl\u00e1cido. (Fotografia de Salvador Red\u00f3).\"><img fetchpriority=\"high\" decoding=\"async\" src=\"https:\/\/www.memoria.cat\/placido\/wp-content\/uploads\/sites\/60\/2021\/11\/001.jpg\" alt=\"Luis Garc\u00eda Berlanga assenyalant els lavabos de la pla\u00e7a de Sant Dom\u00e8nec de Manresa, un dels escenaris principals de la pel\u00b7l\u00edcula Pl\u00e1cido. (Fotografia de Salvador Red\u00f3).\" width=\"345\" height=\"230\" \/><\/a><p class=\"jig-HTMLdescription\">Luis Garc\u00eda Berlanga assenyalant els lavabos de la pla\u00e7a de Sant Dom\u00e8nec de Manresa, un dels escenaris principals de la pel\u00b7l\u00edcula Pl\u00e1cido. (Fotografia de Salvador Red\u00f3).<\/p><\/li><li><a href=\"https:\/\/www.memoria.cat\/placido\/wp-content\/uploads\/sites\/60\/2021\/11\/002.jpg\" title=\"Trobada de Luis Garc\u00eda Berlanga amb els periodistes, acompanyat de Manuel Quinto (a l\u2019esquerra) i del director de la Fundaci\u00f3 Caixa Manresa Jaume Torras i Rodergas (a la dreta), a les oficines de la Fundaci\u00f3. (Fotografia de Joan-Esteve Guillaumet).\"><img decoding=\"async\" src=\"https:\/\/www.memoria.cat\/placido\/wp-content\/uploads\/sites\/60\/2021\/11\/002.jpg\" alt=\"Trobada de Luis Garc\u00eda Berlanga amb els periodistes, acompanyat de Manuel Quinto (a l\u2019esquerra) i del director de la Fundaci\u00f3 Caixa Manresa Jaume Torras i Rodergas (a la dreta), a les oficines de la Fundaci\u00f3. (Fotografia de Joan-Esteve Guillaumet).\" width=\"383\" height=\"230\" \/><\/a><p class=\"jig-HTMLdescription\">Trobada de Luis Garc\u00eda Berlanga amb els periodistes, acompanyat de Manuel Quinto (a l\u2019esquerra) i del director de la Fundaci\u00f3 Caixa Manresa Jaume Torras i Rodergas (a la dreta), a les oficines de la Fundaci\u00f3. (Fotografia de Joan-Esteve Guillaumet).<\/p><\/li><li><a href=\"https:\/\/www.memoria.cat\/placido\/wp-content\/uploads\/sites\/60\/2021\/11\/003.0.jpg\" title=\"Trobada de Luis Garc\u00eda Berlanga amb els periodistes, acompanyat de Manuel Quinto (a l\u2019esquerra) i del director de la Fundaci\u00f3 Caixa Manresa Jaume Torras i Rodergas (a la dreta), a les oficines de la Fundaci\u00f3. (Fotografia de Joan-Esteve Guillaumet).\"><img decoding=\"async\" src=\"https:\/\/www.memoria.cat\/placido\/wp-content\/uploads\/sites\/60\/2021\/11\/003.0.jpg\" alt=\"Trobada de Luis Garc\u00eda Berlanga amb els periodistes, acompanyat de Manuel Quinto (a l\u2019esquerra) i del director de la Fundaci\u00f3 Caixa Manresa Jaume Torras i Rodergas (a la dreta), a les oficines de la Fundaci\u00f3. (Fotografia de Joan-Esteve Guillaumet).\" width=\"384\" height=\"230\" \/><\/a><p class=\"jig-HTMLdescription\">Trobada de Luis Garc\u00eda Berlanga amb els periodistes, acompanyat de Manuel Quinto (a l\u2019esquerra) i del director de la Fundaci\u00f3 Caixa Manresa Jaume Torras i Rodergas (a la dreta), a les oficines de la Fundaci\u00f3. (Fotografia de Joan-Esteve Guillaumet).<\/p><\/li><li><a href=\"https:\/\/www.memoria.cat\/placido\/wp-content\/uploads\/sites\/60\/2021\/11\/003.1.jpg\" title=\"Berlanga lliura l&#039;escultura Set de Regi\u00f37, de Ramon Oms, a un representant del Consell Comarcal de l&#039;Anoia, en pres\u00e8ncia de Gon\u00e7al Mazcu\u00f1\u00e1n. L&#039;Anoia va ser la comarca que va guanyar el premi &quot;un Joc de pel\u00b7l\u00edcula&quot;. (Fotografia de Joan-Esteve Guillaumet).\"><img loading=\"lazy\" decoding=\"async\" src=\"https:\/\/www.memoria.cat\/placido\/wp-content\/uploads\/sites\/60\/2021\/11\/003.1.jpg\" alt=\"Berlanga lliura l&#039;escultura Set de Regi\u00f37, de Ramon Oms, a un representant del Consell Comarcal de l&#039;Anoia, en pres\u00e8ncia de Gon\u00e7al Mazcu\u00f1\u00e1n. L&#039;Anoia va ser la comarca que va guanyar el premi &quot;un Joc de pel\u00b7l\u00edcula&quot;. (Fotografia de Joan-Esteve Guillaumet).\" width=\"389\" height=\"230\" \/><\/a><p class=\"jig-HTMLdescription\">Berlanga lliura l'escultura Set de Regi\u00f37, de Ramon Oms, a un representant del Consell Comarcal de l'Anoia, en pres\u00e8ncia de Gon\u00e7al Mazcu\u00f1\u00e1n. L'Anoia va ser la comarca que va guanyar el premi \"un Joc de pel\u00b7l\u00edcula\". (Fotografia de Joan-Esteve Guillaumet).<\/p><\/li><li><a href=\"https:\/\/www.memoria.cat\/placido\/wp-content\/uploads\/sites\/60\/2021\/11\/003.2.jpg\" title=\"Berlanga i els periodistes Gon\u00e7al Mazcu\u00f1\u00e1n, Felip Gonz\u00e1lez i Salvador Red\u00f3. (Fotografia de Joan-Esteve Guillaumet).\"><img loading=\"lazy\" decoding=\"async\" src=\"https:\/\/www.memoria.cat\/placido\/wp-content\/uploads\/sites\/60\/2021\/11\/003.2.jpg\" alt=\"Berlanga i els periodistes Gon\u00e7al Mazcu\u00f1\u00e1n, Felip Gonz\u00e1lez i Salvador Red\u00f3. (Fotografia de Joan-Esteve Guillaumet).\" width=\"384\" height=\"230\" \/><\/a><p class=\"jig-HTMLdescription\">Berlanga i els periodistes Gon\u00e7al Mazcu\u00f1\u00e1n, Felip Gonz\u00e1lez i Salvador Red\u00f3. (Fotografia de Joan-Esteve Guillaumet).<\/p><\/li><li><a href=\"https:\/\/www.memoria.cat\/placido\/wp-content\/uploads\/sites\/60\/2021\/11\/004.jpg\" title=\"El p\u00fablic fent cua per entrar a l\u2019auditori. (Fotografia de Joan-Esteve Guillaumet).\n\n\"><img loading=\"lazy\" decoding=\"async\" src=\"https:\/\/www.memoria.cat\/placido\/wp-content\/uploads\/sites\/60\/2021\/11\/004.jpg\" alt=\"El p\u00fablic fent cua per entrar a l\u2019auditori. (Fotografia de Joan-Esteve Guillaumet).\n\n\" width=\"379\" height=\"230\" \/><\/a><p class=\"jig-HTMLdescription\">El p\u00fablic fent cua per entrar a l\u2019auditori. (Fotografia de Joan-Esteve Guillaumet).\n\n<\/p><\/li><li><a href=\"https:\/\/www.memoria.cat\/placido\/wp-content\/uploads\/sites\/60\/2021\/11\/005.jpg\" title=\"El p\u00fablic fent cua per entrar a l\u2019auditori. (Fotografia de Joan-Esteve Guillaumet).\"><img loading=\"lazy\" decoding=\"async\" src=\"https:\/\/www.memoria.cat\/placido\/wp-content\/uploads\/sites\/60\/2021\/11\/005.jpg\" alt=\"El p\u00fablic fent cua per entrar a l\u2019auditori. (Fotografia de Joan-Esteve Guillaumet).\" width=\"380\" height=\"230\" \/><\/a><p class=\"jig-HTMLdescription\">El p\u00fablic fent cua per entrar a l\u2019auditori. (Fotografia de Joan-Esteve Guillaumet).<\/p><\/li><li><a href=\"https:\/\/www.memoria.cat\/placido\/wp-content\/uploads\/sites\/60\/2021\/11\/006.jpg\" title=\"El p\u00fablic fent cua per entrar a l\u2019auditori. (Fotografia de Joan-Esteve Guillaumet).\"><img loading=\"lazy\" decoding=\"async\" src=\"https:\/\/www.memoria.cat\/placido\/wp-content\/uploads\/sites\/60\/2021\/11\/006.jpg\" alt=\"El p\u00fablic fent cua per entrar a l\u2019auditori. (Fotografia de Joan-Esteve Guillaumet).\" width=\"380\" height=\"230\" \/><\/a><p class=\"jig-HTMLdescription\">El p\u00fablic fent cua per entrar a l\u2019auditori. (Fotografia de Joan-Esteve Guillaumet).<\/p><\/li><li><a href=\"https:\/\/www.memoria.cat\/placido\/wp-content\/uploads\/sites\/60\/2021\/11\/007.jpg\" title=\"Berlanga amb Jaume Torras i Rodergas i el regidor de Cultura de l\u2019Ajuntament de Manresa, Ramon Fontdevila i Subirana. (Fotografia de Joan-Esteve Guillaumet).\"><img loading=\"lazy\" decoding=\"async\" src=\"https:\/\/www.memoria.cat\/placido\/wp-content\/uploads\/sites\/60\/2021\/11\/007.jpg\" alt=\"Berlanga amb Jaume Torras i Rodergas i el regidor de Cultura de l\u2019Ajuntament de Manresa, Ramon Fontdevila i Subirana. (Fotografia de Joan-Esteve Guillaumet).\" width=\"392\" height=\"230\" \/><\/a><p class=\"jig-HTMLdescription\">Berlanga amb Jaume Torras i Rodergas i el regidor de Cultura de l\u2019Ajuntament de Manresa, Ramon Fontdevila i Subirana. (Fotografia de Joan-Esteve Guillaumet).<\/p><\/li><li><a href=\"https:\/\/www.memoria.cat\/placido\/wp-content\/uploads\/sites\/60\/2021\/11\/008.jpg\" title=\"Berlanga amb Jaume Torras i Rodergas i el regidor de Cultura de l\u2019Ajuntament de Manresa, Ramon Fontdevila i Subirana. (Fotografia de Joan-Esteve Guillaumet).\"><img loading=\"lazy\" decoding=\"async\" src=\"https:\/\/www.memoria.cat\/placido\/wp-content\/uploads\/sites\/60\/2021\/11\/008.jpg\" alt=\"Berlanga amb Jaume Torras i Rodergas i el regidor de Cultura de l\u2019Ajuntament de Manresa, Ramon Fontdevila i Subirana. (Fotografia de Joan-Esteve Guillaumet).\" width=\"393\" height=\"230\" \/><\/a><p class=\"jig-HTMLdescription\">Berlanga amb Jaume Torras i Rodergas i el regidor de Cultura de l\u2019Ajuntament de Manresa, Ramon Fontdevila i Subirana. (Fotografia de Joan-Esteve Guillaumet).<\/p><\/li><li><a href=\"https:\/\/www.memoria.cat\/placido\/wp-content\/uploads\/sites\/60\/2021\/11\/009.jpg\" title=\"Berlanga signant aut\u00f2grafs, en pres\u00e8ncia de Jaume Torras i Rodergas i el regidor de Cultura de l\u2019Ajuntament de Manresa, Ramon Fontdevila i Subirana. (Fotografia de Joan-Esteve Guillaumet).\"><img loading=\"lazy\" decoding=\"async\" src=\"https:\/\/www.memoria.cat\/placido\/wp-content\/uploads\/sites\/60\/2021\/11\/009.jpg\" alt=\"Berlanga signant aut\u00f2grafs, en pres\u00e8ncia de Jaume Torras i Rodergas i el regidor de Cultura de l\u2019Ajuntament de Manresa, Ramon Fontdevila i Subirana. (Fotografia de Joan-Esteve Guillaumet).\" width=\"392\" height=\"230\" \/><\/a><p class=\"jig-HTMLdescription\">Berlanga signant aut\u00f2grafs, en pres\u00e8ncia de Jaume Torras i Rodergas i el regidor de Cultura de l\u2019Ajuntament de Manresa, Ramon Fontdevila i Subirana. (Fotografia de Joan-Esteve Guillaumet).<\/p><\/li><li><a href=\"https:\/\/www.memoria.cat\/placido\/wp-content\/uploads\/sites\/60\/2021\/11\/010.jpg\" title=\"Manuel Quinto i Luis Garc\u00eda Berlanga durant l\u2019acte. (Fotografia de Joan-Esteve Guillaumet).\"><img loading=\"lazy\" decoding=\"async\" src=\"https:\/\/www.memoria.cat\/placido\/wp-content\/uploads\/sites\/60\/2021\/11\/010.jpg\" alt=\"Manuel Quinto i Luis Garc\u00eda Berlanga durant l\u2019acte. (Fotografia de Joan-Esteve Guillaumet).\" width=\"378\" height=\"230\" \/><\/a><p class=\"jig-HTMLdescription\">Manuel Quinto i Luis Garc\u00eda Berlanga durant l\u2019acte. (Fotografia de Joan-Esteve Guillaumet).<\/p><\/li><li><a href=\"https:\/\/www.memoria.cat\/placido\/wp-content\/uploads\/sites\/60\/2021\/11\/011.jpg\" title=\"Manuel Quinto durant l\u2019acte. (Fotografia de Joan-Esteve Guillaumet).\"><img loading=\"lazy\" decoding=\"async\" src=\"https:\/\/www.memoria.cat\/placido\/wp-content\/uploads\/sites\/60\/2021\/11\/011.jpg\" alt=\"Manuel Quinto durant l\u2019acte. (Fotografia de Joan-Esteve Guillaumet).\" width=\"382\" height=\"230\" \/><\/a><p class=\"jig-HTMLdescription\">Manuel Quinto durant l\u2019acte. (Fotografia de Joan-Esteve Guillaumet).<\/p><\/li><li><a href=\"https:\/\/www.memoria.cat\/placido\/wp-content\/uploads\/sites\/60\/2021\/11\/012.jpg\" title=\"Luis Garc\u00eda Berlanga durant l\u2019acte. (Fotografia de Joan-Esteve Guillaumet).\"><img loading=\"lazy\" decoding=\"async\" src=\"https:\/\/www.memoria.cat\/placido\/wp-content\/uploads\/sites\/60\/2021\/11\/012.jpg\" alt=\"Luis Garc\u00eda Berlanga durant l\u2019acte. (Fotografia de Joan-Esteve Guillaumet).\" width=\"372\" height=\"230\" \/><\/a><p class=\"jig-HTMLdescription\">Luis Garc\u00eda Berlanga durant l\u2019acte. (Fotografia de Joan-Esteve Guillaumet).<\/p><\/li><li><a href=\"https:\/\/www.memoria.cat\/placido\/wp-content\/uploads\/sites\/60\/2021\/11\/013.jpg\" title=\"Luis Garc\u00eda Berlanga durant l\u2019acte. (Fotografia de Joan-Esteve Guillaumet).\"><img loading=\"lazy\" decoding=\"async\" src=\"https:\/\/www.memoria.cat\/placido\/wp-content\/uploads\/sites\/60\/2021\/11\/013.jpg\" alt=\"Luis Garc\u00eda Berlanga durant l\u2019acte. (Fotografia de Joan-Esteve Guillaumet).\" width=\"372\" height=\"230\" \/><\/a><p class=\"jig-HTMLdescription\">Luis Garc\u00eda Berlanga durant l\u2019acte. (Fotografia de Joan-Esteve Guillaumet).<\/p><\/li><li><a href=\"https:\/\/www.memoria.cat\/placido\/wp-content\/uploads\/sites\/60\/2021\/11\/014.jpg\" title=\"Luis Garc\u00eda Berlanga durant l\u2019acte. (Fotografia de Joan-Esteve Guillaumet).\"><img loading=\"lazy\" decoding=\"async\" src=\"https:\/\/www.memoria.cat\/placido\/wp-content\/uploads\/sites\/60\/2021\/11\/014.jpg\" alt=\"Luis Garc\u00eda Berlanga durant l\u2019acte. (Fotografia de Joan-Esteve Guillaumet).\" width=\"372\" height=\"230\" \/><\/a><p class=\"jig-HTMLdescription\">Luis Garc\u00eda Berlanga durant l\u2019acte. (Fotografia de Joan-Esteve Guillaumet).<\/p><\/li><li><a href=\"https:\/\/www.memoria.cat\/placido\/wp-content\/uploads\/sites\/60\/2021\/11\/015.jpg\" title=\"Manuel Quinto i Luis Garc\u00eda Berlanga durant l\u2019acte. (Fotografia de Joan-Esteve Guillaumet).\"><img loading=\"lazy\" decoding=\"async\" src=\"https:\/\/www.memoria.cat\/placido\/wp-content\/uploads\/sites\/60\/2021\/11\/015.jpg\" alt=\"Manuel Quinto i Luis Garc\u00eda Berlanga durant l\u2019acte. (Fotografia de Joan-Esteve Guillaumet).\" width=\"353\" height=\"230\" \/><\/a><p class=\"jig-HTMLdescription\">Manuel Quinto i Luis Garc\u00eda Berlanga durant l\u2019acte. (Fotografia de Joan-Esteve Guillaumet).<\/p><\/li><li><a href=\"https:\/\/www.memoria.cat\/placido\/wp-content\/uploads\/sites\/60\/2021\/11\/016.jpg\" title=\"Manuel Quinto i Luis Garc\u00eda Berlanga durant l\u2019acte. (Fotografia de Joan-Esteve Guillaumet).\"><img loading=\"lazy\" decoding=\"async\" src=\"https:\/\/www.memoria.cat\/placido\/wp-content\/uploads\/sites\/60\/2021\/11\/016.jpg\" alt=\"Manuel Quinto i Luis Garc\u00eda Berlanga durant l\u2019acte. (Fotografia de Joan-Esteve Guillaumet).\" width=\"372\" height=\"230\" \/><\/a><p class=\"jig-HTMLdescription\">Manuel Quinto i Luis Garc\u00eda Berlanga durant l\u2019acte. (Fotografia de Joan-Esteve Guillaumet).<\/p><\/li><li><a href=\"https:\/\/www.memoria.cat\/placido\/wp-content\/uploads\/sites\/60\/2021\/11\/017.jpg\" title=\"Manuel Quinto i Luis Garc\u00eda Berlanga durant l\u2019acte. (Fotografia de Joan-Esteve Guillaumet).\"><img loading=\"lazy\" decoding=\"async\" src=\"https:\/\/www.memoria.cat\/placido\/wp-content\/uploads\/sites\/60\/2021\/11\/017.jpg\" alt=\"Manuel Quinto i Luis Garc\u00eda Berlanga durant l\u2019acte. (Fotografia de Joan-Esteve Guillaumet).\" width=\"381\" height=\"230\" \/><\/a><p class=\"jig-HTMLdescription\">Manuel Quinto i Luis Garc\u00eda Berlanga durant l\u2019acte. (Fotografia de Joan-Esteve Guillaumet).<\/p><\/li><li><a href=\"https:\/\/www.memoria.cat\/placido\/wp-content\/uploads\/sites\/60\/2021\/11\/018.jpg\" title=\"Imatges del p\u00fablic que omplia la sala. (Fotografia de Joan-Esteve Guillaumet).\"><img loading=\"lazy\" decoding=\"async\" src=\"https:\/\/www.memoria.cat\/placido\/wp-content\/uploads\/sites\/60\/2021\/11\/018.jpg\" alt=\"Imatges del p\u00fablic que omplia la sala. (Fotografia de Joan-Esteve Guillaumet).\" width=\"379\" height=\"230\" \/><\/a><p class=\"jig-HTMLdescription\">Imatges del p\u00fablic que omplia la sala. (Fotografia de Joan-Esteve Guillaumet).<\/p><\/li><li><a href=\"https:\/\/www.memoria.cat\/placido\/wp-content\/uploads\/sites\/60\/2021\/11\/019.jpg\" title=\"Imatges del p\u00fablic que omplia la sala. (Fotografia de Joan-Esteve Guillaumet).\"><img loading=\"lazy\" decoding=\"async\" src=\"https:\/\/www.memoria.cat\/placido\/wp-content\/uploads\/sites\/60\/2021\/11\/019.jpg\" alt=\"Imatges del p\u00fablic que omplia la sala. (Fotografia de Joan-Esteve Guillaumet).\" width=\"383\" height=\"230\" \/><\/a><p class=\"jig-HTMLdescription\">Imatges del p\u00fablic que omplia la sala. (Fotografia de Joan-Esteve Guillaumet).<\/p><\/li><li><a href=\"https:\/\/www.memoria.cat\/placido\/wp-content\/uploads\/sites\/60\/2021\/11\/020.jpg\" title=\"Imatges del p\u00fablic que omplia la sala. (Fotografia de Joan-Esteve Guillaumet).\"><img loading=\"lazy\" decoding=\"async\" src=\"https:\/\/www.memoria.cat\/placido\/wp-content\/uploads\/sites\/60\/2021\/11\/020.jpg\" alt=\"Imatges del p\u00fablic que omplia la sala. (Fotografia de Joan-Esteve Guillaumet).\" width=\"375\" height=\"230\" \/><\/a><p class=\"jig-HTMLdescription\">Imatges del p\u00fablic que omplia la sala. (Fotografia de Joan-Esteve Guillaumet).<\/p><\/li><li><a href=\"https:\/\/www.memoria.cat\/placido\/wp-content\/uploads\/sites\/60\/2021\/11\/021.jpg\" title=\"Acabat el di\u00e0leg amb el p\u00fablic, Berlanga se\u2019n va abans que comenci la projecci\u00f3 de Pl\u00e1cido. (Fotografia de Joan-Esteve Guillaumet).\"><img loading=\"lazy\" decoding=\"async\" src=\"https:\/\/www.memoria.cat\/placido\/wp-content\/uploads\/sites\/60\/2021\/11\/021.jpg\" alt=\"Acabat el di\u00e0leg amb el p\u00fablic, Berlanga se\u2019n va abans que comenci la projecci\u00f3 de Pl\u00e1cido. (Fotografia de Joan-Esteve Guillaumet).\" width=\"381\" height=\"230\" \/><\/a><p class=\"jig-HTMLdescription\">Acabat el di\u00e0leg amb el p\u00fablic, Berlanga se\u2019n va abans que comenci la projecci\u00f3 de Pl\u00e1cido. (Fotografia de Joan-Esteve Guillaumet).<\/p><\/li><li><a href=\"https:\/\/www.memoria.cat\/placido\/wp-content\/uploads\/sites\/60\/2021\/11\/022.jpg\" title=\"Acabat el di\u00e0leg amb el p\u00fablic, Berlanga se\u2019n va abans que comenci la projecci\u00f3 de Pl\u00e1cido. (Fotografia de Joan-Esteve Guillaumet).\"><img loading=\"lazy\" decoding=\"async\" src=\"https:\/\/www.memoria.cat\/placido\/wp-content\/uploads\/sites\/60\/2021\/11\/022.jpg\" alt=\"Acabat el di\u00e0leg amb el p\u00fablic, Berlanga se\u2019n va abans que comenci la projecci\u00f3 de Pl\u00e1cido. (Fotografia de Joan-Esteve Guillaumet).\" width=\"388\" height=\"230\" \/><\/a><p class=\"jig-HTMLdescription\">Acabat el di\u00e0leg amb el p\u00fablic, Berlanga se\u2019n va abans que comenci la projecci\u00f3 de Pl\u00e1cido. (Fotografia de Joan-Esteve Guillaumet).<\/p><\/li><li><a href=\"https:\/\/www.memoria.cat\/placido\/wp-content\/uploads\/sites\/60\/2021\/11\/025.jpg\" title=\"Luis Garc\u00eda Berlanga entrevistat per TV3 (Fotografia de Joan-Esteve Guillaumet).\"><img loading=\"lazy\" decoding=\"async\" src=\"https:\/\/www.memoria.cat\/placido\/wp-content\/uploads\/sites\/60\/2021\/11\/025.jpg\" alt=\"Luis Garc\u00eda Berlanga entrevistat per TV3 (Fotografia de Joan-Esteve Guillaumet).\" width=\"383\" height=\"230\" \/><\/a><p class=\"jig-HTMLdescription\">Luis Garc\u00eda Berlanga entrevistat per TV3 (Fotografia de Joan-Esteve Guillaumet).<\/p><\/li><li><a href=\"https:\/\/www.memoria.cat\/placido\/wp-content\/uploads\/sites\/60\/2021\/11\/026.jpg\" title=\"Luis Garc\u00eda Berlanga amb Jaume Torras i Rodergas i \u00c0ngels Freixanet. (Fotografia de Joan-Esteve Guillaumet).\"><img loading=\"lazy\" decoding=\"async\" src=\"https:\/\/www.memoria.cat\/placido\/wp-content\/uploads\/sites\/60\/2021\/11\/026.jpg\" alt=\"Luis Garc\u00eda Berlanga amb Jaume Torras i Rodergas i \u00c0ngels Freixanet. (Fotografia de Joan-Esteve Guillaumet).\" width=\"388\" height=\"230\" \/><\/a><p class=\"jig-HTMLdescription\">Luis Garc\u00eda Berlanga amb Jaume Torras i Rodergas i \u00c0ngels Freixanet. (Fotografia de Joan-Esteve Guillaumet).<\/p><\/li><li><a href=\"https:\/\/www.memoria.cat\/placido\/wp-content\/uploads\/sites\/60\/2021\/11\/027.jpg\" title=\"Luis Garc\u00eda Berlanga i Jaume Torras i Rodergas, director de la Fundaci\u00f3 Caixa Manresa, s&#039;acomiaden. (Fotografia de Joan-Esteve Guillaumet).\"><img loading=\"lazy\" decoding=\"async\" src=\"https:\/\/www.memoria.cat\/placido\/wp-content\/uploads\/sites\/60\/2021\/11\/027.jpg\" alt=\"Luis Garc\u00eda Berlanga i Jaume Torras i Rodergas, director de la Fundaci\u00f3 Caixa Manresa, s&#039;acomiaden. (Fotografia de Joan-Esteve Guillaumet).\" width=\"383\" height=\"230\" \/><\/a><p class=\"jig-HTMLdescription\">Luis Garc\u00eda Berlanga i Jaume Torras i Rodergas, director de la Fundaci\u00f3 Caixa Manresa, s'acomiaden. (Fotografia de Joan-Esteve Guillaumet).<\/p><\/li><li><a href=\"https:\/\/www.memoria.cat\/placido\/wp-content\/uploads\/sites\/60\/2021\/11\/028.jpg\" title=\"Luis Garc\u00eda Berlanga i Jaume Torras i Rodergas, director de la Fundaci\u00f3 Caixa Manresa, s&#039;acomiaden. (Fotografia de Joan-Esteve Guillaumet).\"><img loading=\"lazy\" decoding=\"async\" src=\"https:\/\/www.memoria.cat\/placido\/wp-content\/uploads\/sites\/60\/2021\/11\/028.jpg\" alt=\"Luis Garc\u00eda Berlanga i Jaume Torras i Rodergas, director de la Fundaci\u00f3 Caixa Manresa, s&#039;acomiaden. (Fotografia de Joan-Esteve Guillaumet).\" width=\"383\" height=\"230\" \/><\/a><p class=\"jig-HTMLdescription\">Luis Garc\u00eda Berlanga i Jaume Torras i Rodergas, director de la Fundaci\u00f3 Caixa Manresa, s'acomiaden. (Fotografia de Joan-Esteve Guillaumet).<\/p><\/li><\/ul><\/noscript><\/div>\n","protected":false},"excerpt":{"rendered":"<p>&nbsp;<\/p>\n","protected":false},"author":28,"featured_media":0,"parent":73969,"menu_order":0,"comment_status":"closed","ping_status":"closed","template":"","meta":{"footnotes":""},"class_list":["post-73983","page","type-page","status-publish","hentry"],"_links":{"self":[{"href":"https:\/\/www.memoria.cat\/placido\/wp-json\/wp\/v2\/pages\/73983","targetHints":{"allow":["GET"]}}],"collection":[{"href":"https:\/\/www.memoria.cat\/placido\/wp-json\/wp\/v2\/pages"}],"about":[{"href":"https:\/\/www.memoria.cat\/placido\/wp-json\/wp\/v2\/types\/page"}],"author":[{"embeddable":true,"href":"https:\/\/www.memoria.cat\/placido\/wp-json\/wp\/v2\/users\/28"}],"replies":[{"embeddable":true,"href":"https:\/\/www.memoria.cat\/placido\/wp-json\/wp\/v2\/comments?post=73983"}],"version-history":[{"count":0,"href":"https:\/\/www.memoria.cat\/placido\/wp-json\/wp\/v2\/pages\/73983\/revisions"}],"up":[{"embeddable":true,"href":"https:\/\/www.memoria.cat\/placido\/wp-json\/wp\/v2\/pages\/73969"}],"wp:attachment":[{"href":"https:\/\/www.memoria.cat\/placido\/wp-json\/wp\/v2\/media?parent=73983"}],"curies":[{"name":"wp","href":"https:\/\/api.w.org\/{rel}","templated":true}]}}