{"id":73826,"date":"2021-05-03T14:46:36","date_gmt":"2021-05-03T13:46:36","guid":{"rendered":"https:\/\/www.memoria.cat\/placido\/?page_id=73826"},"modified":"2021-11-04T23:37:57","modified_gmt":"2021-11-04T22:37:57","slug":"els-records-denric-marti-el-propietari-del-motocarro","status":"publish","type":"page","link":"https:\/\/www.memoria.cat\/placido\/els-records-denric-marti-el-propietari-del-motocarro\/","title":{"rendered":"Els records d\u2019Enric Mart\u00ed Parrot, el propietari del motocarro"},"content":{"rendered":"<p style=\"text-align: center\">(Recopilats per Xavier Mart\u00ed Orriols)<\/p>\n<figure id=\"attachment_73872\" aria-describedby=\"caption-attachment-73872\" style=\"width: 480px\" class=\"wp-caption aligncenter\"><a href=\"https:\/\/www.memoria.cat\/placido\/wp-content\/uploads\/sites\/60\/2021\/05\/motocarro.png\"><img fetchpriority=\"high\" decoding=\"async\" class=\"wp-image-73872\" src=\"https:\/\/www.memoria.cat\/placido\/wp-content\/uploads\/sites\/60\/2021\/05\/motocarro-300x200.png\" alt=\"\" width=\"480\" height=\"320\" srcset=\"https:\/\/www.memoria.cat\/placido\/wp-content\/uploads\/sites\/60\/2021\/05\/motocarro-300x200.png 300w, https:\/\/www.memoria.cat\/placido\/wp-content\/uploads\/sites\/60\/2021\/05\/motocarro-768x513.png 768w, https:\/\/www.memoria.cat\/placido\/wp-content\/uploads\/sites\/60\/2021\/05\/motocarro.png 802w\" sizes=\"(max-width: 480px) 100vw, 480px\" \/><\/a><figcaption id=\"caption-attachment-73872\" class=\"wp-caption-text\">Enric Mart\u00ed Parrot, en una foto de l\u2019abril d\u2019enguany. (\u201cEl Pa\u00eds Semanal&#8221;, 9\/5\/2021)<\/figcaption><\/figure>\n<p>Al Bar Perdiu (cantonada Passeig\/\u00c0ngel Guimer\u00e0), centre d\u2019operacions de l\u2019equip de rodatge de la pel\u00b7l\u00edcula Pl\u00e1cido, demanaven un motocarro i alg\u00fa va anar a un establiment que es deia Guarniceria Roqueta (a la Muralla del Carme) on, a part d\u2019aquesta activitat, tenien parada una bona part dels motocarros aut\u00f2noms de Manresa que es dedicaven a fer transports. El Sr. Roqueta va indicar a aquesta persona del rodatge que parl\u00e9s amb el pare.<\/p>\n<p>Un cop al Bar Perdiu, els tractes els va tenir directament amb el Sr. Garc\u00eda Berlanga, qui li va explicar que guarnirien el motocarro i que l\u2019\u00fanic que volia era puntualitat extrema. Va demanar-li quina quantitat volia cobrar per dia i, malgrat demanar una quantitat for\u00e7a superior a la que guanyava di\u00e0riament, un cop finalitzat el rodatge n\u2019hi va donar molt m\u00e9s.<\/p>\n<p>Ell recorda que el rodatge va durar uns 10 dies, amb sessions maratonianes, amb horaris molt extensos i que les tardes s\u2019aprofitaven molts dies per repetir escenes.<\/p>\n<p>En aquestes escenes el motocarro sempre el duia el pare, caracteritzat com el protagonista, excepte en comptades ocasions en qu\u00e8 s\u2019enfocava a Cassen molt de prop.<\/p>\n<p>Diu que va tenir molt bona relaci\u00f3 amb tots els artistes, principalment amb Cassen i Marisol Reyes. Recorda a Cassen com molt bromista, i sobretot molt nervi\u00f3s, que no parava quiet. I Garc\u00eda Berlanga com una persona molt recta i seriosa a la feina, molt assenyat, i que va tenir molt bon tracte sempre amb ell.<\/p>\n<p>Com a an\u00e8cdota principal recorda que Cassen no se\u2019n sortia de com conduir el motocarro i en la primera ocasi\u00f3 que li va tocar fer una escena a Cassen conduint, baixant pel carrer de Sant Miquel, li van posar unes pedretes a terra per indicar-li per on havia de passar exactament. Nom\u00e9s va ser arrencar i ja es va descontrolar i va anar a parar dins l\u2019aparador de l\u2019establiment de Ca la Dibuixanta (placeta baixant de Sant Miquel)<\/p>\n<p>A part d\u2019aix\u00f2, diu que el paper de Cassen a la pel\u00b7l\u00edcula reflectia exactament la seva vida. Treballar moltes hores per poder mantenir la fam\u00edlia (era acabat de casar) i per poder pagar les lletres del motocarro.<\/p>\n<figure id=\"attachment_73842\" aria-describedby=\"caption-attachment-73842\" style=\"width: 300px\" class=\"wp-caption aligncenter\"><a href=\"https:\/\/www.memoria.cat\/placido\/wp-content\/uploads\/sites\/60\/2021\/05\/el-motocarro-actualmenta.jpg\"><img decoding=\"async\" class=\"size-medium wp-image-73842\" src=\"https:\/\/www.memoria.cat\/placido\/wp-content\/uploads\/sites\/60\/2021\/05\/el-motocarro-actualmenta-300x243.jpg\" alt=\"\" width=\"300\" height=\"243\" srcset=\"https:\/\/www.memoria.cat\/placido\/wp-content\/uploads\/sites\/60\/2021\/05\/el-motocarro-actualmenta-300x243.jpg 300w, https:\/\/www.memoria.cat\/placido\/wp-content\/uploads\/sites\/60\/2021\/05\/el-motocarro-actualmenta-1024x828.jpg 1024w, https:\/\/www.memoria.cat\/placido\/wp-content\/uploads\/sites\/60\/2021\/05\/el-motocarro-actualmenta-768x621.jpg 768w, https:\/\/www.memoria.cat\/placido\/wp-content\/uploads\/sites\/60\/2021\/05\/el-motocarro-actualmenta.jpg 1335w\" sizes=\"(max-width: 300px) 100vw, 300px\" \/><\/a><figcaption id=\"caption-attachment-73842\" class=\"wp-caption-text\">El motocarro en l&#8217;actualitat. (Foto Xavier Mart\u00ed)<\/figcaption><\/figure>\n<p><strong>Vegeu tamb\u00e9: <\/strong><a href=\"https:\/\/val-ocio.levante-emv.com\/cultura\/2021\/06\/14\/motocarro-letras-52957307.html\"><strong>Un motocarro amb totes les lletres<\/strong> <\/a>(&#8220;Levante&#8221;, 14\/6\/2021)<\/p>\n","protected":false},"excerpt":{"rendered":"<p>(Recopilats per Xavier Mart\u00ed Orriols) Al Bar Perdiu (cantonada Passeig\/\u00c0ngel Guimer\u00e0), centre d\u2019operacions de l\u2019equip de rodatge de la pel\u00b7l\u00edcula Pl\u00e1cido, demanaven un motocarro i alg\u00fa va anar a un establiment que es deia Guarniceria Roqueta (a la Muralla del Carme) on, a part d\u2019aquesta activitat, tenien parada una bona part dels motocarros aut\u00f2noms de [&hellip;]<\/p>\n","protected":false},"author":28,"featured_media":0,"parent":0,"menu_order":0,"comment_status":"closed","ping_status":"closed","template":"","meta":{"footnotes":""},"class_list":["post-73826","page","type-page","status-publish","hentry"],"_links":{"self":[{"href":"https:\/\/www.memoria.cat\/placido\/wp-json\/wp\/v2\/pages\/73826","targetHints":{"allow":["GET"]}}],"collection":[{"href":"https:\/\/www.memoria.cat\/placido\/wp-json\/wp\/v2\/pages"}],"about":[{"href":"https:\/\/www.memoria.cat\/placido\/wp-json\/wp\/v2\/types\/page"}],"author":[{"embeddable":true,"href":"https:\/\/www.memoria.cat\/placido\/wp-json\/wp\/v2\/users\/28"}],"replies":[{"embeddable":true,"href":"https:\/\/www.memoria.cat\/placido\/wp-json\/wp\/v2\/comments?post=73826"}],"version-history":[{"count":0,"href":"https:\/\/www.memoria.cat\/placido\/wp-json\/wp\/v2\/pages\/73826\/revisions"}],"wp:attachment":[{"href":"https:\/\/www.memoria.cat\/placido\/wp-json\/wp\/v2\/media?parent=73826"}],"curies":[{"name":"wp","href":"https:\/\/api.w.org\/{rel}","templated":true}]}}