{"id":73783,"date":"2021-05-02T17:45:10","date_gmt":"2021-05-02T16:45:10","guid":{"rendered":"https:\/\/www.memoria.cat\/placido\/?page_id=73783"},"modified":"2022-01-29T10:41:32","modified_gmt":"2022-01-29T09:41:32","slug":"critiques-de-la-pellicula","status":"publish","type":"page","link":"https:\/\/www.memoria.cat\/placido\/critiques-de-la-pellicula\/","title":{"rendered":"Cr\u00edtiques de la pel\u00b7l\u00edcula"},"content":{"rendered":"<div id=\"jig1\" class=\"justified-image-grid jig-bfee66cd646e7976f6093023557a3ff7 jig-preset-c2 jig-source-wp-gallery jig-rml-id-13\"><div class=\"jig-clearfix\"><\/div><noscript id=\"jig1-html\" class=\"justified-image-grid-html\" data-lazy-src=\"skiplazyload\" data-src=\"skipunveillazyload\"><ul><li><a href=\"https:\/\/www.memoria.cat\/placido\/wp-content\/uploads\/sites\/60\/2021\/11\/Un-film-de-Pla\u0301cido-realizado-en-Manresa.-Andre\u0301s-Baget-scaled.jpg\"><img decoding=\"async\" src=\"https:\/\/www.memoria.cat\/placido\/wp-content\/uploads\/sites\/60\/2021\/11\/Un-film-de-Pla\u0301cido-realizado-en-Manresa.-Andre\u0301s-Baget-scaled.jpg\" alt=\"\" width=\"172\" height=\"230\" \/><\/a><\/li><li><a href=\"https:\/\/www.memoria.cat\/placido\/wp-content\/uploads\/sites\/60\/2021\/05\/Pla\u0301cido.-Toma\u0300s-Cabot-Mariano-Fontrodona-scaled.jpg\"><img decoding=\"async\" src=\"https:\/\/www.memoria.cat\/placido\/wp-content\/uploads\/sites\/60\/2021\/05\/Pla\u0301cido.-Toma\u0300s-Cabot-Mariano-Fontrodona-scaled.jpg\" alt=\"\" width=\"204\" height=\"230\" \/><\/a><\/li><li><a href=\"https:\/\/www.memoria.cat\/placido\/wp-content\/uploads\/sites\/60\/2021\/04\/22DMAN.jpg\" title=\"22DMAN\"><img decoding=\"async\" src=\"https:\/\/www.memoria.cat\/placido\/wp-content\/uploads\/sites\/60\/2021\/04\/22DMAN.jpg\" alt=\"22DMAN\" width=\"170\" height=\"230\" \/><\/a><p class=\"jig-HTMLdescription\">22DMAN<\/p><\/li><li><a href=\"https:\/\/www.memoria.cat\/placido\/wp-content\/uploads\/sites\/60\/2021\/04\/23DMAN.jpg\" title=\"23DMAN\"><img loading=\"lazy\" decoding=\"async\" src=\"https:\/\/www.memoria.cat\/placido\/wp-content\/uploads\/sites\/60\/2021\/04\/23DMAN.jpg\" alt=\"23DMAN\" width=\"76\" height=\"230\" \/><\/a><p class=\"jig-HTMLdescription\">23DMAN<\/p><\/li><\/ul><\/noscript><\/div>\n<p>\u201cPl\u00e1cido\u201d, de Mariano Fontrodona, i \u201cLa cena con el pobre y todo lo dem\u00e1s\u201d, de Josep Maria Tom\u00e0s Cabot. (\u201cManresa\u201d, 4\/11\/1961)<\/p>\n<p>&nbsp;<\/p>\n<p><a href=\"https:\/\/www.memoria.cat\/placido\/wp-content\/uploads\/sites\/60\/2021\/11\/Un-film-de-Pla\u0301cido-realizado-en-Manresa.-Andre\u0301s-Baget-scaled.jpg\"><img loading=\"lazy\" decoding=\"async\" class=\"alignnone size-medium wp-image-73927\" src=\"https:\/\/www.memoria.cat\/placido\/wp-content\/uploads\/sites\/60\/2021\/11\/Un-film-de-Pla\u0301cido-realizado-en-Manresa.-Andre\u0301s-Baget-225x300.jpg\" alt=\"\" width=\"225\" height=\"300\" srcset=\"https:\/\/www.memoria.cat\/placido\/wp-content\/uploads\/sites\/60\/2021\/11\/Un-film-de-Pla\u0301cido-realizado-en-Manresa.-Andre\u0301s-Baget-225x300.jpg 225w, https:\/\/www.memoria.cat\/placido\/wp-content\/uploads\/sites\/60\/2021\/11\/Un-film-de-Pla\u0301cido-realizado-en-Manresa.-Andre\u0301s-Baget-768x1024.jpg 768w, https:\/\/www.memoria.cat\/placido\/wp-content\/uploads\/sites\/60\/2021\/11\/Un-film-de-Pla\u0301cido-realizado-en-Manresa.-Andre\u0301s-Baget-1152x1536.jpg 1152w, https:\/\/www.memoria.cat\/placido\/wp-content\/uploads\/sites\/60\/2021\/11\/Un-film-de-Pla\u0301cido-realizado-en-Manresa.-Andre\u0301s-Baget-1536x2048.jpg 1536w, https:\/\/www.memoria.cat\/placido\/wp-content\/uploads\/sites\/60\/2021\/11\/Un-film-de-Pla\u0301cido-realizado-en-Manresa.-Andre\u0301s-Baget-scaled.jpg 1920w\" sizes=\"(max-width: 225px) 100vw, 225px\" \/><\/a><\/p>\n<p>Pl\u00e1cido. Un film de Berlanga realizado en Manresa. Andr\u00e9s Baget Fornells. (Revista Bages. Novembre del 1961).<\/p>\n<p>&nbsp;<\/p>\n<p><a href=\"https:\/\/www.memoria.cat\/placido\/wp-content\/uploads\/sites\/60\/2021\/04\/24DMAN.jpg\"><img loading=\"lazy\" decoding=\"async\" class=\"size-medium wp-image-73743\" src=\"https:\/\/www.memoria.cat\/placido\/wp-content\/uploads\/sites\/60\/2021\/04\/24DMAN-128x300.jpg\" alt=\"\" width=\"128\" height=\"300\" srcset=\"https:\/\/www.memoria.cat\/placido\/wp-content\/uploads\/sites\/60\/2021\/04\/24DMAN-128x300.jpg 128w, https:\/\/www.memoria.cat\/placido\/wp-content\/uploads\/sites\/60\/2021\/04\/24DMAN-437x1024.jpg 437w, https:\/\/www.memoria.cat\/placido\/wp-content\/uploads\/sites\/60\/2021\/04\/24DMAN-768x1799.jpg 768w, https:\/\/www.memoria.cat\/placido\/wp-content\/uploads\/sites\/60\/2021\/04\/24DMAN-656x1536.jpg 656w, https:\/\/www.memoria.cat\/placido\/wp-content\/uploads\/sites\/60\/2021\/04\/24DMAN-874x2048.jpg 874w, https:\/\/www.memoria.cat\/placido\/wp-content\/uploads\/sites\/60\/2021\/04\/24DMAN.jpg 936w\" sizes=\"(max-width: 128px) 100vw, 128px\" \/><\/a><\/p>\n<p>\u201cPl\u00e1cido\u201d, una pel\u00edcula de tesis. Benito Paricio Barril. (\u201cManresa\u201d, 9\/11\/1961)<\/p>\n<p>&nbsp;<\/p>\n<p>\u201c<a href=\"https:\/\/www.lasmejorespeliculasdelahistoriadelcine.com\/2016\/05\/placido-1961-la-caridad-no-tiene-fronteras.html\">Pl\u00e1cido (1961). La caridad no tiene fronteras<\/a>\u201d (B\u00e1rbara Valera Bestard. \u201cLas mejores pel\u00edculas de la historia del cine\u201d).<\/p>\n<p>&nbsp;<\/p>\n<p>&#8220;<a href=\"https:\/\/www.memoria.cat\/placido\/resso-en-altres-mitjans\/#!jig[1]\/ML\/73749\">Pl\u00e1cido<\/a>&#8220;. A. Mart\u00ednez Tom\u00e1s. (&#8220;La Vanguardia&#8221;, 21\/10\/1961).<\/p>\n<p>&nbsp;<\/p>\n<p><a href=\"https:\/\/www.memoria.cat\/placido\/wp-content\/uploads\/sites\/60\/2022\/01\/IMG_6660.jpg\">\u201cPl\u00e1cido\u201d en la Navidad<\/a>. (Manresa, 24\/12\/1962)<\/p>\n<p>&nbsp;<\/p>\n<p>&#8220;<a href=\"https:\/\/elpais.com\/diario\/2003\/02\/01\/cultura\/1044054007_850215.html\">Un genial esperpento<\/a>&#8220;. Diego Gal\u00e1n. (&#8220;El Pa\u00eds&#8221;, 1\/2\/2003).<\/p>\n<p>&nbsp;<\/p>\n<p><a href=\"https:\/\/www.regio7.cat\/opinio\/2011\/12\/16\/placido-critica-legoisme-huma\/181445.html\">&#8220;Pl\u00e1cido&#8221;: una cr\u00edtica a l&#8217;egoisme hum\u00e0<\/a>. Jordi Sardans (Regi\u00f37, 16\/12\/2011)<\/p>\n<p>&nbsp;<\/p>\n<p><a href=\"https:\/\/berlangafilmmuseum.com\/testimonios\/jose-luis-garcia-sanchez\/\">Comentari de Jos\u00e9 Luis Garc\u00eda S\u00e1nchez<\/a> (Berlangafilmmuseum, any 2012).<\/p>\n<p>&nbsp;<\/p>\n<p><a href=\"https:\/\/elpais.com\/elpais\/2016\/12\/23\/opinion\/1482506137_256464.html\">Article de Julio Llamazares<\/a> (\u201cEl Pa\u00eds\u201d, 24\/12\/2016).<\/p>\n<p>&nbsp;<\/p>\n<p><a href=\"https:\/\/www.cinemaesencial.com\/peliculas\/pl%C3%A1cido\">Cr\u00edtica de David Vericat<\/a>. (\u201cCinema Esencial\u201d, novembre del 2016).<\/p>\n<p>&nbsp;<\/p>\n<p>&nbsp;<\/p>\n<p>&nbsp;<\/p>\n","protected":false},"excerpt":{"rendered":"<p>\u201cPl\u00e1cido\u201d, de Mariano Fontrodona, i \u201cLa cena con el pobre y todo lo dem\u00e1s\u201d, de Josep Maria Tom\u00e0s Cabot. (\u201cManresa\u201d, 4\/11\/1961) &nbsp; Pl\u00e1cido. Un film de Berlanga realizado en Manresa. Andr\u00e9s Baget Fornells. (Revista Bages. Novembre del 1961). &nbsp; \u201cPl\u00e1cido\u201d, una pel\u00edcula de tesis. Benito Paricio Barril. (\u201cManresa\u201d, 9\/11\/1961) &nbsp; \u201cPl\u00e1cido (1961). La caridad no [&hellip;]<\/p>\n","protected":false},"author":28,"featured_media":0,"parent":0,"menu_order":0,"comment_status":"closed","ping_status":"closed","template":"","meta":{"footnotes":""},"class_list":["post-73783","page","type-page","status-publish","hentry"],"_links":{"self":[{"href":"https:\/\/www.memoria.cat\/placido\/wp-json\/wp\/v2\/pages\/73783","targetHints":{"allow":["GET"]}}],"collection":[{"href":"https:\/\/www.memoria.cat\/placido\/wp-json\/wp\/v2\/pages"}],"about":[{"href":"https:\/\/www.memoria.cat\/placido\/wp-json\/wp\/v2\/types\/page"}],"author":[{"embeddable":true,"href":"https:\/\/www.memoria.cat\/placido\/wp-json\/wp\/v2\/users\/28"}],"replies":[{"embeddable":true,"href":"https:\/\/www.memoria.cat\/placido\/wp-json\/wp\/v2\/comments?post=73783"}],"version-history":[{"count":0,"href":"https:\/\/www.memoria.cat\/placido\/wp-json\/wp\/v2\/pages\/73783\/revisions"}],"wp:attachment":[{"href":"https:\/\/www.memoria.cat\/placido\/wp-json\/wp\/v2\/media?parent=73783"}],"curies":[{"name":"wp","href":"https:\/\/api.w.org\/{rel}","templated":true}]}}