{"id":73652,"date":"2021-04-22T10:59:59","date_gmt":"2021-04-22T09:59:59","guid":{"rendered":"https:\/\/www.memoria.cat\/placido\/?page_id=73652"},"modified":"2021-05-03T21:32:42","modified_gmt":"2021-05-03T20:32:42","slug":"resso-a-la-premsa-manresana","status":"publish","type":"page","link":"https:\/\/www.memoria.cat\/placido\/resso-a-la-premsa-manresana\/","title":{"rendered":"Ress\u00f2 als mitjans de Manresa (any1961)"},"content":{"rendered":"<p>Des que es va saber que Manresa seria la localitzaci\u00f3 de la nova pel\u00b7l\u00edcula de Berlanga, el febrer de 1961, els mitjans locals s\u2019hi van abocar. Tant el diari <em>Manresa, <\/em>com l\u2019emissora Radio Manresa van fer un seguiment exhaustiu del rodatge, amb cr\u00f2niques gaireb\u00e9 di\u00e0ries, entrevistes , opinions, an\u00e8cdotes, etc.<\/p>\n<p>La filmaci\u00f3 posava Manresa al mapa. Era una novetat que trencava la rutina de la ciutat i generava un enorme inter\u00e8s, fet que els mitjans l\u00f2gicament van aprofitar i a la vegada van incrementar, fent de les vicissituds di\u00e0ries del rodatge una not\u00edcia destacada.<\/p>\n<p><strong>\u00a0<\/strong><\/p>\n<p><strong>Radio Manresa i el diari <em>Manresa<\/em><\/strong><\/p>\n<p>Pel que fa a Radio Manresa, el seguiment el va fer el popular locutor Vicen\u00e7 Comas, que segons va explicar al Pou de la Gallina, recordava el rodatge amb nost\u00e0lgia, at\u00e8s que va representar una gran oportunitat d\u2019entrar en contacte amb un m\u00f3n nou i estimulant. Recorda que \u201cperseguia\u201d Berlanga, que quan el veia apar\u00e8ixer per l\u2019hotel Sant Domingo, on s\u2019hostatjava, exclamava <em>\u201c\u00bfOtra vez tu por aqu\u00ed?\u201d.<\/em><\/p>\n<p>Al diari <em>Manresa, <\/em>la primera not\u00edcia, el 25 de febrer de 1961, ocupava un gran titular a primera p\u00e0gina: \u201c<em>Nuestra Ciudad ser\u00e1 el escenario de una pel\u00b7l\u00edcula dirigida por Berlanga\u201d <\/em>. Els dies seg\u00fcents i durant tot el mes de mar\u00e7 el rodatge de la pel\u00b7l\u00edcula va ser la not\u00edcia recurrent. Van fer entrevistes a Berlanga, al productor Narciso Munn\u00e9, al director art\u00edstic, a Cassen i a altres actors i actrius. A m\u00e9s, van iniciar una secci\u00f3 fixa anomenada <em>Primeros planos de los bienaventurados <\/em>(el t\u00edtol provisional de la pel\u00b7l\u00edcula) a c\u00e0rrec del periodista Vila-Serra en la qual es recollien informacions, an\u00e8cdotes i comentaris sobre el rodatge.<\/p>\n<p><strong>\u00a0<\/strong><\/p>\n<p><strong>El festival ben\u00e8fic<\/strong><\/p>\n<p>Va mer\u00e8ixer especial atenci\u00f3 la not\u00edcia de la participaci\u00f3 de Berlanga i de diversos actors i actrius al festival ben\u00e8fic que Radio Manresa i el diari <em>Manresa <\/em>van organitzar per recaptar fons per al nou edifici de les \u201cHermanitas\u201d dels pobres i que es va celebrar al teatre Kursaal el 20 de mar\u00e7. El 16 de mar\u00e7 el diari ho explica aix\u00ed: <em>\u201cEspon-t\u00e1neamente, Berlanga y el equipo t\u00e9cnico y art\u00edstico que intervienen en el rodaje de \u201clos Bienaventurados\u201d se ofrecieron para participar en el festival ben\u00e9fico en agra-decimiento a las atenciones y muestras de simpat\u00eda que vienen recibiendo por parte de todos los sectores ciudadanos.\u201c<\/em><\/p>\n<p>Despr\u00e9s del festival, es va lloar especialment l\u2019actuaci\u00f3 de Cassen i es va lamentar que la participaci\u00f3 ciutadana no hagu\u00e9s estat m\u00e9s gran, ja que el Kursaal es va quedar amb mitja entrada.<\/p>\n<p><strong>\u00a0<\/strong><\/p>\n<p><strong>El t\u00edtol definitiu i \u201cManresa internacional\u201d<\/strong><\/p>\n<p>Cap al final del rodatge la secci\u00f3 <em>Primeros planos&#8230; <\/em>es va fer ress\u00f2 del canvi de nom de la pel\u00b7l\u00edcula, que no va agradar al cronista. Tanmateix, a partir d\u2019aquell dia la secci\u00f3 va passar a dir-se <em>Primeros planos de Pl\u00e1cido<\/em>. Un altre fet curi\u00f3s que es va explicar en aquesta secci\u00f3 va ser la internacionalitzaci\u00f3 de la ciutat a partir de la not\u00edcia del rodatge, acompanyada de fotos que va publicar el diari franc\u00e8s <em>Le Figaro.<\/em><\/p>\n<p>Tamb\u00e9 hi va haver algunes cr\u00edtiques sobre el fet que es mostraven les parts m\u00e9s atrotinades de la ciutat que no reflectien la Manresa real.<\/p>\n<p><strong>\u00a0<\/strong><\/p>\n<p><strong>Les cr\u00edtiques <\/strong><\/p>\n<p>Representants del diari van ser convidats per la productora a l\u2019estrena a Barcelona i en van fer una \u201c<em>Cr\u00edtica de urgencia\u201d <\/em> molt favorable. Van publicar tamb\u00e9 unes declaracions del productor Alfred Matas en qu\u00e8 afirmava: \u201c<em>Estamos entusiasmados por la intervenci\u00f3n manresana en la pel\u00edcula Pl\u00e1cido<\/em>\u201d i \u201c <em>Manresa es una Ciudad de car\u00e1cter cinematogr\u00e1fico<\/em>\u201d que sens dubte devien omplir d\u2019orgull els manresans de l\u2019\u00e8poca.<\/p>\n<p>Uns dies m\u00e9s tard, el diari publicava a la secci\u00f3 3a p\u00e0gina les \u00e0mplies cr\u00edtiques m\u00e9s o menys contraposades de dos comentaristes destacats de la ciutat: Mariano Fontrodona, que en feia una cr\u00edtica molt negativa, titllant-la de mala imitaci\u00f3 del neorealisme itali\u00e0, i Josep Tom\u00e0s Cabot, que la considerava una molt bona pel\u00b7l\u00edcula, encara que apuntava que el seu missatge de cr\u00edtica ferotge a la falsa caritat i a la hipocresia podia ser contraproduent.<\/p>\n<p><strong>\u00a0<\/strong><\/p>\n<p><strong>Innocentada<\/strong><\/p>\n<p>Al desembre de l\u2019any 61, trobem al diari una altra not\u00edcia relacionada amb la pel\u00b7l\u00edcula, el titular de la qual era \u201c<em>Berlanga rueda nuevamente en Manresa\u201d<\/em> i explicava, entre altres detalls, que s\u2019hi havia de rodar una escena de persecuci\u00f3 que requeria una densa boira i que si no n\u2019hi havia es fabricaria. Davant d\u2019aquesta not\u00edcia sorprenent cal fer un aclariment: es public\u00e0 el dia 28 de desembre, \u00e9s a dir, el dia dels Sants Innocents.<\/p>\n<p>&nbsp;<\/p>\n<p><strong>Retalls del diari Manresa<\/strong><\/p>\n<div id=\"jig1\" class=\"justified-image-grid jig-b16a5934713e4825c9219730c462491f jig-preset-c3 jig-source-wp-gallery jig-rml-id-6\"><div class=\"jig-clearfix\"><\/div><noscript id=\"jig1-html\" class=\"justified-image-grid-html\" data-lazy-src=\"skiplazyload\" data-src=\"skipunveillazyload\"><ul><li><a href=\"https:\/\/www.memoria.cat\/placido\/wp-content\/uploads\/sites\/60\/2021\/04\/01DMAN.jpg\" title=\"25\/02\/61 En portada, primera not\u00edcia del rodatge de Pl\u00e1cido a Manresa.\"><img decoding=\"async\" src=\"https:\/\/www.memoria.cat\/placido\/wp-content\/uploads\/sites\/60\/2021\/04\/01DMAN.jpg\" alt=\"25\/02\/61 En portada, primera not\u00edcia del rodatge de Pl\u00e1cido a Manresa.\" width=\"170\" height=\"230\" \/><\/a><p class=\"jig-HTMLdescription\">25\/02\/61 En portada, primera not\u00edcia del rodatge de Pl\u00e1cido a Manresa.<\/p><\/li><li><a href=\"https:\/\/www.memoria.cat\/placido\/wp-content\/uploads\/sites\/60\/2021\/04\/02DMAN.jpg\" title=\"25\/02\/61 Continuaci\u00f3 de la not\u00edcia\"><img decoding=\"async\" src=\"https:\/\/www.memoria.cat\/placido\/wp-content\/uploads\/sites\/60\/2021\/04\/02DMAN.jpg\" alt=\"25\/02\/61 Continuaci\u00f3 de la not\u00edcia\" width=\"170\" height=\"230\" \/><\/a><p class=\"jig-HTMLdescription\">25\/02\/61 Continuaci\u00f3 de la not\u00edcia<\/p><\/li><li><a href=\"https:\/\/www.memoria.cat\/placido\/wp-content\/uploads\/sites\/60\/2021\/04\/03DMAN.jpg\" title=\"4\/03\/61: Article sobre Berlanga i inici de la secci\u00f3 \u201cPrimeros  planos de  los Bienaventurados\u201d en qu\u00e8 s\u2019informava regularment sobre el rodatge.\"><img decoding=\"async\" src=\"https:\/\/www.memoria.cat\/placido\/wp-content\/uploads\/sites\/60\/2021\/04\/03DMAN.jpg\" alt=\"4\/03\/61: Article sobre Berlanga i inici de la secci\u00f3 \u201cPrimeros  planos de  los Bienaventurados\u201d en qu\u00e8 s\u2019informava regularment sobre el rodatge.\" width=\"170\" height=\"230\" \/><\/a><p class=\"jig-HTMLdescription\">4\/03\/61: Article sobre Berlanga i inici de la secci\u00f3 \u201cPrimeros  planos de  los Bienaventurados\u201d en qu\u00e8 s\u2019informava regularment sobre el rodatge.<\/p><\/li><li><a href=\"https:\/\/www.memoria.cat\/placido\/wp-content\/uploads\/sites\/60\/2021\/04\/04DMAN.jpg\" title=\"7\/03\/61. Entrevista al director L.G. Berlanga\"><img loading=\"lazy\" decoding=\"async\" src=\"https:\/\/www.memoria.cat\/placido\/wp-content\/uploads\/sites\/60\/2021\/04\/04DMAN.jpg\" alt=\"7\/03\/61. Entrevista al director L.G. Berlanga\" width=\"133\" height=\"230\" \/><\/a><p class=\"jig-HTMLdescription\">7\/03\/61. Entrevista al director L.G. Berlanga<\/p><\/li><li><a href=\"https:\/\/www.memoria.cat\/placido\/wp-content\/uploads\/sites\/60\/2021\/04\/05DMAN.jpg\" title=\"7\/03\/61. Entrevista al director L.G. Berlanga\"><img loading=\"lazy\" decoding=\"async\" src=\"https:\/\/www.memoria.cat\/placido\/wp-content\/uploads\/sites\/60\/2021\/04\/05DMAN.jpg\" alt=\"7\/03\/61. Entrevista al director L.G. Berlanga\" width=\"108\" height=\"230\" \/><\/a><p class=\"jig-HTMLdescription\">7\/03\/61. Entrevista al director L.G. Berlanga<\/p><\/li><li><a href=\"https:\/\/www.memoria.cat\/placido\/wp-content\/uploads\/sites\/60\/2021\/04\/06DMAN.jpg\" title=\"9\/03\/61: En portada i p\u00e0gines interiors la secci\u00f3 \u201cPrimeros planos de los Bienaventurados\u201d amb interessants informacions sobre el rodatge\"><img loading=\"lazy\" decoding=\"async\" src=\"https:\/\/www.memoria.cat\/placido\/wp-content\/uploads\/sites\/60\/2021\/04\/06DMAN.jpg\" alt=\"9\/03\/61: En portada i p\u00e0gines interiors la secci\u00f3 \u201cPrimeros planos de los Bienaventurados\u201d amb interessants informacions sobre el rodatge\" width=\"170\" height=\"230\" \/><\/a><p class=\"jig-HTMLdescription\">9\/03\/61: En portada i p\u00e0gines interiors la secci\u00f3 \u201cPrimeros planos de los Bienaventurados\u201d amb interessants informacions sobre el rodatge<\/p><\/li><li><a href=\"https:\/\/www.memoria.cat\/placido\/wp-content\/uploads\/sites\/60\/2021\/04\/07DMAN.jpg\" title=\"9\/03\/61: En portada i p\u00e0gines interiors la secci\u00f3 \u201cPrimeros planos de los Bienaventurados\u201d amb interessants informacions sobre el rodatge\"><img loading=\"lazy\" decoding=\"async\" src=\"https:\/\/www.memoria.cat\/placido\/wp-content\/uploads\/sites\/60\/2021\/04\/07DMAN.jpg\" alt=\"9\/03\/61: En portada i p\u00e0gines interiors la secci\u00f3 \u201cPrimeros planos de los Bienaventurados\u201d amb interessants informacions sobre el rodatge\" width=\"102\" height=\"230\" \/><\/a><p class=\"jig-HTMLdescription\">9\/03\/61: En portada i p\u00e0gines interiors la secci\u00f3 \u201cPrimeros planos de los Bienaventurados\u201d amb interessants informacions sobre el rodatge<\/p><\/li><li><a href=\"https:\/\/www.memoria.cat\/placido\/wp-content\/uploads\/sites\/60\/2021\/04\/08DMAN.jpg\" title=\"13\/3\/61:La secci\u00f3 habitual informa sobre l\u2019inici del rodatge al Casino entre altres explicacions del rodatge.\"><img loading=\"lazy\" decoding=\"async\" src=\"https:\/\/www.memoria.cat\/placido\/wp-content\/uploads\/sites\/60\/2021\/04\/08DMAN.jpg\" alt=\"13\/3\/61:La secci\u00f3 habitual informa sobre l\u2019inici del rodatge al Casino entre altres explicacions del rodatge.\" width=\"280\" height=\"230\" \/><\/a><p class=\"jig-HTMLdescription\">13\/3\/61:La secci\u00f3 habitual informa sobre l\u2019inici del rodatge al Casino entre altres explicacions del rodatge.<\/p><\/li><li><a href=\"https:\/\/www.memoria.cat\/placido\/wp-content\/uploads\/sites\/60\/2021\/04\/09DMAN.jpg\" title=\"14\/3\/61: Entrevista a Cassen.\"><img loading=\"lazy\" decoding=\"async\" src=\"https:\/\/www.memoria.cat\/placido\/wp-content\/uploads\/sites\/60\/2021\/04\/09DMAN.jpg\" alt=\"14\/3\/61: Entrevista a Cassen.\" width=\"170\" height=\"230\" \/><\/a><p class=\"jig-HTMLdescription\">14\/3\/61: Entrevista a Cassen.<\/p><\/li><li><a href=\"https:\/\/www.memoria.cat\/placido\/wp-content\/uploads\/sites\/60\/2021\/04\/10DMAN.jpg\" title=\"Imatge d\u2019un anci\u00e0 per publicitar el proper festival ben\u00e8fic en el que participarien actors de Pl\u00e1cido. \"><img loading=\"lazy\" decoding=\"async\" src=\"https:\/\/www.memoria.cat\/placido\/wp-content\/uploads\/sites\/60\/2021\/04\/10DMAN.jpg\" alt=\"Imatge d\u2019un anci\u00e0 per publicitar el proper festival ben\u00e8fic en el que participarien actors de Pl\u00e1cido. \" width=\"117\" height=\"230\" \/><\/a><p class=\"jig-HTMLdescription\">Imatge d\u2019un anci\u00e0 per publicitar el proper festival ben\u00e8fic en el que participarien actors de Pl\u00e1cido. <\/p><\/li><li><a href=\"https:\/\/www.memoria.cat\/placido\/wp-content\/uploads\/sites\/60\/2021\/04\/11DMAN.jpg\" title=\"14\/3\/61: Not\u00edcia sobre el festival ben\u00e8fic i la participaci\u00f3 dels artistes\"><img loading=\"lazy\" decoding=\"async\" src=\"https:\/\/www.memoria.cat\/placido\/wp-content\/uploads\/sites\/60\/2021\/04\/11DMAN.jpg\" alt=\"14\/3\/61: Not\u00edcia sobre el festival ben\u00e8fic i la participaci\u00f3 dels artistes\" width=\"150\" height=\"230\" \/><\/a><p class=\"jig-HTMLdescription\">14\/3\/61: Not\u00edcia sobre el festival ben\u00e8fic i la participaci\u00f3 dels artistes<\/p><\/li><li><a href=\"https:\/\/www.memoria.cat\/placido\/wp-content\/uploads\/sites\/60\/2021\/04\/12DMAN.jpg\" title=\"\u201cPrimeros  planos...\u201d anuncia el festival i explica an\u00e8cdotes de manresans respecte a la filmaci\u00f3.\"><img loading=\"lazy\" decoding=\"async\" src=\"https:\/\/www.memoria.cat\/placido\/wp-content\/uploads\/sites\/60\/2021\/04\/12DMAN.jpg\" alt=\"\u201cPrimeros  planos...\u201d anuncia el festival i explica an\u00e8cdotes de manresans respecte a la filmaci\u00f3.\" width=\"278\" height=\"230\" \/><\/a><p class=\"jig-HTMLdescription\">\u201cPrimeros  planos...\u201d anuncia el festival i explica an\u00e8cdotes de manresans respecte a la filmaci\u00f3.<\/p><\/li><li><a href=\"https:\/\/www.memoria.cat\/placido\/wp-content\/uploads\/sites\/60\/2021\/04\/13DMAN.jpg\" title=\"23\/3\/61: Cr\u00f2nica del festival ben\u00e8fic\"><img loading=\"lazy\" decoding=\"async\" src=\"https:\/\/www.memoria.cat\/placido\/wp-content\/uploads\/sites\/60\/2021\/04\/13DMAN.jpg\" alt=\"23\/3\/61: Cr\u00f2nica del festival ben\u00e8fic\" width=\"229\" height=\"230\" \/><\/a><p class=\"jig-HTMLdescription\">23\/3\/61: Cr\u00f2nica del festival ben\u00e8fic<\/p><\/li><li><a href=\"https:\/\/www.memoria.cat\/placido\/wp-content\/uploads\/sites\/60\/2021\/04\/14DMAN.jpg\" title=\"23\/3\/61: M\u00e9s not\u00edcies del rodatge\"><img loading=\"lazy\" decoding=\"async\" src=\"https:\/\/www.memoria.cat\/placido\/wp-content\/uploads\/sites\/60\/2021\/04\/14DMAN.jpg\" alt=\"23\/3\/61: M\u00e9s not\u00edcies del rodatge\" width=\"181\" height=\"230\" \/><\/a><p class=\"jig-HTMLdescription\">23\/3\/61: M\u00e9s not\u00edcies del rodatge<\/p><\/li><li><a href=\"https:\/\/www.memoria.cat\/placido\/wp-content\/uploads\/sites\/60\/2021\/04\/15DMAN.jpg\" title=\"23\/3\/61: El diari p\u00fabica la fitxa t\u00e8cnica de la pel\u00b7l\u00edcula .\"><img loading=\"lazy\" decoding=\"async\" src=\"https:\/\/www.memoria.cat\/placido\/wp-content\/uploads\/sites\/60\/2021\/04\/15DMAN.jpg\" alt=\"23\/3\/61: El diari p\u00fabica la fitxa t\u00e8cnica de la pel\u00b7l\u00edcula .\" width=\"170\" height=\"230\" \/><\/a><p class=\"jig-HTMLdescription\">23\/3\/61: El diari p\u00fabica la fitxa t\u00e8cnica de la pel\u00b7l\u00edcula .<\/p><\/li><li><a href=\"https:\/\/www.memoria.cat\/placido\/wp-content\/uploads\/sites\/60\/2021\/04\/16DMAN.jpg\" title=\"21\/3\/61: \u201cPrimeros planos...\u201d explica com el diari franc\u00e8s le Figaro es fa ress\u00f2  del rodatge i de la \u201cpetite ville de Manresa\u201d. Tamb\u00e9 explica el canvi de nom de la pel\u00b7l\u00edcula.\"><img loading=\"lazy\" decoding=\"async\" src=\"https:\/\/www.memoria.cat\/placido\/wp-content\/uploads\/sites\/60\/2021\/04\/16DMAN.jpg\" alt=\"21\/3\/61: \u201cPrimeros planos...\u201d explica com el diari franc\u00e8s le Figaro es fa ress\u00f2  del rodatge i de la \u201cpetite ville de Manresa\u201d. Tamb\u00e9 explica el canvi de nom de la pel\u00b7l\u00edcula.\" width=\"74\" height=\"230\" \/><\/a><p class=\"jig-HTMLdescription\">21\/3\/61: \u201cPrimeros planos...\u201d explica com el diari franc\u00e8s le Figaro es fa ress\u00f2  del rodatge i de la \u201cpetite ville de Manresa\u201d. Tamb\u00e9 explica el canvi de nom de la pel\u00b7l\u00edcula.<\/p><\/li><li><a href=\"https:\/\/www.memoria.cat\/placido\/wp-content\/uploads\/sites\/60\/2021\/04\/17DMAN.jpg\" title=\"29\/3\/61: \u201cPlanos de Pl\u00e1cido \u201d Canvi de nom de la secci\u00f3 habitual del diari.\"><img loading=\"lazy\" decoding=\"async\" src=\"https:\/\/www.memoria.cat\/placido\/wp-content\/uploads\/sites\/60\/2021\/04\/17DMAN.jpg\" alt=\"29\/3\/61: \u201cPlanos de Pl\u00e1cido \u201d Canvi de nom de la secci\u00f3 habitual del diari.\" width=\"45\" height=\"230\" \/><\/a><p class=\"jig-HTMLdescription\">29\/3\/61: \u201cPlanos de Pl\u00e1cido \u201d Canvi de nom de la secci\u00f3 habitual del diari.<\/p><\/li><li><a href=\"https:\/\/www.memoria.cat\/placido\/wp-content\/uploads\/sites\/60\/2021\/04\/18DMAN.jpg\" title=\"17\/4\/61: Article breu on es critica que no s\u2019hagin tret elements d\u2019atrezzo de la pel\u00b7l\u00edcula un cop acabat el rodatge.\"><img loading=\"lazy\" decoding=\"async\" src=\"https:\/\/www.memoria.cat\/placido\/wp-content\/uploads\/sites\/60\/2021\/04\/18DMAN.jpg\" alt=\"17\/4\/61: Article breu on es critica que no s\u2019hagin tret elements d\u2019atrezzo de la pel\u00b7l\u00edcula un cop acabat el rodatge.\" width=\"305\" height=\"230\" \/><\/a><p class=\"jig-HTMLdescription\">17\/4\/61: Article breu on es critica que no s\u2019hagin tret elements d\u2019atrezzo de la pel\u00b7l\u00edcula un cop acabat el rodatge.<\/p><\/li><li><a href=\"https:\/\/www.memoria.cat\/placido\/wp-content\/uploads\/sites\/60\/2021\/04\/19DMAN.jpg\" title=\"14\/10\/61: En p\u00e0gines interiors, not\u00edcia de l\u2019estrena de Pl\u00e1cido a Barcelona\"><img loading=\"lazy\" decoding=\"async\" src=\"https:\/\/www.memoria.cat\/placido\/wp-content\/uploads\/sites\/60\/2021\/04\/19DMAN.jpg\" alt=\"14\/10\/61: En p\u00e0gines interiors, not\u00edcia de l\u2019estrena de Pl\u00e1cido a Barcelona\" width=\"88\" height=\"230\" \/><\/a><p class=\"jig-HTMLdescription\">14\/10\/61: En p\u00e0gines interiors, not\u00edcia de l\u2019estrena de Pl\u00e1cido a Barcelona<\/p><\/li><li><a href=\"https:\/\/www.memoria.cat\/placido\/wp-content\/uploads\/sites\/60\/2021\/04\/20DMAN.jpg\" title=\"21\/10\/61:  Entrevista amb el productor Alfredo Matas, on lloa el paper de la ciutat durant el rodatge. \"><img loading=\"lazy\" decoding=\"async\" src=\"https:\/\/www.memoria.cat\/placido\/wp-content\/uploads\/sites\/60\/2021\/04\/20DMAN.jpg\" alt=\"21\/10\/61:  Entrevista amb el productor Alfredo Matas, on lloa el paper de la ciutat durant el rodatge. \" width=\"164\" height=\"230\" \/><\/a><p class=\"jig-HTMLdescription\">21\/10\/61:  Entrevista amb el productor Alfredo Matas, on lloa el paper de la ciutat durant el rodatge. <\/p><\/li><li><a href=\"https:\/\/www.memoria.cat\/placido\/wp-content\/uploads\/sites\/60\/2021\/04\/21DMAN.jpg\" title=\"4\/11\/61: Cr\u00edtiques en profunditat i amb una certa controv\u00e8rsia de M. Fontrodona, J. Tom\u00e0s Cabot i Benito Paricio\"><img loading=\"lazy\" decoding=\"async\" src=\"https:\/\/www.memoria.cat\/placido\/wp-content\/uploads\/sites\/60\/2021\/04\/21DMAN.jpg\" alt=\"4\/11\/61: Cr\u00edtiques en profunditat i amb una certa controv\u00e8rsia de M. Fontrodona, J. Tom\u00e0s Cabot i Benito Paricio\" width=\"170\" height=\"230\" \/><\/a><p class=\"jig-HTMLdescription\">4\/11\/61: Cr\u00edtiques en profunditat i amb una certa controv\u00e8rsia de M. Fontrodona, J. Tom\u00e0s Cabot i Benito Paricio<\/p><\/li><li><a href=\"https:\/\/www.memoria.cat\/placido\/wp-content\/uploads\/sites\/60\/2021\/04\/22DMAN.jpg\" title=\"4\/11\/61: Cr\u00edtiques en profunditat i amb una certa controv\u00e8rsia de M. Fontrodona, J. Tom\u00e0s Cabot i Benito Paricio\"><img loading=\"lazy\" decoding=\"async\" src=\"https:\/\/www.memoria.cat\/placido\/wp-content\/uploads\/sites\/60\/2021\/04\/22DMAN.jpg\" alt=\"4\/11\/61: Cr\u00edtiques en profunditat i amb una certa controv\u00e8rsia de M. Fontrodona, J. Tom\u00e0s Cabot i Benito Paricio\" width=\"170\" height=\"230\" \/><\/a><p class=\"jig-HTMLdescription\">4\/11\/61: Cr\u00edtiques en profunditat i amb una certa controv\u00e8rsia de M. Fontrodona, J. Tom\u00e0s Cabot i Benito Paricio<\/p><\/li><li><a href=\"https:\/\/www.memoria.cat\/placido\/wp-content\/uploads\/sites\/60\/2021\/04\/23DMAN.jpg\" title=\"4\/11\/61: Cr\u00edtiques en profunditat i amb una certa controv\u00e8rsia de M. Fontrodona, J. Tom\u00e0s Cabot i Benito Paricio\"><img loading=\"lazy\" decoding=\"async\" src=\"https:\/\/www.memoria.cat\/placido\/wp-content\/uploads\/sites\/60\/2021\/04\/23DMAN.jpg\" alt=\"4\/11\/61: Cr\u00edtiques en profunditat i amb una certa controv\u00e8rsia de M. Fontrodona, J. Tom\u00e0s Cabot i Benito Paricio\" width=\"76\" height=\"230\" \/><\/a><p class=\"jig-HTMLdescription\">4\/11\/61: Cr\u00edtiques en profunditat i amb una certa controv\u00e8rsia de M. Fontrodona, J. Tom\u00e0s Cabot i Benito Paricio<\/p><\/li><li><a href=\"https:\/\/www.memoria.cat\/placido\/wp-content\/uploads\/sites\/60\/2021\/04\/24DMAN.jpg\" title=\"4\/11\/61: Cr\u00edtiques en profunditat i amb una certa controv\u00e8rsia de M. Fontrodona, J. Tom\u00e0s Cabot i Benito Paricio\"><img loading=\"lazy\" decoding=\"async\" src=\"https:\/\/www.memoria.cat\/placido\/wp-content\/uploads\/sites\/60\/2021\/04\/24DMAN.jpg\" alt=\"4\/11\/61: Cr\u00edtiques en profunditat i amb una certa controv\u00e8rsia de M. Fontrodona, J. Tom\u00e0s Cabot i Benito Paricio\" width=\"98\" height=\"230\" \/><\/a><p class=\"jig-HTMLdescription\">4\/11\/61: Cr\u00edtiques en profunditat i amb una certa controv\u00e8rsia de M. Fontrodona, J. Tom\u00e0s Cabot i Benito Paricio<\/p><\/li><li><a href=\"https:\/\/www.memoria.cat\/placido\/wp-content\/uploads\/sites\/60\/2021\/04\/25DMAN.jpg\" title=\"28\/12\/61: En la diada dels innocents, el diari anuncia un nou rodatge de Berlanga a Manresa.\"><img loading=\"lazy\" decoding=\"async\" src=\"https:\/\/www.memoria.cat\/placido\/wp-content\/uploads\/sites\/60\/2021\/04\/25DMAN.jpg\" alt=\"28\/12\/61: En la diada dels innocents, el diari anuncia un nou rodatge de Berlanga a Manresa.\" width=\"100\" height=\"230\" \/><\/a><p class=\"jig-HTMLdescription\">28\/12\/61: En la diada dels innocents, el diari anuncia un nou rodatge de Berlanga a Manresa.<\/p><\/li><\/ul><\/noscript><\/div>\n<p>&nbsp;<\/p>\n<p>&nbsp;<\/p>\n<p>&nbsp;<\/p>\n","protected":false},"excerpt":{"rendered":"<p>Des que es va saber que Manresa seria la localitzaci\u00f3 de la nova pel\u00b7l\u00edcula de Berlanga, el febrer de 1961, els mitjans locals s\u2019hi van abocar. Tant el diari Manresa, com l\u2019emissora Radio Manresa van fer un seguiment exhaustiu del rodatge, amb cr\u00f2niques gaireb\u00e9 di\u00e0ries, entrevistes , opinions, an\u00e8cdotes, etc. La filmaci\u00f3 posava Manresa al [&hellip;]<\/p>\n","protected":false},"author":28,"featured_media":0,"parent":0,"menu_order":0,"comment_status":"closed","ping_status":"closed","template":"","meta":{"footnotes":""},"class_list":["post-73652","page","type-page","status-publish","hentry"],"_links":{"self":[{"href":"https:\/\/www.memoria.cat\/placido\/wp-json\/wp\/v2\/pages\/73652","targetHints":{"allow":["GET"]}}],"collection":[{"href":"https:\/\/www.memoria.cat\/placido\/wp-json\/wp\/v2\/pages"}],"about":[{"href":"https:\/\/www.memoria.cat\/placido\/wp-json\/wp\/v2\/types\/page"}],"author":[{"embeddable":true,"href":"https:\/\/www.memoria.cat\/placido\/wp-json\/wp\/v2\/users\/28"}],"replies":[{"embeddable":true,"href":"https:\/\/www.memoria.cat\/placido\/wp-json\/wp\/v2\/comments?post=73652"}],"version-history":[{"count":0,"href":"https:\/\/www.memoria.cat\/placido\/wp-json\/wp\/v2\/pages\/73652\/revisions"}],"wp:attachment":[{"href":"https:\/\/www.memoria.cat\/placido\/wp-json\/wp\/v2\/media?parent=73652"}],"curies":[{"name":"wp","href":"https:\/\/api.w.org\/{rel}","templated":true}]}}