{"id":73404,"date":"2019-11-11T13:18:10","date_gmt":"2019-11-11T12:18:10","guid":{"rendered":"https:\/\/www.memoria.cat\/placido\/?page_id=73404"},"modified":"2021-05-03T18:58:45","modified_gmt":"2021-05-03T17:58:45","slug":"portada","status":"publish","type":"page","link":"https:\/\/www.memoria.cat\/placido\/","title":{"rendered":"Portada"},"content":{"rendered":"<figure id=\"attachment_73762\" aria-describedby=\"caption-attachment-73762\" style=\"width: 800px\" class=\"wp-caption aligncenter\"><a href=\"https:\/\/www.memoria.cat\/placido\/wp-content\/uploads\/sites\/60\/2021\/04\/ExGW-WxWQAoEefq.jpeg\"><img fetchpriority=\"high\" decoding=\"async\" class=\"wp-image-73762 size-large\" src=\"https:\/\/www.memoria.cat\/placido\/wp-content\/uploads\/sites\/60\/2021\/04\/ExGW-WxWQAoEefq-1024x765.jpeg\" alt=\"\" width=\"800\" height=\"598\" srcset=\"https:\/\/www.memoria.cat\/placido\/wp-content\/uploads\/sites\/60\/2021\/04\/ExGW-WxWQAoEefq-1024x765.jpeg 1024w, https:\/\/www.memoria.cat\/placido\/wp-content\/uploads\/sites\/60\/2021\/04\/ExGW-WxWQAoEefq-300x224.jpeg 300w, https:\/\/www.memoria.cat\/placido\/wp-content\/uploads\/sites\/60\/2021\/04\/ExGW-WxWQAoEefq-768x573.jpeg 768w, https:\/\/www.memoria.cat\/placido\/wp-content\/uploads\/sites\/60\/2021\/04\/ExGW-WxWQAoEefq-1536x1147.jpeg 1536w, https:\/\/www.memoria.cat\/placido\/wp-content\/uploads\/sites\/60\/2021\/04\/ExGW-WxWQAoEefq.jpeg 2048w\" sizes=\"(max-width: 800px) 100vw, 800px\" \/><\/a><figcaption id=\"caption-attachment-73762\" class=\"wp-caption-text\">Fotograma de la pel\u00b7l\u00edcula &#8220;P\u00e1cido&#8221;. Al fons a la dreta, la Cova de Sant Ignasi.<\/figcaption><\/figure>\n<p>&nbsp;<\/p>\n<p>6 de mar\u00e7 de 1961. Un dia de finals d\u2019hivern, molt fred; ens el podem imaginar amb aquell cel gris de plom que els manresans coneixem perfectament. Manresa, que llavors superava per poc els 50.000 habitants, havia experimentat un fort creixement demogr\u00e0fic durant les dues d\u00e8cades anteriors, fruit de la immigraci\u00f3. A causa d\u2019aquest fet, s\u2019havia produ\u00eft un creixement urban\u00edstic amb blocs d\u2019habitatges com les anomenades \u201cCases de xocolata\u201d o m\u00e9s tard els blocs de pisos de la Sagrada Fam\u00edlia. Com la gran majoria de ciutats mitjanes, per\u00f2, el centre hist\u00f2ric gaireb\u00e9 no havia canviat i en general tota la ciutat conservava un aire antiquat, potser una mica r\u00f2nec, que el r\u00e8gim franquista imperant afavoria. Alguns cronistes parlen de \u201c<em>la ciutat on no passava mai res\u201d. <\/em> Tanmateix, des de finals de febrer hi havia rumors, enraonies i informacions diverses que alguna cosa nova passaria i la gent es preguntava per qu\u00e8 encara no s\u2019havien tret els llums de Nadal. Finalment, aquell 6 de mar\u00e7 no va ser un dia qualsevol, sin\u00f3 un dia que molts manresans d\u2019aquella generaci\u00f3 han recordat sempre m\u00e9s. Desenes de persones -entre actors, t\u00e8cnics i extres-, c\u00e0meres, grues, focus i vehicles (entre ells un petit motocarro, un altre protagonista de la pel\u00b7l\u00edcula ) van ocupar i trasbalsar el centre de la ciutat: comen\u00e7ava el rodatge de <em>Pl\u00e1cido<\/em>, una de les millors pel\u00b7l\u00edcules del seu director, Lu\u00eds Garc\u00eda Berlanga -va ser candidata a l\u2019Oscar com a millor pel\u00b7l\u00edcula de parla no anglesa l\u2019any 1962- i tamb\u00e9 un dels grans t\u00edtols de refer\u00e8ncia del cinema espanyol, segons la cr\u00edtica.<\/p>\n<p>El rodatge de Pl\u00e1cido va ser, sens dubte, un gran esdeveniment per a Manresa, que d\u2019alguna manera entrava en la hist\u00f2ria del cinema \u2013encara que en cap moment al film se la cita- i l\u2019acostava a un m\u00f3n m\u00e9s obert i cosmopolita.<\/p>\n<p>Enguany es compleixen 60 anys d\u2019aquell rodatge i tamb\u00e9 els cent anys del naixement del seu director, juntament amb altres efem\u00e8rides relacionades amb el cinema a la ciutat. Des de diferents institucions manresanes s\u2019han organitzat iniciatives per commemorar aquestes efem\u00e8rides a les quals Mem\u00f2ria.cat es vol sumar amb aquest web, l\u2019objectiu del qual es reunir material gr\u00e0fic i documental sobre el rodatge i deixar testimoni de la repercussi\u00f3 que va tenir a la ciutat.<\/p>\n<p>Al llarg d&#8217;aquest any aquest web es podr\u00e0 anar ampliant amb noves informacions que puguin sorgir sobre aquest esdeveniment rellevant esdevingut ara fa 60 anys. Al mateix temps encoratgem qualsevol persona que en tingui documentaci\u00f3 gr\u00e0fica, textual o records personals i la vulgui compartir a qu\u00e8 ens la faci arribar i la incorporarem en aquest espai web dins l\u2019apartat \u201cEl teu Pl\u00e1cido\u201d.<\/p>\n<p style=\"text-align: center\">Fina Oliveras Riera<br \/>\nAssociaci\u00f3 Mem\u00f2ria i Hist\u00f2ria de Manresa<\/p>\n<p>&nbsp;<\/p>\n<p>&nbsp;<\/p>\n","protected":false},"excerpt":{"rendered":"<p>&nbsp; 6 de mar\u00e7 de 1961. Un dia de finals d\u2019hivern, molt fred; ens el podem imaginar amb aquell cel gris de plom que els manresans coneixem perfectament. Manresa, que llavors superava per poc els 50.000 habitants, havia experimentat un fort creixement demogr\u00e0fic durant les dues d\u00e8cades anteriors, fruit de la immigraci\u00f3. A causa d\u2019aquest [&hellip;]<\/p>\n","protected":false},"author":1,"featured_media":0,"parent":0,"menu_order":0,"comment_status":"closed","ping_status":"closed","template":"","meta":{"iawp_total_views":115,"footnotes":""},"class_list":["post-73404","page","type-page","status-publish","hentry"],"_links":{"self":[{"href":"https:\/\/www.memoria.cat\/placido\/wp-json\/wp\/v2\/pages\/73404","targetHints":{"allow":["GET"]}}],"collection":[{"href":"https:\/\/www.memoria.cat\/placido\/wp-json\/wp\/v2\/pages"}],"about":[{"href":"https:\/\/www.memoria.cat\/placido\/wp-json\/wp\/v2\/types\/page"}],"author":[{"embeddable":true,"href":"https:\/\/www.memoria.cat\/placido\/wp-json\/wp\/v2\/users\/1"}],"replies":[{"embeddable":true,"href":"https:\/\/www.memoria.cat\/placido\/wp-json\/wp\/v2\/comments?post=73404"}],"version-history":[{"count":0,"href":"https:\/\/www.memoria.cat\/placido\/wp-json\/wp\/v2\/pages\/73404\/revisions"}],"wp:attachment":[{"href":"https:\/\/www.memoria.cat\/placido\/wp-json\/wp\/v2\/media?parent=73404"}],"curies":[{"name":"wp","href":"https:\/\/api.w.org\/{rel}","templated":true}]}}