{"id":73404,"date":"2019-11-11T13:18:10","date_gmt":"2019-11-11T12:18:10","guid":{"rendered":"https:\/\/www.memoria.cat\/perez-vengut\/?page_id=73404"},"modified":"2024-03-07T23:07:07","modified_gmt":"2024-03-07T22:07:07","slug":"portada","status":"publish","type":"page","link":"https:\/\/www.memoria.cat\/perez-vengut\/","title":{"rendered":"Portada"},"content":{"rendered":"<p>Hi ha hist\u00f2ries que el pas del temps les va difuminant, lentament, fins que acaben desapareixent. Aix\u00f2 \u00e9s el que va estar a punt de passar amb Pedro P\u00e9rez Vengut, un comandant de l\u2019ex\u00e8rcit de la Rep\u00fablica que es va exiliar a Fran\u00e7a el 1939.<\/p>\n<p>En aquest web expliquem una hist\u00f2ria d\u2019una profunda dimensi\u00f3 humana esdevinguda a Manresa. Una cadena de casualitats va propiciar que la filla de Pedro P\u00e9rez, la Rosario P\u00e9rez Morera (Manresa, 1935), conegu\u00e9s el lloc on havia mort el seu pare i recuperar les seves cendres. Unes cendres que ara estan al pis de la Rosario. \u201cAquesta hist\u00f2ria m\u2019ha vingut com si fos una pel\u00b7l\u00edcula. Aix\u00f2 estava mort fins que us vaig con\u00e8ixer\u201d, comenta agra\u00efda per la tasca feta des de l\u2019Associaci\u00f3 Mem\u00f2ria i Hist\u00f2ria de Manresa.<\/p>\n<p>La troballa d\u2019una documentaci\u00f3 per part de l&#8217;Associaci\u00f3 i les gestions de la fam\u00edlia han fet possible aquest \u201cmiracle\u201d i el \u201ctancament del cercle familiar\u201d. Ara la Rosario parla amb el seu pare i li explica que \u201cm\u2019ha fet falta tota una vida per tornar a estar amb ell. I que el dia que em fiquin a mi all\u00e0 baix, hi serem tots tres: la meva mare, el meu pare i jo. Estar\u00e0 al meu costat. Per fi, estar\u00e0 al costat de la seva filla\u201d.<\/p>\n<p>La tomba de P\u00e9rez Vengut, coberta per la vegetaci\u00f3, va ser trobada al cementiri de Pamiers (Occit\u00e0nia), per la seva neta, Dolors Gim\u00e9nez, l\u2019octubre del 2023. A petici\u00f3 de la fam\u00edlia, les restes de Pedro P\u00e9rez Vengut es van exhumar, es van incinerar a inicis de gener del 2024 i, al cap d\u2019uns dies, ja eren a casa la Rosario.<\/p>\n<p>Pedro P\u00e9rez Vengut (Palos de la Frontera, 18 d\u2019agost de 1906 &#8211; Pamiers, 19 d\u2019abril de 1954) va ser un comandant de l&#8217;ex\u00e8rcit de la Rep\u00fablica durant la Guerra Civil. Despr\u00e9s de la derrota del b\u00e0ndol republic\u00e0, es va haver d\u2019exiliar, va travessar la frontera amb els seus soldats i va acabar al camp de concentraci\u00f3 de S\u00e8tfonts (Occit\u00e0nia), d\u2019on va sortir temps m\u00e9s tard gr\u00e0cies a l\u2019ajuda de la seva dona, la manresana Ll\u00facia Morera Agut.<\/p>\n<p>El comandant P\u00e9rez Vengut va viure amagat als voltants del poble de Beaumont-de-Lomagne, a prop de Montauban i Tolosa, per evitar la persecuci\u00f3 de les tropes alemanyes durant la Segona Guerra Mundial.<\/p>\n<p>Una vegada finalitzada la guerra, va estar sempre esperant la caiguda del general Franco, gr\u00e0cies a una intervenci\u00f3 internacional, i anhelant poder tornar a Catalunya, on es podria retrobar amb la seva dona i la seva filla. Per\u00f2, finalment, no va poder trepitjar la terra d\u2019on havia hagut de fugir i va morir el 1954 a Pamiers, Occit\u00e0nia.<\/p>\n<p>La seva hist\u00f2ria va quedar en l&#8217;oblit durant molts anys, fins que la recerca i la perseveran\u00e7a dels seus familiars i de l&#8217;Associaci\u00f3 Mem\u00f2ria i Hist\u00f2ria de Manresa, van permetre rescatar-la.<\/p>\n<p>Memoria.cat publica aquest web per donar a con\u00e8ixer aquesta hist\u00f2ria colpidora i evitar que Pedro P\u00e9rez Vengut caigui en l\u2019oblit. <a href=\"https:\/\/www.memoria.cat\/perez-vengut\/lentrevista\/\">La part fonamental del web \u00e9s una extensa entrevista realitzada a la seva filla<\/a> en qu\u00e8 explica la infantesa viscuda en una Fran\u00e7a marcada per la Segona Guerra Mundial.<\/p>\n<p>La Rosario rememora els records que conserva del seu pare, el qual nom\u00e9s veia fuga\u00e7ment perqu\u00e8 tenia por de ser descobert, aix\u00ed com l\u2019arribada de les tropes alemanyes al poble on vivia i el pas de camions carregats amb jueus i espanyols que es dirigien als camps de concentraci\u00f3.<\/p>\n<p>Tamb\u00e9 es poden consultar <a href=\"https:\/\/www.memoria.cat\/perez-vengut\/fotografies\/\">fotografies<\/a> i <a href=\"https:\/\/www.memoria.cat\/perez-vengut\/documents\/\">documentaci\u00f3<\/a> sobre P\u00e9rez Vengut, com la carta que va escriure l\u2019agost del 1939 des del camp de concentraci\u00f3 adre\u00e7ada al c\u00f2nsol general de M\u00e8xic a Par\u00eds, en qu\u00e8 li demanava poder-se exiliar amb la fam\u00edlia al seu pa\u00eds, i en qu\u00e8 desglossava la seva traject\u00f2ria militar i mostrava la seva permanent i indestructible fidelitat a la Rep\u00fablica espanyola.<\/p>\n<figure id=\"attachment_73911\" aria-describedby=\"caption-attachment-73911\" style=\"width: 800px\" class=\"wp-caption aligncenter\"><img fetchpriority=\"high\" decoding=\"async\" class=\"wp-image-73911 size-large\" src=\"https:\/\/www.memoria.cat\/perez-vengut\/wp-content\/uploads\/sites\/122\/2024\/02\/007-1024x768.jpg\" alt=\"\" width=\"800\" height=\"600\" srcset=\"https:\/\/www.memoria.cat\/perez-vengut\/wp-content\/uploads\/sites\/122\/2024\/02\/007-1024x768.jpg 1024w, https:\/\/www.memoria.cat\/perez-vengut\/wp-content\/uploads\/sites\/122\/2024\/02\/007-300x225.jpg 300w, https:\/\/www.memoria.cat\/perez-vengut\/wp-content\/uploads\/sites\/122\/2024\/02\/007-768x576.jpg 768w, https:\/\/www.memoria.cat\/perez-vengut\/wp-content\/uploads\/sites\/122\/2024\/02\/007-1536x1152.jpg 1536w, https:\/\/www.memoria.cat\/perez-vengut\/wp-content\/uploads\/sites\/122\/2024\/02\/007-2048x1536.jpg 2048w\" sizes=\"(max-width: 800px) 100vw, 800px\" \/><figcaption id=\"caption-attachment-73911\" class=\"wp-caption-text\">Rosario P\u00e9rez observant el retrat del seu pare. (Fotografia: Aleix Solernou).<\/figcaption><\/figure>\n","protected":false},"excerpt":{"rendered":"<p>Hi ha hist\u00f2ries que el pas del temps les va difuminant, lentament, fins que acaben desapareixent. Aix\u00f2 \u00e9s el que va estar a punt de passar amb Pedro P\u00e9rez Vengut, un comandant de l\u2019ex\u00e8rcit de la Rep\u00fablica que es va exiliar a Fran\u00e7a el 1939. En aquest web expliquem una hist\u00f2ria d\u2019una profunda dimensi\u00f3 humana [&hellip;]<\/p>\n","protected":false},"author":1,"featured_media":0,"parent":0,"menu_order":0,"comment_status":"closed","ping_status":"closed","template":"","meta":{"iawp_total_views":17,"footnotes":""},"class_list":["post-73404","page","type-page","status-publish","hentry"],"_links":{"self":[{"href":"https:\/\/www.memoria.cat\/perez-vengut\/wp-json\/wp\/v2\/pages\/73404","targetHints":{"allow":["GET"]}}],"collection":[{"href":"https:\/\/www.memoria.cat\/perez-vengut\/wp-json\/wp\/v2\/pages"}],"about":[{"href":"https:\/\/www.memoria.cat\/perez-vengut\/wp-json\/wp\/v2\/types\/page"}],"author":[{"embeddable":true,"href":"https:\/\/www.memoria.cat\/perez-vengut\/wp-json\/wp\/v2\/users\/1"}],"replies":[{"embeddable":true,"href":"https:\/\/www.memoria.cat\/perez-vengut\/wp-json\/wp\/v2\/comments?post=73404"}],"version-history":[{"count":0,"href":"https:\/\/www.memoria.cat\/perez-vengut\/wp-json\/wp\/v2\/pages\/73404\/revisions"}],"wp:attachment":[{"href":"https:\/\/www.memoria.cat\/perez-vengut\/wp-json\/wp\/v2\/media?parent=73404"}],"curies":[{"name":"wp","href":"https:\/\/api.w.org\/{rel}","templated":true}]}}