{"id":74155,"date":"2025-08-20T10:28:26","date_gmt":"2025-08-20T09:28:26","guid":{"rendered":"https:\/\/www.memoria.cat\/pau-casals-josep-bares\/?page_id=74155"},"modified":"2025-08-28T00:54:12","modified_gmt":"2025-08-27T23:54:12","slug":"audio-duna-entrevista-a-josep-bares-programa-resso-de-radio-manresa-gener-del-1977","status":"publish","type":"page","link":"https:\/\/www.memoria.cat\/pau-casals-josep-bares\/audio-duna-entrevista-a-josep-bares-programa-resso-de-radio-manresa-gener-del-1977\/","title":{"rendered":"\u00c0udio d\u2019una entrevista a Josep Bar\u00e9s (Programa \u201cRess\u00f2\u201d, de R\u00e0dio Manresa, gener del 1977)"},"content":{"rendered":"<p>&nbsp;<\/p>\n<p>Aqu\u00ed podeu escoltar l\u2019\u00e0udio d\u2019un programa que R\u00e0dio Manresa va dedicar a la inauguraci\u00f3 del monument a Pau Casals. Es tracta del programa <strong>\u201cRess\u00f2\u201d<\/strong>, em\u00e8s l&#8217;any 1977. Inicialment estava condu\u00eft per Jordi Estrada, Xavier Dom\u00e8nech, Andreu Alsina i Joaquim Aloy, per\u00f2 aviat qued\u00e0 en mans dels dos primers.<\/p>\n<p>Aquest va ser el primer dels programes. L\u2019\u00e0udio inclou entrevistes a l\u2019artista <strong>Josep Bar\u00e9s<\/strong>, autor del monument; <strong>Antol\u00ed Bausili<\/strong>, president del Cercle Art\u00edstic de Manresa; i <strong>Ramon Llatj\u00f3s<\/strong>, president de la delegaci\u00f3 d\u2019\u00d2mnium Cultural a Manresa. Participen com a conductors de l&#8217;espai <strong>Vicen\u00e7 Comas<\/strong>, de R\u00e0dio Manresa, i Jordi Estrada i Joaquim Aloy.<\/p>\n<p>El programa fou enregistrat per <strong>Jordi Estrada<\/strong>, a qui agra\u00efm que ens hagi facilitat la cinta de casset per poder-la reproduir a Memoria.cat.<\/p>\n<p>&nbsp;<\/p>\n<p><iframe src=\"https:\/\/w.soundcloud.com\/player\/?url=https%3A\/\/api.soundcloud.com\/tracks\/2156314854&amp;color=%23ff5500&amp;auto_play=false&amp;hide_related=true&amp;show_comments=false&amp;show_user=true&amp;show_reposts=false&amp;show_teaser=false\" width=\"100%\" height=\"166\" frameborder=\"no\" scrolling=\"no\"><\/iframe><\/p>\n<p>&nbsp;<\/p>\n<h3>Transcripci\u00f3 de l\u2019\u00e0udio del programa \u201cRess\u00f2\u201d, de R\u00e0dio Manresa, dedicat al monument a Pau Casals. Amb entrevistes a Josep Bar\u00e9s, Antol\u00ed Bausili i Ramon Llatj\u00f3s (gener del 1977)<\/h3>\n<p>&nbsp;<\/p>\n<p>\u2014 <b>Vicen\u00e7 Comas (R\u00e0dio Manresa):<\/b> Dintre de \u201cDietari, un programa nou en la sintonia de R\u00e0dio Manresa: \u201cRess\u00f2\u201d.<\/p>\n<p>Els propers minuts estaran dedicats a un catal\u00e0 universal.<\/p>\n<p>Encara que ja faci alguns dies de la celebraci\u00f3 del centenari del naixement de Pau Casals, i de la inauguraci\u00f3 del monument dedicat a ell, instal\u00b7lat a la muntanya de Puigterr\u00e0, no ens podem estar avui de dedicar el nostre primer programa a tractar precisament aquest tema. Serveixi aix\u00f2 com el nostre modest homenatge a Pau Casals.<\/p>\n<p>Potser cal dir primer que Pau Casals no sols ha estat el catal\u00e0 m\u00e9s gran i universal de tots els temps sin\u00f3 tamb\u00e9 una de les m\u00e9s extraordin\u00e0ries personalitats del nostre segle i una de les m\u00e9s grans consci\u00e8ncies de la humanitat. I no tan sols ha estat un bon compositor, un director excel\u00b7lent i el millor violoncel\u00b7lista del m\u00f3n, sin\u00f3, i per sobre de tot, un home, un home exemplar i una persona edificant. Efectivament, un home que es neg\u00e0 a actuar a l\u2019Alemanya de Hitler i a la It\u00e0lia de Mussolini i a tots els pa\u00efsos on la llibertat i el dret no eren respectats, un home que no volgu\u00e9 tornar a Espanya fins que no canvi\u00e9s la situaci\u00f3 pol\u00edtica i que, per tant, hagu\u00e9 de morir a l&#8217;exili.<\/p>\n<p>Pau Casals havia dit que no tornaria a casa seva fins que Catalunya no hagu\u00e9s recuperat les institucions que li havien estat arrabassades pel nou r\u00e8gim, guanyador de la Guerra Civil: la Generalitat, el Parlament de Catalunya, etc., fins que Catalunya no tingu\u00e9s altre cop l&#8217;autonomia que havia aconseguit el temps de la Rep\u00fablica. Per\u00f2 cal tenir en compte que el fet que no pogu\u00e9s tornar a la seva p\u00e0tria representava per Pau Casals un immens dolor, una tremenda enyoran\u00e7a. Per qu\u00e8? Era el que desitjava per sobre de tot. Un any abans de morir, i preguntat sobre si sentia moltes vegades la temptaci\u00f3 de tornar al nostre pa\u00eds havia dit: \u201cAquesta \u00e9s una temptaci\u00f3 permanent que la tinc a cada hora, a cada minut, a cada segon des de fa trenta-tres anys\u201d. I aquesta enyoran\u00e7a \u00e9s la que ben aviat seria coneguda gr\u00e0cies a Pau Casals per tot el m\u00f3n: \u201cEl Cant dels Ocells\u201d, can\u00e7\u00f3 que ell interpretava com a mostra de la nost\u00e0lgia que sentia de Catalunya.<\/p>\n<p>&nbsp;<\/p>\n<p><i>(El programa a continuaci\u00f3 va emetre \u201cEl Cant dels ocells\u201d interpretat per Pau Casals, per\u00f2 no el reprodu\u00efm per la seva deficient audici\u00f3).<br \/>\n<\/i><\/p>\n<p>&nbsp;<\/p>\n<p>\u2014 <b>Jordi Estrada<\/b>: Fa pocs dies s\u2019ha celebrat a tot el m\u00f3n el centenari del naixement de Pau Casals. Aqu\u00ed, a Manresa, amb motiu d\u2019aix\u00f2, s\u2019ha erigit al parc de Puigterr\u00e0 un petit monument on hi ha gravat el rostre del mestre. L\u2019escultor, en Josep Bar\u00e9s, l\u2019Antol\u00ed Bausili del Cercle Art\u00edstic de Manresa, i Ramon Llatj\u00f3s, d\u2019\u00d2mnium Cultural, estan amb nosaltres per contar-nos el perqu\u00e8 i com s\u2019ha esdevingut la col\u00b7locaci\u00f3 d&#8217;un monument a Pau Casals. Potser que primer parlem de l&#8217;obra de l\u2019escultor. Josep Bar\u00e9s, per tots aquells que encara no l&#8217;han vist, ens pots dir com \u00e9s el monument que es troba a la muntanya de Puigterr\u00e0?<\/p>\n<p>\u2014 <b>Josep Bar\u00e9s<\/b>: B\u00e9, aquest monument en principi \u00e9s un bloc de bronze, em sembla un metall noble per representar la cara del mestre. I aquest bloc est\u00e0 suportat per un altre de ciment armat, que m&#8217;ha semblat tamb\u00e9 que era un bon pilar i ben s\u00f2lid per suportar el s\u00edmbol que ens pot representar aquell altre bloc de bronze. Partint d\u2019aqu\u00ed hi ha unes simples lletres, una petita llegenda oferint Manresa a Pau Casals l&#8217;homenatge. I \u00e9s aix\u00ed de simple, no hi ha res m\u00e9s.<\/p>\n<p>\u2014 <b>Jordi Estrada<\/b>: Es pot dir doncs que aquest \u00e9s el monument que Pau Casals necessitava aqu\u00ed a Manresa?<\/p>\n<p>\u2014 <b>Josep Bar\u00e9s<\/b>: B\u00e9, \u00e9s possible que&#8230; En fi, dintre dels mitjans que nosaltres hem tingut, s\u00ed, no es podia fer altra cosa, almenys a mi m\u2019ha semblat que era correcte. Ara potser fora interessant que l\u2019hagu\u00e9s fet per exemple en Subirachs, o un altre per\u00f2 en aix\u00f2 ja&#8230; no m\u2019hi puc ficar jo.<\/p>\n<p>\u2014 <b>Joaquim Aloy<\/b>: La idea de la instal\u00b7laci\u00f3 d&#8217;aquest monument, per\u00f2, no \u00e9s d&#8217;ara, ni tan sols \u00e9s de l&#8217;any passat, quasi b\u00e9 podr\u00edem dir que es tracta d&#8217;un \u201caffaire\u201d. Senyor Llatj\u00f3s, quan i per qu\u00e8 va sorgir la idea del monument a Pau Casals?<\/p>\n<p>\u2014 <b>Ramon Llatj\u00f3s<\/b>: El que jo conec \u00e9s que el senyor Bar\u00e9s, fa un parell d&#8217;anys, va parlar amb v\u00e0ries entitats manresanes i d&#8217;\u00d2mnium Cultural amb el secretari, que \u00e9s el senyor Sitjes -i ho \u00e9s encara-, dient que hi havia el projecte, o tenia ell el projecte de fer aquest monument, i a m\u00e9s a m\u00e9s, que la Caixa d&#8217;Estalvis ja s\u2019havia fet c\u00e0rrec de pagar els costos que pogu\u00e9s valer, per\u00f2 que li interessava a ell, que no fos una cosa particular d&#8217;ell, que fossin m\u00e9s aviat les entitats les que ho demanessin. Llavors es va fer una inst\u00e0ncia a l\u2019Ajuntament, firmada per dinou entitats manresanes, de la qual no vam rebre resposta. Als tres mesos, que crec que s&#8217;ha de fer des d&#8217;un punt de vista administratiu, als tres mesos es va fer una nova petici\u00f3 i d&#8217;aquesta nova petici\u00f3 tampoc vam rebre resposta ning\u00fa.<\/p>\n<p>\u2014 <b>Joaquim Aloy<\/b>: B\u00e9, aqu\u00ed tenim uns fragments de la carta que s\u2019envi\u00e0 al Sr. Soldevila, deia aix\u00ed: \u201c<i>Els subscrits hem estimat un\u00e0nimement un deure retre p\u00fablic homenatge a la mem\u00f2ria d\u2019un gran artista, un dels catalans de fama m\u00e9s universal i sens dubte el m\u00e9s mundialment homenatjat, el gran m\u00fasic Pau Casals. La nostra ciutat fins ara no s\u2019ha sumat a aquest clamor universal, per aix\u00f2 estimem que haur\u00edem d\u2019unir-nos als infinits actes que per p\u00fablics i notoris estan a la ment de vost\u00e8 i dels altres components d\u2019aquesta corporaci\u00f3. Per\u00f2 no ser\u00e0 pas de m\u00e9s el recordar que Pau Casals reb\u00e9 nombroses condecoracions, entre elles la Medalla de la Pau de les Nacions Unides i la d\u2019Albert Einstein, que fou nomenat Ciutad\u00e0 d&#8217;Honor de les Am\u00e8riques, doctor Honoris Causa per diverses universitats, etc. Tot aix\u00f2 en reconeixement dels seus m\u00e8rits com a artista i dels seus desvetllaments en favor de la pau. L\u2019homenatge que les associacions culturals manresanes i afins volem retre a Pau Casals desitgem que sigui de tipus permanen<\/i>t.\u201d<\/p>\n<p>\u2014 <b>Jordi Estrada<\/b>: Per a la instal\u00b7laci\u00f3 d&#8217;aquest monument se suggerien diversos llocs: la pla\u00e7a d&#8217;Espanya, la pla\u00e7a de Sant Dom\u00e8nec o la Bonavista, no a dalt a Puigterr\u00e0. A m\u00e9s, el cos de l&#8217;obra corria a c\u00e0rrec de les entitats. Era per aix\u00f2 que el perm\u00eds ja es donava gaireb\u00e9 per donat. Sr. Llatj\u00f3s, per qu\u00e8 li sembla que l\u2019Ajuntament va dir que no?<\/p>\n<p>\u2014 <b>Ramon Llatj\u00f3s<\/b>: Jo crec que si Pau Casals hagu\u00e9s sigut nom\u00e9s un gran m\u00fasic, potser ens hauria dit que s\u00ed, aix\u00f2 \u00e9s l&#8217;opini\u00f3 meva, per\u00f2 aquest home, des de feia uns anys, era un s\u00edmbol de la pau, la llibertat i la defensa dels pobles oprimits, i potser, per aquesta segona part, es van estimar m\u00e9s no contestar-nos.<\/p>\n<p>\u2014 <b>Jordi Estrada<\/b>: I aquesta no contestaci\u00f3 a la carta, que significava una prohibici\u00f3, motiv\u00e0 tot un seguit de protestes a la ciutat que es reflectiren tamb\u00e9 a la premsa. En efecte, \u201cMundo Diario\u201d, amb un gran titular que deia \u201cManresa, silenci sobre Pau Casals\u201d, es preguntava: \u201cPer qu\u00e8 l&#8217;Ajuntament no respon la carta?\u201d I deia aix\u00ed: \u201c<i>Estem al mes de setembre i l&#8217;Ajuntament de Manresa encara no ha contestat aquesta carta que est\u00e0 firmada el deu de mar\u00e7. Realment, si tenim en compte que l\u2019erecci\u00f3 d\u2019aquest monument no comportaria cap classe de problemes a l\u2019Ajuntament, perqu\u00e8, com es diu a la carta, ja hi ha una persona determinada disposada a construir-lo, i a m\u00e9s, seria pagat \u00edntegrament per les entitats, sembla ser que l&#8217;\u00fanic motiu que impedeix la instal\u00b7laci\u00f3 del monument \u00e9s perqu\u00e8 est\u00e0 dedicat a una persona que per l&#8217;Ajuntament \u00e9s <\/i>non grata<i>. Seria bo, per\u00f2, que prescindint de les diverses conviccions i idees que l&#8217;Ajuntament tingui o pugui tenir envers la cultura catalana s&#8217;escolt\u00e9s alguna vegada l&#8217;opini\u00f3 dels ciutadans i aix\u00ed incl\u00fas podria millorar la imatge que tots tenim d&#8217;ell sobre aix\u00f2. I l\u2019opini\u00f3 dels manresans \u00e9s que cal, urgentment, la instal\u00b7laci\u00f3 del monument a Pau Casals<\/i>.\u201d<\/p>\n<p>&nbsp;<\/p>\n<p>Tamb\u00e9 la revista \u201cCanig\u00f3\u201d, que dedic\u00e0 un dossier sobre la nostra comarca el mes d\u2019agost del 75, deia: \u201c<i>La carta de les entitats, com \u00e9s normal i l\u00f2gic en l&#8217;actitud del senyor Soldevila, no ha estat pas contestada ni basant-nos en els seus costums, un bon munt de cartes i m\u00e9s cartes esperant resposta, no ho ser\u00e0 mai. Aix\u00ed, altra vegada es confrontar\u00e0 l&#8217;alcalde amb el sentit popular d&#8217;homenatge manres\u00e0 al catal\u00e0 m\u00e9s universal, a un dels m\u00e9s grans genis de la humanitat i a una de les m\u00e9s extraordin\u00e0ries personalitats del nostre segle<\/i>\u201d.<\/p>\n<p>&nbsp;<\/p>\n<p>\u2014 <b>Joaquim Aloy<\/b>: Quan el senyor Ramon Soldevila deix\u00e0 l&#8217;alcaldia i entr\u00e0 el senyor Roqueta, es cregu\u00e9 que no hi hauria cap problema, llavors, per la instal\u00b7laci\u00f3 del monument i que aix\u00f2 seria cosa immediata. Per\u00f2 no fou aix\u00ed. Ha hagut de passar m\u00e9s d&#8217;un any de la seva entrada a la Casa de la Ciutat, s&#8217;ha hagut d&#8217;esperar el centenari del mestre quan pertot arreu s&#8217;han fet actes d&#8217;homenatge. I ara ens podr\u00edem preguntar, si no s\u2019hagu\u00e9s celebrat el centenari tindr\u00edem ara a Manresa un monument a Pau Casals?<\/p>\n<p>\u2014 <b>Jordi Estrada<\/b>: Senyor Bausili, ens podria explicar les \u00faltimes gestions que es van fer perqu\u00e8 es pogu\u00e9s instal\u00b7lar el monument?<\/p>\n<p>\u2014 <b>Antol\u00ed Bausili<\/b>: En visita personal que vam fer, el president del Cercle Art\u00edstic cessant, senyor Descals, i la meva entrada com a president, vam anar a presentar els nostres respectes al senyor alcalde i el mateix senyor Roqueta, em va instar que els desitjos de les entitats, que s\u00f3n els dels ciutadans manresans de que s&#8217;erig\u00eds el monument a Pau Casals, fossin realitzats. O sigui que ens va donar llum verda perqu\u00e8 efectu\u00e9ssim el Cercle Art\u00edstic, en nom de totes les entitats, les decisions oportunes perqu\u00e8 aquest monument, aprofitant el centenari del naixement de Pau Casals, es pogu\u00e9s instal\u00b7lar al lloc m\u00e9s adient de la ciutat de Manresa.<\/p>\n<p>\u2014 <b>Jordi Estrada<\/b>: Es pot parlar en aquesta segona etapa d&#8217;un Cercle Art\u00edstic promotor o patrocinador del monument?<\/p>\n<p>\u2014 <b>Antol\u00ed Bausili<\/b>: B\u00e9, jo diria que una entitat o altra ho havia de fer, per\u00f2 com que el Cercle Art\u00edstic, precisament, pel fet que l&#8217;escultor Bar\u00e9s ja \u00e9s soci del Cercle i havia fet unes gestions en \u00e8poques anteriors, aquest moment no vam fer res m\u00e9s que continuar-les. Vam anar a la Caixa [de Manresa], ens va donar tota classe de facilitats, les entitats tamb\u00e9 han donat suport, com ja desitjaven que es fes, aquest monument, llavors es va continuar normalment fins que es va realitzar, doncs, la inauguraci\u00f3.<\/p>\n<p>\u2014 <b>Joaquim Aloy<\/b>: Segons sembla, per\u00f2, el protagonisme de les altres entitats que havien firmat tamb\u00e9 la carta ha quedat en un segon pla. Senyor Llatj\u00f3s, com \u00e9s aix\u00f2? Qu\u00e8 ha passat exactament? Quina ha estat veritablement la tasca de les entitats?<\/p>\n<p>\u2014 <b>Ramon Llatj\u00f3s:<\/b> Quan va pujar [a l\u2019alcaldia] el senyor Roqueta, les entitats vam anar de nou a veure\u2019l per oferir els nostres serveis per tot el que fos positiu cultural per Manresa. Es va fer llavors el Cercle de Cultura Manresana i es va aprofitar aquesta nova visita amb ell per dir-li novament que hi havia aquest projecte de fer el monument a Pau Casals. El senyor Roqueta ho va acceptar molt b\u00e9 i ens va dir que es fes una nova inst\u00e0ncia que vam cursar novament totes les entitats. Per tant, jo crec que van ser totes les entitats les que van prendre part, podem dir, amb aquesta promoci\u00f3 d&#8217;aquest monument, encara que potser s\u00ed que el treball a \u00faltima hora el van revisar els del Cercle Art\u00edstic.<\/p>\n<p>\u2014 <b>Jordi Estrada<\/b>: Finalment, una pregunta que fem a tots tres. Creuen que Manresa ja ha complert amb l\u2019homenatge a Pau Casals?<\/p>\n<p>\u2014 Antol\u00ed Bausili: B\u00e9, jo crec que Manresa no pot complir mai sobradament amb aquest geni immortal que \u00e9s Pau Casals. Vol dir que com m\u00e9s homenatges se li facin m\u00e9s just\u00edcia se li far\u00e0.<\/p>\n<p>\u2014 <b>Josep Bar\u00e9s<\/b>: B\u00e9, si he de donar la meva opini\u00f3 jo diria que en principi hem donat un pas. Si s&#8217;ha de fer alguna cosa m\u00e9s no soc qui per dir-ho, per\u00f2 s\u00ed que hi trobo a faltar un petit detall. I \u00e9s que a nivell popular s&#8217;hagu\u00e9s aconseguit que Pau Casals fos m\u00e9s conegut, per\u00f2 a nivell popular, perqu\u00e8 la minoria que el coneixem el coneix\u00edem abans tamb\u00e9.<\/p>\n<p>\u2014 <b>Ramon Llatj\u00f3s<\/b>: Jo crec que aix\u00f2 \u00e9s l&#8217;inici, nom\u00e9s, del que Manresa ha de fer per Pau Casals i potser una continuaci\u00f3 de l&#8217;acte aquest de la inauguraci\u00f3 del monument seria posar-hi el nom, el seu nom en un carrer o pla\u00e7a de Manresa.<\/p>\n<p>\u2014 <b>Joaquim Aloy<\/b>: B\u00e9, nosaltres nom\u00e9s podem afegir pel nostre cant\u00f3 que Pau Casals tindr\u00e0 un carrer, per\u00f2 aquest carrer no est\u00e0 al centre, sin\u00f3 que est\u00e0 molt allunyat del centre. Realment podrem continuar dient que Pau Casals a Manresa continuar\u00e0 estant exiliat. I \u00e9s que aquell que hagi volgut desvalorar o empetitir la figura i l&#8217;obra de Pau Casals potser no s&#8217;haur\u00e0 adonat que actualment necessitem de persones que creguin en la vida i lluitin per la llibertat, amb la for\u00e7a i plenitud amb qu\u00e8 ho feu Pau Casals, un home que es va saber mantenir fidel per sempre m\u00e9s a la seva consci\u00e8ncia i al seu poble.<\/p>\n<p>\u2014 <b>Vicen\u00e7 Comas<\/b>: Dintre de \u201cDietari\u201d avui divendres hem presentat \u201cRess\u00f2\u201d. Tots els divendres aquest programa d\u2019informaci\u00f3 comarcal que realitzen Joaquim Aloy, Andreu Alsina, Xavier Dom\u00e8nech i Jordi Estrada.<\/p>\n","protected":false},"excerpt":{"rendered":"<p>&nbsp; Aqu\u00ed podeu escoltar l\u2019\u00e0udio d\u2019un programa que R\u00e0dio Manresa va dedicar a la inauguraci\u00f3 del monument a Pau Casals. Es tracta del programa \u201cRess\u00f2\u201d, em\u00e8s l&#8217;any 1977. Inicialment estava condu\u00eft per Jordi Estrada, Xavier Dom\u00e8nech, Andreu Alsina i Joaquim Aloy, per\u00f2 aviat qued\u00e0 en mans dels dos primers. Aquest va ser el primer dels [&hellip;]<\/p>\n","protected":false},"author":28,"featured_media":0,"parent":0,"menu_order":0,"comment_status":"closed","ping_status":"closed","template":"","meta":{"footnotes":""},"class_list":["post-74155","page","type-page","status-publish","hentry"],"_links":{"self":[{"href":"https:\/\/www.memoria.cat\/pau-casals-josep-bares\/wp-json\/wp\/v2\/pages\/74155","targetHints":{"allow":["GET"]}}],"collection":[{"href":"https:\/\/www.memoria.cat\/pau-casals-josep-bares\/wp-json\/wp\/v2\/pages"}],"about":[{"href":"https:\/\/www.memoria.cat\/pau-casals-josep-bares\/wp-json\/wp\/v2\/types\/page"}],"author":[{"embeddable":true,"href":"https:\/\/www.memoria.cat\/pau-casals-josep-bares\/wp-json\/wp\/v2\/users\/28"}],"replies":[{"embeddable":true,"href":"https:\/\/www.memoria.cat\/pau-casals-josep-bares\/wp-json\/wp\/v2\/comments?post=74155"}],"version-history":[{"count":0,"href":"https:\/\/www.memoria.cat\/pau-casals-josep-bares\/wp-json\/wp\/v2\/pages\/74155\/revisions"}],"wp:attachment":[{"href":"https:\/\/www.memoria.cat\/pau-casals-josep-bares\/wp-json\/wp\/v2\/media?parent=74155"}],"curies":[{"name":"wp","href":"https:\/\/api.w.org\/{rel}","templated":true}]}}