{"id":74151,"date":"2025-08-20T10:27:45","date_gmt":"2025-08-20T09:27:45","guid":{"rendered":"https:\/\/www.memoria.cat\/pau-casals-josep-bares\/?page_id=74151"},"modified":"2025-08-22T12:46:06","modified_gmt":"2025-08-22T11:46:06","slug":"la-instancia-de-les-entitats-manresanes","status":"publish","type":"page","link":"https:\/\/www.memoria.cat\/pau-casals-josep-bares\/la-instancia-de-les-entitats-manresanes\/","title":{"rendered":"La inst\u00e0ncia de les entitats manresanes (1975)"},"content":{"rendered":"<p>&nbsp;<\/p>\n<p>Dinou entitats manresanes demanaven el 5 de mar\u00e7 de 1975 en inst\u00e0ncia adre\u00e7ada a l\u2019alcalde, aleshores Ramon Soldevila Tomasa (Sant Mateu de Bages 1920-1980), l\u2019erecci\u00f3 d\u2019un monument a Pau Casals mort dos anys abans a San Juan de Puerto Rico. El reconeixement p\u00fablic a Casals s\u2019anava estenent a Catalunya mentre que a Manresa passava de llarg. La inst\u00e0ncia no va mer\u00e8ixer la resposta de l\u2019alcalde Ramon Soldevila.<\/p>\n<p>L\u2019expedient que es conserva a l\u2019Arxiu Municipal de Manresa t\u00e9 el n\u00famero entrada 1507 del Registre General de la Sercretaria de l\u2019Ajuntament. El document, escrit en castell\u00e0, consta de sis p\u00e0gines i t\u00e9 les signatures aut\u00f2grafes de disset dels dinou peticionaris; l\u2019acompanya les fotoc\u00f2pies d\u2019un recull de cinc p\u00e0gines extretes del llibre \u201cHomenatge a Pau Casals en el 95\u00e8 Aniversari\u201d, editat per Llu\u00eds Carulla l\u2019any 1971, en les quals s\u2019exposen mostres de reconeixement per part de compositors i d\u2019int\u00e8rprets d\u2019arreu del m\u00f3n i alguns dels premis que li han donat institucions i organismes internacionals.<\/p>\n<p>En l\u2019expedient municipal, tamb\u00e9 hi ha el dibuix \u201cMonumento a Pau Casals\u201d que Josep Bar\u00e9s va datar el 25 de gener de 1975. Aquest dibuix correspon a la proposta de situar el monument a la Pla\u00e7a d\u2019Espanya on hi ha el bar La Pla\u00e7a. En el detall, Bar\u00e9s exposava que la cara de Casals seria fosa en bronze i aniria adossada a un bloc de pedra cali\u00e7a \u201cBuixardada\u201d; tamb\u00e9 hi havia d\u2019anar una placa de marbre blanc amb la inscripci\u00f3: \u201cManresa a Pau Casals\u201d. L\u2019expedient d\u2019aquesta carta, amb el conjunt de la documentaci\u00f3 que es va presentar a l\u2019Ajuntament, ha restat in\u00e8dit fins ara.<\/p>\n<p>El mot Catalunya no apareix mai, en la inst\u00e0ncia, i nom\u00e9s una vegada els redactors van escriure el mot catal\u00e0: \u201c&#8230; uno de los catalanes de fama m\u00e1s universal &#8230; todo ello en reconocimiento de sus m\u00e9ritos como artista y de sus desvelos en favor de la paz\u201d. Franco encara era viu.<\/p>\n<p>\u00c9s un redactat fet per uns manresans que no volien inquietar a ning\u00fa i que el que cercaven amb aquesta iniciativa era \u201c&#8230;el embellecimiento de nuestra Ciudad\u201d. Un embelliment que, a m\u00e9s a m\u00e9s, ja diuen que anir\u00e0 a c\u00e0rrec de les entitats signants i que a l\u2019Ajuntament no li costar\u00e0 res. Finalment i essent alcalde Ramon Roqueta, va ser la Caixa de Manresa qui n\u2019assum\u00ed el cost i l\u2019Ajuntament les despeses d\u2019instal\u00b7laci\u00f3.<\/p>\n<p>Els proposants suggereixen tres indrets possibles per al monument. La pla\u00e7a d\u2019Espa\u00f1a, els parterres de la pla\u00e7a de Sant Dom\u00e8nec que eren devorats i embrutits pels estols de coloms o el final del Passeig de Pere III, a la Bonavista on hi ha l\u2019escultura de la Ben Plantada des del 21 de febrer de 1977, obra de Josep Clar\u00e0.<\/p>\n<p>Els signants i les entitats que representaven van ser: <strong>Jordi Marsal i Muntal\u00e0<\/strong>, president de Cine Club Manresa. <strong>Jaume Vives i Sorolla<\/strong>, president de Joventuts Musicals de Manresa. <strong>Josep Balaguer i Golobart<\/strong>, president de Lingua Club. <strong>Ramon Llatj\u00f3s i Planas<\/strong>, president de la delegaci\u00f3 d\u2019\u00d2mnium Cultural a Manresa. <strong>Xavier Franc\u00e0s i Caellas<\/strong>, president de l\u2019Orfe\u00f3 Manres\u00e0. <strong>Jaume Pena Cadevall<\/strong>, president de la Societat Coral Sant Josep. <strong>Joaquim Vizcaino Grima<\/strong>, president de l\u2019Associaci\u00f3 de Ve\u00efns del Xup. <strong>Jes\u00fas Puig i Sorinas<\/strong>, president de l\u2019Associaci\u00f3 de Ve\u00efns de la Barriada Mion. <strong>Isidre Morros i Morist<\/strong>, president de Jove Cambra de Manresa. A<strong>ndreu Descals i Codina<\/strong>, president del Cercle Art\u00edstic de Manresa. <strong>Vicen\u00e7 Orriols Espu\u00f1as<\/strong>, president de l\u2019Agrupaci\u00f3 Manresana de Folklore. <strong>Maria Prat i Llus\u00e0<\/strong>, presidenta de l\u2019Associaci\u00f3 d\u2019assistents socials. <strong>Joaquim Pesarrodona i Almuzara<\/strong>, president de l\u2019Associaci\u00f3 de pares d\u2019alumnes de l\u2019Institut Llu\u00eds de Peguera de Manresa. <strong>Antoni Bah\u00ed i Alburquerque<\/strong>, president del Centre Excursionista de la Comarca de Bages. <strong>Josep Brunet i Salom\u00f3<\/strong>, president del Centre Excursionista Montserrat. <strong>Josep Brunet i Janeras<\/strong>, president de l\u2019Associaci\u00f3 d\u2019antics alumnes de La Salle. <strong>Josep Griera i Cors<\/strong>, president de l\u2019Associaci\u00f3 per a la promoci\u00f3 educativa. <strong>Amadeu Caberol i Gelada<\/strong>, president del Casal Cultural de Dansaires Manresans. <strong>Joan Segarra i Hern\u00e1ndez<\/strong>, president de la delegaci\u00f3 local del Col\u00b7legi de doctors i llicenciats de Catalunya.<\/p>\n<p>&nbsp;<\/p>\n<div id=\"jig1\" class=\"justified-image-grid jig-fea4c1ff934856b2b1187da71075f3b9 jig-preset-c3 jig-source-wp-gallery jig-rml-id-3\"><div class=\"jig-clearfix\"><\/div><noscript id=\"jig1-html\" class=\"justified-image-grid-html\" data-lazy-src=\"skiplazyload\" data-src=\"skipunveillazyload\"><ul><li><a href=\"https:\/\/www.memoria.cat\/pau-casals-josep-bares\/wp-content\/uploads\/sites\/206\/2025\/08\/40-scaled.jpg\" title=\"Inst\u00e0ncia pro escultura a Pau Casals, adre\u00e7ada a l\u2019alcalde Ramon Soldevila, entrada al registre de l\u2019Ajuntament el 25 de mar\u00e7 de 1975 amb els segells i p\u00f2lisses corresponents i amb les signatures aut\u00f2grafes de disset dels dinou representants de les associacions manresanes promotores. (Arxiu Municipal de Manresa).\"><img decoding=\"async\" src=\"https:\/\/www.memoria.cat\/pau-casals-josep-bares\/wp-content\/plugins\/justified-image-grid\/timthumb.php?src=https%3A%2F%2Fwww.memoria.cat%2Fpau-casals-josep-bares%2Fwp-content%2Fuploads%2Fsites%2F206%2F2025%2F08%2F40-scaled.jpg&amp;h=230&amp;q=90&amp;f=.jpg\" alt=\"Inst\u00e0ncia pro escultura a Pau Casals, adre\u00e7ada a l\u2019alcalde Ramon Soldevila, entrada al registre de l\u2019Ajuntament el 25 de mar\u00e7 de 1975 amb els segells i p\u00f2lisses corresponents i amb les signatures aut\u00f2grafes de disset dels dinou representants de les associacions manresanes promotores. (Arxiu Municipal de Manresa).\" width=\"163\" height=\"230\" \/><\/a><p class=\"jig-HTMLdescription\">Inst\u00e0ncia pro escultura a Pau Casals, adre\u00e7ada a l\u2019alcalde Ramon Soldevila, entrada al registre de l\u2019Ajuntament el 25 de mar\u00e7 de 1975 amb els segells i p\u00f2lisses corresponents i amb les signatures aut\u00f2grafes de disset dels dinou representants de les associacions manresanes promotores. (Arxiu Municipal de Manresa).<\/p><\/li><li><a href=\"https:\/\/www.memoria.cat\/pau-casals-josep-bares\/wp-content\/uploads\/sites\/206\/2025\/08\/41-scaled.jpg\" title=\"Inst\u00e0ncia pro escultura a Pau Casals, adre\u00e7ada a l\u2019alcalde Ramon Soldevila, entrada al registre de l\u2019Ajuntament el 25 de mar\u00e7 de 1975 amb els segells i p\u00f2lisses corresponents i amb les signatures aut\u00f2grafes de disset dels dinou representants de les associacions manresanes promotores. (Arxiu Municipal de Manresa).\"><img decoding=\"async\" src=\"https:\/\/www.memoria.cat\/pau-casals-josep-bares\/wp-content\/plugins\/justified-image-grid\/timthumb.php?src=https%3A%2F%2Fwww.memoria.cat%2Fpau-casals-josep-bares%2Fwp-content%2Fuploads%2Fsites%2F206%2F2025%2F08%2F41-scaled.jpg&amp;h=230&amp;q=90&amp;f=.jpg\" alt=\"Inst\u00e0ncia pro escultura a Pau Casals, adre\u00e7ada a l\u2019alcalde Ramon Soldevila, entrada al registre de l\u2019Ajuntament el 25 de mar\u00e7 de 1975 amb els segells i p\u00f2lisses corresponents i amb les signatures aut\u00f2grafes de disset dels dinou representants de les associacions manresanes promotores. (Arxiu Municipal de Manresa).\" width=\"163\" height=\"230\" \/><\/a><p class=\"jig-HTMLdescription\">Inst\u00e0ncia pro escultura a Pau Casals, adre\u00e7ada a l\u2019alcalde Ramon Soldevila, entrada al registre de l\u2019Ajuntament el 25 de mar\u00e7 de 1975 amb els segells i p\u00f2lisses corresponents i amb les signatures aut\u00f2grafes de disset dels dinou representants de les associacions manresanes promotores. (Arxiu Municipal de Manresa).<\/p><\/li><li><a href=\"https:\/\/www.memoria.cat\/pau-casals-josep-bares\/wp-content\/uploads\/sites\/206\/2025\/08\/42-scaled.jpg\" title=\"Inst\u00e0ncia pro escultura a Pau Casals, adre\u00e7ada a l\u2019alcalde Ramon Soldevila, entrada al registre de l\u2019Ajuntament el 25 de mar\u00e7 de 1975 amb els segells i p\u00f2lisses corresponents i amb les signatures aut\u00f2grafes de disset dels dinou representants de les associacions manresanes promotores. (Arxiu Municipal de Manresa).\"><img decoding=\"async\" src=\"https:\/\/www.memoria.cat\/pau-casals-josep-bares\/wp-content\/plugins\/justified-image-grid\/timthumb.php?src=https%3A%2F%2Fwww.memoria.cat%2Fpau-casals-josep-bares%2Fwp-content%2Fuploads%2Fsites%2F206%2F2025%2F08%2F42-scaled.jpg&amp;h=230&amp;q=90&amp;f=.jpg\" alt=\"Inst\u00e0ncia pro escultura a Pau Casals, adre\u00e7ada a l\u2019alcalde Ramon Soldevila, entrada al registre de l\u2019Ajuntament el 25 de mar\u00e7 de 1975 amb els segells i p\u00f2lisses corresponents i amb les signatures aut\u00f2grafes de disset dels dinou representants de les associacions manresanes promotores. (Arxiu Municipal de Manresa).\" width=\"163\" height=\"230\" \/><\/a><p class=\"jig-HTMLdescription\">Inst\u00e0ncia pro escultura a Pau Casals, adre\u00e7ada a l\u2019alcalde Ramon Soldevila, entrada al registre de l\u2019Ajuntament el 25 de mar\u00e7 de 1975 amb els segells i p\u00f2lisses corresponents i amb les signatures aut\u00f2grafes de disset dels dinou representants de les associacions manresanes promotores. (Arxiu Municipal de Manresa).<\/p><\/li><li><a href=\"https:\/\/www.memoria.cat\/pau-casals-josep-bares\/wp-content\/uploads\/sites\/206\/2025\/08\/43-scaled.jpg\" title=\"Inst\u00e0ncia pro escultura a Pau Casals, adre\u00e7ada a l\u2019alcalde Ramon Soldevila, entrada al registre de l\u2019Ajuntament el 25 de mar\u00e7 de 1975 amb els segells i p\u00f2lisses corresponents i amb les signatures aut\u00f2grafes de disset dels dinou representants de les associacions manresanes promotores. (Arxiu Municipal de Manresa).\"><img loading=\"lazy\" decoding=\"async\" src=\"https:\/\/www.memoria.cat\/pau-casals-josep-bares\/wp-content\/plugins\/justified-image-grid\/timthumb.php?src=https%3A%2F%2Fwww.memoria.cat%2Fpau-casals-josep-bares%2Fwp-content%2Fuploads%2Fsites%2F206%2F2025%2F08%2F43-scaled.jpg&amp;h=230&amp;q=90&amp;f=.jpg\" alt=\"Inst\u00e0ncia pro escultura a Pau Casals, adre\u00e7ada a l\u2019alcalde Ramon Soldevila, entrada al registre de l\u2019Ajuntament el 25 de mar\u00e7 de 1975 amb els segells i p\u00f2lisses corresponents i amb les signatures aut\u00f2grafes de disset dels dinou representants de les associacions manresanes promotores. (Arxiu Municipal de Manresa).\" width=\"163\" height=\"230\" \/><\/a><p class=\"jig-HTMLdescription\">Inst\u00e0ncia pro escultura a Pau Casals, adre\u00e7ada a l\u2019alcalde Ramon Soldevila, entrada al registre de l\u2019Ajuntament el 25 de mar\u00e7 de 1975 amb els segells i p\u00f2lisses corresponents i amb les signatures aut\u00f2grafes de disset dels dinou representants de les associacions manresanes promotores. (Arxiu Municipal de Manresa).<\/p><\/li><li><a href=\"https:\/\/www.memoria.cat\/pau-casals-josep-bares\/wp-content\/uploads\/sites\/206\/2025\/08\/44-scaled.jpg\" title=\"Inst\u00e0ncia pro escultura a Pau Casals, adre\u00e7ada a l\u2019alcalde Ramon Soldevila, entrada al registre de l\u2019Ajuntament el 25 de mar\u00e7 de 1975 amb els segells i p\u00f2lisses corresponents i amb les signatures aut\u00f2grafes de disset dels dinou representants de les associacions manresanes promotores. (Arxiu Municipal de Manresa).\"><img loading=\"lazy\" decoding=\"async\" src=\"https:\/\/www.memoria.cat\/pau-casals-josep-bares\/wp-content\/plugins\/justified-image-grid\/timthumb.php?src=https%3A%2F%2Fwww.memoria.cat%2Fpau-casals-josep-bares%2Fwp-content%2Fuploads%2Fsites%2F206%2F2025%2F08%2F44-scaled.jpg&amp;h=230&amp;q=90&amp;f=.jpg\" alt=\"Inst\u00e0ncia pro escultura a Pau Casals, adre\u00e7ada a l\u2019alcalde Ramon Soldevila, entrada al registre de l\u2019Ajuntament el 25 de mar\u00e7 de 1975 amb els segells i p\u00f2lisses corresponents i amb les signatures aut\u00f2grafes de disset dels dinou representants de les associacions manresanes promotores. (Arxiu Municipal de Manresa).\" width=\"163\" height=\"230\" \/><\/a><p class=\"jig-HTMLdescription\">Inst\u00e0ncia pro escultura a Pau Casals, adre\u00e7ada a l\u2019alcalde Ramon Soldevila, entrada al registre de l\u2019Ajuntament el 25 de mar\u00e7 de 1975 amb els segells i p\u00f2lisses corresponents i amb les signatures aut\u00f2grafes de disset dels dinou representants de les associacions manresanes promotores. (Arxiu Municipal de Manresa).<\/p><\/li><li><a href=\"https:\/\/www.memoria.cat\/pau-casals-josep-bares\/wp-content\/uploads\/sites\/206\/2025\/08\/45-scaled.jpg\" title=\"Inst\u00e0ncia pro escultura a Pau Casals, adre\u00e7ada a l\u2019alcalde Ramon Soldevila, entrada al registre de l\u2019Ajuntament el 25 de mar\u00e7 de 1975 amb els segells i p\u00f2lisses corresponents i amb les signatures aut\u00f2grafes de disset dels dinou representants de les associacions manresanes promotores. (Arxiu Municipal de Manresa).\"><img loading=\"lazy\" decoding=\"async\" src=\"https:\/\/www.memoria.cat\/pau-casals-josep-bares\/wp-content\/plugins\/justified-image-grid\/timthumb.php?src=https%3A%2F%2Fwww.memoria.cat%2Fpau-casals-josep-bares%2Fwp-content%2Fuploads%2Fsites%2F206%2F2025%2F08%2F45-scaled.jpg&amp;h=230&amp;q=90&amp;f=.jpg\" alt=\"Inst\u00e0ncia pro escultura a Pau Casals, adre\u00e7ada a l\u2019alcalde Ramon Soldevila, entrada al registre de l\u2019Ajuntament el 25 de mar\u00e7 de 1975 amb els segells i p\u00f2lisses corresponents i amb les signatures aut\u00f2grafes de disset dels dinou representants de les associacions manresanes promotores. (Arxiu Municipal de Manresa).\" width=\"163\" height=\"230\" \/><\/a><p class=\"jig-HTMLdescription\">Inst\u00e0ncia pro escultura a Pau Casals, adre\u00e7ada a l\u2019alcalde Ramon Soldevila, entrada al registre de l\u2019Ajuntament el 25 de mar\u00e7 de 1975 amb els segells i p\u00f2lisses corresponents i amb les signatures aut\u00f2grafes de disset dels dinou representants de les associacions manresanes promotores. (Arxiu Municipal de Manresa).<\/p><\/li><li><a href=\"https:\/\/www.memoria.cat\/pau-casals-josep-bares\/wp-content\/uploads\/sites\/206\/2025\/08\/46-scaled.jpg\" title=\"Reproducci\u00f3 del dibuix en qu\u00e8 Josep Bar\u00e9s proposava la pla\u00e7a d\u2019Espanya com a indret per a instal\u00b7lar l\u2019escultura. Anava junt a la inst\u00e0ncia presentada a l\u2019Ajuntament. (Arxiu Municipal de Manresa).\"><img loading=\"lazy\" decoding=\"async\" src=\"https:\/\/www.memoria.cat\/pau-casals-josep-bares\/wp-content\/plugins\/justified-image-grid\/timthumb.php?src=https%3A%2F%2Fwww.memoria.cat%2Fpau-casals-josep-bares%2Fwp-content%2Fuploads%2Fsites%2F206%2F2025%2F08%2F46-scaled.jpg&amp;h=230&amp;q=90&amp;f=.jpg\" alt=\"Reproducci\u00f3 del dibuix en qu\u00e8 Josep Bar\u00e9s proposava la pla\u00e7a d\u2019Espanya com a indret per a instal\u00b7lar l\u2019escultura. Anava junt a la inst\u00e0ncia presentada a l\u2019Ajuntament. (Arxiu Municipal de Manresa).\" width=\"505\" height=\"230\" \/><\/a><p class=\"jig-HTMLdescription\">Reproducci\u00f3 del dibuix en qu\u00e8 Josep Bar\u00e9s proposava la pla\u00e7a d\u2019Espanya com a indret per a instal\u00b7lar l\u2019escultura. Anava junt a la inst\u00e0ncia presentada a l\u2019Ajuntament. (Arxiu Municipal de Manresa).<\/p><\/li><li><a href=\"https:\/\/www.memoria.cat\/pau-casals-josep-bares\/wp-content\/uploads\/sites\/206\/2025\/08\/47.jpg\" title=\"Les cinc fotoc\u00f2pies del llibre \u201cHomenatge a Pau Casals en el 95\u00e8 Aniversari\u201d que tamb\u00e9 acompanyen la inst\u00e0ncia. (Arxiu Municipal de Manresa).\"><img loading=\"lazy\" decoding=\"async\" src=\"https:\/\/www.memoria.cat\/pau-casals-josep-bares\/wp-content\/plugins\/justified-image-grid\/timthumb.php?src=https%3A%2F%2Fwww.memoria.cat%2Fpau-casals-josep-bares%2Fwp-content%2Fuploads%2Fsites%2F206%2F2025%2F08%2F47.jpg&amp;h=230&amp;q=90&amp;f=.jpg\" alt=\"Les cinc fotoc\u00f2pies del llibre \u201cHomenatge a Pau Casals en el 95\u00e8 Aniversari\u201d que tamb\u00e9 acompanyen la inst\u00e0ncia. (Arxiu Municipal de Manresa).\" width=\"238\" height=\"230\" \/><\/a><p class=\"jig-HTMLdescription\">Les cinc fotoc\u00f2pies del llibre \u201cHomenatge a Pau Casals en el 95\u00e8 Aniversari\u201d que tamb\u00e9 acompanyen la inst\u00e0ncia. (Arxiu Municipal de Manresa).<\/p><\/li><li><a href=\"https:\/\/www.memoria.cat\/pau-casals-josep-bares\/wp-content\/uploads\/sites\/206\/2025\/08\/48.jpg\" title=\"Les cinc fotoc\u00f2pies del llibre \u201cHomenatge a Pau Casals en el 95\u00e8 Aniversari\u201d que tamb\u00e9 acompanyen la inst\u00e0ncia. (Arxiu Municipal de Manresa).\"><img loading=\"lazy\" decoding=\"async\" src=\"https:\/\/www.memoria.cat\/pau-casals-josep-bares\/wp-content\/plugins\/justified-image-grid\/timthumb.php?src=https%3A%2F%2Fwww.memoria.cat%2Fpau-casals-josep-bares%2Fwp-content%2Fuploads%2Fsites%2F206%2F2025%2F08%2F48.jpg&amp;h=230&amp;q=90&amp;f=.jpg\" alt=\"Les cinc fotoc\u00f2pies del llibre \u201cHomenatge a Pau Casals en el 95\u00e8 Aniversari\u201d que tamb\u00e9 acompanyen la inst\u00e0ncia. (Arxiu Municipal de Manresa).\" width=\"274\" height=\"230\" \/><\/a><p class=\"jig-HTMLdescription\">Les cinc fotoc\u00f2pies del llibre \u201cHomenatge a Pau Casals en el 95\u00e8 Aniversari\u201d que tamb\u00e9 acompanyen la inst\u00e0ncia. (Arxiu Municipal de Manresa).<\/p><\/li><li><a href=\"https:\/\/www.memoria.cat\/pau-casals-josep-bares\/wp-content\/uploads\/sites\/206\/2025\/08\/49.jpg\" title=\"Les cinc fotoc\u00f2pies del llibre \u201cHomenatge a Pau Casals en el 95\u00e8 Aniversari\u201d que tamb\u00e9 acompanyen la inst\u00e0ncia. (Arxiu Municipal de Manresa).\"><img loading=\"lazy\" decoding=\"async\" src=\"https:\/\/www.memoria.cat\/pau-casals-josep-bares\/wp-content\/plugins\/justified-image-grid\/timthumb.php?src=https%3A%2F%2Fwww.memoria.cat%2Fpau-casals-josep-bares%2Fwp-content%2Fuploads%2Fsites%2F206%2F2025%2F08%2F49.jpg&amp;h=230&amp;q=90&amp;f=.jpg\" alt=\"Les cinc fotoc\u00f2pies del llibre \u201cHomenatge a Pau Casals en el 95\u00e8 Aniversari\u201d que tamb\u00e9 acompanyen la inst\u00e0ncia. (Arxiu Municipal de Manresa).\" width=\"260\" height=\"230\" \/><\/a><p class=\"jig-HTMLdescription\">Les cinc fotoc\u00f2pies del llibre \u201cHomenatge a Pau Casals en el 95\u00e8 Aniversari\u201d que tamb\u00e9 acompanyen la inst\u00e0ncia. (Arxiu Municipal de Manresa).<\/p><\/li><li><a href=\"https:\/\/www.memoria.cat\/pau-casals-josep-bares\/wp-content\/uploads\/sites\/206\/2025\/08\/50.jpg\" title=\"Les cinc fotoc\u00f2pies del llibre \u201cHomenatge a Pau Casals en el 95\u00e8 Aniversari\u201d que tamb\u00e9 acompanyen la inst\u00e0ncia. (Arxiu Municipal de Manresa).\"><img loading=\"lazy\" decoding=\"async\" src=\"https:\/\/www.memoria.cat\/pau-casals-josep-bares\/wp-content\/plugins\/justified-image-grid\/timthumb.php?src=https%3A%2F%2Fwww.memoria.cat%2Fpau-casals-josep-bares%2Fwp-content%2Fuploads%2Fsites%2F206%2F2025%2F08%2F50.jpg&amp;h=230&amp;q=90&amp;f=.jpg\" alt=\"Les cinc fotoc\u00f2pies del llibre \u201cHomenatge a Pau Casals en el 95\u00e8 Aniversari\u201d que tamb\u00e9 acompanyen la inst\u00e0ncia. (Arxiu Municipal de Manresa).\" width=\"285\" height=\"230\" \/><\/a><p class=\"jig-HTMLdescription\">Les cinc fotoc\u00f2pies del llibre \u201cHomenatge a Pau Casals en el 95\u00e8 Aniversari\u201d que tamb\u00e9 acompanyen la inst\u00e0ncia. (Arxiu Municipal de Manresa).<\/p><\/li><li><a href=\"https:\/\/www.memoria.cat\/pau-casals-josep-bares\/wp-content\/uploads\/sites\/206\/2025\/08\/51.jpg\" title=\"Les cinc fotoc\u00f2pies del llibre \u201cHomenatge a Pau Casals en el 95\u00e8 Aniversari\u201d que tamb\u00e9 acompanyen la inst\u00e0ncia. (Arxiu Municipal de Manresa).\"><img loading=\"lazy\" decoding=\"async\" src=\"https:\/\/www.memoria.cat\/pau-casals-josep-bares\/wp-content\/plugins\/justified-image-grid\/timthumb.php?src=https%3A%2F%2Fwww.memoria.cat%2Fpau-casals-josep-bares%2Fwp-content%2Fuploads%2Fsites%2F206%2F2025%2F08%2F51.jpg&amp;h=230&amp;q=90&amp;f=.jpg\" alt=\"Les cinc fotoc\u00f2pies del llibre \u201cHomenatge a Pau Casals en el 95\u00e8 Aniversari\u201d que tamb\u00e9 acompanyen la inst\u00e0ncia. (Arxiu Municipal de Manresa).\" width=\"232\" height=\"230\" \/><\/a><p class=\"jig-HTMLdescription\">Les cinc fotoc\u00f2pies del llibre \u201cHomenatge a Pau Casals en el 95\u00e8 Aniversari\u201d que tamb\u00e9 acompanyen la inst\u00e0ncia. (Arxiu Municipal de Manresa).<\/p><\/li><li><a href=\"https:\/\/www.memoria.cat\/pau-casals-josep-bares\/wp-content\/uploads\/sites\/206\/2025\/08\/52.jpg\" title=\"Recull d\u2019alguns d\u00e8ficits culturals manresans publicats a Mundo Diario el 20 de juny de 1975, entre aquests d\u00e8ficits: la negativa de l\u2019Ajuntament a recon\u00e8ixer Pau Casals. (Col\u00b7lecci\u00f3 Joaquim Aloy).\"><img loading=\"lazy\" decoding=\"async\" src=\"https:\/\/www.memoria.cat\/pau-casals-josep-bares\/wp-content\/plugins\/justified-image-grid\/timthumb.php?src=https%3A%2F%2Fwww.memoria.cat%2Fpau-casals-josep-bares%2Fwp-content%2Fuploads%2Fsites%2F206%2F2025%2F08%2F52.jpg&amp;h=230&amp;q=90&amp;f=.jpg\" alt=\"Recull d\u2019alguns d\u00e8ficits culturals manresans publicats a Mundo Diario el 20 de juny de 1975, entre aquests d\u00e8ficits: la negativa de l\u2019Ajuntament a recon\u00e8ixer Pau Casals. (Col\u00b7lecci\u00f3 Joaquim Aloy).\" width=\"190\" height=\"230\" \/><\/a><p class=\"jig-HTMLdescription\">Recull d\u2019alguns d\u00e8ficits culturals manresans publicats a Mundo Diario el 20 de juny de 1975, entre aquests d\u00e8ficits: la negativa de l\u2019Ajuntament a recon\u00e8ixer Pau Casals. (Col\u00b7lecci\u00f3 Joaquim Aloy).<\/p><\/li><li><a href=\"https:\/\/www.memoria.cat\/pau-casals-josep-bares\/wp-content\/uploads\/sites\/206\/2025\/08\/53-scaled.jpg\" title=\"Manresa. \u201cSilenci sobre Pau Casals\u201d, article publicat a Mundo Diario el 9 setembre 1975. (Col\u00b7lecci\u00f3 Joaquim Aloy).\"><img loading=\"lazy\" decoding=\"async\" src=\"https:\/\/www.memoria.cat\/pau-casals-josep-bares\/wp-content\/plugins\/justified-image-grid\/timthumb.php?src=https%3A%2F%2Fwww.memoria.cat%2Fpau-casals-josep-bares%2Fwp-content%2Fuploads%2Fsites%2F206%2F2025%2F08%2F53-scaled.jpg&amp;h=230&amp;q=90&amp;f=.jpg\" alt=\"Manresa. \u201cSilenci sobre Pau Casals\u201d, article publicat a Mundo Diario el 9 setembre 1975. (Col\u00b7lecci\u00f3 Joaquim Aloy).\" width=\"166\" height=\"230\" \/><\/a><p class=\"jig-HTMLdescription\">Manresa. \u201cSilenci sobre Pau Casals\u201d, article publicat a Mundo Diario el 9 setembre 1975. (Col\u00b7lecci\u00f3 Joaquim Aloy).<\/p><\/li><\/ul><\/noscript><\/div>\n<p>&nbsp;<\/p>\n","protected":false},"excerpt":{"rendered":"<p>&nbsp; Dinou entitats manresanes demanaven el 5 de mar\u00e7 de 1975 en inst\u00e0ncia adre\u00e7ada a l\u2019alcalde, aleshores Ramon Soldevila Tomasa (Sant Mateu de Bages 1920-1980), l\u2019erecci\u00f3 d\u2019un monument a Pau Casals mort dos anys abans a San Juan de Puerto Rico. El reconeixement p\u00fablic a Casals s\u2019anava estenent a Catalunya mentre que a Manresa passava [&hellip;]<\/p>\n","protected":false},"author":28,"featured_media":0,"parent":0,"menu_order":0,"comment_status":"closed","ping_status":"closed","template":"","meta":{"footnotes":""},"class_list":["post-74151","page","type-page","status-publish","hentry"],"_links":{"self":[{"href":"https:\/\/www.memoria.cat\/pau-casals-josep-bares\/wp-json\/wp\/v2\/pages\/74151","targetHints":{"allow":["GET"]}}],"collection":[{"href":"https:\/\/www.memoria.cat\/pau-casals-josep-bares\/wp-json\/wp\/v2\/pages"}],"about":[{"href":"https:\/\/www.memoria.cat\/pau-casals-josep-bares\/wp-json\/wp\/v2\/types\/page"}],"author":[{"embeddable":true,"href":"https:\/\/www.memoria.cat\/pau-casals-josep-bares\/wp-json\/wp\/v2\/users\/28"}],"replies":[{"embeddable":true,"href":"https:\/\/www.memoria.cat\/pau-casals-josep-bares\/wp-json\/wp\/v2\/comments?post=74151"}],"version-history":[{"count":0,"href":"https:\/\/www.memoria.cat\/pau-casals-josep-bares\/wp-json\/wp\/v2\/pages\/74151\/revisions"}],"wp:attachment":[{"href":"https:\/\/www.memoria.cat\/pau-casals-josep-bares\/wp-json\/wp\/v2\/media?parent=74151"}],"curies":[{"name":"wp","href":"https:\/\/api.w.org\/{rel}","templated":true}]}}