{"id":73636,"date":"2020-10-18T16:49:55","date_gmt":"2020-10-18T15:49:55","guid":{"rendered":"https:\/\/www.memoria.cat\/nova-passat\/?page_id=73636"},"modified":"2022-06-07T17:23:33","modified_gmt":"2022-06-07T16:23:33","slug":"vistes-del-carrer-de-sant-miquel-la-plana-de-lom-i-el-carrer-de-les-piques","status":"publish","type":"page","link":"https:\/\/www.memoria.cat\/passat\/vistes-del-carrer-de-sant-miquel-la-plana-de-lom-i-el-carrer-de-les-piques\/","title":{"rendered":"Vistes del carrer de Sant Miquel, la Plana de l&#8217;Om i el carrer de les Piques"},"content":{"rendered":"<div id=\"jig1\" class=\"justified-image-grid jig-28906343068e7cfd38b5bc5da8bb534f jig-preset-c3 jig-source-wp-gallery jig-rml-id-20\"><div class=\"jig-clearfix\"><\/div><noscript id=\"jig1-html\" class=\"justified-image-grid-html\" data-lazy-src=\"skiplazyload\" data-src=\"skipunveillazyload\"><ul><li><a href=\"https:\/\/www.memoria.cat\/passat\/wp-content\/uploads\/sites\/51\/2020\/10\/Manresa-18_VISTES-DEL-CARRER-DE-SANT-MIQUEL-LA-PLANA-DE-L-OM-I-EL-CARRER-DE-LES-PIQUES1_764-1.jpg\" title=\"Detall de l&#039;absis de la desapareguda esgl\u00e9sia g\u00f2tica de Sant Miquel, amb la capella de Santa Magdalena, al carrer de Sant Miquel. Al principi del segle XVI es constru\u00ed la placeta de Santa Magdalena sobre els terrenys de l&#039;antic cementiri. A mitjan segle XVIII es va engrandir l&#039;absis de l&#039;edifici per donar-li una major cabuda. En record de l&#039;antiga capella de Santa Magdalena, que es va haver d&#039;enderrocar, es col\u00b7loc\u00e0 a l&#039;exterior de la sagristia, en una forn\u00edcula, un quadre de la santa. Les obres foren costejades per la fam\u00edla Gallart, la qual deix\u00e0 la seva empremta en forma de gall pintat en el retaule. L&#039;esgl\u00e9sia fou enderrocada el 1936.\nProced\u00e8ncia:  Col\u00b7leci\u00f3 Margot Vila Roca\"><img decoding=\"async\" src=\"https:\/\/www.memoria.cat\/passat\/wp-content\/uploads\/sites\/51\/2020\/10\/Manresa-18_VISTES-DEL-CARRER-DE-SANT-MIQUEL-LA-PLANA-DE-L-OM-I-EL-CARRER-DE-LES-PIQUES1_764-1-189x300.jpg\" alt=\"Detall de l&#039;absis de la desapareguda esgl\u00e9sia g\u00f2tica de Sant Miquel, amb la capella de Santa Magdalena, al carrer de Sant Miquel. Al principi del segle XVI es constru\u00ed la placeta de Santa Magdalena sobre els terrenys de l&#039;antic cementiri. A mitjan segle XVIII es va engrandir l&#039;absis de l&#039;edifici per donar-li una major cabuda. En record de l&#039;antiga capella de Santa Magdalena, que es va haver d&#039;enderrocar, es col\u00b7loc\u00e0 a l&#039;exterior de la sagristia, en una forn\u00edcula, un quadre de la santa. Les obres foren costejades per la fam\u00edla Gallart, la qual deix\u00e0 la seva empremta en forma de gall pintat en el retaule. L&#039;esgl\u00e9sia fou enderrocada el 1936.\nProced\u00e8ncia:  Col\u00b7leci\u00f3 Margot Vila Roca\" width=\"144\" height=\"230\" \/><\/a><p class=\"jig-HTMLdescription\">Detall de l'absis de la desapareguda esgl\u00e9sia g\u00f2tica de Sant Miquel, amb la capella de Santa Magdalena, al carrer de Sant Miquel. Al principi del segle XVI es constru\u00ed la placeta de Santa Magdalena sobre els terrenys de l'antic cementiri. A mitjan segle XVIII es va engrandir l'absis de l'edifici per donar-li una major cabuda. En record de l'antiga capella de Santa Magdalena, que es va haver d'enderrocar, es col\u00b7loc\u00e0 a l'exterior de la sagristia, en una forn\u00edcula, un quadre de la santa. Les obres foren costejades per la fam\u00edla Gallart, la qual deix\u00e0 la seva empremta en forma de gall pintat en el retaule. L'esgl\u00e9sia fou enderrocada el 1936.\nProced\u00e8ncia:  Col\u00b7leci\u00f3 Margot Vila Roca<\/p><\/li><li><a href=\"https:\/\/www.memoria.cat\/passat\/wp-content\/uploads\/sites\/51\/2020\/10\/Manresa-18_VISTES-DEL-CARRER-DE-SANT-MIQUEL-LA-PLANA-DE-L-OM-I-EL-CARRER-DE-LES-PIQUES2_BN193.jpg\" title=\"Detall de l&#039;absis de la desapareguda esgl\u00e9sia g\u00f2tica de Sant Miquel, amb la capella de Santa Magdalena, al carrer de Sant Miquel. Fotografia feta l&#039;any 1912. Al principi del segle XVI es constru\u00ed la placeta de Santa Magdalena sobre els terrenys de l&#039;antic cementiri. A mitjan segle XVIII es va engrandir l&#039;absis de l&#039;edifici per donar-li una major cabuda. En record de l&#039;antiga capella de Santa Magdalena, que es va haver d&#039;enderrocar, es col\u00b7loc\u00e0 a l&#039;exterior de la sagristia, en una forn\u00edcula, un quadre de la santa. Les obres foren costejades per la fam\u00edla Gallart, la qual deix\u00e0 la seva empremta en forma de gall pintat en el retaule. L&#039;esgl\u00e9sia fou enderrocada el 1936.\nProced\u00e8ncia:  Arxiu Biblioteca de Catalunya (Fons Josep Salvany)\"><img decoding=\"async\" src=\"https:\/\/www.memoria.cat\/passat\/wp-content\/uploads\/sites\/51\/2020\/10\/Manresa-18_VISTES-DEL-CARRER-DE-SANT-MIQUEL-LA-PLANA-DE-L-OM-I-EL-CARRER-DE-LES-PIQUES2_BN193-280x300.jpg\" alt=\"Detall de l&#039;absis de la desapareguda esgl\u00e9sia g\u00f2tica de Sant Miquel, amb la capella de Santa Magdalena, al carrer de Sant Miquel. Fotografia feta l&#039;any 1912. Al principi del segle XVI es constru\u00ed la placeta de Santa Magdalena sobre els terrenys de l&#039;antic cementiri. A mitjan segle XVIII es va engrandir l&#039;absis de l&#039;edifici per donar-li una major cabuda. En record de l&#039;antiga capella de Santa Magdalena, que es va haver d&#039;enderrocar, es col\u00b7loc\u00e0 a l&#039;exterior de la sagristia, en una forn\u00edcula, un quadre de la santa. Les obres foren costejades per la fam\u00edla Gallart, la qual deix\u00e0 la seva empremta en forma de gall pintat en el retaule. L&#039;esgl\u00e9sia fou enderrocada el 1936.\nProced\u00e8ncia:  Arxiu Biblioteca de Catalunya (Fons Josep Salvany)\" width=\"214\" height=\"230\" \/><\/a><p class=\"jig-HTMLdescription\">Detall de l'absis de la desapareguda esgl\u00e9sia g\u00f2tica de Sant Miquel, amb la capella de Santa Magdalena, al carrer de Sant Miquel. Fotografia feta l'any 1912. Al principi del segle XVI es constru\u00ed la placeta de Santa Magdalena sobre els terrenys de l'antic cementiri. A mitjan segle XVIII es va engrandir l'absis de l'edifici per donar-li una major cabuda. En record de l'antiga capella de Santa Magdalena, que es va haver d'enderrocar, es col\u00b7loc\u00e0 a l'exterior de la sagristia, en una forn\u00edcula, un quadre de la santa. Les obres foren costejades per la fam\u00edla Gallart, la qual deix\u00e0 la seva empremta en forma de gall pintat en el retaule. L'esgl\u00e9sia fou enderrocada el 1936.\nProced\u00e8ncia:  Arxiu Biblioteca de Catalunya (Fons Josep Salvany)<\/p><\/li><li><a href=\"https:\/\/www.memoria.cat\/passat\/wp-content\/uploads\/sites\/51\/2020\/10\/Manresa-18_VISTES-DEL-CARRER-DE-SANT-MIQUEL-LA-PLANA-DE-L-OM-I-EL-CARRER-DE-LES-PIQUES3_E-32.jpg\" title=\"La Plana de l&#039;Om, l&#039;any 1901, vista des del carrer de Sant Miquel. Aquesta pla\u00e7a era i \u00e9s un dels punts neur\u00e0lgics de la ciutat. Un om esponer\u00f3s d\u00f3na color i personalitat a la pla\u00e7a: hi fou plantat per commemorar la revoluci\u00f3 del setembre del 1868, i constitu\u00efa un dels principals referents simb\u00f2lics de la tradici\u00f3 republicana.\nProced\u00e8ncia: Arxiu Comarcal del Bages.\"><img fetchpriority=\"high\" decoding=\"async\" src=\"https:\/\/www.memoria.cat\/passat\/wp-content\/uploads\/sites\/51\/2020\/10\/Manresa-18_VISTES-DEL-CARRER-DE-SANT-MIQUEL-LA-PLANA-DE-L-OM-I-EL-CARRER-DE-LES-PIQUES3_E-32-300x216.jpg\" alt=\"La Plana de l&#039;Om, l&#039;any 1901, vista des del carrer de Sant Miquel. Aquesta pla\u00e7a era i \u00e9s un dels punts neur\u00e0lgics de la ciutat. Un om esponer\u00f3s d\u00f3na color i personalitat a la pla\u00e7a: hi fou plantat per commemorar la revoluci\u00f3 del setembre del 1868, i constitu\u00efa un dels principals referents simb\u00f2lics de la tradici\u00f3 republicana.\nProced\u00e8ncia: Arxiu Comarcal del Bages.\" width=\"319\" height=\"230\" \/><\/a><p class=\"jig-HTMLdescription\">La Plana de l'Om, l'any 1901, vista des del carrer de Sant Miquel. Aquesta pla\u00e7a era i \u00e9s un dels punts neur\u00e0lgics de la ciutat. Un om esponer\u00f3s d\u00f3na color i personalitat a la pla\u00e7a: hi fou plantat per commemorar la revoluci\u00f3 del setembre del 1868, i constitu\u00efa un dels principals referents simb\u00f2lics de la tradici\u00f3 republicana.\nProced\u00e8ncia: Arxiu Comarcal del Bages.<\/p><\/li><li><a href=\"https:\/\/www.memoria.cat\/passat\/wp-content\/uploads\/sites\/51\/2020\/10\/4_E-31.jpg\" title=\"La Plana de l&#039;Om. Any 1895. En aquest per\u00edode pot constatar-se l&#039;abs\u00e8ncia del fanal, que hi fou instal\u00b7lat posteriorment, amb el seu antic i diari mercat de venda. \nProced\u00e8ncia: Arxiu Jaume Pons i Agull\u00f3.\"><img loading=\"lazy\" decoding=\"async\" src=\"https:\/\/www.memoria.cat\/passat\/wp-content\/uploads\/sites\/51\/2020\/10\/4_E-31-300x213.jpg\" alt=\"La Plana de l&#039;Om. Any 1895. En aquest per\u00edode pot constatar-se l&#039;abs\u00e8ncia del fanal, que hi fou instal\u00b7lat posteriorment, amb el seu antic i diari mercat de venda. \nProced\u00e8ncia: Arxiu Jaume Pons i Agull\u00f3.\" width=\"323\" height=\"230\" \/><\/a><p class=\"jig-HTMLdescription\">La Plana de l'Om. Any 1895. En aquest per\u00edode pot constatar-se l'abs\u00e8ncia del fanal, que hi fou instal\u00b7lat posteriorment, amb el seu antic i diari mercat de venda. \nProced\u00e8ncia: Arxiu Jaume Pons i Agull\u00f3.<\/p><\/li><li><a href=\"https:\/\/www.memoria.cat\/passat\/wp-content\/uploads\/sites\/51\/2020\/10\/Manresa-18_VISTES-DEL-CARRER-DE-SANT-MIQUEL-LA-PLANA-DE-L-OM-I-EL-CARRER-DE-LES-PIQUES5_476.jpg\" title=\"Imatge de La Plana de l&#039;Om.\nProced\u00e8ncia: Arxiu Comarcal del Bages\"><img loading=\"lazy\" decoding=\"async\" src=\"https:\/\/www.memoria.cat\/passat\/wp-content\/uploads\/sites\/51\/2020\/10\/Manresa-18_VISTES-DEL-CARRER-DE-SANT-MIQUEL-LA-PLANA-DE-L-OM-I-EL-CARRER-DE-LES-PIQUES5_476-300x197.jpg\" alt=\"Imatge de La Plana de l&#039;Om.\nProced\u00e8ncia: Arxiu Comarcal del Bages\" width=\"350\" height=\"230\" \/><\/a><p class=\"jig-HTMLdescription\">Imatge de La Plana de l'Om.\nProced\u00e8ncia: Arxiu Comarcal del Bages<\/p><\/li><li><a href=\"https:\/\/www.memoria.cat\/passat\/wp-content\/uploads\/sites\/51\/2020\/10\/Manresa-18_VISTES-DEL-CARRER-DE-SANT-MIQUEL-LA-PLANA-DE-L-OM-I-EL-CARRER-DE-LES-PIQUES6_E-30-1.jpg\" title=\"La Plana de l&#039;Om en ple tr\u00e0fec quotidi\u00e0. L&#039;Abella d&#039;Or del 1928 parlava aix\u00ed d&#039;aquesta pla\u00e7a: \u00abLa pla\u00e7a de l&#039;Om \u00e9s pla\u00e7a escollida per la seva silueta elegant, per la seva discreci\u00f3, pel seu aire distingit, pel seu nom que evoca un paisatge temperat i pac\u00edfic. La pla\u00e7a de l&#039;Om de Manresa, \u00e9s un nom en certa manera representatiu; perqu\u00e8 \u00e0dhuc fora d&#039;aquesta ciutat \u00e9s conegut, per \u00e9sser d&#039;aquest lloc d&#039;on sortiren mantes vegades iniciatives que interessaven al m\u00f3n de la cultura.\u00bb. Al fons a la dreta, l&#039;esgl\u00e9sia de Sant Miquel, enderrocada el 1936.\nProced\u00e8ncia: Arxiu Comarcal del Bages.\"><img loading=\"lazy\" decoding=\"async\" src=\"https:\/\/www.memoria.cat\/passat\/wp-content\/uploads\/sites\/51\/2020\/10\/Manresa-18_VISTES-DEL-CARRER-DE-SANT-MIQUEL-LA-PLANA-DE-L-OM-I-EL-CARRER-DE-LES-PIQUES6_E-30-1-300x193.jpg\" alt=\"La Plana de l&#039;Om en ple tr\u00e0fec quotidi\u00e0. L&#039;Abella d&#039;Or del 1928 parlava aix\u00ed d&#039;aquesta pla\u00e7a: \u00abLa pla\u00e7a de l&#039;Om \u00e9s pla\u00e7a escollida per la seva silueta elegant, per la seva discreci\u00f3, pel seu aire distingit, pel seu nom que evoca un paisatge temperat i pac\u00edfic. La pla\u00e7a de l&#039;Om de Manresa, \u00e9s un nom en certa manera representatiu; perqu\u00e8 \u00e0dhuc fora d&#039;aquesta ciutat \u00e9s conegut, per \u00e9sser d&#039;aquest lloc d&#039;on sortiren mantes vegades iniciatives que interessaven al m\u00f3n de la cultura.\u00bb. Al fons a la dreta, l&#039;esgl\u00e9sia de Sant Miquel, enderrocada el 1936.\nProced\u00e8ncia: Arxiu Comarcal del Bages.\" width=\"357\" height=\"230\" \/><\/a><p class=\"jig-HTMLdescription\">La Plana de l'Om en ple tr\u00e0fec quotidi\u00e0. L'Abella d'Or del 1928 parlava aix\u00ed d'aquesta pla\u00e7a: \u00abLa pla\u00e7a de l'Om \u00e9s pla\u00e7a escollida per la seva silueta elegant, per la seva discreci\u00f3, pel seu aire distingit, pel seu nom que evoca un paisatge temperat i pac\u00edfic. La pla\u00e7a de l'Om de Manresa, \u00e9s un nom en certa manera representatiu; perqu\u00e8 \u00e0dhuc fora d'aquesta ciutat \u00e9s conegut, per \u00e9sser d'aquest lloc d'on sortiren mantes vegades iniciatives que interessaven al m\u00f3n de la cultura.\u00bb. Al fons a la dreta, l'esgl\u00e9sia de Sant Miquel, enderrocada el 1936.\nProced\u00e8ncia: Arxiu Comarcal del Bages.<\/p><\/li><li><a href=\"https:\/\/www.memoria.cat\/passat\/wp-content\/uploads\/sites\/51\/2020\/10\/Manresa-18_VISTES-DEL-CARRER-DE-SANT-MIQUEL-LA-PLANA-DE-L-OM-I-EL-CARRER-DE-LES-PIQUES7_BNF198.jpg\" title=\"Detall de la Plana de l&#039;Om, amb el campanar de l&#039;esgl\u00e9sia de Sant Miquel al fons, i en primer terme la sastreria Sellar\u00e8s, on fins el 1995 van funcionar els Magatzems Sant Miquel.\nProced\u00e8ncia: Arxiu Jaume Pons i Agull\u00f3.\"><img loading=\"lazy\" decoding=\"async\" src=\"https:\/\/www.memoria.cat\/passat\/wp-content\/uploads\/sites\/51\/2020\/10\/Manresa-18_VISTES-DEL-CARRER-DE-SANT-MIQUEL-LA-PLANA-DE-L-OM-I-EL-CARRER-DE-LES-PIQUES7_BNF198-187x300.jpg\" alt=\"Detall de la Plana de l&#039;Om, amb el campanar de l&#039;esgl\u00e9sia de Sant Miquel al fons, i en primer terme la sastreria Sellar\u00e8s, on fins el 1995 van funcionar els Magatzems Sant Miquel.\nProced\u00e8ncia: Arxiu Jaume Pons i Agull\u00f3.\" width=\"143\" height=\"230\" \/><\/a><p class=\"jig-HTMLdescription\">Detall de la Plana de l'Om, amb el campanar de l'esgl\u00e9sia de Sant Miquel al fons, i en primer terme la sastreria Sellar\u00e8s, on fins el 1995 van funcionar els Magatzems Sant Miquel.\nProced\u00e8ncia: Arxiu Jaume Pons i Agull\u00f3.<\/p><\/li><li><a href=\"https:\/\/www.memoria.cat\/passat\/wp-content\/uploads\/sites\/51\/2020\/10\/Manresa-18_VISTES-DEL-CARRER-DE-SANT-MIQUEL-LA-PLANA-DE-L-OM-I-EL-CARRER-DE-LES-PIQUES8_457.jpg\" title=\"La Plana de l&#039;Om vista des de la casa del Senyor Jaume a principi de segle XX. Al fons, el carrer de Sant Miquel i, a ambd\u00f3s costats de la pla\u00e7a, dues cases senyorials: la casa Oller a la dreta, i la de la fam\u00edlia Soler i Mollet a l&#039;esquerra. L&#039;any 1927, Fidel Riu assenyalava al diari &quot;El Pla de Bages&quot; que \u00abnosaltres l&#039;anomenem expressament Plana de l&#039;Om per tal de fer-la m\u00e9s genu\u00efna, m\u00e9s local, car de places a tot arreu n&#039;hi ha i de planes no. I per qu\u00e8 negar-ho? La juxtaposici\u00f3 de Plana i Om ens ofereix regust de manresanisme vuitcentista que no es d\u00f3na de l&#039;altra manera\u00bb, \u00e9s a dir \u00absi hom l&#039;anomen\u00e9s, simplement, pla\u00e7a de l&#039;Om\u00bb.\nProced\u00e8ncia: Arxiu Francesc Villegas i Mart\u00ednez.\"><img loading=\"lazy\" decoding=\"async\" src=\"https:\/\/www.memoria.cat\/passat\/wp-content\/uploads\/sites\/51\/2020\/10\/Manresa-18_VISTES-DEL-CARRER-DE-SANT-MIQUEL-LA-PLANA-DE-L-OM-I-EL-CARRER-DE-LES-PIQUES8_457-300x198.jpg\" alt=\"La Plana de l&#039;Om vista des de la casa del Senyor Jaume a principi de segle XX. Al fons, el carrer de Sant Miquel i, a ambd\u00f3s costats de la pla\u00e7a, dues cases senyorials: la casa Oller a la dreta, i la de la fam\u00edlia Soler i Mollet a l&#039;esquerra. L&#039;any 1927, Fidel Riu assenyalava al diari &quot;El Pla de Bages&quot; que \u00abnosaltres l&#039;anomenem expressament Plana de l&#039;Om per tal de fer-la m\u00e9s genu\u00efna, m\u00e9s local, car de places a tot arreu n&#039;hi ha i de planes no. I per qu\u00e8 negar-ho? La juxtaposici\u00f3 de Plana i Om ens ofereix regust de manresanisme vuitcentista que no es d\u00f3na de l&#039;altra manera\u00bb, \u00e9s a dir \u00absi hom l&#039;anomen\u00e9s, simplement, pla\u00e7a de l&#039;Om\u00bb.\nProced\u00e8ncia: Arxiu Francesc Villegas i Mart\u00ednez.\" width=\"348\" height=\"230\" \/><\/a><p class=\"jig-HTMLdescription\">La Plana de l'Om vista des de la casa del Senyor Jaume a principi de segle XX. Al fons, el carrer de Sant Miquel i, a ambd\u00f3s costats de la pla\u00e7a, dues cases senyorials: la casa Oller a la dreta, i la de la fam\u00edlia Soler i Mollet a l'esquerra. L'any 1927, Fidel Riu assenyalava al diari \"El Pla de Bages\" que \u00abnosaltres l'anomenem expressament Plana de l'Om per tal de fer-la m\u00e9s genu\u00efna, m\u00e9s local, car de places a tot arreu n'hi ha i de planes no. I per qu\u00e8 negar-ho? La juxtaposici\u00f3 de Plana i Om ens ofereix regust de manresanisme vuitcentista que no es d\u00f3na de l'altra manera\u00bb, \u00e9s a dir \u00absi hom l'anomen\u00e9s, simplement, pla\u00e7a de l'Om\u00bb.\nProced\u00e8ncia: Arxiu Francesc Villegas i Mart\u00ednez.<\/p><\/li><li><a href=\"https:\/\/www.memoria.cat\/passat\/wp-content\/uploads\/sites\/51\/2020\/10\/Manresa-18_VISTES-DEL-CARRER-DE-SANT-MIQUEL-LA-PLANA-DE-L-OM-I-EL-CARRER-DE-LES-PIQUES9_BYN201.jpg\" title=\"Antiga pla\u00e7a del Pes vell de la farina al carrer de les Piques, entre els anys deu i el 1923. Al mig, l&#039;Ateneu de la classe obrera. Aquesta pla\u00e7a va ser refeta el darre ter\u00e7 del segle XIX.\nProced\u00e8ncia: Arxiu Jaume Pons i Agull\u00f3\"><img loading=\"lazy\" decoding=\"async\" src=\"https:\/\/www.memoria.cat\/passat\/wp-content\/uploads\/sites\/51\/2020\/10\/Manresa-18_VISTES-DEL-CARRER-DE-SANT-MIQUEL-LA-PLANA-DE-L-OM-I-EL-CARRER-DE-LES-PIQUES9_BYN201-300x190.jpg\" alt=\"Antiga pla\u00e7a del Pes vell de la farina al carrer de les Piques, entre els anys deu i el 1923. Al mig, l&#039;Ateneu de la classe obrera. Aquesta pla\u00e7a va ser refeta el darre ter\u00e7 del segle XIX.\nProced\u00e8ncia: Arxiu Jaume Pons i Agull\u00f3\" width=\"363\" height=\"230\" \/><\/a><p class=\"jig-HTMLdescription\">Antiga pla\u00e7a del Pes vell de la farina al carrer de les Piques, entre els anys deu i el 1923. Al mig, l'Ateneu de la classe obrera. Aquesta pla\u00e7a va ser refeta el darre ter\u00e7 del segle XIX.\nProced\u00e8ncia: Arxiu Jaume Pons i Agull\u00f3<\/p><\/li><li><a href=\"https:\/\/www.memoria.cat\/passat\/wp-content\/uploads\/sites\/51\/2020\/10\/Manresa-18_VISTES-DEL-CARRER-DE-SANT-MIQUEL-LA-PLANA-DE-L-OM-I-EL-CARRER-DE-LES-PIQUES10_BN204.jpg\" title=\"Imatge in\u00e8dita del carrer de les Piques i de les cases que foren enderrocades al tombant de segle XX per a l&#039;arranjament del sector de la Reforma (entre les quals, ca la M\u00f2nica). Al fons es perfila la casa Llissach, on l&#039;any 1902 el notari Llu\u00eds de Travy i de C\u00f2dol va traslladar l&#039;arxiu de protocols notarials.\nProced\u00e8ncia: Col\u00b7lecci\u00f3 Jaume Blanch i Carreras (Fotografia de Francesc Blanch i Pons)\"><img loading=\"lazy\" decoding=\"async\" src=\"https:\/\/www.memoria.cat\/passat\/wp-content\/uploads\/sites\/51\/2020\/10\/Manresa-18_VISTES-DEL-CARRER-DE-SANT-MIQUEL-LA-PLANA-DE-L-OM-I-EL-CARRER-DE-LES-PIQUES10_BN204-238x300.jpg\" alt=\"Imatge in\u00e8dita del carrer de les Piques i de les cases que foren enderrocades al tombant de segle XX per a l&#039;arranjament del sector de la Reforma (entre les quals, ca la M\u00f2nica). Al fons es perfila la casa Llissach, on l&#039;any 1902 el notari Llu\u00eds de Travy i de C\u00f2dol va traslladar l&#039;arxiu de protocols notarials.\nProced\u00e8ncia: Col\u00b7lecci\u00f3 Jaume Blanch i Carreras (Fotografia de Francesc Blanch i Pons)\" width=\"182\" height=\"230\" \/><\/a><p class=\"jig-HTMLdescription\">Imatge in\u00e8dita del carrer de les Piques i de les cases que foren enderrocades al tombant de segle XX per a l'arranjament del sector de la Reforma (entre les quals, ca la M\u00f2nica). Al fons es perfila la casa Llissach, on l'any 1902 el notari Llu\u00eds de Travy i de C\u00f2dol va traslladar l'arxiu de protocols notarials.\nProced\u00e8ncia: Col\u00b7lecci\u00f3 Jaume Blanch i Carreras (Fotografia de Francesc Blanch i Pons)<\/p><\/li><li><a href=\"https:\/\/www.memoria.cat\/passat\/wp-content\/uploads\/sites\/51\/2020\/10\/Manresa-18_VISTES-DEL-CARRER-DE-SANT-MIQUEL-LA-PLANA-DE-L-OM-I-EL-CARRER-DE-LES-PIQUES11_BN206.jpg\" title=\"El carrer de les Piques, la pla\u00e7a d&#039;en Creus i el sector de la Reforma durant la segona meitat dels anys vint, amb la casa Torres (1922), obra d&#039;Alexandre Soler i March d&#039;estil noucentista, i la casa Guitart (1924), a la pla\u00e7a esmentada.\nProced\u00e8ncia: Arxiu Jaume Pons i Agull\u00f3.\"><img loading=\"lazy\" decoding=\"async\" src=\"https:\/\/www.memoria.cat\/passat\/wp-content\/uploads\/sites\/51\/2020\/10\/Manresa-18_VISTES-DEL-CARRER-DE-SANT-MIQUEL-LA-PLANA-DE-L-OM-I-EL-CARRER-DE-LES-PIQUES11_BN206-268x300.jpg\" alt=\"El carrer de les Piques, la pla\u00e7a d&#039;en Creus i el sector de la Reforma durant la segona meitat dels anys vint, amb la casa Torres (1922), obra d&#039;Alexandre Soler i March d&#039;estil noucentista, i la casa Guitart (1924), a la pla\u00e7a esmentada.\nProced\u00e8ncia: Arxiu Jaume Pons i Agull\u00f3.\" width=\"205\" height=\"230\" \/><\/a><p class=\"jig-HTMLdescription\">El carrer de les Piques, la pla\u00e7a d'en Creus i el sector de la Reforma durant la segona meitat dels anys vint, amb la casa Torres (1922), obra d'Alexandre Soler i March d'estil noucentista, i la casa Guitart (1924), a la pla\u00e7a esmentada.\nProced\u00e8ncia: Arxiu Jaume Pons i Agull\u00f3.<\/p><\/li><\/ul><\/noscript><\/div>\n","protected":false},"excerpt":{"rendered":"","protected":false},"author":27,"featured_media":0,"parent":0,"menu_order":0,"comment_status":"closed","ping_status":"closed","template":"","meta":{"iawp_total_views":165,"footnotes":""},"class_list":["post-73636","page","type-page","status-publish","hentry"],"_links":{"self":[{"href":"https:\/\/www.memoria.cat\/passat\/wp-json\/wp\/v2\/pages\/73636","targetHints":{"allow":["GET"]}}],"collection":[{"href":"https:\/\/www.memoria.cat\/passat\/wp-json\/wp\/v2\/pages"}],"about":[{"href":"https:\/\/www.memoria.cat\/passat\/wp-json\/wp\/v2\/types\/page"}],"author":[{"embeddable":true,"href":"https:\/\/www.memoria.cat\/passat\/wp-json\/wp\/v2\/users\/27"}],"replies":[{"embeddable":true,"href":"https:\/\/www.memoria.cat\/passat\/wp-json\/wp\/v2\/comments?post=73636"}],"version-history":[{"count":0,"href":"https:\/\/www.memoria.cat\/passat\/wp-json\/wp\/v2\/pages\/73636\/revisions"}],"wp:attachment":[{"href":"https:\/\/www.memoria.cat\/passat\/wp-json\/wp\/v2\/media?parent=73636"}],"curies":[{"name":"wp","href":"https:\/\/api.w.org\/{rel}","templated":true}]}}