{"id":73622,"date":"2020-10-18T16:34:58","date_gmt":"2020-10-18T15:34:58","guid":{"rendered":"https:\/\/www.memoria.cat\/nova-passat\/?page_id=73622"},"modified":"2022-06-07T17:20:53","modified_gmt":"2022-06-07T16:20:53","slug":"vistes-de-la-placa-de-sant-ignasi","status":"publish","type":"page","link":"https:\/\/www.memoria.cat\/passat\/vistes-de-la-placa-de-sant-ignasi\/","title":{"rendered":"Vistes de la pla\u00e7a de Sant Ignasi"},"content":{"rendered":"<div id=\"jig1\" class=\"justified-image-grid jig-33ece5c8d804f22a659c74bd7db65eff jig-preset-c3 jig-source-wp-gallery jig-rml-id-14\"><div class=\"jig-clearfix\"><\/div><noscript id=\"jig1-html\" class=\"justified-image-grid-html\" data-lazy-src=\"skiplazyload\" data-src=\"skipunveillazyload\"><ul><li><a href=\"https:\/\/www.memoria.cat\/passat\/wp-content\/uploads\/sites\/51\/2020\/10\/MANRESA-11_VISTES-DE-LA-PLACA-DE-SANT-IGNASI-1_BN134.jpg\" title=\"Aspecte de la pla\u00e7a de Sant Ignasi tal com era a l&#039;inici de la d\u00e8cada dels anys noranta del segle XIX. En aquells moments, la fotografia encara constitu\u00efa un gran esdeveniment, i la prova n&#039;\u00e9s l&#039;expectaci\u00f3 que despertava. Aquesta pla\u00e7a era l&#039;\u00fanic indret cobert del torrent de Sant Ignasi, m\u00e9s exactament, des de la baixada dels Drets fins al comen\u00e7ament del carrer de les Escodines. D&#039;esquerra a dreta, es poden observar la creu de Sant Ignasi i l&#039;antic hospital, la capella de Santa Ll\u00facia i l&#039;esgl\u00e9sia de Sant Ignasi, enderrocats el 1936.\nProced\u00e8ncia: &quot;Recuerdos de San Ignacio de Loyola&quot; (Arxiu Comarcal del Bages)\"><img fetchpriority=\"high\" decoding=\"async\" src=\"https:\/\/www.memoria.cat\/passat\/wp-content\/uploads\/sites\/51\/2020\/10\/MANRESA-11_VISTES-DE-LA-PLACA-DE-SANT-IGNASI-1_BN134-300x204.jpg\" alt=\"Aspecte de la pla\u00e7a de Sant Ignasi tal com era a l&#039;inici de la d\u00e8cada dels anys noranta del segle XIX. En aquells moments, la fotografia encara constitu\u00efa un gran esdeveniment, i la prova n&#039;\u00e9s l&#039;expectaci\u00f3 que despertava. Aquesta pla\u00e7a era l&#039;\u00fanic indret cobert del torrent de Sant Ignasi, m\u00e9s exactament, des de la baixada dels Drets fins al comen\u00e7ament del carrer de les Escodines. D&#039;esquerra a dreta, es poden observar la creu de Sant Ignasi i l&#039;antic hospital, la capella de Santa Ll\u00facia i l&#039;esgl\u00e9sia de Sant Ignasi, enderrocats el 1936.\nProced\u00e8ncia: &quot;Recuerdos de San Ignacio de Loyola&quot; (Arxiu Comarcal del Bages)\" width=\"338\" height=\"230\" \/><\/a><p class=\"jig-HTMLdescription\">Aspecte de la pla\u00e7a de Sant Ignasi tal com era a l'inici de la d\u00e8cada dels anys noranta del segle XIX. En aquells moments, la fotografia encara constitu\u00efa un gran esdeveniment, i la prova n'\u00e9s l'expectaci\u00f3 que despertava. Aquesta pla\u00e7a era l'\u00fanic indret cobert del torrent de Sant Ignasi, m\u00e9s exactament, des de la baixada dels Drets fins al comen\u00e7ament del carrer de les Escodines. D'esquerra a dreta, es poden observar la creu de Sant Ignasi i l'antic hospital, la capella de Santa Ll\u00facia i l'esgl\u00e9sia de Sant Ignasi, enderrocats el 1936.\nProced\u00e8ncia: \"Recuerdos de San Ignacio de Loyola\" (Arxiu Comarcal del Bages)<\/p><\/li><li><a href=\"https:\/\/www.memoria.cat\/passat\/wp-content\/uploads\/sites\/51\/2020\/10\/MANRESA-11_VISTES-DE-LA-PLACA-DE-SANT-IGNASI-2_BN135.jpg\" title=\"Dos nois posen cofois sobre la creu de Sant Ignasi a primers de segle XX, al seu empla\u00e7ament originari. L&#039;historiador manres\u00e0 Joaquim Sarret i Arb\u00f3s assenyala que arran de la construcci\u00f3 del pontarr\u00f3 de Sant Ignasi l&#039;any 1777, es trasllad\u00e0 l&#039;obelisc del sant \u00abde davant de l&#039;hospital de Santa Ll\u00facia on estava situat, a l&#039;extrem del pontarr\u00f3 que s&#039;acabava de construir. La qual pir\u00e0mide [es refereix a la creu] en el mes de mar\u00e7 del 1911, amb motiu de fer-se la volta i coberta del torrent amunt fins a la font de l&#039;Ubach, fou treta del lloc que ocupava i posada en la mateixa pla\u00e7a a l&#039;angle que formen la capella de Santa Ll\u00facia i la igl\u00e9sia de Sant Ignasi\u00bb, tal com podrem observar en fotografies posteriors.\nProced\u00e8ncia:  Arxiu Comarcal del Bages\"><img decoding=\"async\" src=\"https:\/\/www.memoria.cat\/passat\/wp-content\/uploads\/sites\/51\/2020\/10\/MANRESA-11_VISTES-DE-LA-PLACA-DE-SANT-IGNASI-2_BN135-220x300.jpg\" alt=\"Dos nois posen cofois sobre la creu de Sant Ignasi a primers de segle XX, al seu empla\u00e7ament originari. L&#039;historiador manres\u00e0 Joaquim Sarret i Arb\u00f3s assenyala que arran de la construcci\u00f3 del pontarr\u00f3 de Sant Ignasi l&#039;any 1777, es trasllad\u00e0 l&#039;obelisc del sant \u00abde davant de l&#039;hospital de Santa Ll\u00facia on estava situat, a l&#039;extrem del pontarr\u00f3 que s&#039;acabava de construir. La qual pir\u00e0mide [es refereix a la creu] en el mes de mar\u00e7 del 1911, amb motiu de fer-se la volta i coberta del torrent amunt fins a la font de l&#039;Ubach, fou treta del lloc que ocupava i posada en la mateixa pla\u00e7a a l&#039;angle que formen la capella de Santa Ll\u00facia i la igl\u00e9sia de Sant Ignasi\u00bb, tal com podrem observar en fotografies posteriors.\nProced\u00e8ncia:  Arxiu Comarcal del Bages\" width=\"168\" height=\"230\" \/><\/a><p class=\"jig-HTMLdescription\">Dos nois posen cofois sobre la creu de Sant Ignasi a primers de segle XX, al seu empla\u00e7ament originari. L'historiador manres\u00e0 Joaquim Sarret i Arb\u00f3s assenyala que arran de la construcci\u00f3 del pontarr\u00f3 de Sant Ignasi l'any 1777, es trasllad\u00e0 l'obelisc del sant \u00abde davant de l'hospital de Santa Ll\u00facia on estava situat, a l'extrem del pontarr\u00f3 que s'acabava de construir. La qual pir\u00e0mide [es refereix a la creu] en el mes de mar\u00e7 del 1911, amb motiu de fer-se la volta i coberta del torrent amunt fins a la font de l'Ubach, fou treta del lloc que ocupava i posada en la mateixa pla\u00e7a a l'angle que formen la capella de Santa Ll\u00facia i la igl\u00e9sia de Sant Ignasi\u00bb, tal com podrem observar en fotografies posteriors.\nProced\u00e8ncia:  Arxiu Comarcal del Bages<\/p><\/li><li><a href=\"https:\/\/www.memoria.cat\/passat\/wp-content\/uploads\/sites\/51\/2020\/10\/MANRESA-11_VISTES-DE-LA-PLACA-DE-SANT-IGNASI-3_987.jpg\" title=\"La pla\u00e7a de Sant Ignasi l&#039;any 1911. Aquesta fotografia ens mostra un aspecte molt m\u00e9s cur\u00f3s i agen\u00e7at de la pla\u00e7a, si la comparem amb alguna d&#039;anterior. L&#039;any 1907, l&#039;Ajuntament havia venut l&#039;edifici de l&#039;hospital a la Companyia de Jes\u00fas, la qual hi va dur a terme importants obres de restauraci\u00f3.\nProced\u00e8ncia: Arxiu Hist\u00f2ric de la Companyia de Jes\u00fas de Catalunya.\"><img decoding=\"async\" src=\"https:\/\/www.memoria.cat\/passat\/wp-content\/uploads\/sites\/51\/2020\/10\/MANRESA-11_VISTES-DE-LA-PLACA-DE-SANT-IGNASI-3_987-300x215.jpg\" alt=\"La pla\u00e7a de Sant Ignasi l&#039;any 1911. Aquesta fotografia ens mostra un aspecte molt m\u00e9s cur\u00f3s i agen\u00e7at de la pla\u00e7a, si la comparem amb alguna d&#039;anterior. L&#039;any 1907, l&#039;Ajuntament havia venut l&#039;edifici de l&#039;hospital a la Companyia de Jes\u00fas, la qual hi va dur a terme importants obres de restauraci\u00f3.\nProced\u00e8ncia: Arxiu Hist\u00f2ric de la Companyia de Jes\u00fas de Catalunya.\" width=\"320\" height=\"230\" \/><\/a><p class=\"jig-HTMLdescription\">La pla\u00e7a de Sant Ignasi l'any 1911. Aquesta fotografia ens mostra un aspecte molt m\u00e9s cur\u00f3s i agen\u00e7at de la pla\u00e7a, si la comparem amb alguna d'anterior. L'any 1907, l'Ajuntament havia venut l'edifici de l'hospital a la Companyia de Jes\u00fas, la qual hi va dur a terme importants obres de restauraci\u00f3.\nProced\u00e8ncia: Arxiu Hist\u00f2ric de la Companyia de Jes\u00fas de Catalunya.<\/p><\/li><li><a href=\"https:\/\/www.memoria.cat\/passat\/wp-content\/uploads\/sites\/51\/2020\/10\/MANRESA-11_VISTES-DE-LA-PLACA-DE-SANT-IGNASI-4_BN137-1.jpg\" title=\"La pla\u00e7a de Sant Ignasi l&#039;any 1914. Al fons, el campanar de l&#039;esgl\u00e9sia de Sant Ignasi i, just a l&#039;esquerra, el portal de l&#039;hospital de Santa Ll\u00facia, ambd\u00f3s edificis enderrocats l&#039;any 1936. Aquesta fotografia ens mostra un aspecte molt cur\u00f3s i agen\u00e7at de la pla\u00e7a. L&#039;any 1907, l&#039;Ajuntament havia venut l&#039;edifici de l&#039;hospital a la Companyia de Jes\u00fas, la qual hi va dur a terme importants obres de restauraci\u00f3.\nProced\u00e8ncia: Arxiu Mas\"><img loading=\"lazy\" decoding=\"async\" src=\"https:\/\/www.memoria.cat\/passat\/wp-content\/uploads\/sites\/51\/2020\/10\/MANRESA-11_VISTES-DE-LA-PLACA-DE-SANT-IGNASI-4_BN137-1-300x195.jpg\" alt=\"La pla\u00e7a de Sant Ignasi l&#039;any 1914. Al fons, el campanar de l&#039;esgl\u00e9sia de Sant Ignasi i, just a l&#039;esquerra, el portal de l&#039;hospital de Santa Ll\u00facia, ambd\u00f3s edificis enderrocats l&#039;any 1936. Aquesta fotografia ens mostra un aspecte molt cur\u00f3s i agen\u00e7at de la pla\u00e7a. L&#039;any 1907, l&#039;Ajuntament havia venut l&#039;edifici de l&#039;hospital a la Companyia de Jes\u00fas, la qual hi va dur a terme importants obres de restauraci\u00f3.\nProced\u00e8ncia: Arxiu Mas\" width=\"353\" height=\"230\" \/><\/a><p class=\"jig-HTMLdescription\">La pla\u00e7a de Sant Ignasi l'any 1914. Al fons, el campanar de l'esgl\u00e9sia de Sant Ignasi i, just a l'esquerra, el portal de l'hospital de Santa Ll\u00facia, ambd\u00f3s edificis enderrocats l'any 1936. Aquesta fotografia ens mostra un aspecte molt cur\u00f3s i agen\u00e7at de la pla\u00e7a. L'any 1907, l'Ajuntament havia venut l'edifici de l'hospital a la Companyia de Jes\u00fas, la qual hi va dur a terme importants obres de restauraci\u00f3.\nProced\u00e8ncia: Arxiu Mas<\/p><\/li><li><a href=\"https:\/\/www.memoria.cat\/passat\/wp-content\/uploads\/sites\/51\/2020\/10\/MANRESA-11_VISTES-DE-LA-PLACA-DE-SANT-IGNASI-5_BN138.jpg\" title=\"Detall del portal de l&#039;antic hospital de Santa Ll\u00facia, enderrocat el 1936, i de la creu de Sant Ignasi. Aquestes eren les construccions m\u00e9s importants del vell raval medieval, situat fora muralles, i on en el decurs del segle XIV s&#039;havia desenvolupat una important ind\u00fastria de cuireteria. L&#039;antic hospital de Santa Ll\u00facia estava destinat a la cura i atenci\u00f3 dels malalts pobres. A la capella de l&#039;hospital, sant Ignasi hi impart\u00ed doctrina cristiana. L&#039;any 1881 es van posar els fonaments de la capella del Rapte. A m\u00e9s, es pot observar com la creu de Sant Ignasi ha estat traslladada al davant de l&#039;antic hospital de Santa Ll\u00facia.\nProced\u00e8ncia: Col\u00b7lecci\u00f3 Ramon Cornet i Arboix (Fotografia de Llu\u00eds Cornet i Vivar)\"><img loading=\"lazy\" decoding=\"async\" src=\"https:\/\/www.memoria.cat\/passat\/wp-content\/uploads\/sites\/51\/2020\/10\/MANRESA-11_VISTES-DE-LA-PLACA-DE-SANT-IGNASI-5_BN138-201x300.jpg\" alt=\"Detall del portal de l&#039;antic hospital de Santa Ll\u00facia, enderrocat el 1936, i de la creu de Sant Ignasi. Aquestes eren les construccions m\u00e9s importants del vell raval medieval, situat fora muralles, i on en el decurs del segle XIV s&#039;havia desenvolupat una important ind\u00fastria de cuireteria. L&#039;antic hospital de Santa Ll\u00facia estava destinat a la cura i atenci\u00f3 dels malalts pobres. A la capella de l&#039;hospital, sant Ignasi hi impart\u00ed doctrina cristiana. L&#039;any 1881 es van posar els fonaments de la capella del Rapte. A m\u00e9s, es pot observar com la creu de Sant Ignasi ha estat traslladada al davant de l&#039;antic hospital de Santa Ll\u00facia.\nProced\u00e8ncia: Col\u00b7lecci\u00f3 Ramon Cornet i Arboix (Fotografia de Llu\u00eds Cornet i Vivar)\" width=\"154\" height=\"230\" \/><\/a><p class=\"jig-HTMLdescription\">Detall del portal de l'antic hospital de Santa Ll\u00facia, enderrocat el 1936, i de la creu de Sant Ignasi. Aquestes eren les construccions m\u00e9s importants del vell raval medieval, situat fora muralles, i on en el decurs del segle XIV s'havia desenvolupat una important ind\u00fastria de cuireteria. L'antic hospital de Santa Ll\u00facia estava destinat a la cura i atenci\u00f3 dels malalts pobres. A la capella de l'hospital, sant Ignasi hi impart\u00ed doctrina cristiana. L'any 1881 es van posar els fonaments de la capella del Rapte. A m\u00e9s, es pot observar com la creu de Sant Ignasi ha estat traslladada al davant de l'antic hospital de Santa Ll\u00facia.\nProced\u00e8ncia: Col\u00b7lecci\u00f3 Ramon Cornet i Arboix (Fotografia de Llu\u00eds Cornet i Vivar)<\/p><\/li><li><a href=\"https:\/\/www.memoria.cat\/passat\/wp-content\/uploads\/sites\/51\/2020\/10\/MANRESA-11_VISTES-DE-LA-PLACA-DE-SANT-IGNASI-6_BN139-1.jpg\" title=\"Aspecte de la fa\u00e7ana principal de l&#039;esgl\u00e9sia de Sant Ignasi, constru\u00efda l&#039;any 1820, i enderrocada durant la Guerra civil. La companyia de Jes\u00fas va decidir durant la post-guerra que l&#039;indret que ocupava l&#039;esgl\u00e9sia fos destinat a la construcci\u00f3 de la Sala Loiola, posteriorment Sala Ciutat (enderrocada el 2015). Al costat de l&#039;esgl\u00e9sia, hi havia l&#039;entrada principal de l&#039;antic Col\u00b7legi de Sant Ignasi, aixecat per la Companyia de Jes\u00fas a mitjan segle XVIII. Al xamfr\u00e0 del carrer de Viladordis amb la pla\u00e7a de Sant Ignasi, tres representants de les forces vives locals, un senyor amb barret de copa i levita,un pare jesu\u00efta i un gu\u00e0rdia municipal, conversen davant l&#039;esguard encuriosit de dos nens.\nProced\u00e8ncia: &quot;Recuerdos de San Ignacio de Loyola&quot;. (Arxiu Comarcal del Bages)\"><img loading=\"lazy\" decoding=\"async\" src=\"https:\/\/www.memoria.cat\/passat\/wp-content\/uploads\/sites\/51\/2020\/10\/MANRESA-11_VISTES-DE-LA-PLACA-DE-SANT-IGNASI-6_BN139-1-222x300.jpg\" alt=\"Aspecte de la fa\u00e7ana principal de l&#039;esgl\u00e9sia de Sant Ignasi, constru\u00efda l&#039;any 1820, i enderrocada durant la Guerra civil. La companyia de Jes\u00fas va decidir durant la post-guerra que l&#039;indret que ocupava l&#039;esgl\u00e9sia fos destinat a la construcci\u00f3 de la Sala Loiola, posteriorment Sala Ciutat (enderrocada el 2015). Al costat de l&#039;esgl\u00e9sia, hi havia l&#039;entrada principal de l&#039;antic Col\u00b7legi de Sant Ignasi, aixecat per la Companyia de Jes\u00fas a mitjan segle XVIII. Al xamfr\u00e0 del carrer de Viladordis amb la pla\u00e7a de Sant Ignasi, tres representants de les forces vives locals, un senyor amb barret de copa i levita,un pare jesu\u00efta i un gu\u00e0rdia municipal, conversen davant l&#039;esguard encuriosit de dos nens.\nProced\u00e8ncia: &quot;Recuerdos de San Ignacio de Loyola&quot;. (Arxiu Comarcal del Bages)\" width=\"170\" height=\"230\" \/><\/a><p class=\"jig-HTMLdescription\">Aspecte de la fa\u00e7ana principal de l'esgl\u00e9sia de Sant Ignasi, constru\u00efda l'any 1820, i enderrocada durant la Guerra civil. La companyia de Jes\u00fas va decidir durant la post-guerra que l'indret que ocupava l'esgl\u00e9sia fos destinat a la construcci\u00f3 de la Sala Loiola, posteriorment Sala Ciutat (enderrocada el 2015). Al costat de l'esgl\u00e9sia, hi havia l'entrada principal de l'antic Col\u00b7legi de Sant Ignasi, aixecat per la Companyia de Jes\u00fas a mitjan segle XVIII. Al xamfr\u00e0 del carrer de Viladordis amb la pla\u00e7a de Sant Ignasi, tres representants de les forces vives locals, un senyor amb barret de copa i levita,un pare jesu\u00efta i un gu\u00e0rdia municipal, conversen davant l'esguard encuriosit de dos nens.\nProced\u00e8ncia: \"Recuerdos de San Ignacio de Loyola\". (Arxiu Comarcal del Bages)<\/p><\/li><\/ul><\/noscript><\/div>\n","protected":false},"excerpt":{"rendered":"","protected":false},"author":27,"featured_media":0,"parent":0,"menu_order":0,"comment_status":"closed","ping_status":"closed","template":"","meta":{"iawp_total_views":42,"footnotes":""},"class_list":["post-73622","page","type-page","status-publish","hentry"],"_links":{"self":[{"href":"https:\/\/www.memoria.cat\/passat\/wp-json\/wp\/v2\/pages\/73622","targetHints":{"allow":["GET"]}}],"collection":[{"href":"https:\/\/www.memoria.cat\/passat\/wp-json\/wp\/v2\/pages"}],"about":[{"href":"https:\/\/www.memoria.cat\/passat\/wp-json\/wp\/v2\/types\/page"}],"author":[{"embeddable":true,"href":"https:\/\/www.memoria.cat\/passat\/wp-json\/wp\/v2\/users\/27"}],"replies":[{"embeddable":true,"href":"https:\/\/www.memoria.cat\/passat\/wp-json\/wp\/v2\/comments?post=73622"}],"version-history":[{"count":0,"href":"https:\/\/www.memoria.cat\/passat\/wp-json\/wp\/v2\/pages\/73622\/revisions"}],"wp:attachment":[{"href":"https:\/\/www.memoria.cat\/passat\/wp-json\/wp\/v2\/media?parent=73622"}],"curies":[{"name":"wp","href":"https:\/\/api.w.org\/{rel}","templated":true}]}}