{"id":73614,"date":"2020-10-18T16:33:48","date_gmt":"2020-10-18T15:33:48","guid":{"rendered":"https:\/\/www.memoria.cat\/nova-passat\/?page_id=73614"},"modified":"2022-06-07T17:27:20","modified_gmt":"2022-06-07T16:27:20","slug":"vistes-parcials-des-de-la-cova-de-sant-ignasi","status":"publish","type":"page","link":"https:\/\/www.memoria.cat\/passat\/vistes-parcials-des-de-la-cova-de-sant-ignasi\/","title":{"rendered":"Vistes parcials des de la Cova de Sant Ignasi"},"content":{"rendered":"<div id=\"jig1\" class=\"justified-image-grid jig-5e706786ac3161a5cf7a799f3e77190f jig-preset-c3 jig-source-wp-gallery jig-rml-id-10\"><div class=\"jig-clearfix\"><\/div><noscript id=\"jig1-html\" class=\"justified-image-grid-html\" data-lazy-src=\"skiplazyload\" data-src=\"skipunveillazyload\"><ul><li><a href=\"https:\/\/www.memoria.cat\/passat\/wp-content\/uploads\/sites\/51\/2020\/10\/MANRESA-7_VISTES-PARCIALS-DES-DE-LA-COVA-DE-SANT-IGNASI-1_991.jpg\" title=\"La ciutat vista des de l&#039;angle de l&#039;esgl\u00e9sia de la Cova de Sant Ignasi. \nProced\u00e8ncia: Arxiu Jaume Pons i Agull\u00f3\"><img fetchpriority=\"high\" decoding=\"async\" src=\"https:\/\/www.memoria.cat\/passat\/wp-content\/uploads\/sites\/51\/2020\/10\/MANRESA-7_VISTES-PARCIALS-DES-DE-LA-COVA-DE-SANT-IGNASI-1_991-300x219.jpg\" alt=\"La ciutat vista des de l&#039;angle de l&#039;esgl\u00e9sia de la Cova de Sant Ignasi. \nProced\u00e8ncia: Arxiu Jaume Pons i Agull\u00f3\" width=\"315\" height=\"230\" \/><\/a><p class=\"jig-HTMLdescription\">La ciutat vista des de l'angle de l'esgl\u00e9sia de la Cova de Sant Ignasi. \nProced\u00e8ncia: Arxiu Jaume Pons i Agull\u00f3<\/p><\/li><li><a href=\"https:\/\/www.memoria.cat\/passat\/wp-content\/uploads\/sites\/51\/2020\/10\/MANRESA-7_VISTES-PARCIALS-DES-DE-LA-COVA-DE-SANT-IGNASI-3_435.jpg\" title=\"La ciutat vista des de l&#039;angle de l&#039;esgl\u00e9sia de la Cova de Sant Ignasi. \nProced\u00e8ncia: Arxiu Jaume Pons i Agull\u00f3\"><img decoding=\"async\" src=\"https:\/\/www.memoria.cat\/passat\/wp-content\/uploads\/sites\/51\/2020\/10\/MANRESA-7_VISTES-PARCIALS-DES-DE-LA-COVA-DE-SANT-IGNASI-3_435-300x196.jpg\" alt=\"La ciutat vista des de l&#039;angle de l&#039;esgl\u00e9sia de la Cova de Sant Ignasi. \nProced\u00e8ncia: Arxiu Jaume Pons i Agull\u00f3\" width=\"352\" height=\"230\" \/><\/a><p class=\"jig-HTMLdescription\">La ciutat vista des de l'angle de l'esgl\u00e9sia de la Cova de Sant Ignasi. \nProced\u00e8ncia: Arxiu Jaume Pons i Agull\u00f3<\/p><\/li><li><a href=\"https:\/\/www.memoria.cat\/passat\/wp-content\/uploads\/sites\/51\/2020\/10\/MANRESA-7_VISTES-PARCIALS-DES-DE-LA-COVA-DE-SANT-IGNASI-7_BN100.jpg\" title=\"La ciutat vista des de la baixada de la Cova de Sant Ignasi. Imatge anterior al 1894. \nProced\u00e8ncia: Arxiu Comarcal del Bages.\"><img decoding=\"async\" src=\"https:\/\/www.memoria.cat\/passat\/wp-content\/uploads\/sites\/51\/2020\/10\/MANRESA-7_VISTES-PARCIALS-DES-DE-LA-COVA-DE-SANT-IGNASI-7_BN100-300x214.jpg\" alt=\"La ciutat vista des de la baixada de la Cova de Sant Ignasi. Imatge anterior al 1894. \nProced\u00e8ncia: Arxiu Comarcal del Bages.\" width=\"322\" height=\"230\" \/><\/a><p class=\"jig-HTMLdescription\">La ciutat vista des de la baixada de la Cova de Sant Ignasi. Imatge anterior al 1894. \nProced\u00e8ncia: Arxiu Comarcal del Bages.<\/p><\/li><li><a href=\"https:\/\/www.memoria.cat\/passat\/wp-content\/uploads\/sites\/51\/2020\/10\/MANRESA-7_VISTES-PARCIALS-DES-DE-LA-COVA-DE-SANT-IGNASI-8_BN101.jpg\" title=\"La ciutat vista des de la baixada de la Cova de Sant Ignasi. Imatge obtinguda, molt probablement, al comen\u00e7ament dels anys vint del segle passat. Notables millores urban\u00edstiques i arquitect\u00f2niques separen aquesta perpectiva de l&#039;anterior: les transformacions de la Seu, l&#039;embelliment del seu parc o antic fossar; l&#039;acc\u00e9s directe a la Casa d&#039;Exercicis (encara per construir en aquesta fotografia); fins i tot, la casa que apareix al peu del cam\u00ed de la Cova ha sofert obres de reforma i, finalment, cal remarcar que l&#039;electricitat ha arribat tamb\u00e9 al tantes vegades abandonat districte cinqu\u00e8 (que comprenia el barri de la Cova, torrent de Sant Ignasi, les Escodines i Santa Clara enll\u00e0). \nProced\u00e8ncia: Arxiu Comarcal del Bages\"><img loading=\"lazy\" decoding=\"async\" src=\"https:\/\/www.memoria.cat\/passat\/wp-content\/uploads\/sites\/51\/2020\/10\/MANRESA-7_VISTES-PARCIALS-DES-DE-LA-COVA-DE-SANT-IGNASI-8_BN101-300x214.jpg\" alt=\"La ciutat vista des de la baixada de la Cova de Sant Ignasi. Imatge obtinguda, molt probablement, al comen\u00e7ament dels anys vint del segle passat. Notables millores urban\u00edstiques i arquitect\u00f2niques separen aquesta perpectiva de l&#039;anterior: les transformacions de la Seu, l&#039;embelliment del seu parc o antic fossar; l&#039;acc\u00e9s directe a la Casa d&#039;Exercicis (encara per construir en aquesta fotografia); fins i tot, la casa que apareix al peu del cam\u00ed de la Cova ha sofert obres de reforma i, finalment, cal remarcar que l&#039;electricitat ha arribat tamb\u00e9 al tantes vegades abandonat districte cinqu\u00e8 (que comprenia el barri de la Cova, torrent de Sant Ignasi, les Escodines i Santa Clara enll\u00e0). \nProced\u00e8ncia: Arxiu Comarcal del Bages\" width=\"322\" height=\"230\" \/><\/a><p class=\"jig-HTMLdescription\">La ciutat vista des de la baixada de la Cova de Sant Ignasi. Imatge obtinguda, molt probablement, al comen\u00e7ament dels anys vint del segle passat. Notables millores urban\u00edstiques i arquitect\u00f2niques separen aquesta perpectiva de l'anterior: les transformacions de la Seu, l'embelliment del seu parc o antic fossar; l'acc\u00e9s directe a la Casa d'Exercicis (encara per construir en aquesta fotografia); fins i tot, la casa que apareix al peu del cam\u00ed de la Cova ha sofert obres de reforma i, finalment, cal remarcar que l'electricitat ha arribat tamb\u00e9 al tantes vegades abandonat districte cinqu\u00e8 (que comprenia el barri de la Cova, torrent de Sant Ignasi, les Escodines i Santa Clara enll\u00e0). \nProced\u00e8ncia: Arxiu Comarcal del Bages<\/p><\/li><li><a href=\"https:\/\/www.memoria.cat\/passat\/wp-content\/uploads\/sites\/51\/2020\/10\/MANRESA-7_VISTES-PARCIALS-DES-DE-LA-COVA-DE-SANT-IGNASI-9_E-269.jpg\" title=\"Fotografia de la bas\u00edlica de la Seu i el riu Cardener.\nProced\u00e8ncia: Arxiu Comarcal del Bages\"><img loading=\"lazy\" decoding=\"async\" src=\"https:\/\/www.memoria.cat\/passat\/wp-content\/uploads\/sites\/51\/2020\/10\/MANRESA-7_VISTES-PARCIALS-DES-DE-LA-COVA-DE-SANT-IGNASI-9_E-269-300x196.jpg\" alt=\"Fotografia de la bas\u00edlica de la Seu i el riu Cardener.\nProced\u00e8ncia: Arxiu Comarcal del Bages\" width=\"352\" height=\"230\" \/><\/a><p class=\"jig-HTMLdescription\">Fotografia de la bas\u00edlica de la Seu i el riu Cardener.\nProced\u00e8ncia: Arxiu Comarcal del Bages<\/p><\/li><li><a href=\"https:\/\/www.memoria.cat\/passat\/wp-content\/uploads\/sites\/51\/2020\/10\/MANRESA-7_VISTES-PARCIALS-DES-DE-LA-COVA-DE-SANT-IGNASI-10_BN103.jpg\" title=\"La Seu i el riu Cardener, vistos des de la Cova de Sant Ignasi. Tal com deia en to l\u00edric &quot;L&#039;Abella d&#039;Or&quot; l&#039;any 1928, \u00abper una banda, la pedra picada que toca, dir\u00edeu, al cel; per una altra banda, el riu que s&#039;abra\u00e7a amb la terra, tot reflectint el cel. Visi\u00f3 de Manresa, que t\u00e9 alguna cosa de grandi\u00f3s i al mateix temps alguna cosa de manyac. D&#039;all\u00f2 que usualment s&#039;anomenen &quot;vistes&quot; de poblacions, aquesta \u00e9s sens dubte de les qui produeixen un efecte excel\u00b7lent de deb\u00f2. I pensar que dins d&#039;aquest recinte s&#039;enclou tanta riquesa d&#039;esperit i de treball, aix\u00f2 fa que la visi\u00f3 sigui encara m\u00e9s comfortable\u00bb . En efecte, des d&#039;aquest punt s&#039;albiren, si b\u00e9 llunyanes, la f\u00e0brica de sedes Balcells, la f\u00e0brica del pont de fusta i la f\u00e0brica Vi\u00f1as. Proced\u00e8ncia: Arxiu Jaume Pons i Agull\u00f3\"><img loading=\"lazy\" decoding=\"async\" src=\"https:\/\/www.memoria.cat\/passat\/wp-content\/uploads\/sites\/51\/2020\/10\/MANRESA-7_VISTES-PARCIALS-DES-DE-LA-COVA-DE-SANT-IGNASI-10_BN103-300x223.jpg\" alt=\"La Seu i el riu Cardener, vistos des de la Cova de Sant Ignasi. Tal com deia en to l\u00edric &quot;L&#039;Abella d&#039;Or&quot; l&#039;any 1928, \u00abper una banda, la pedra picada que toca, dir\u00edeu, al cel; per una altra banda, el riu que s&#039;abra\u00e7a amb la terra, tot reflectint el cel. Visi\u00f3 de Manresa, que t\u00e9 alguna cosa de grandi\u00f3s i al mateix temps alguna cosa de manyac. D&#039;all\u00f2 que usualment s&#039;anomenen &quot;vistes&quot; de poblacions, aquesta \u00e9s sens dubte de les qui produeixen un efecte excel\u00b7lent de deb\u00f2. I pensar que dins d&#039;aquest recinte s&#039;enclou tanta riquesa d&#039;esperit i de treball, aix\u00f2 fa que la visi\u00f3 sigui encara m\u00e9s comfortable\u00bb . En efecte, des d&#039;aquest punt s&#039;albiren, si b\u00e9 llunyanes, la f\u00e0brica de sedes Balcells, la f\u00e0brica del pont de fusta i la f\u00e0brica Vi\u00f1as. Proced\u00e8ncia: Arxiu Jaume Pons i Agull\u00f3\" width=\"309\" height=\"230\" \/><\/a><p class=\"jig-HTMLdescription\">La Seu i el riu Cardener, vistos des de la Cova de Sant Ignasi. Tal com deia en to l\u00edric \"L'Abella d'Or\" l'any 1928, \u00abper una banda, la pedra picada que toca, dir\u00edeu, al cel; per una altra banda, el riu que s'abra\u00e7a amb la terra, tot reflectint el cel. Visi\u00f3 de Manresa, que t\u00e9 alguna cosa de grandi\u00f3s i al mateix temps alguna cosa de manyac. D'all\u00f2 que usualment s'anomenen \"vistes\" de poblacions, aquesta \u00e9s sens dubte de les qui produeixen un efecte excel\u00b7lent de deb\u00f2. I pensar que dins d'aquest recinte s'enclou tanta riquesa d'esperit i de treball, aix\u00f2 fa que la visi\u00f3 sigui encara m\u00e9s comfortable\u00bb . En efecte, des d'aquest punt s'albiren, si b\u00e9 llunyanes, la f\u00e0brica de sedes Balcells, la f\u00e0brica del pont de fusta i la f\u00e0brica Vi\u00f1as. Proced\u00e8ncia: Arxiu Jaume Pons i Agull\u00f3<\/p><\/li><li><a href=\"https:\/\/www.memoria.cat\/passat\/wp-content\/uploads\/sites\/51\/2020\/10\/MANRESA-7_VISTES-PARCIALS-DES-DE-LA-COVA-DE-SANT-IGNASI-11_BNF104-1.jpg\" title=\"La Seu i els jardins que l&#039;envolten. A la dreta, l&#039;edifici dels jutjats, que tamb\u00e9 des del 1882 encab\u00ed provisionalment la sala de l&#039;Audi\u00e8ncia del Criminal. La fotografia degu\u00e9 ser presa l&#039;any 1917: el nou baptisteri ja hi \u00e9s adossat, mentre que l&#039;agulla piramidal del campanar \u00e9s a punt de ser aixecada. Els jardins del parc foren condicionats l&#039;any 1887. \nProced\u00e8ncia: Arxiu Jaume Pons i Agull\u00f3\"><img loading=\"lazy\" decoding=\"async\" src=\"https:\/\/www.memoria.cat\/passat\/wp-content\/uploads\/sites\/51\/2020\/10\/MANRESA-7_VISTES-PARCIALS-DES-DE-LA-COVA-DE-SANT-IGNASI-11_BNF104-1-300x223.jpg\" alt=\"La Seu i els jardins que l&#039;envolten. A la dreta, l&#039;edifici dels jutjats, que tamb\u00e9 des del 1882 encab\u00ed provisionalment la sala de l&#039;Audi\u00e8ncia del Criminal. La fotografia degu\u00e9 ser presa l&#039;any 1917: el nou baptisteri ja hi \u00e9s adossat, mentre que l&#039;agulla piramidal del campanar \u00e9s a punt de ser aixecada. Els jardins del parc foren condicionats l&#039;any 1887. \nProced\u00e8ncia: Arxiu Jaume Pons i Agull\u00f3\" width=\"309\" height=\"230\" \/><\/a><p class=\"jig-HTMLdescription\">La Seu i els jardins que l'envolten. A la dreta, l'edifici dels jutjats, que tamb\u00e9 des del 1882 encab\u00ed provisionalment la sala de l'Audi\u00e8ncia del Criminal. La fotografia degu\u00e9 ser presa l'any 1917: el nou baptisteri ja hi \u00e9s adossat, mentre que l'agulla piramidal del campanar \u00e9s a punt de ser aixecada. Els jardins del parc foren condicionats l'any 1887. \nProced\u00e8ncia: Arxiu Jaume Pons i Agull\u00f3<\/p><\/li><li><a href=\"https:\/\/www.memoria.cat\/passat\/wp-content\/uploads\/sites\/51\/2020\/10\/MANRESA-7_VISTES-PARCIALS-DES-DE-LA-COVA-DE-SANT-IGNASI-12_BN105.jpg\" title=\"La bas\u00edlica de Santa Maria de la Seu vista des del peu del mol\u00ed del Salt durant els anys deu del segle passat. \nProced\u00e8ncia: Arxiu Jaume Pons i Agull\u00f3\"><img loading=\"lazy\" decoding=\"async\" src=\"https:\/\/www.memoria.cat\/passat\/wp-content\/uploads\/sites\/51\/2020\/10\/MANRESA-7_VISTES-PARCIALS-DES-DE-LA-COVA-DE-SANT-IGNASI-12_BN105-222x300.jpg\" alt=\"La bas\u00edlica de Santa Maria de la Seu vista des del peu del mol\u00ed del Salt durant els anys deu del segle passat. \nProced\u00e8ncia: Arxiu Jaume Pons i Agull\u00f3\" width=\"170\" height=\"230\" \/><\/a><p class=\"jig-HTMLdescription\">La bas\u00edlica de Santa Maria de la Seu vista des del peu del mol\u00ed del Salt durant els anys deu del segle passat. \nProced\u00e8ncia: Arxiu Jaume Pons i Agull\u00f3<\/p><\/li><\/ul><\/noscript><\/div>\n","protected":false},"excerpt":{"rendered":"","protected":false},"author":27,"featured_media":0,"parent":0,"menu_order":0,"comment_status":"closed","ping_status":"closed","template":"","meta":{"iawp_total_views":35,"footnotes":""},"class_list":["post-73614","page","type-page","status-publish","hentry"],"_links":{"self":[{"href":"https:\/\/www.memoria.cat\/passat\/wp-json\/wp\/v2\/pages\/73614","targetHints":{"allow":["GET"]}}],"collection":[{"href":"https:\/\/www.memoria.cat\/passat\/wp-json\/wp\/v2\/pages"}],"about":[{"href":"https:\/\/www.memoria.cat\/passat\/wp-json\/wp\/v2\/types\/page"}],"author":[{"embeddable":true,"href":"https:\/\/www.memoria.cat\/passat\/wp-json\/wp\/v2\/users\/27"}],"replies":[{"embeddable":true,"href":"https:\/\/www.memoria.cat\/passat\/wp-json\/wp\/v2\/comments?post=73614"}],"version-history":[{"count":0,"href":"https:\/\/www.memoria.cat\/passat\/wp-json\/wp\/v2\/pages\/73614\/revisions"}],"wp:attachment":[{"href":"https:\/\/www.memoria.cat\/passat\/wp-json\/wp\/v2\/media?parent=73614"}],"curies":[{"name":"wp","href":"https:\/\/api.w.org\/{rel}","templated":true}]}}