{"id":81518,"date":"2025-05-09T20:28:44","date_gmt":"2025-05-09T19:28:44","guid":{"rendered":"https:\/\/www.memoria.cat\/mestres\/?page_id=81518"},"modified":"2025-05-09T20:36:58","modified_gmt":"2025-05-09T19:36:58","slug":"ignasi-tarres-llado","status":"publish","type":"page","link":"https:\/\/www.memoria.cat\/mestres\/ignasi-tarres-llado\/","title":{"rendered":"Ignasi Tarr\u00e9s Llad\u00f3, alumne del Grup Escolar Renaixen\u00e7a (i nebot del mestre Hermenegild Llad\u00f3 Bilarr\u00fabies)"},"content":{"rendered":"<p><iframe title=\"MemoriaCat-Mestres-002-Ignasi_Tarres_Llado.mp4\" src=\"https:\/\/player.vimeo.com\/video\/61337529?dnt=1&amp;app_id=122963\" width=\"640\" height=\"360\" frameborder=\"0\" allow=\"autoplay; fullscreen; picture-in-picture; clipboard-write; encrypted-media\"><\/iframe><\/p>\n","protected":false},"excerpt":{"rendered":"","protected":false},"author":1,"featured_media":0,"parent":0,"menu_order":0,"comment_status":"closed","ping_status":"closed","template":"","meta":{"footnotes":""},"class_list":["post-81518","page","type-page","status-publish","hentry"],"_links":{"self":[{"href":"https:\/\/www.memoria.cat\/mestres\/wp-json\/wp\/v2\/pages\/81518","targetHints":{"allow":["GET"]}}],"collection":[{"href":"https:\/\/www.memoria.cat\/mestres\/wp-json\/wp\/v2\/pages"}],"about":[{"href":"https:\/\/www.memoria.cat\/mestres\/wp-json\/wp\/v2\/types\/page"}],"author":[{"embeddable":true,"href":"https:\/\/www.memoria.cat\/mestres\/wp-json\/wp\/v2\/users\/1"}],"replies":[{"embeddable":true,"href":"https:\/\/www.memoria.cat\/mestres\/wp-json\/wp\/v2\/comments?post=81518"}],"version-history":[{"count":0,"href":"https:\/\/www.memoria.cat\/mestres\/wp-json\/wp\/v2\/pages\/81518\/revisions"}],"wp:attachment":[{"href":"https:\/\/www.memoria.cat\/mestres\/wp-json\/wp\/v2\/media?parent=81518"}],"curies":[{"name":"wp","href":"https:\/\/api.w.org\/{rel}","templated":true}]}}