{"id":81505,"date":"2025-05-09T20:18:02","date_gmt":"2025-05-09T19:18:02","guid":{"rendered":"https:\/\/www.memoria.cat\/mestres\/?page_id=81505"},"modified":"2025-05-09T20:18:02","modified_gmt":"2025-05-09T19:18:02","slug":"neus-montserrat-delhom","status":"publish","type":"page","link":"https:\/\/www.memoria.cat\/mestres\/neus-montserrat-delhom\/","title":{"rendered":"Neus Montserrat Delhom, filla de Rosa Delhom Brugu\u00e9s, mestra del Grup Escolar Renaixen\u00e7a, i de Francesc Montserrat Navau, mestre de Borred\u00e0"},"content":{"rendered":"<p><iframe title=\"MemoriaCat-Mestres-007-Neus_Montserrat_Delhom.mp4\" src=\"https:\/\/player.vimeo.com\/video\/61337609?dnt=1&amp;app_id=122963\" width=\"640\" height=\"360\" frameborder=\"0\" allow=\"autoplay; fullscreen; picture-in-picture; clipboard-write; encrypted-media\"><\/iframe><\/p>\n","protected":false},"excerpt":{"rendered":"","protected":false},"author":1,"featured_media":0,"parent":0,"menu_order":0,"comment_status":"closed","ping_status":"closed","template":"","meta":{"footnotes":""},"class_list":["post-81505","page","type-page","status-publish","hentry"],"_links":{"self":[{"href":"https:\/\/www.memoria.cat\/mestres\/wp-json\/wp\/v2\/pages\/81505","targetHints":{"allow":["GET"]}}],"collection":[{"href":"https:\/\/www.memoria.cat\/mestres\/wp-json\/wp\/v2\/pages"}],"about":[{"href":"https:\/\/www.memoria.cat\/mestres\/wp-json\/wp\/v2\/types\/page"}],"author":[{"embeddable":true,"href":"https:\/\/www.memoria.cat\/mestres\/wp-json\/wp\/v2\/users\/1"}],"replies":[{"embeddable":true,"href":"https:\/\/www.memoria.cat\/mestres\/wp-json\/wp\/v2\/comments?post=81505"}],"version-history":[{"count":0,"href":"https:\/\/www.memoria.cat\/mestres\/wp-json\/wp\/v2\/pages\/81505\/revisions"}],"wp:attachment":[{"href":"https:\/\/www.memoria.cat\/mestres\/wp-json\/wp\/v2\/media?parent=81505"}],"curies":[{"name":"wp","href":"https:\/\/api.w.org\/{rel}","templated":true}]}}