{"id":81164,"date":"2025-05-09T20:10:48","date_gmt":"2025-05-09T19:10:48","guid":{"rendered":"https:\/\/www.memoria.cat\/mestres\/?page_id=81164"},"modified":"2025-05-09T21:12:08","modified_gmt":"2025-05-09T20:12:08","slug":"videos-dentrevistes-a-familiars-de-mestres-i-a-alumnes","status":"publish","type":"page","link":"https:\/\/www.memoria.cat\/mestres\/videos-dentrevistes-a-familiars-de-mestres-i-a-alumnes\/","title":{"rendered":"V\u00eddeos d&#8217;entrevistes a familiars de mestres i a alumnes"},"content":{"rendered":"\t\t<div data-elementor-type=\"wp-page\" data-elementor-id=\"81164\" class=\"elementor elementor-81164\" data-elementor-post-type=\"page\">\n\t\t\t\t<div class=\"elementor-element elementor-element-4643303d e-flex e-con-boxed e-con e-parent\" data-id=\"4643303d\" data-element_type=\"container\">\n\t\t\t\t\t<div class=\"e-con-inner\">\n\t\t\t\t<div class=\"elementor-element elementor-element-14f9b99 elementor-widget elementor-widget-heading\" data-id=\"14f9b99\" data-element_type=\"widget\" data-widget_type=\"heading.default\">\n\t\t\t\t<div class=\"elementor-widget-container\">\n\t\t\t\t\t<h3 class=\"elementor-heading-title elementor-size-default\">Familiars de mestres que exerciren a Manresa<\/h3>\t\t\t\t<\/div>\n\t\t\t\t<\/div>\n\t\t<div class=\"elementor-element elementor-element-bcb402e e-con-full e-flex e-con e-child\" data-id=\"bcb402e\" data-element_type=\"container\">\n\t\t<div class=\"elementor-element elementor-element-b586a11 e-flex e-con-boxed e-con e-child\" data-id=\"b586a11\" data-element_type=\"container\">\n\t\t\t\t\t<div class=\"e-con-inner\">\n\t\t<div class=\"elementor-element elementor-element-5945207 e-con-full e-flex e-con e-child\" data-id=\"5945207\" data-element_type=\"container\">\n\t\t\t\t<div class=\"elementor-element elementor-element-85122ad elementor-widget elementor-widget-image\" data-id=\"85122ad\" data-element_type=\"widget\" data-widget_type=\"image.default\">\n\t\t\t\t<div class=\"elementor-widget-container\">\n\t\t\t\t\t\t\t\t\t\t\t\t\t\t\t\t<a href=\"https:\/\/www.memoria.cat\/mestres\/joan-maria-i-pedro-menendez-arango-tost\/\">\n\t\t\t\t\t\t\t<img fetchpriority=\"high\" decoding=\"async\" width=\"300\" height=\"225\" src=\"https:\/\/www.memoria.cat\/mestres\/wp-content\/uploads\/sites\/195\/2025\/04\/joan-maria-i-pedro-menendez-arango-tost-300x225.jpg\" class=\"attachment-medium size-medium wp-image-81165\" alt=\"\" srcset=\"https:\/\/www.memoria.cat\/mestres\/wp-content\/uploads\/sites\/195\/2025\/04\/joan-maria-i-pedro-menendez-arango-tost-300x225.jpg 300w, https:\/\/www.memoria.cat\/mestres\/wp-content\/uploads\/sites\/195\/2025\/04\/joan-maria-i-pedro-menendez-arango-tost.jpg 374w\" sizes=\"(max-width: 300px) 100vw, 300px\" \/>\t\t\t\t\t\t\t\t<\/a>\n\t\t\t\t\t\t\t\t\t\t\t\t\t\t\t<\/div>\n\t\t\t\t<\/div>\n\t\t\t\t<div class=\"elementor-element elementor-element-9a89108 elementor-widget elementor-widget-text-editor\" data-id=\"9a89108\" data-element_type=\"widget\" data-widget_type=\"text-editor.default\">\n\t\t\t\t<div class=\"elementor-widget-container\">\n\t\t\t\t\t\t\t\t\t<p><strong>Joan Maria i Pedro Men\u00e9ndez-Arango Tost<\/strong><\/p><p>Fills del mestre Pere Men\u00e9ndez-Arango Tarrida<\/p>\t\t\t\t\t\t\t\t<\/div>\n\t\t\t\t<\/div>\n\t\t\t\t<\/div>\n\t\t<div class=\"elementor-element elementor-element-9f65930 e-con-full e-flex e-con e-child\" data-id=\"9f65930\" data-element_type=\"container\">\n\t\t\t\t<div class=\"elementor-element elementor-element-6f1836d elementor-widget elementor-widget-image\" data-id=\"6f1836d\" data-element_type=\"widget\" data-widget_type=\"image.default\">\n\t\t\t\t<div class=\"elementor-widget-container\">\n\t\t\t\t\t\t\t\t\t\t\t\t\t\t\t\t<a href=\"https:\/\/www.memoria.cat\/mestres\/david-invers-aymerich\/\">\n\t\t\t\t\t\t\t<img decoding=\"async\" width=\"300\" height=\"225\" src=\"https:\/\/www.memoria.cat\/mestres\/wp-content\/uploads\/sites\/195\/2025\/04\/david-invers-aymerich-300x225.jpg\" class=\"attachment-medium size-medium wp-image-81181\" alt=\"\" srcset=\"https:\/\/www.memoria.cat\/mestres\/wp-content\/uploads\/sites\/195\/2025\/04\/david-invers-aymerich-300x225.jpg 300w, https:\/\/www.memoria.cat\/mestres\/wp-content\/uploads\/sites\/195\/2025\/04\/david-invers-aymerich.jpg 374w\" sizes=\"(max-width: 300px) 100vw, 300px\" \/>\t\t\t\t\t\t\t\t<\/a>\n\t\t\t\t\t\t\t\t\t\t\t\t\t\t\t<\/div>\n\t\t\t\t<\/div>\n\t\t\t\t<div class=\"elementor-element elementor-element-dc52365 elementor-widget elementor-widget-text-editor\" data-id=\"dc52365\" data-element_type=\"widget\" data-widget_type=\"text-editor.default\">\n\t\t\t\t<div class=\"elementor-widget-container\">\n\t\t\t\t\t\t\t\t\t<p><strong>David Invers Aymerich<\/strong><\/p><p>Fill del mestre Antoni Invers Pi<\/p>\t\t\t\t\t\t\t\t<\/div>\n\t\t\t\t<\/div>\n\t\t\t\t<\/div>\n\t\t<div class=\"elementor-element elementor-element-b876841 e-con-full e-flex e-con e-child\" data-id=\"b876841\" data-element_type=\"container\">\n\t\t\t\t<div class=\"elementor-element elementor-element-034a7ac elementor-widget elementor-widget-image\" data-id=\"034a7ac\" data-element_type=\"widget\" data-widget_type=\"image.default\">\n\t\t\t\t<div class=\"elementor-widget-container\">\n\t\t\t\t\t\t\t\t\t\t\t\t\t\t\t\t<a href=\"https:\/\/www.memoria.cat\/mestres\/angelina-mora-mas\/\">\n\t\t\t\t\t\t\t<img decoding=\"async\" width=\"300\" height=\"225\" src=\"https:\/\/www.memoria.cat\/mestres\/wp-content\/uploads\/sites\/195\/2025\/04\/angelina-mora-mas-300x225.jpg\" class=\"attachment-medium size-medium wp-image-81179\" alt=\"\" srcset=\"https:\/\/www.memoria.cat\/mestres\/wp-content\/uploads\/sites\/195\/2025\/04\/angelina-mora-mas-300x225.jpg 300w, https:\/\/www.memoria.cat\/mestres\/wp-content\/uploads\/sites\/195\/2025\/04\/angelina-mora-mas.jpg 374w\" sizes=\"(max-width: 300px) 100vw, 300px\" \/>\t\t\t\t\t\t\t\t<\/a>\n\t\t\t\t\t\t\t\t\t\t\t\t\t\t\t<\/div>\n\t\t\t\t<\/div>\n\t\t\t\t<div class=\"elementor-element elementor-element-aa841a2 elementor-widget elementor-widget-text-editor\" data-id=\"aa841a2\" data-element_type=\"widget\" data-widget_type=\"text-editor.default\">\n\t\t\t\t<div class=\"elementor-widget-container\">\n\t\t\t\t\t\t\t\t\t<p><strong>Angelina i Francesc Xavier Mora Mas<\/strong><\/p><p>Fills de la mestra Dolors Mas de la Fuente<\/p>\t\t\t\t\t\t\t\t<\/div>\n\t\t\t\t<\/div>\n\t\t\t\t<\/div>\n\t\t<div class=\"elementor-element elementor-element-f5f8fcb e-con-full e-flex e-con e-child\" data-id=\"f5f8fcb\" data-element_type=\"container\">\n\t\t\t\t<div class=\"elementor-element elementor-element-e6a5217 elementor-widget elementor-widget-image\" data-id=\"e6a5217\" data-element_type=\"widget\" data-widget_type=\"image.default\">\n\t\t\t\t<div class=\"elementor-widget-container\">\n\t\t\t\t\t\t\t\t\t\t\t\t\t\t\t\t<a href=\"https:\/\/www.memoria.cat\/mestres\/neus-montserrat-delhom\/\">\n\t\t\t\t\t\t\t<img loading=\"lazy\" decoding=\"async\" width=\"300\" height=\"225\" src=\"https:\/\/www.memoria.cat\/mestres\/wp-content\/uploads\/sites\/195\/2025\/04\/neus-montserrat-delhom-300x225.jpg\" class=\"attachment-medium size-medium wp-image-81173\" alt=\"\" srcset=\"https:\/\/www.memoria.cat\/mestres\/wp-content\/uploads\/sites\/195\/2025\/04\/neus-montserrat-delhom-300x225.jpg 300w, https:\/\/www.memoria.cat\/mestres\/wp-content\/uploads\/sites\/195\/2025\/04\/neus-montserrat-delhom.jpg 374w\" sizes=\"(max-width: 300px) 100vw, 300px\" \/>\t\t\t\t\t\t\t\t<\/a>\n\t\t\t\t\t\t\t\t\t\t\t\t\t\t\t<\/div>\n\t\t\t\t<\/div>\n\t\t\t\t<div class=\"elementor-element elementor-element-c06b47a elementor-widget elementor-widget-text-editor\" data-id=\"c06b47a\" data-element_type=\"widget\" data-widget_type=\"text-editor.default\">\n\t\t\t\t<div class=\"elementor-widget-container\">\n\t\t\t\t\t\t\t\t\t<p><strong>Neus Montserrat Delhom<\/strong><\/p><p>Filla de Rosa Delhom Brugu\u00e9s, mestra del Grup Escolar Renaixen\u00e7a, i de Francesc Montserrat Navau, mestre de Borred\u00e0<\/p>\t\t\t\t\t\t\t\t<\/div>\n\t\t\t\t<\/div>\n\t\t\t\t<\/div>\n\t\t<div class=\"elementor-element elementor-element-0aa9c65 e-con-full e-flex e-con e-child\" data-id=\"0aa9c65\" data-element_type=\"container\">\n\t\t\t\t<div class=\"elementor-element elementor-element-5edc1b2 elementor-widget elementor-widget-image\" data-id=\"5edc1b2\" data-element_type=\"widget\" data-widget_type=\"image.default\">\n\t\t\t\t<div class=\"elementor-widget-container\">\n\t\t\t\t\t\t\t\t\t\t\t\t\t\t\t\t<a href=\"https:\/\/www.memoria.cat\/mestres\/sebastia-rovira-tenas\/\">\n\t\t\t\t\t\t\t<img loading=\"lazy\" decoding=\"async\" width=\"300\" height=\"225\" src=\"https:\/\/www.memoria.cat\/mestres\/wp-content\/uploads\/sites\/195\/2025\/04\/sebastia-rovira-tenas-300x225.jpg\" class=\"attachment-medium size-medium wp-image-81177\" alt=\"\" srcset=\"https:\/\/www.memoria.cat\/mestres\/wp-content\/uploads\/sites\/195\/2025\/04\/sebastia-rovira-tenas-300x225.jpg 300w, https:\/\/www.memoria.cat\/mestres\/wp-content\/uploads\/sites\/195\/2025\/04\/sebastia-rovira-tenas.jpg 374w\" sizes=\"(max-width: 300px) 100vw, 300px\" \/>\t\t\t\t\t\t\t\t<\/a>\n\t\t\t\t\t\t\t\t\t\t\t\t\t\t\t<\/div>\n\t\t\t\t<\/div>\n\t\t\t\t<div class=\"elementor-element elementor-element-c8542f3 elementor-widget elementor-widget-text-editor\" data-id=\"c8542f3\" data-element_type=\"widget\" data-widget_type=\"text-editor.default\">\n\t\t\t\t<div class=\"elementor-widget-container\">\n\t\t\t\t\t\t\t\t\t<p><strong>Sebasti\u00e0 Rovira Tenas<\/strong><\/p><p>Germ\u00e0 de la mestra Assumpci\u00f3 Rovira Tenas<\/p>\t\t\t\t\t\t\t\t<\/div>\n\t\t\t\t<\/div>\n\t\t\t\t<\/div>\n\t\t\t\t\t<\/div>\n\t\t\t\t<\/div>\n\t\t\t\t<\/div>\n\t\t\t\t<div class=\"elementor-element elementor-element-fadc257 elementor-widget elementor-widget-heading\" data-id=\"fadc257\" data-element_type=\"widget\" data-widget_type=\"heading.default\">\n\t\t\t\t<div class=\"elementor-widget-container\">\n\t\t\t\t\t<h3 class=\"elementor-heading-title elementor-size-default\">Familiars de mestres manresans que exerciren fora de Manresa<\/h3>\t\t\t\t<\/div>\n\t\t\t\t<\/div>\n\t\t<div class=\"elementor-element elementor-element-394bcd7 e-con-full e-flex e-con e-child\" data-id=\"394bcd7\" data-element_type=\"container\">\n\t\t<div class=\"elementor-element elementor-element-fa678dc e-flex e-con-boxed e-con e-child\" data-id=\"fa678dc\" data-element_type=\"container\">\n\t\t\t\t\t<div class=\"e-con-inner\">\n\t\t<div class=\"elementor-element elementor-element-31e4e85 e-con-full e-flex e-con e-child\" data-id=\"31e4e85\" data-element_type=\"container\">\n\t\t\t\t<div class=\"elementor-element elementor-element-82decc9 elementor-widget elementor-widget-image\" data-id=\"82decc9\" data-element_type=\"widget\" data-widget_type=\"image.default\">\n\t\t\t\t<div class=\"elementor-widget-container\">\n\t\t\t\t\t\t\t\t\t\t\t\t\t\t\t\t<a href=\"https:\/\/www.memoria.cat\/mestres\/maria-dolors-valls-i-prat\/\">\n\t\t\t\t\t\t\t<img loading=\"lazy\" decoding=\"async\" width=\"300\" height=\"225\" src=\"https:\/\/www.memoria.cat\/mestres\/wp-content\/uploads\/sites\/195\/2025\/04\/maria-dolors-valls-i-prat-300x225.jpg\" class=\"attachment-medium size-medium wp-image-81169\" alt=\"\" srcset=\"https:\/\/www.memoria.cat\/mestres\/wp-content\/uploads\/sites\/195\/2025\/04\/maria-dolors-valls-i-prat-300x225.jpg 300w, https:\/\/www.memoria.cat\/mestres\/wp-content\/uploads\/sites\/195\/2025\/04\/maria-dolors-valls-i-prat.jpg 374w\" sizes=\"(max-width: 300px) 100vw, 300px\" \/>\t\t\t\t\t\t\t\t<\/a>\n\t\t\t\t\t\t\t\t\t\t\t\t\t\t\t<\/div>\n\t\t\t\t<\/div>\n\t\t\t\t<div class=\"elementor-element elementor-element-cb67daf elementor-widget elementor-widget-text-editor\" data-id=\"cb67daf\" data-element_type=\"widget\" data-widget_type=\"text-editor.default\">\n\t\t\t\t<div class=\"elementor-widget-container\">\n\t\t\t\t\t\t\t\t\t<p><strong>Maria Dolors Valls i Prat<\/strong><\/p><p>Filla d\u2019Amor Prat i Oliva, mestra de la Col\u00f2nia Mar\u00e7al de Puig-reig (1926-1936)<\/p>\t\t\t\t\t\t\t\t<\/div>\n\t\t\t\t<\/div>\n\t\t\t\t<\/div>\n\t\t<div class=\"elementor-element elementor-element-89a3418 e-con-full e-flex e-con e-child\" data-id=\"89a3418\" data-element_type=\"container\">\n\t\t\t\t<div class=\"elementor-element elementor-element-1736caa elementor-widget elementor-widget-image\" data-id=\"1736caa\" data-element_type=\"widget\" data-widget_type=\"image.default\">\n\t\t\t\t<div class=\"elementor-widget-container\">\n\t\t\t\t\t\t\t\t\t\t\t\t\t\t\t\t<a href=\"https:\/\/www.memoria.cat\/mestres\/salvador-alapont-masats\/\">\n\t\t\t\t\t\t\t<img loading=\"lazy\" decoding=\"async\" width=\"300\" height=\"225\" src=\"https:\/\/www.memoria.cat\/mestres\/wp-content\/uploads\/sites\/195\/2025\/04\/salvador-alapont-masats-300x225.jpg\" class=\"attachment-medium size-medium wp-image-81175\" alt=\"\" srcset=\"https:\/\/www.memoria.cat\/mestres\/wp-content\/uploads\/sites\/195\/2025\/04\/salvador-alapont-masats-300x225.jpg 300w, https:\/\/www.memoria.cat\/mestres\/wp-content\/uploads\/sites\/195\/2025\/04\/salvador-alapont-masats.jpg 374w\" sizes=\"(max-width: 300px) 100vw, 300px\" \/>\t\t\t\t\t\t\t\t<\/a>\n\t\t\t\t\t\t\t\t\t\t\t\t\t\t\t<\/div>\n\t\t\t\t<\/div>\n\t\t\t\t<div class=\"elementor-element elementor-element-5231879 elementor-widget elementor-widget-text-editor\" data-id=\"5231879\" data-element_type=\"widget\" data-widget_type=\"text-editor.default\">\n\t\t\t\t<div class=\"elementor-widget-container\">\n\t\t\t\t\t\t\t\t\t<p><strong>Salvador Alapont Masats<\/strong><\/p><p>Fill del mestre Salvador Alapont Sanz<\/p>\t\t\t\t\t\t\t\t<\/div>\n\t\t\t\t<\/div>\n\t\t\t\t<\/div>\n\t\t<div class=\"elementor-element elementor-element-efd6455 e-con-full e-flex e-con e-child\" data-id=\"efd6455\" data-element_type=\"container\">\n\t\t\t\t<div class=\"elementor-element elementor-element-f63c7c9 elementor-widget elementor-widget-image\" data-id=\"f63c7c9\" data-element_type=\"widget\" data-widget_type=\"image.default\">\n\t\t\t\t<div class=\"elementor-widget-container\">\n\t\t\t\t\t\t\t\t\t\t\t\t\t\t\t\t<a href=\"https:\/\/www.memoria.cat\/mestres\/josep-herms-i-mateu\/\">\n\t\t\t\t\t\t\t<img loading=\"lazy\" decoding=\"async\" width=\"300\" height=\"225\" src=\"https:\/\/www.memoria.cat\/mestres\/wp-content\/uploads\/sites\/195\/2025\/04\/josep-herms-i-mateu-300x225.jpg\" class=\"attachment-medium size-medium wp-image-81167\" alt=\"\" srcset=\"https:\/\/www.memoria.cat\/mestres\/wp-content\/uploads\/sites\/195\/2025\/04\/josep-herms-i-mateu-300x225.jpg 300w, https:\/\/www.memoria.cat\/mestres\/wp-content\/uploads\/sites\/195\/2025\/04\/josep-herms-i-mateu.jpg 374w\" sizes=\"(max-width: 300px) 100vw, 300px\" \/>\t\t\t\t\t\t\t\t<\/a>\n\t\t\t\t\t\t\t\t\t\t\t\t\t\t\t<\/div>\n\t\t\t\t<\/div>\n\t\t\t\t<div class=\"elementor-element elementor-element-3479325 elementor-widget elementor-widget-text-editor\" data-id=\"3479325\" data-element_type=\"widget\" data-widget_type=\"text-editor.default\">\n\t\t\t\t<div class=\"elementor-widget-container\">\n\t\t\t\t\t\t\t\t\t<p><strong>Josep Herms i Mateu<\/strong><\/p><p>Germ\u00e0 de la mestra Joana Herms i Mateu<\/p>\t\t\t\t\t\t\t\t<\/div>\n\t\t\t\t<\/div>\n\t\t\t\t<\/div>\n\t\t\t\t\t<\/div>\n\t\t\t\t<\/div>\n\t\t\t\t<\/div>\n\t\t\t\t<div class=\"elementor-element elementor-element-8cb44e8 elementor-widget elementor-widget-heading\" data-id=\"8cb44e8\" data-element_type=\"widget\" data-widget_type=\"heading.default\">\n\t\t\t\t<div class=\"elementor-widget-container\">\n\t\t\t\t\t<h3 class=\"elementor-heading-title elementor-size-default\">Entrevistes a ex-alumnes<\/h3>\t\t\t\t<\/div>\n\t\t\t\t<\/div>\n\t\t<div class=\"elementor-element elementor-element-6c1bc65 e-con-full e-flex e-con e-child\" data-id=\"6c1bc65\" data-element_type=\"container\">\n\t\t<div class=\"elementor-element elementor-element-751fd54 e-flex e-con-boxed e-con e-child\" data-id=\"751fd54\" data-element_type=\"container\">\n\t\t\t\t\t<div class=\"e-con-inner\">\n\t\t<div class=\"elementor-element elementor-element-832819c e-con-full e-flex e-con e-child\" data-id=\"832819c\" data-element_type=\"container\">\n\t\t\t\t<div class=\"elementor-element elementor-element-1db00bd elementor-widget elementor-widget-image\" data-id=\"1db00bd\" data-element_type=\"widget\" data-widget_type=\"image.default\">\n\t\t\t\t<div class=\"elementor-widget-container\">\n\t\t\t\t\t\t\t\t\t\t\t\t\t\t\t\t<a href=\"https:\/\/www.memoria.cat\/mestres\/maria-verges-fargas-i-ma-rosa-i-ma-antonia-terme-costa\/\">\n\t\t\t\t\t\t\t<img loading=\"lazy\" decoding=\"async\" width=\"300\" height=\"226\" src=\"https:\/\/www.memoria.cat\/mestres\/wp-content\/uploads\/sites\/195\/2025\/04\/maria-verges-fargas-i-ma-rosa-i-ma-antonia-terme-costa-300x226.jpg\" class=\"attachment-medium size-medium wp-image-81171\" alt=\"\" srcset=\"https:\/\/www.memoria.cat\/mestres\/wp-content\/uploads\/sites\/195\/2025\/04\/maria-verges-fargas-i-ma-rosa-i-ma-antonia-terme-costa-300x226.jpg 300w, https:\/\/www.memoria.cat\/mestres\/wp-content\/uploads\/sites\/195\/2025\/04\/maria-verges-fargas-i-ma-rosa-i-ma-antonia-terme-costa.jpg 584w\" sizes=\"(max-width: 300px) 100vw, 300px\" \/>\t\t\t\t\t\t\t\t<\/a>\n\t\t\t\t\t\t\t\t\t\t\t\t\t\t\t<\/div>\n\t\t\t\t<\/div>\n\t\t\t\t<div class=\"elementor-element elementor-element-0a6d5d2 elementor-widget elementor-widget-text-editor\" data-id=\"0a6d5d2\" data-element_type=\"widget\" data-widget_type=\"text-editor.default\">\n\t\t\t\t<div class=\"elementor-widget-container\">\n\t\t\t\t\t\t\t\t\t<p><strong>Ma Rosa i Ma Ant\u00f2nia Terme Costa (nebodes de la mestra Genoveva Costa Serrate), i Maria Verg\u00e9s Fargas<\/strong><\/p><p>Alumnes del Grup Escolar Renaixen\u00e7a<\/p>\t\t\t\t\t\t\t\t<\/div>\n\t\t\t\t<\/div>\n\t\t\t\t<\/div>\n\t\t<div class=\"elementor-element elementor-element-1bd5ce1 e-con-full e-flex e-con e-child\" data-id=\"1bd5ce1\" data-element_type=\"container\">\n\t\t\t\t<div class=\"elementor-element elementor-element-d6de8b8 elementor-widget elementor-widget-image\" data-id=\"d6de8b8\" data-element_type=\"widget\" data-widget_type=\"image.default\">\n\t\t\t\t<div class=\"elementor-widget-container\">\n\t\t\t\t\t\t\t\t\t\t\t\t\t\t\t\t<a href=\"https:\/\/www.memoria.cat\/mestres\/ignasi-tarres-llado\/\">\n\t\t\t\t\t\t\t<img loading=\"lazy\" decoding=\"async\" width=\"300\" height=\"225\" src=\"https:\/\/www.memoria.cat\/mestres\/wp-content\/uploads\/sites\/195\/2025\/04\/ignasi-tarres-llado-300x225.jpg\" class=\"attachment-medium size-medium wp-image-81183\" alt=\"\" srcset=\"https:\/\/www.memoria.cat\/mestres\/wp-content\/uploads\/sites\/195\/2025\/04\/ignasi-tarres-llado-300x225.jpg 300w, https:\/\/www.memoria.cat\/mestres\/wp-content\/uploads\/sites\/195\/2025\/04\/ignasi-tarres-llado.jpg 374w\" sizes=\"(max-width: 300px) 100vw, 300px\" \/>\t\t\t\t\t\t\t\t<\/a>\n\t\t\t\t\t\t\t\t\t\t\t\t\t\t\t<\/div>\n\t\t\t\t<\/div>\n\t\t\t\t<div class=\"elementor-element elementor-element-8e5bb88 elementor-widget elementor-widget-text-editor\" data-id=\"8e5bb88\" data-element_type=\"widget\" data-widget_type=\"text-editor.default\">\n\t\t\t\t<div class=\"elementor-widget-container\">\n\t\t\t\t\t\t\t\t\t<p><strong>Ignasi Tarr\u00e9s Llad\u00f3<\/strong><\/p><p>Alumne del Grup Escolar Renaixen\u00e7a (i nebot del mestre Hermenegild Llad\u00f3 Bilarr\u00fabies)<\/p>\t\t\t\t\t\t\t\t<\/div>\n\t\t\t\t<\/div>\n\t\t\t\t<\/div>\n\t\t\t\t\t<\/div>\n\t\t\t\t<\/div>\n\t\t\t\t<\/div>\n\t\t\t\t\t<\/div>\n\t\t\t\t<\/div>\n\t\t\t\t<\/div>\n\t\t","protected":false},"excerpt":{"rendered":"<p>Familiars de mestres que exerciren a Manresa Joan Maria i Pedro Men\u00e9ndez-Arango Tost Fills del mestre Pere Men\u00e9ndez-Arango Tarrida David Invers Aymerich Fill del mestre Antoni Invers Pi Angelina i Francesc Xavier Mora Mas Fills de la mestra Dolors Mas de la Fuente Neus Montserrat Delhom Filla de Rosa Delhom Brugu\u00e9s, mestra del Grup Escolar [&hellip;]<\/p>\n","protected":false},"author":1,"featured_media":0,"parent":0,"menu_order":0,"comment_status":"closed","ping_status":"closed","template":"","meta":{"footnotes":""},"class_list":["post-81164","page","type-page","status-publish","hentry"],"_links":{"self":[{"href":"https:\/\/www.memoria.cat\/mestres\/wp-json\/wp\/v2\/pages\/81164","targetHints":{"allow":["GET"]}}],"collection":[{"href":"https:\/\/www.memoria.cat\/mestres\/wp-json\/wp\/v2\/pages"}],"about":[{"href":"https:\/\/www.memoria.cat\/mestres\/wp-json\/wp\/v2\/types\/page"}],"author":[{"embeddable":true,"href":"https:\/\/www.memoria.cat\/mestres\/wp-json\/wp\/v2\/users\/1"}],"replies":[{"embeddable":true,"href":"https:\/\/www.memoria.cat\/mestres\/wp-json\/wp\/v2\/comments?post=81164"}],"version-history":[{"count":0,"href":"https:\/\/www.memoria.cat\/mestres\/wp-json\/wp\/v2\/pages\/81164\/revisions"}],"wp:attachment":[{"href":"https:\/\/www.memoria.cat\/mestres\/wp-json\/wp\/v2\/media?parent=81164"}],"curies":[{"name":"wp","href":"https:\/\/api.w.org\/{rel}","templated":true}]}}