{"id":81008,"date":"2025-04-05T00:09:11","date_gmt":"2025-04-04T23:09:11","guid":{"rendered":"https:\/\/www.memoria.cat\/mestres\/?page_id=81008"},"modified":"2025-07-12T10:05:42","modified_gmt":"2025-07-12T09:05:42","slug":"credits","status":"publish","type":"page","link":"https:\/\/www.memoria.cat\/mestres\/credits\/","title":{"rendered":"Cr\u00e8dits"},"content":{"rendered":"<p><strong>Idea, direcci\u00f3 i coordinaci\u00f3 del projecte<\/strong>: Associaci\u00f3 Mem\u00f2ria i Hist\u00f2ria de Manresa<\/p>\n<p><strong>Redacci\u00f3 dels articles<\/strong>: Joan M. Serra<\/p>\n<p><strong>Gesti\u00f3 i organitzaci\u00f3 dels documents<\/strong>: Pol Huguet<\/p>\n<p><strong>Redacci\u00f3 dels peus de fotos<\/strong>: Joan M. Serra i Oriol Luj\u00e1n<\/p>\n<p><strong>Recerca als arxius<\/strong>: Joaquim Aloy, Oriol Luj\u00e1n, Conxita Parcerisas, Joan M. Serra i Guillem Sabat\u00e9<\/p>\n<p><strong>Recerca de familiars de mestres<\/strong>: Josep Alert<\/p>\n<p><strong>Entrevistes<\/strong>: Anna Pascual (6 entrevistes), Oriol Luj\u00e1n (4 entrevistes) i Joaquim Aloy (1 entrevista)<\/p>\n<p><strong>Gravaci\u00f3 i edici\u00f3 de les entrevistes<\/strong>: Georgina Farrando (5 entrevistes), D\u00eddac Garcia (4 entrevistes), Arnau Oliv\u00e9 (1 entrevista) i Josep Sarquella (1 entrevista)<\/p>\n<p><strong>Traducci\u00f3 dels textos al castell\u00e0<\/strong>: Pol Huguet i Joan M. Serra<\/p>\n<p><strong>Digitalitzaci\u00f3 dels documents<\/strong>: Marta Pich<\/p>\n<p><strong>Disseny del web<\/strong>: Arnau Aloy<\/p>\n<p><strong>Ordenaci\u00f3 i maquetaci\u00f3 del web<\/strong>: Oriol Perramon \/ Marc Prat, de\u00a0<a href=\"https:\/\/thanks.studio\/\" target=\"_blank\" rel=\"noopener\">Thanks Studio<\/a><\/p>\n<p><strong>Persones entrevistades<\/strong>:<br \/>\nNeus Montserrat Delhom, David Invers Aymerich, Angelina Mora Mas, Francesc Xavier Mora Mas, Joan Maria Men\u00e9ndez-Arango Tost, Pedro Men\u00e9ndez-Arango Tost, Sebasti\u00e0 Rovira Tenas, Maria Dolors Valls Prat, Salvador Alapont Masats, Josep Herms Mateu, Maria Verg\u00e9s Fargas, Ma Rosa Terme Costa, Ma Ant\u00f2nia Terme Costa i Ignasi Tarr\u00e9s Llad\u00f3<\/p>\n<p><strong>Proced\u00e8ncia dels documents i imatges<\/strong>: Arxiu Municipal de Manresa, Arxiu Comarcal del Bages, Arxiu Nacional de Catalunya, Archivo General de la Administraci\u00f3n, Tribunal Militar Territorial Tercer i diverses col\u00b7leccions familiars<\/p>\n<p><strong>Fotografia de la cap\u00e7alera del web<\/strong>: Instant\u00e0nia de les col\u00f2nies escolars celebrades a Berga, l&#8217;any 1932, organitzades per l\u2019Ajuntament de Manresa.<\/p>\n<p><strong>Agra\u00efments<\/strong>: Arxiu Comarcal del Bages, Arxiu Municipal de Manresa, Arxiu Nacional de Catalunya, Archivo General de la Administraci\u00f3n, Tribunal Militar Territorial Tercer, Imma Comes, Marc Torras i a totes les persones entrevistades.<\/p>\n<p>Aquest web es va publicar el novembre del 2012 i la seva creaci\u00f3 va comptar amb el suport del Ministerio de la Presidencia.<\/p>\n<p><img decoding=\"async\" class=\"alignleft size-medium wp-image-81010\" src=\"https:\/\/www.memoria.cat\/mestres\/wp-content\/uploads\/sites\/195\/2025\/04\/ministerio-de-la-presidencia-300x87.jpg\" alt=\"\" width=\"300\" height=\"87\" srcset=\"https:\/\/www.memoria.cat\/mestres\/wp-content\/uploads\/sites\/195\/2025\/04\/ministerio-de-la-presidencia-300x87.jpg 300w, https:\/\/www.memoria.cat\/mestres\/wp-content\/uploads\/sites\/195\/2025\/04\/ministerio-de-la-presidencia.jpg 320w\" sizes=\"(max-width: 300px) 100vw, 300px\" \/><\/p>\n<p>&nbsp;<\/p>\n<p>&nbsp;<\/p>\n<p>&nbsp;<\/p>\n<p>L&#8217;any 2025 el web s&#8217;ha renovat i ampliat. Aquesta renovaci\u00f3 del programa i l&#8217;ampliaci\u00f3 dels continguts del web ha comptat amb el suport de la Diputaci\u00f3 de Barcelona.<\/p>\n<p><img decoding=\"async\" class=\"alignleft size-full wp-image-81012\" src=\"https:\/\/www.memoria.cat\/mestres\/wp-content\/uploads\/sites\/195\/2025\/04\/diputacio-de-barcelona.jpg\" alt=\"\" width=\"257\" height=\"93\" \/><\/p>\n<p>&nbsp;<\/p>\n","protected":false},"excerpt":{"rendered":"<p>Idea, direcci\u00f3 i coordinaci\u00f3 del projecte: Associaci\u00f3 Mem\u00f2ria i Hist\u00f2ria de Manresa Redacci\u00f3 dels articles: Joan M. Serra Gesti\u00f3 i organitzaci\u00f3 dels documents: Pol Huguet Redacci\u00f3 dels peus de fotos: Joan M. Serra i Oriol Luj\u00e1n Recerca als arxius: Joaquim Aloy, Oriol Luj\u00e1n, Conxita Parcerisas, Joan M. Serra i Guillem Sabat\u00e9 Recerca de familiars de [&hellip;]<\/p>\n","protected":false},"author":33,"featured_media":0,"parent":0,"menu_order":0,"comment_status":"closed","ping_status":"closed","template":"","meta":{"iawp_total_views":15,"footnotes":""},"class_list":["post-81008","page","type-page","status-publish","hentry"],"_links":{"self":[{"href":"https:\/\/www.memoria.cat\/mestres\/wp-json\/wp\/v2\/pages\/81008","targetHints":{"allow":["GET"]}}],"collection":[{"href":"https:\/\/www.memoria.cat\/mestres\/wp-json\/wp\/v2\/pages"}],"about":[{"href":"https:\/\/www.memoria.cat\/mestres\/wp-json\/wp\/v2\/types\/page"}],"author":[{"embeddable":true,"href":"https:\/\/www.memoria.cat\/mestres\/wp-json\/wp\/v2\/users\/33"}],"replies":[{"embeddable":true,"href":"https:\/\/www.memoria.cat\/mestres\/wp-json\/wp\/v2\/comments?post=81008"}],"version-history":[{"count":0,"href":"https:\/\/www.memoria.cat\/mestres\/wp-json\/wp\/v2\/pages\/81008\/revisions"}],"wp:attachment":[{"href":"https:\/\/www.memoria.cat\/mestres\/wp-json\/wp\/v2\/media?parent=81008"}],"curies":[{"name":"wp","href":"https:\/\/api.w.org\/{rel}","templated":true}]}}