{"id":81656,"date":"2025-05-09T20:26:56","date_gmt":"2025-05-09T19:26:56","guid":{"rendered":"https:\/\/www.memoria.cat\/mestres\/maria-verges-fargas-i-ma-rosa-i-ma-antonia-terme-costa\/"},"modified":"2025-05-09T20:26:56","modified_gmt":"2025-05-09T19:26:56","slug":"maria-verges-fargas-i-ma-rosa-i-ma-antonia-terme-costa","status":"publish","type":"page","link":"https:\/\/www.memoria.cat\/mestres\/es\/maria-verges-fargas-i-ma-rosa-i-ma-antonia-terme-costa\/","title":{"rendered":"Ma Rosa y Ma Ant\u00f2nia Terme Costa (sobrinas de la maestra Genoveva Costa Serrate), y Maria Verg\u00e9s Fargas, todas alumnas del Grup Escolar Renaixen\u00e7a."},"content":{"rendered":"<p><a href=\"https:\/\/www.memoria.cat\/mestres\/wp-content\/uploads\/sites\/195\/2025\/05\/Entrevista-Maria-Verges-Ma-Rosa-i-Ma-Antonia-Terme.pdf\" target=\"_blank\" rel=\"noopener\">Transcripci\u00f3n de la entrevista en castellano<\/a><\/p>\n<p><iframe title=\"MemoriaCat-Mestres-005-Ma_Rosa_i_Ma_Antonia_Terme_Costa.mp4\" src=\"https:\/\/player.vimeo.com\/video\/61337530?dnt=1&amp;app_id=122963\" width=\"640\" height=\"360\" frameborder=\"0\" allow=\"autoplay; fullscreen; picture-in-picture; clipboard-write; encrypted-media\"><\/iframe><\/p>\n","protected":false},"excerpt":{"rendered":"<p>Transcripci\u00f3n de la entrevista en castellano<\/p>\n","protected":false},"author":1,"featured_media":0,"parent":0,"menu_order":0,"comment_status":"closed","ping_status":"closed","template":"","meta":{"footnotes":""},"class_list":["post-81656","page","type-page","status-publish","hentry"],"_links":{"self":[{"href":"https:\/\/www.memoria.cat\/mestres\/es\/wp-json\/wp\/v2\/pages\/81656","targetHints":{"allow":["GET"]}}],"collection":[{"href":"https:\/\/www.memoria.cat\/mestres\/es\/wp-json\/wp\/v2\/pages"}],"about":[{"href":"https:\/\/www.memoria.cat\/mestres\/es\/wp-json\/wp\/v2\/types\/page"}],"author":[{"embeddable":true,"href":"https:\/\/www.memoria.cat\/mestres\/es\/wp-json\/wp\/v2\/users\/1"}],"replies":[{"embeddable":true,"href":"https:\/\/www.memoria.cat\/mestres\/es\/wp-json\/wp\/v2\/comments?post=81656"}],"version-history":[{"count":0,"href":"https:\/\/www.memoria.cat\/mestres\/es\/wp-json\/wp\/v2\/pages\/81656\/revisions"}],"wp:attachment":[{"href":"https:\/\/www.memoria.cat\/mestres\/es\/wp-json\/wp\/v2\/media?parent=81656"}],"curies":[{"name":"wp","href":"https:\/\/api.w.org\/{rel}","templated":true}]}}