{"id":81550,"date":"2025-05-09T20:28:44","date_gmt":"2025-05-09T19:28:44","guid":{"rendered":"https:\/\/www.memoria.cat\/mestres\/ignasi-tarres-llado\/"},"modified":"2025-05-09T20:28:44","modified_gmt":"2025-05-09T19:28:44","slug":"ignasi-tarres-llado","status":"publish","type":"page","link":"https:\/\/www.memoria.cat\/mestres\/es\/ignasi-tarres-llado\/","title":{"rendered":"Ignasi Tarr\u00e9s Llad\u00f3, alumno del Grup Escolar Renaixen\u00e7a (y sobrino del maestro Hermenegild Llad\u00f3 Bilarr\u00fabies)"},"content":{"rendered":"<p><a data-mce-href=\"https:\/\/www.memoria.cat\/mestres\/wp-content\/uploads\/sites\/195\/2025\/05\/Entrevista-Ignasi-Tarres.pdf\" href=\"https:\/\/www.memoria.cat\/mestres\/wp-content\/uploads\/sites\/195\/2025\/05\/Entrevista-Ignasi-Tarres.pdf\" target=\"_blank\">Transcripci\u00f3n de la entrevista en castellano<\/a><\/p>\n<div class=\"wpview wpview-wrap\" data-wpview-text=\"https%3A%2F%2Fplayer.vimeo.com%2Fvideo%2F61337529\" data-wpview-type=\"embedURL\" contenteditable=\"false\"><iframe title=\"MemoriaCat-Mestres-002-Ignasi_Tarres_Llado.mp4\" src=\"https:\/\/player.vimeo.com\/video\/61337529?dnt=1&amp;app_id=122963\" width=\"615\" height=\"346\" frameborder=\"0\" allow=\"autoplay; fullscreen; picture-in-picture; clipboard-write; encrypted-media\"><\/iframe><span class=\"mce-shim\"><\/span><span class=\"mce-shim\"><\/span><span class=\"wpview-end\"><\/span><\/div>\n","protected":false},"excerpt":{"rendered":"<p>Transcripci\u00f3n de la entrevista en castellano<\/p>\n","protected":false},"author":1,"featured_media":0,"parent":0,"menu_order":0,"comment_status":"closed","ping_status":"closed","template":"","meta":{"footnotes":""},"class_list":["post-81550","page","type-page","status-publish","hentry"],"_links":{"self":[{"href":"https:\/\/www.memoria.cat\/mestres\/es\/wp-json\/wp\/v2\/pages\/81550","targetHints":{"allow":["GET"]}}],"collection":[{"href":"https:\/\/www.memoria.cat\/mestres\/es\/wp-json\/wp\/v2\/pages"}],"about":[{"href":"https:\/\/www.memoria.cat\/mestres\/es\/wp-json\/wp\/v2\/types\/page"}],"author":[{"embeddable":true,"href":"https:\/\/www.memoria.cat\/mestres\/es\/wp-json\/wp\/v2\/users\/1"}],"replies":[{"embeddable":true,"href":"https:\/\/www.memoria.cat\/mestres\/es\/wp-json\/wp\/v2\/comments?post=81550"}],"version-history":[{"count":0,"href":"https:\/\/www.memoria.cat\/mestres\/es\/wp-json\/wp\/v2\/pages\/81550\/revisions"}],"wp:attachment":[{"href":"https:\/\/www.memoria.cat\/mestres\/es\/wp-json\/wp\/v2\/media?parent=81550"}],"curies":[{"name":"wp","href":"https:\/\/api.w.org\/{rel}","templated":true}]}}