{"id":81032,"date":"2025-04-07T11:35:31","date_gmt":"2025-04-07T10:35:31","guid":{"rendered":"https:\/\/www.memoria.cat\/mestres\/escuela-de-musica\/"},"modified":"2025-04-07T11:35:31","modified_gmt":"2025-04-07T10:35:31","slug":"escuela-de-musica","status":"publish","type":"page","link":"https:\/\/www.memoria.cat\/mestres\/es\/escuela-de-musica\/","title":{"rendered":"Escuela de m\u00fasica"},"content":{"rendered":"<div id=\"jig1\" class=\"justified-image-grid jig-5e94fe363076a8334d80858f7d49b431 jig-preset-c1 jig-source-wp-gallery jig-rml-id-47\"><div class=\"jig-clearfix\"><\/div><noscript id=\"jig1-html\" class=\"justified-image-grid-html\" data-lazy-src=\"skiplazyload\" data-src=\"skipunveillazyload\"><ul><li><a href=\"https:\/\/www.memoria.cat\/mestres\/wp-content\/uploads\/sites\/195\/2025\/03\/mes-_img8203.jpg\" title=\"30\/10\/1931 \u201cL\u2019Escola Municipal de M\u00fasica ser\u00e0 un fet\u201d: en 1910, la Sociedad del Conservatorio y el Orfe\u00f3 Manres\u00e0 firmaron un contrato que permiti\u00f3 que esta entidad se instalara en el edificio del Conservatorio y, a cambio, se encargara de toda la parte de docencia. As\u00ed lo hizo durante m\u00e1s de veinte a\u00f1os, a pesar de las reiteradas peticiones al Ayuntamiento para municipalizar la escuela o, al menos, que la subvencionara. En 1930 se tom\u00f3 la decisi\u00f3n de municipalizar el Conservatorio de M\u00fasica, lo que se hizo oficial el 2 de diciembre de 1932 cuando se aprob\u00f3 el Reglamento, se escogi\u00f3 director y se convocaron las plazas de su profesorado.\"><img decoding=\"async\" src=\"https:\/\/www.memoria.cat\/mestres\/wp-content\/plugins\/justified-image-grid\/timthumb.php?src=https%3A%2F%2Fwww.memoria.cat%2Fmestres%2Fwp-content%2Fuploads%2Fsites%2F195%2F2025%2F03%2Fmes-_img8203.jpg&amp;h=230&amp;q=90&amp;f=.jpg\" alt=\"30\/10\/1931 \u201cL\u2019Escola Municipal de M\u00fasica ser\u00e0 un fet\u201d: en 1910, la Sociedad del Conservatorio y el Orfe\u00f3 Manres\u00e0 firmaron un contrato que permiti\u00f3 que esta entidad se instalara en el edificio del Conservatorio y, a cambio, se encargara de toda la parte de docencia. As\u00ed lo hizo durante m\u00e1s de veinte a\u00f1os, a pesar de las reiteradas peticiones al Ayuntamiento para municipalizar la escuela o, al menos, que la subvencionara. En 1930 se tom\u00f3 la decisi\u00f3n de municipalizar el Conservatorio de M\u00fasica, lo que se hizo oficial el 2 de diciembre de 1932 cuando se aprob\u00f3 el Reglamento, se escogi\u00f3 director y se convocaron las plazas de su profesorado.\" width=\"161\" height=\"230\" \/><\/a><p class=\"jig-HTMLdescription\">30\/10\/1931 \u201cL\u2019Escola Municipal de M\u00fasica ser\u00e0 un fet\u201d: en 1910, la Sociedad del Conservatorio y el Orfe\u00f3 Manres\u00e0 firmaron un contrato que permiti\u00f3 que esta entidad se instalara en el edificio del Conservatorio y, a cambio, se encargara de toda la parte de docencia. As\u00ed lo hizo durante m\u00e1s de veinte a\u00f1os, a pesar de las reiteradas peticiones al Ayuntamiento para municipalizar la escuela o, al menos, que la subvencionara. En 1930 se tom\u00f3 la decisi\u00f3n de municipalizar el Conservatorio de M\u00fasica, lo que se hizo oficial el 2 de diciembre de 1932 cuando se aprob\u00f3 el Reglamento, se escogi\u00f3 director y se convocaron las plazas de su profesorado.<\/p><\/li><\/ul><\/noscript><\/div>\n<p><u>30\/10\/1931 \u201cL\u2019Escola Municipal de M\u00fasica ser\u00e0 un fet\u201d<\/u>: en 1910, la Sociedad del Conservatorio y el Orfe\u00f3 Manres\u00e0 firmaron un contrato que permiti\u00f3 que esta entidad se instalara en el edificio del Conservatorio y, a cambio, se encargara de toda la parte de docencia. As\u00ed lo hizo durante m\u00e1s de veinte a\u00f1os, a pesar de las reiteradas peticiones al Ayuntamiento para municipalizar la escuela o, al menos, que la subvencionara. En 1930 se tom\u00f3 la decisi\u00f3n de municipalizar el Conservatorio de M\u00fasica, lo que se hizo oficial el 2 de diciembre de 1932 cuando se aprob\u00f3 el Reglamento, se escogi\u00f3 director y se convocaron las plazas de su profesorado.<\/p>\n<div id=\"jig2\" class=\"justified-image-grid jig-5884d02606f85d9289e7747c2414ff51 jig-preset-c1 jig-source-wp-gallery jig-rml-id-48\"><div class=\"jig-clearfix\"><\/div><noscript id=\"jig2-html\" class=\"justified-image-grid-html\" data-lazy-src=\"skiplazyload\" data-src=\"skipunveillazyload\"><ul><li><a href=\"https:\/\/www.memoria.cat\/mestres\/wp-content\/uploads\/sites\/195\/2025\/03\/mes-_img8243.jpg\" title=\"3\/9\/32 \u201cEscola Municipal de M\u00fasica\u201d: la apertura de una Escuela Municipal de M\u00fasica era una de las iniciativas culturales largamente esperadas en Manresa. El diario El D\u00eda da la noticia de la convocatoria del concurso para cubrir la plaza de profesor-director de la Escuela, la cual empezar\u00eda a funcionar a finales de 1932. Durante el per\u00edodo republicano fueron directores Miquel Blanch i Roig (1889-1936), el cual muri\u00f3 asesinado por un pelot\u00f3n de la FAI en Can Tunis. Desde entonces hasta 1939 fue director Mari\u00e0 Homs i Montserrat (1901-1975 ), destituido inmediatamente despu\u00e9s de la entrada del ej\u00e9rcito franquista, detenido por su adscripci\u00f3n republicana e independentista y condenado por un tribunal militar a 9 a\u00f1os de prisi\u00f3n por &quot;auxilio a la rebeli\u00f3n&quot;.\"><img decoding=\"async\" src=\"https:\/\/www.memoria.cat\/mestres\/wp-content\/plugins\/justified-image-grid\/timthumb.php?src=https%3A%2F%2Fwww.memoria.cat%2Fmestres%2Fwp-content%2Fuploads%2Fsites%2F195%2F2025%2F03%2Fmes-_img8243.jpg&amp;h=230&amp;q=90&amp;f=.jpg\" alt=\"3\/9\/32 \u201cEscola Municipal de M\u00fasica\u201d: la apertura de una Escuela Municipal de M\u00fasica era una de las iniciativas culturales largamente esperadas en Manresa. El diario El D\u00eda da la noticia de la convocatoria del concurso para cubrir la plaza de profesor-director de la Escuela, la cual empezar\u00eda a funcionar a finales de 1932. Durante el per\u00edodo republicano fueron directores Miquel Blanch i Roig (1889-1936), el cual muri\u00f3 asesinado por un pelot\u00f3n de la FAI en Can Tunis. Desde entonces hasta 1939 fue director Mari\u00e0 Homs i Montserrat (1901-1975 ), destituido inmediatamente despu\u00e9s de la entrada del ej\u00e9rcito franquista, detenido por su adscripci\u00f3n republicana e independentista y condenado por un tribunal militar a 9 a\u00f1os de prisi\u00f3n por &quot;auxilio a la rebeli\u00f3n&quot;.\" width=\"155\" height=\"230\" \/><\/a><p class=\"jig-HTMLdescription\">3\/9\/32 \u201cEscola Municipal de M\u00fasica\u201d: la apertura de una Escuela Municipal de M\u00fasica era una de las iniciativas culturales largamente esperadas en Manresa. El diario El D\u00eda da la noticia de la convocatoria del concurso para cubrir la plaza de profesor-director de la Escuela, la cual empezar\u00eda a funcionar a finales de 1932. Durante el per\u00edodo republicano fueron directores Miquel Blanch i Roig (1889-1936), el cual muri\u00f3 asesinado por un pelot\u00f3n de la FAI en Can Tunis. Desde entonces hasta 1939 fue director Mari\u00e0 Homs i Montserrat (1901-1975 ), destituido inmediatamente despu\u00e9s de la entrada del ej\u00e9rcito franquista, detenido por su adscripci\u00f3n republicana e independentista y condenado por un tribunal militar a 9 a\u00f1os de prisi\u00f3n por \"auxilio a la rebeli\u00f3n\".<\/p><\/li><\/ul><\/noscript><\/div>\n<p><u>3\/9\/32 \u201cEscola Municipal de M\u00fasica\u201d<\/u>: la apertura de una Escuela Municipal de M\u00fasica era una de las iniciativas culturales largamente esperadas en Manresa. El diario\u00a0<em>El D\u00eda<\/em>\u00a0da la noticia de la convocatoria del concurso para cubrir la plaza de profesor-director de la Escuela, la cual empezar\u00eda a funcionar a finales de 1932. Durante el per\u00edodo republicano fueron directores Miquel Blanch i Roig (1889-1936), el cual muri\u00f3 asesinado por un pelot\u00f3n de la FAI en Can Tunis. Desde entonces hasta 1939 fue director Mari\u00e0 Homs i Montserrat (1901-1975 ), destituido inmediatamente despu\u00e9s de la entrada del ej\u00e9rcito franquista, detenido por su adscripci\u00f3n republicana e independentista y condenado por un tribunal militar a 9 a\u00f1os de prisi\u00f3n por \u00ab<em>auxilio a la rebeli\u00f3n<\/em>\u00ab.<\/p>\n<div id=\"jig3\" class=\"justified-image-grid jig-507e9124bbef14ee0a2ac6e7d0108e1d jig-preset-c1 jig-source-wp-gallery jig-rml-id-49\"><div class=\"jig-clearfix\"><\/div><noscript id=\"jig3-html\" class=\"justified-image-grid-html\" data-lazy-src=\"skiplazyload\" data-src=\"skipunveillazyload\"><ul><li><a href=\"https:\/\/www.memoria.cat\/mestres\/wp-content\/uploads\/sites\/195\/2025\/03\/mes-_img8256.jpg\" title=\"18\/2\/1933 \u201cEscola Municipal de M\u00fasica\u201d: la Escuela Municipal de M\u00fasica estaba situada en la calle Nou de Sant Dom\u00e8nec (actual Jaume I). Para ser alumno de la Escuela era necesario tener entre 7 y 16 a\u00f1os o bien acreditar conocimientos elementales de m\u00fasica; si superaban esta edad, deb\u00edan saber leer y escribir. Los profesores de la Escuela en el a\u00f1o 1933 eran Miquel Blanch i Roig (1889-1936), Joan Altimira Vi\u00f1olas y Dami\u00e0 Rius Vilella (1904-1983), reputado director de orfeones el primero y destacados compositores de sardanas los otros dos.\"><img decoding=\"async\" src=\"https:\/\/www.memoria.cat\/mestres\/wp-content\/plugins\/justified-image-grid\/timthumb.php?src=https%3A%2F%2Fwww.memoria.cat%2Fmestres%2Fwp-content%2Fuploads%2Fsites%2F195%2F2025%2F03%2Fmes-_img8256.jpg&amp;h=230&amp;q=90&amp;f=.jpg\" alt=\"18\/2\/1933 \u201cEscola Municipal de M\u00fasica\u201d: la Escuela Municipal de M\u00fasica estaba situada en la calle Nou de Sant Dom\u00e8nec (actual Jaume I). Para ser alumno de la Escuela era necesario tener entre 7 y 16 a\u00f1os o bien acreditar conocimientos elementales de m\u00fasica; si superaban esta edad, deb\u00edan saber leer y escribir. Los profesores de la Escuela en el a\u00f1o 1933 eran Miquel Blanch i Roig (1889-1936), Joan Altimira Vi\u00f1olas y Dami\u00e0 Rius Vilella (1904-1983), reputado director de orfeones el primero y destacados compositores de sardanas los otros dos.\" width=\"151\" height=\"230\" \/><\/a><p class=\"jig-HTMLdescription\">18\/2\/1933 \u201cEscola Municipal de M\u00fasica\u201d: la Escuela Municipal de M\u00fasica estaba situada en la calle Nou de Sant Dom\u00e8nec (actual Jaume I). Para ser alumno de la Escuela era necesario tener entre 7 y 16 a\u00f1os o bien acreditar conocimientos elementales de m\u00fasica; si superaban esta edad, deb\u00edan saber leer y escribir. Los profesores de la Escuela en el a\u00f1o 1933 eran Miquel Blanch i Roig (1889-1936), Joan Altimira Vi\u00f1olas y Dami\u00e0 Rius Vilella (1904-1983), reputado director de orfeones el primero y destacados compositores de sardanas los otros dos.<\/p><\/li><\/ul><\/noscript><\/div>\n<p><u>18\/2\/1933 \u201cEscola Municipal de M\u00fasica\u201d<\/u>: la Escuela Municipal de M\u00fasica estaba situada en la calle Nou de Sant Dom\u00e8nec (actual Jaume I). Para ser alumno de la Escuela era necesario tener entre 7 y 16 a\u00f1os o bien acreditar conocimientos elementales de m\u00fasica; si superaban esta edad, deb\u00edan saber leer y escribir. Los profesores de la Escuela en el a\u00f1o 1933 eran Miquel Blanch i Roig (1889-1936), Joan Altimira Vi\u00f1olas y Dami\u00e0 Rius Vilella (1904-1983), reputado director de orfeones el primero y destacados compositores de sardanas los otros dos.<\/p>\n","protected":false},"excerpt":{"rendered":"<p>30\/10\/1931 \u201cL\u2019Escola Municipal de M\u00fasica ser\u00e0 un fet\u201d: en 1910, la Sociedad del Conservatorio y el Orfe\u00f3 Manres\u00e0 firmaron un contrato que permiti\u00f3 que esta entidad se instalara en el edificio del Conservatorio y, a cambio, se encargara de toda la parte de docencia. As\u00ed lo hizo durante m\u00e1s de veinte a\u00f1os, a pesar de [&hellip;]<\/p>\n","protected":false},"author":1,"featured_media":0,"parent":0,"menu_order":0,"comment_status":"closed","ping_status":"closed","template":"","meta":{"iawp_total_views":4,"footnotes":""},"class_list":["post-81032","page","type-page","status-publish","hentry"],"_links":{"self":[{"href":"https:\/\/www.memoria.cat\/mestres\/es\/wp-json\/wp\/v2\/pages\/81032","targetHints":{"allow":["GET"]}}],"collection":[{"href":"https:\/\/www.memoria.cat\/mestres\/es\/wp-json\/wp\/v2\/pages"}],"about":[{"href":"https:\/\/www.memoria.cat\/mestres\/es\/wp-json\/wp\/v2\/types\/page"}],"author":[{"embeddable":true,"href":"https:\/\/www.memoria.cat\/mestres\/es\/wp-json\/wp\/v2\/users\/1"}],"replies":[{"embeddable":true,"href":"https:\/\/www.memoria.cat\/mestres\/es\/wp-json\/wp\/v2\/comments?post=81032"}],"version-history":[{"count":0,"href":"https:\/\/www.memoria.cat\/mestres\/es\/wp-json\/wp\/v2\/pages\/81032\/revisions"}],"wp:attachment":[{"href":"https:\/\/www.memoria.cat\/mestres\/es\/wp-json\/wp\/v2\/media?parent=81032"}],"curies":[{"name":"wp","href":"https:\/\/api.w.org\/{rel}","templated":true}]}}