{"id":73645,"date":"2023-01-01T13:25:50","date_gmt":"2023-01-01T12:25:50","guid":{"rendered":"https:\/\/www.memoria.cat\/massot-muntaner\/?page_id=73645"},"modified":"2023-01-03T16:38:14","modified_gmt":"2023-01-03T15:38:14","slug":"labat-aureli-escarre","status":"publish","type":"page","link":"https:\/\/www.memoria.cat\/massot-muntaner\/videos-de-lentrevista\/labat-aureli-escarre\/","title":{"rendered":"L\u2019abat Aureli Escarr\u00e9"},"content":{"rendered":"<p>El Pare Massot valora la complexa figura de l&#8217;abat Aureli Escarr\u00e9, que va tenir un paper important en la hist\u00f2ria del Monestir de Montserrat i va plantar cara a la dictadura franquista.<\/p>\n<p>&nbsp;<\/p>\n<p><iframe hcb-fetch-image-from=\"https:\/\/vimeo.com\/785537842\" title=\"L&amp;rsquo;abat Aureli Escarr&amp;eacute;\" src=\"https:\/\/player.vimeo.com\/video\/785537842?h=d6c5f0c257&amp;dnt=1&amp;app_id=122963\" width=\"800\" height=\"450\" frameborder=\"0\" allow=\"autoplay; fullscreen; picture-in-picture\" allowfullscreen><\/iframe><\/p>\n<p>TRANSCRIPCI\u00d3:<\/p>\n<p><strong>L&#8217;ABAT AURELI ESCARR\u00c9<\/strong><\/p>\n<p><strong>Pare Massot i Muntaner<\/strong>: Ho vaig viure molt de lluny perqu\u00e8 llavors era novici i est\u00e0vem molt apartats. L\u2019abat Aureli no l\u2019he tractat mai, perqu\u00e8 jo vaig entrar ja amb l\u2019abat Bras\u00f3 i l\u2019abat Aureli no l\u2019he vist. Bueno, vist s\u00ed, perqu\u00e8 vivia aqu\u00ed, per\u00f2 nom\u00e9s la pres\u00e8ncia p\u00fablica la tenia per setmana santa i per Nadal, els dies de gran festa, i llavors el dia del seu sant que l\u2019an\u00e0vem a felicitar, el dia que vaig professar la primera vegada que el pare Cassi\u00e0, el mestre de novicis, que despr\u00e9s va ser abat, ens hi va portar un moment. No hi havia tingut m\u00e9s relaci\u00f3, i quan va marxar tampoc no hi vaig tenir cap relaci\u00f3.<\/p>\n<p><strong>Joaquim Aloy<\/strong>: Com valora l\u2019actuaci\u00f3 de l\u2019abat Escarr\u00e9 des del punt de vista hist\u00f2ric?<\/p>\n<p><strong>Massot:<\/strong> Bueno, \u00e9s un personatge que per Montserrat va fer molt\u00edssimes coses, precisament perqu\u00e8 va venir en un moment en qu\u00e8 tot estava destrossat. Va ajudar no solament materialment sin\u00f3 espiritualment. Va formar tota una colla de persones. Va fer anar a estudiar a l\u2019estranger molta gent. I, bueno, despr\u00e9s \u00e9s el que va permetre que es fessin les festes de l\u2019entronitzaci\u00f3, que llavors va ser quan ell va comen\u00e7ar a canviar, perqu\u00e8, suposo que com tothom, els primers anys era m\u00e9s aviat profranquista, no? Potser no ho era massa, per\u00f2, antifranquista no ho era. I, en canvi, a poc a poc, s\u2019hi va anar tornant del tot.<\/p>\n<p>&nbsp;<\/p>\n","protected":false},"excerpt":{"rendered":"<p>El Pare Massot valora la complexa figura de l&#8217;abat Aureli Escarr\u00e9, que va tenir un paper important en la hist\u00f2ria del Monestir de Montserrat i va plantar cara a la dictadura franquista. &nbsp; TRANSCRIPCI\u00d3: L&#8217;ABAT AURELI ESCARR\u00c9 Pare Massot i Muntaner: Ho vaig viure molt de lluny perqu\u00e8 llavors era novici i est\u00e0vem molt apartats. [&hellip;]<\/p>\n","protected":false},"author":28,"featured_media":0,"parent":73627,"menu_order":0,"comment_status":"closed","ping_status":"closed","template":"","meta":{"iawp_total_views":1,"footnotes":""},"class_list":["post-73645","page","type-page","status-publish","hentry"],"_links":{"self":[{"href":"https:\/\/www.memoria.cat\/massot-muntaner\/wp-json\/wp\/v2\/pages\/73645","targetHints":{"allow":["GET"]}}],"collection":[{"href":"https:\/\/www.memoria.cat\/massot-muntaner\/wp-json\/wp\/v2\/pages"}],"about":[{"href":"https:\/\/www.memoria.cat\/massot-muntaner\/wp-json\/wp\/v2\/types\/page"}],"author":[{"embeddable":true,"href":"https:\/\/www.memoria.cat\/massot-muntaner\/wp-json\/wp\/v2\/users\/28"}],"replies":[{"embeddable":true,"href":"https:\/\/www.memoria.cat\/massot-muntaner\/wp-json\/wp\/v2\/comments?post=73645"}],"version-history":[{"count":0,"href":"https:\/\/www.memoria.cat\/massot-muntaner\/wp-json\/wp\/v2\/pages\/73645\/revisions"}],"up":[{"embeddable":true,"href":"https:\/\/www.memoria.cat\/massot-muntaner\/wp-json\/wp\/v2\/pages\/73627"}],"wp:attachment":[{"href":"https:\/\/www.memoria.cat\/massot-muntaner\/wp-json\/wp\/v2\/media?parent=73645"}],"curies":[{"name":"wp","href":"https:\/\/api.w.org\/{rel}","templated":true}]}}