{"id":73639,"date":"2023-01-01T13:24:49","date_gmt":"2023-01-01T12:24:49","guid":{"rendered":"https:\/\/www.memoria.cat\/massot-muntaner\/?page_id=73639"},"modified":"2023-01-03T16:42:11","modified_gmt":"2023-01-03T15:42:11","slug":"laportacio-de-montserrat-a-la-llengua-catalana-i-a-la-lluita-antifranquista","status":"publish","type":"page","link":"https:\/\/www.memoria.cat\/massot-muntaner\/videos-de-lentrevista\/laportacio-de-montserrat-a-la-llengua-catalana-i-a-la-lluita-antifranquista\/","title":{"rendered":"L&#8217;aportaci\u00f3 de Montserrat a la llengua catalana i a la lluita antifranquista"},"content":{"rendered":"<p>El pare Massot comenta el comprom\u00eds de Montserrat en pro de la cultura catalana i la lluita antifranquista, alhora que reflexiona sobre el proc\u00e9s de secularitzaci\u00f3 actual.<\/p>\n<p>&nbsp;<\/p>\n<p><iframe hcb-fetch-image-from=\"https:\/\/vimeo.com\/785538683\" title=\"L&#039;aportaci&amp;oacute; de Montserrat a la llengua catalana i a la lluita antifranquista\" src=\"https:\/\/player.vimeo.com\/video\/785538683?h=f09da962b7&amp;dnt=1&amp;app_id=122963\" width=\"800\" height=\"450\" frameborder=\"0\" allow=\"autoplay; fullscreen; picture-in-picture\" allowfullscreen><\/iframe><\/p>\n<p>TRANSCRIPCI\u00d3:<\/p>\n<p><strong>L\u2019APORTACI\u00d3 DE MONTSERRAT A LA LLENGUA CATALANA I A LA LLUITA ANTIFRANQUISTA<\/strong><\/p>\n<p><strong>Les festes d&#8217;entronitzaci\u00f3 de la Mare de D\u00e9u<\/strong><\/p>\n<p>&nbsp;<\/p>\n<p><strong>Pare Massot i Muntaner:<\/strong> A Montserrat, l\u2019any 46, ja van comen\u00e7ar el que en deien les festes de l\u2019entronitzaci\u00f3, que van permetre de tornar a parlar en catal\u00e0, de fer tot un munt d\u2019actes oficialment nom\u00e9s a la prov\u00edncia de Barcelona per\u00f2 que es va fer pertot arreu. Amb una carta del governador de Barcelona, llevat d\u2019algun lloc molt concret que l\u2019alcalde s\u2019hi va oposar, van poder fer molt\u00edssima propaganda, van fer fins i tot una revista en catal\u00e0 que despr\u00e9s com a revista impresa la van prohibir per\u00f2 llavors la feien ciclostilada. I tot aix\u00f2 va comen\u00e7ar el que despr\u00e9s es va anar convertint en revistes que feia moss\u00e8n Muntanyola, en revistes que es feien des de Montserrat mateix, Germinabit i Serra d\u2019Or, que van ser les primeres revistes no religioses sin\u00f3 en catal\u00e0 que podien sortir.<\/p>\n<p>&nbsp;<\/p>\n<p><strong>El proc\u00e9s de secularitzaci\u00f3<\/strong><\/p>\n<p>I llavors, una mica m\u00e9s endavant, sobretot coincidint amb el concili Vatic\u00e0 II, l\u2019Esgl\u00e9sia catalana va tenir molt pes ajudant els que precisament abans havien estat diguem-ne te\u00f2ricament enfrontats. Aqu\u00ed hi ha hagut reunions immenses de tots els partits pol\u00edtics, i els que venien m\u00e9s eren el PSUC. I aleshores les reunions de l\u2019Assemblea de Catalunya es feien en esgl\u00e9sies i hi havia un munt de convents de monges que donaven&#8230; Per tant, en aquest aspecte em sembla que hi ha hagut el que per un cant\u00f3 s\u2019havia perdut, diguem-ne, amb els anys es va recuperar per un altre. El que passa que aix\u00f2 ara ning\u00fa se\u2019n recorda, ning\u00fa se\u2019n vol recordar, per\u00f2 el tema de si a l\u2019esgl\u00e9sia hi va m\u00e9s gent o menys gent o si hi ha m\u00e9s vocacions o menys aix\u00f2 \u00e9s una altra hist\u00f2ria. Aix\u00f2 \u00e9s que hi ha hagut un proc\u00e9s de secularitzaci\u00f3 mundial i sobretot a Europa. Els cat\u00f2lics estan creixent per tot el m\u00f3n, cada vegada n\u2019hi ha m\u00e9s milions, per\u00f2 a Europa cada vegada n\u2019hi ha m\u00e9s pocs. Vull dir que aix\u00f2 s\u00f3n coses barrejades per\u00f2 no id\u00e8ntiques.<\/p>\n<p>&nbsp;<\/p>\n","protected":false},"excerpt":{"rendered":"<p>El pare Massot comenta el comprom\u00eds de Montserrat en pro de la cultura catalana i la lluita antifranquista, alhora que reflexiona sobre el proc\u00e9s de secularitzaci\u00f3 actual. &nbsp; TRANSCRIPCI\u00d3: L\u2019APORTACI\u00d3 DE MONTSERRAT A LA LLENGUA CATALANA I A LA LLUITA ANTIFRANQUISTA Les festes d&#8217;entronitzaci\u00f3 de la Mare de D\u00e9u &nbsp; Pare Massot i Muntaner: A [&hellip;]<\/p>\n","protected":false},"author":28,"featured_media":0,"parent":73627,"menu_order":0,"comment_status":"closed","ping_status":"closed","template":"","meta":{"iawp_total_views":5,"footnotes":""},"class_list":["post-73639","page","type-page","status-publish","hentry"],"_links":{"self":[{"href":"https:\/\/www.memoria.cat\/massot-muntaner\/wp-json\/wp\/v2\/pages\/73639","targetHints":{"allow":["GET"]}}],"collection":[{"href":"https:\/\/www.memoria.cat\/massot-muntaner\/wp-json\/wp\/v2\/pages"}],"about":[{"href":"https:\/\/www.memoria.cat\/massot-muntaner\/wp-json\/wp\/v2\/types\/page"}],"author":[{"embeddable":true,"href":"https:\/\/www.memoria.cat\/massot-muntaner\/wp-json\/wp\/v2\/users\/28"}],"replies":[{"embeddable":true,"href":"https:\/\/www.memoria.cat\/massot-muntaner\/wp-json\/wp\/v2\/comments?post=73639"}],"version-history":[{"count":0,"href":"https:\/\/www.memoria.cat\/massot-muntaner\/wp-json\/wp\/v2\/pages\/73639\/revisions"}],"up":[{"embeddable":true,"href":"https:\/\/www.memoria.cat\/massot-muntaner\/wp-json\/wp\/v2\/pages\/73627"}],"wp:attachment":[{"href":"https:\/\/www.memoria.cat\/massot-muntaner\/wp-json\/wp\/v2\/media?parent=73639"}],"curies":[{"name":"wp","href":"https:\/\/api.w.org\/{rel}","templated":true}]}}