{"id":73627,"date":"2023-01-01T13:10:22","date_gmt":"2023-01-01T12:10:22","guid":{"rendered":"https:\/\/www.memoria.cat\/massot-muntaner\/?page_id=73627"},"modified":"2023-01-03T18:14:23","modified_gmt":"2023-01-03T17:14:23","slug":"videos-de-lentrevista","status":"publish","type":"page","link":"https:\/\/www.memoria.cat\/massot-muntaner\/videos-de-lentrevista\/","title":{"rendered":"V\u00eddeos de l&#8217;entrevista"},"content":{"rendered":"<p>(Entrevista realitzada per Joaquim Aloy i Pere Gasol, al monestir de Montserrat el 8\/4\/2021. C\u00e0mera: Laia Oliv\u00e9).<\/p>\n<p>&nbsp;<\/p>\n<h3><a href=\"https:\/\/www.memoria.cat\/massot-muntaner\/videos-de-lentrevista\/lintent-republica-de-conquerir-mallorca\/\">L\u2019intent republic\u00e0 de conquerir Mallorca<\/a> (46\u201944\u201d)<\/h3>\n<h3><\/h3>\n<p>&nbsp;<\/p>\n<h3><a href=\"https:\/\/www.memoria.cat\/massot-muntaner\/videos-de-lentrevista\/lorganitzacio-de-la-repressio-contra-els-rojos\/\">L\u2019organitzaci\u00f3 de la repressi\u00f3 contra els \u201crojos\u201d<\/a> (23\u201952\u201d)<\/h3>\n<h3><\/h3>\n<p>&nbsp;<\/p>\n<h3><a href=\"https:\/\/www.memoria.cat\/massot-muntaner\/videos-de-lentrevista\/el-monestir-de-montserrat-durant-la-guerra\/\">El monestir de Montserrat durant la guerra<\/a> (14\u201928\u201d)<\/h3>\n<h3><\/h3>\n<p>&nbsp;<\/p>\n<div>\n<h3><a href=\"https:\/\/www.memoria.cat\/massot-muntaner\/videos-de-lentrevista\/la-repressio-a-la-rereguarda-republicana-no-era-incontrolada\/\" target=\"_blank\" rel=\"noopener\" data-saferedirecturl=\"https:\/\/www.google.com\/url?q=https:\/\/www.memoria.cat\/massot-muntaner\/videos-de-lentrevista\/la-repressio-a-la-rereguarda-republicana-no-era-incontrolada\/&amp;source=gmail&amp;ust=1672851295512000&amp;usg=AOvVaw0ESMblinZK8F6UzhmK8iNR\">La repressi\u00f3 a la rereguarda republicana no era incontrolada<\/a>\u00a0(4\u201951\u201d)<\/h3>\n<\/div>\n<h3><\/h3>\n<p>&nbsp;<\/p>\n<div>\n<h3><a href=\"https:\/\/www.memoria.cat\/massot-muntaner\/videos-de-lentrevista\/el-bisbe-perello-un-mallorqui-a-la-diocesi-de-vic\/\" target=\"_blank\" rel=\"noopener\" data-saferedirecturl=\"https:\/\/www.google.com\/url?q=https:\/\/www.memoria.cat\/massot-muntaner\/videos-de-lentrevista\/el-bisbe-perello-un-mallorqui-a-la-diocesi-de-vic\/&amp;source=gmail&amp;ust=1672851295512000&amp;usg=AOvVaw2GJwIelx61C-EkNDHgkKDm\">El bisbe Perell\u00f3, un mallorqu\u00ed a la di\u00f2cesi de Vic<\/a>\u00a0(5\u201923\u201d)<\/h3>\n<\/div>\n<h3><\/h3>\n<p>&nbsp;<\/p>\n<div>\n<h3><a href=\"https:\/\/www.memoria.cat\/massot-muntaner\/videos-de-lentrevista\/laportacio-de-montserrat-a-la-llengua-catalana-i-a-la-lluita-antifranquista\/\" target=\"_blank\" rel=\"noopener\" data-saferedirecturl=\"https:\/\/www.google.com\/url?q=https:\/\/www.memoria.cat\/massot-muntaner\/videos-de-lentrevista\/laportacio-de-montserrat-a-la-llengua-catalana-i-a-la-lluita-antifranquista\/&amp;source=gmail&amp;ust=1672851295512000&amp;usg=AOvVaw0AEeAToynezd_av90jTz23\">L\u2019aportaci\u00f3 de Montserrat a la llengua catalana i a la lluita antifranquista<\/a>\u00a0(3\u201909\u201d)<\/h3>\n<\/div>\n<h3><\/h3>\n<p>&nbsp;<\/p>\n<div>\n<h3><a href=\"https:\/\/www.memoria.cat\/massot-muntaner\/videos-de-lentrevista\/el-compromis-antifranquista-dels-monjos-de-montserrat\/\" target=\"_blank\" rel=\"noopener\" data-saferedirecturl=\"https:\/\/www.google.com\/url?q=https:\/\/www.memoria.cat\/massot-muntaner\/videos-de-lentrevista\/el-compromis-antifranquista-dels-monjos-de-montserrat\/&amp;source=gmail&amp;ust=1672851295512000&amp;usg=AOvVaw3qBsnVXBxWtAZrHJ6YbrC5\">El comprom\u00eds antifranquista dels monjos de Montserrat<\/a>\u00a0(5\u201949\u201d)<\/h3>\n<\/div>\n<h3><\/h3>\n<p>&nbsp;<\/p>\n<div>\n<h3><a href=\"https:\/\/www.memoria.cat\/massot-muntaner\/videos-de-lentrevista\/les-visites-dhimmler-i-franco-a-montserrat\/\" target=\"_blank\" rel=\"noopener\" data-saferedirecturl=\"https:\/\/www.google.com\/url?q=https:\/\/www.memoria.cat\/massot-muntaner\/videos-de-lentrevista\/les-visites-dhimmler-i-franco-a-montserrat\/&amp;source=gmail&amp;ust=1672851295512000&amp;usg=AOvVaw2A12cPniIKwwA9SJwX2I29\">Les visites d\u2019Himmler i Franco a Montserrat<\/a>\u00a0(2\u201941\u201d)<\/h3>\n<\/div>\n<h3><\/h3>\n<p>&nbsp;<\/p>\n<div>\n<h3><a href=\"https:\/\/www.memoria.cat\/massot-muntaner\/videos-de-lentrevista\/labat-aureli-escarre\/\" target=\"_blank\" rel=\"noopener\" data-saferedirecturl=\"https:\/\/www.google.com\/url?q=https:\/\/www.memoria.cat\/massot-muntaner\/videos-de-lentrevista\/labat-aureli-escarre\/&amp;source=gmail&amp;ust=1672851295512000&amp;usg=AOvVaw3uyaUzk5HkIxZoDBGtn4dK\">L\u2019abat Aureli Escarr\u00e9<\/a>\u00a0(1&#8217;57\u201d)<\/h3>\n<\/div>\n<h3><\/h3>\n<p>&nbsp;<\/p>\n<div>\n<h3><a href=\"https:\/\/www.memoria.cat\/massot-muntaner\/videos-de-lentrevista\/el-manresa-joan-vilar-i-costa\/\" target=\"_blank\" rel=\"noopener\" data-saferedirecturl=\"https:\/\/www.google.com\/url?q=https:\/\/www.memoria.cat\/massot-muntaner\/videos-de-lentrevista\/el-manresa-joan-vilar-i-costa\/&amp;source=gmail&amp;ust=1672851295512000&amp;usg=AOvVaw2OC13KYzjJSl__-G6tBW5c\">El manres\u00e0 Joan Vilar i Costa<\/a>\u00a0(1&#8217;44\u201d)<\/h3>\n<\/div>\n<h3><\/h3>\n<p>&nbsp;<\/p>\n<div>\n<h3><a href=\"https:\/\/www.memoria.cat\/massot-muntaner\/videos-de-lentrevista\/la-por-al-neofranquisme-actual\/\" target=\"_blank\" rel=\"noopener\" data-saferedirecturl=\"https:\/\/www.google.com\/url?q=https:\/\/www.memoria.cat\/massot-muntaner\/videos-de-lentrevista\/la-por-al-neofranquisme-actual\/&amp;source=gmail&amp;ust=1672851295512000&amp;usg=AOvVaw0JfXos3u67yTsBhgcXet4u\">La por al neofranquisme actual<\/a>\u00a0(1&#8217;52\u201d)<\/h3>\n<\/div>\n<h3><\/h3>\n","protected":false},"excerpt":{"rendered":"<p>(Entrevista realitzada per Joaquim Aloy i Pere Gasol, al monestir de Montserrat el 8\/4\/2021. C\u00e0mera: Laia Oliv\u00e9). &nbsp; L\u2019intent republic\u00e0 de conquerir Mallorca (46\u201944\u201d) &nbsp; L\u2019organitzaci\u00f3 de la repressi\u00f3 contra els \u201crojos\u201d (23\u201952\u201d) &nbsp; El monestir de Montserrat durant la guerra (14\u201928\u201d) &nbsp; La repressi\u00f3 a la rereguarda republicana no era incontrolada\u00a0(4\u201951\u201d) &nbsp; El bisbe [&hellip;]<\/p>\n","protected":false},"author":28,"featured_media":0,"parent":0,"menu_order":0,"comment_status":"closed","ping_status":"closed","template":"","meta":{"iawp_total_views":8,"footnotes":""},"class_list":["post-73627","page","type-page","status-publish","hentry"],"_links":{"self":[{"href":"https:\/\/www.memoria.cat\/massot-muntaner\/wp-json\/wp\/v2\/pages\/73627","targetHints":{"allow":["GET"]}}],"collection":[{"href":"https:\/\/www.memoria.cat\/massot-muntaner\/wp-json\/wp\/v2\/pages"}],"about":[{"href":"https:\/\/www.memoria.cat\/massot-muntaner\/wp-json\/wp\/v2\/types\/page"}],"author":[{"embeddable":true,"href":"https:\/\/www.memoria.cat\/massot-muntaner\/wp-json\/wp\/v2\/users\/28"}],"replies":[{"embeddable":true,"href":"https:\/\/www.memoria.cat\/massot-muntaner\/wp-json\/wp\/v2\/comments?post=73627"}],"version-history":[{"count":0,"href":"https:\/\/www.memoria.cat\/massot-muntaner\/wp-json\/wp\/v2\/pages\/73627\/revisions"}],"wp:attachment":[{"href":"https:\/\/www.memoria.cat\/massot-muntaner\/wp-json\/wp\/v2\/media?parent=73627"}],"curies":[{"name":"wp","href":"https:\/\/api.w.org\/{rel}","templated":true}]}}