{"id":73568,"date":"2020-10-12T15:49:35","date_gmt":"2020-10-12T14:49:35","guid":{"rendered":"https:\/\/www.memoria.cat\/manuel-companys\/?page_id=73568"},"modified":"2020-10-13T09:02:08","modified_gmt":"2020-10-13T08:02:08","slug":"carta-del-3-2-1947","status":"publish","type":"page","link":"https:\/\/www.memoria.cat\/manuel-companys\/les-cartes-de-manuel-companys-a-jaume-creus\/carta-del-3-2-1947\/","title":{"rendered":"Carta de Manuel Companys a Jaume Creus (3\/2\/1947)"},"content":{"rendered":"<div id=\"jig1\" class=\"justified-image-grid jig-006f6cb7eefd5e6c139741da3b125a0d jig-preset-c2 jig-source-wp-gallery jig-rml-id-1\"><div class=\"jig-clearfix\"><\/div><noscript id=\"jig1-html\" class=\"justified-image-grid-html\" data-lazy-src=\"skiplazyload\" data-src=\"skipunveillazyload\"><ul><li><a href=\"https:\/\/www.memoria.cat\/manuel-companys\/wp-content\/uploads\/sites\/52\/2020\/10\/8-scaled.jpg\"><img decoding=\"async\" src=\"https:\/\/www.memoria.cat\/manuel-companys\/wp-content\/uploads\/sites\/52\/2020\/10\/8-scaled.jpg\" alt=\"\" width=\"183\" height=\"230\" \/><\/a><\/li><li><a href=\"https:\/\/www.memoria.cat\/manuel-companys\/wp-content\/uploads\/sites\/52\/2020\/10\/9-scaled.jpg\"><img decoding=\"async\" src=\"https:\/\/www.memoria.cat\/manuel-companys\/wp-content\/uploads\/sites\/52\/2020\/10\/9-scaled.jpg\" alt=\"\" width=\"178\" height=\"230\" \/><\/a><\/li><\/ul><\/noscript><\/div>\n<p><strong>Transcripci\u00f3:<\/strong><\/p>\n<p>&nbsp;<\/p>\n<p>Foix, 3 de febrer de 1947<\/p>\n<p>11 rue du Pont<\/p>\n<p>Senyor Jaume Creus<\/p>\n<p>&nbsp;<\/p>\n<p>Estimat amic:<\/p>\n<p>Per haver cambiat de resid\u00e8ncia l\u2019amic Casas (Secretari Departamental), em plau adjuntar-vos unas fulles de \u201cCens de Necessitats\u201d i \u201cDades complement\u00e0ries\u201d del \u201cServei d\u2019Ajut\u201d de la Generalitat de Catalunya. S\u00f3n per repartir entre els que ho puguin necessitar, els quals les emplenaran (una de cada per persona o fam\u00edlia) i amb el segell Departamental o simplement del vostre Comit\u00e8 Local, retornar-les a n\u2019en Tauler<a href=\"#_ftn1\" name=\"_ftnref1\">[1]<\/a>, que crec que \u00e9s el que ajuda a n\u2019en Pi<a href=\"#_ftn2\" name=\"_ftnref2\">[2]<\/a>, Conseller encarregat d\u2019aquests afers.<\/p>\n<p>Segons me diguerent, de moment hi ha lots de roba (crec que usada) i esperen queviures i altres coses.<\/p>\n<p>Hem digueren que l\u2019amic Mestres no estava gaire b\u00e9; no cal dir com sentiria que la not\u00edcia fos certa. Ja tindreu l\u2019amabilitat de saludar-lo en nom meu.<\/p>\n<p>Fa uns quince dies que ens v\u00e0rem traslladar a\u00e7\u00ed, on podem estar reunits amb els fills, que com sabeu estaven pensionats al Lyc\u00e9e.<\/p>\n<p>Malgrat el Gobern de la Rep\u00fablica (ara en crisis), malgrat totes les divisions en partits i grupets, malgrat els anglo-sajons i la O.N.U., hem d\u2019al\u00e7ar el cor i repetir la vella adre\u00e7a: aquest any ser\u00e0 el que veurem nostra Catalunya lliberada.<\/p>\n<p>Amb tot l\u2019afecte, vostre i de Catalunya,<\/p>\n<p>&nbsp;<\/p>\n<p>Manuel Companys<\/p>\n<p>&nbsp;<\/p>\n<p>(Font: Arxiu Comarcal del Pallars Sobir\u00e0)<\/p>\n<p>&nbsp;<\/p>\n<p><a href=\"#_ftnref1\" name=\"_ftn1\">[1]<\/a> Joan Tauler i Palomeras<\/p>\n<p><a href=\"#_ftnref2\" name=\"_ftn2\">[2]<\/a> Carles Pi i Sunyer<\/p>\n","protected":false},"excerpt":{"rendered":"<p>Transcripci\u00f3: &nbsp; Foix, 3 de febrer de 1947 11 rue du Pont Senyor Jaume Creus &nbsp; Estimat amic: Per haver cambiat de resid\u00e8ncia l\u2019amic Casas (Secretari Departamental), em plau adjuntar-vos unas fulles de \u201cCens de Necessitats\u201d i \u201cDades complement\u00e0ries\u201d del \u201cServei d\u2019Ajut\u201d de la Generalitat de Catalunya. S\u00f3n per repartir entre els que ho puguin [&hellip;]<\/p>\n","protected":false},"author":28,"featured_media":0,"parent":73556,"menu_order":0,"comment_status":"closed","ping_status":"closed","template":"","meta":{"footnotes":""},"class_list":["post-73568","page","type-page","status-publish","hentry"],"_links":{"self":[{"href":"https:\/\/www.memoria.cat\/manuel-companys\/wp-json\/wp\/v2\/pages\/73568","targetHints":{"allow":["GET"]}}],"collection":[{"href":"https:\/\/www.memoria.cat\/manuel-companys\/wp-json\/wp\/v2\/pages"}],"about":[{"href":"https:\/\/www.memoria.cat\/manuel-companys\/wp-json\/wp\/v2\/types\/page"}],"author":[{"embeddable":true,"href":"https:\/\/www.memoria.cat\/manuel-companys\/wp-json\/wp\/v2\/users\/28"}],"replies":[{"embeddable":true,"href":"https:\/\/www.memoria.cat\/manuel-companys\/wp-json\/wp\/v2\/comments?post=73568"}],"version-history":[{"count":0,"href":"https:\/\/www.memoria.cat\/manuel-companys\/wp-json\/wp\/v2\/pages\/73568\/revisions"}],"up":[{"embeddable":true,"href":"https:\/\/www.memoria.cat\/manuel-companys\/wp-json\/wp\/v2\/pages\/73556"}],"wp:attachment":[{"href":"https:\/\/www.memoria.cat\/manuel-companys\/wp-json\/wp\/v2\/media?parent=73568"}],"curies":[{"name":"wp","href":"https:\/\/api.w.org\/{rel}","templated":true}]}}