{"id":73562,"date":"2020-10-12T15:48:40","date_gmt":"2020-10-12T14:48:40","guid":{"rendered":"https:\/\/www.memoria.cat\/manuel-companys\/?page_id=73562"},"modified":"2020-10-14T07:36:43","modified_gmt":"2020-10-14T06:36:43","slug":"carta-del-24-10-1945","status":"publish","type":"page","link":"https:\/\/www.memoria.cat\/manuel-companys\/les-cartes-de-manuel-companys-a-jaume-creus\/carta-del-24-10-1945\/","title":{"rendered":"Carta de Manuel Companys a Jaume Creus (24\/10\/1945)"},"content":{"rendered":"<div id=\"jig1\" class=\"justified-image-grid jig-b88ebbc1bac9697f0dd35c4bfe089320 jig-preset-c2 jig-source-wp-gallery jig-rml-id-5\"><div class=\"jig-clearfix\"><\/div><noscript id=\"jig1-html\" class=\"justified-image-grid-html\" data-lazy-src=\"skiplazyload\" data-src=\"skipunveillazyload\"><ul><li><a href=\"https:\/\/www.memoria.cat\/manuel-companys\/wp-content\/uploads\/sites\/52\/2020\/10\/4-scaled.jpg\"><img decoding=\"async\" src=\"https:\/\/www.memoria.cat\/manuel-companys\/wp-content\/uploads\/sites\/52\/2020\/10\/4-scaled.jpg\" alt=\"\" width=\"148\" height=\"230\" \/><\/a><\/li><\/ul><\/noscript><\/div>\n<p><strong>Transcripci\u00f3:<\/strong><\/p>\n<p>Sr. En Jaume Creus<\/p>\n<p>Saint-Girons<\/p>\n<p>&nbsp;<\/p>\n<p>Benvolgut amic:<\/p>\n<p>Acabo de rebrer vostra lletra amb una relaci\u00f3 de la reuni\u00f3 tinguda per la local de Saint-Girons el 14 \u00faltim, i una fitxa pol\u00edtica que, degudament emplenada, tinc el gust de retornarvos.<\/p>\n<p>Dem\u00e0 far\u00e9 a Nonisi un mandat-carta per liquidar els rebuts fins a fi d\u2019any.<\/p>\n<p>Molt agra\u00eft per tot, ja sabeu l\u2019afecte de vostre amic i Per Catalunya.<\/p>\n<p>Manuel Companys<\/p>\n<p>&nbsp;<\/p>\n","protected":false},"excerpt":{"rendered":"<p>Transcripci\u00f3: Sr. En Jaume Creus Saint-Girons &nbsp; Benvolgut amic: Acabo de rebrer vostra lletra amb una relaci\u00f3 de la reuni\u00f3 tinguda per la local de Saint-Girons el 14 \u00faltim, i una fitxa pol\u00edtica que, degudament emplenada, tinc el gust de retornarvos. Dem\u00e0 far\u00e9 a Nonisi un mandat-carta per liquidar els rebuts fins a fi d\u2019any. [&hellip;]<\/p>\n","protected":false},"author":28,"featured_media":0,"parent":73556,"menu_order":0,"comment_status":"closed","ping_status":"closed","template":"","meta":{"iawp_total_views":0,"footnotes":""},"class_list":["post-73562","page","type-page","status-publish","hentry"],"_links":{"self":[{"href":"https:\/\/www.memoria.cat\/manuel-companys\/wp-json\/wp\/v2\/pages\/73562","targetHints":{"allow":["GET"]}}],"collection":[{"href":"https:\/\/www.memoria.cat\/manuel-companys\/wp-json\/wp\/v2\/pages"}],"about":[{"href":"https:\/\/www.memoria.cat\/manuel-companys\/wp-json\/wp\/v2\/types\/page"}],"author":[{"embeddable":true,"href":"https:\/\/www.memoria.cat\/manuel-companys\/wp-json\/wp\/v2\/users\/28"}],"replies":[{"embeddable":true,"href":"https:\/\/www.memoria.cat\/manuel-companys\/wp-json\/wp\/v2\/comments?post=73562"}],"version-history":[{"count":0,"href":"https:\/\/www.memoria.cat\/manuel-companys\/wp-json\/wp\/v2\/pages\/73562\/revisions"}],"up":[{"embeddable":true,"href":"https:\/\/www.memoria.cat\/manuel-companys\/wp-json\/wp\/v2\/pages\/73556"}],"wp:attachment":[{"href":"https:\/\/www.memoria.cat\/manuel-companys\/wp-json\/wp\/v2\/media?parent=73562"}],"curies":[{"name":"wp","href":"https:\/\/api.w.org\/{rel}","templated":true}]}}