{"id":73556,"date":"2020-10-12T15:47:27","date_gmt":"2020-10-12T14:47:27","guid":{"rendered":"https:\/\/www.memoria.cat\/manuel-companys\/?page_id=73556"},"modified":"2020-10-12T17:25:08","modified_gmt":"2020-10-12T16:25:08","slug":"les-cartes-de-manuel-companys-a-jaume-creus","status":"publish","type":"page","link":"https:\/\/www.memoria.cat\/manuel-companys\/les-cartes-de-manuel-companys-a-jaume-creus\/","title":{"rendered":"Les cartes entre Manuel Companys i Jaume Creus"},"content":{"rendered":"<p>L\u2019Arxiu Comarcal del Pallars Sobir\u00e0 conserva 10 cartes de la correspond\u00e8ncia entre Manuel Companys i Jover i <span style=\"color: #0563c1\"><u><a class=\"western\" href=\"https:\/\/www.memoria.cat\/creus\" target=\"_top\" rel=\"noopener noreferrer\">Jaume Creus i Ventura <\/a><\/u><\/span>(vuit cartes de Manuel Companys i dues de Jaume Creus). Cinc missives s\u00f3n del 1945; tres del 1947 i dues del 1948.<\/p>\n<p>Les cartes corresponen a tres moments ben diferents. Les de l\u2019any 1945 fan refer\u00e8ncia a la reconstrucci\u00f3 del partit d\u2019ERC a Fran\u00e7a; les de 1947 parlen de les gestions per fer arribar les ajudes del Servei d\u2019Ajut de la Generalitat als exiliats necessitats i de l\u2019acte d\u2019homenatge a Pau Casals del juny de 1947 a Foix; les dues cartes de 1948, en canvi, reflecteixen el seu retorn a Catalunya.<\/p>\n<p>Les cartes entre Manuel Companys i Jaume Creus mostren cordialitat i sintonia pol\u00edtica, amb un patriotisme ferm. Manuel Companys s\u2019acomiada sempre amb un \u00abVostre i per Catalunya\u00bb, excepte la darrera carta, la que envia ja des de la Barcelona franquista.<\/p>\n<p>En les cartes de maig del 1945 Manuel Companys fa arribar carnets de milit\u00e0ncia, s\u2019interessa per la convocat\u00f2ria del Congr\u00e9s del partit que tindr\u00e0 lloc a Tolosa el mes de juliol, i comenta la informaci\u00f3 que li arriba via Andorra sobre l\u2019estat de la repressi\u00f3 a Espanya:<\/p>\n<p>\u201c<i>Un amic d\u2019Andorra, que darrerament ha estat a Catalunya, m\u2019escriu: no cregueu res de la magnanimitat, perd\u00f3n i just\u00edcia (?) de Franco; que no li vingui el mal pensament de tornar a casa, car la repressi\u00f3 \u00e9s m\u00e9s forta que mai, sobretot contra Catalunya<\/i>\u201d.<\/p>\n<p>En les missives d\u2019octubre-novembre de 1945 esmenta la secci\u00f3 local d\u2019ERC, i en la felicitaci\u00f3 de Nadal i Any Nou que envia a Jaume Creus expressa l\u2019esperan\u00e7a de tornar aviat a casa lliures del r\u00e8gim franquista.<\/p>\n<p>La carta de 3 de febrer de 1947 est\u00e0 escrita des de la seva nova resid\u00e8ncia a Foix, on s\u2019ha reunit amb els fills, que abans estaven pensionats al Liceu de Foix. Hi parla de gestions per fer arribar les ajudes de la Generalitat als exiliats i fam\u00edlies que ho necessitin, en forma de lots de roba i queviures. Aclareix que els cal un aval d\u2019un comit\u00e8 o secci\u00f3 local.<\/p>\n<p>Manuel Companys acaba la carta expressant a Jaume Creus la seva confian\u00e7a en el futur, en un moment en qu\u00e8 Fran\u00e7a mant\u00e9 la frontera amb Espanya tancada i el r\u00e8gim de Franco est\u00e0 a\u00efllat internacionalment:<\/p>\n<p align=\"justify\"><i>\u00abMalgrat el Gobern de la Rep\u00fablica (ara en crisis), malgrat totes les divisions en partits i grupets, malgrat els anglo-sajons i la O.N.U., hem d\u2019al\u00e7ar el cor i repetir la vella adre\u00e7a: aquest any ser\u00e0 el que veurem nostra Catalunya lliberada.<\/i><\/p>\n<p align=\"justify\"><i>Amb tot l\u2019afecte, vostre i de Catalunya,<\/i><\/p>\n<p align=\"justify\"><i>Manuel Companys\u00bb<\/i><\/p>\n<p>Les dues cartes que s\u2019intercanvien Companys i Creus el juny seg\u00fcent tracten sobretot de l\u2019homenatge que es far\u00e0 a Pau Casals a Foix el 29 de juny del 1947 amb participaci\u00f3 del Casal de Tolosa, la col\u00f2nia catalana i espanyola de la vila, i rebuda a l\u2019Ajuntament. Per\u00f2 tamb\u00e9 hi trobem la not\u00edcia de l\u2019anada de Creus a Andorra. Andorra era aleshores un lloc de refugi d\u2019exiliats catalans i punt de trobada amb l\u2019oposici\u00f3 antifranquista.<\/p>\n<p>Les dues cartes de 1948 indiquen que Manuel Companys ha tornat a Catalunya i est\u00e0 procurant refer la vida. Li demana una informaci\u00f3 concreta sobre un enginyer de Marsella que fa pensar que est\u00e0 reprenent la seva feina de perit mercantil. Explica a Creus que van tornant amics de l\u2019exili. I li pregunta qu\u00e8 far\u00e0 ell. Aquest li respondr\u00e0 que ell, de moment, no pren cap decisi\u00f3 sobre tornar o no. Sabem que Jaume Creus va tornar a Catalunya el 1949, malgrat la repressi\u00f3 econ\u00f2mica que les autoritats franquistes li van aplicar.<\/p>\n<p><a href=\"https:\/\/www.memoria.cat\/manuel-companys\/les-cartes-de-manuel-companys-a-jaume-creus\/carta-del-28-5-1945\/\">Carta de Manuel Companys a Jaume Creus (28\/5\/1945)<\/a><\/p>\n<p>&nbsp;<\/p>\n<p><a href=\"https:\/\/www.memoria.cat\/manuel-companys\/les-cartes-de-manuel-companys-a-jaume-creus\/tarja-postal-del-29-5-1945\/\">Tarja postal de Manuel Companys a Jaume Creus (29\/5\/1945)<\/a><\/p>\n<p>&nbsp;<\/p>\n<p><a href=\"https:\/\/www.memoria.cat\/manuel-companys\/les-cartes-de-manuel-companys-a-jaume-creus\/carta-del-24-10-1945\/\">Carta de Manuel Companys a Jaume Creus (24\/10\/1945)<\/a><\/p>\n<p>&nbsp;<\/p>\n<p><a href=\"https:\/\/www.memoria.cat\/manuel-companys\/les-cartes-de-manuel-companys-a-jaume-creus\/carta-del-12-11-1945\/\">Carta de Manuel Companys a Jaume Creus (12\/11\/1945)<\/a><\/p>\n<p>&nbsp;<\/p>\n<p><a href=\"https:\/\/www.memoria.cat\/manuel-companys\/les-cartes-de-manuel-companys-a-jaume-creus\/tarja-postal-del-desembre-del-1945\/\">Tarja postal de Manuel Companys a Jaume Creus (desembre del 1945)<\/a><\/p>\n<p>&nbsp;<\/p>\n<p><a href=\"https:\/\/www.memoria.cat\/manuel-companys\/les-cartes-de-manuel-companys-a-jaume-creus\/carta-del-3-2-1947\/\">Carta de Manuel Companys a Jaume Creus (3\/2\/1947)<\/a><\/p>\n<p>&nbsp;<\/p>\n<p><a href=\"https:\/\/www.memoria.cat\/manuel-companys\/les-cartes-de-manuel-companys-a-jaume-creus\/carta-del-22-6-1947\/\">Carta de Jaume Creus a Manuel Companys (22\/6\/1947)<\/a><\/p>\n<p>&nbsp;<\/p>\n<p><a href=\"https:\/\/www.memoria.cat\/manuel-companys\/les-cartes-de-manuel-companys-a-jaume-creus\/carta-del-25-6-1947\/\">Carta de Manuel Companys a Jaume Creus (25\/6\/1947)<\/a><\/p>\n<p>&nbsp;<\/p>\n<p><a href=\"https:\/\/www.memoria.cat\/manuel-companys\/les-cartes-de-manuel-companys-a-jaume-creus\/carta-del-18-7-1948\/\">Carta de Manuel Companys a Jaume Creus (18\/7\/1948)<\/a><\/p>\n<p>&nbsp;<\/p>\n<p><a href=\"https:\/\/www.memoria.cat\/manuel-companys\/les-cartes-de-manuel-companys-a-jaume-creus\/carta-del-25-10-1948\/\">Carta de Jaume Creus a Manuel Companys (25\/10\/1948)<\/a><\/p>\n<p>&nbsp;<\/p>\n","protected":false},"excerpt":{"rendered":"<p>L\u2019Arxiu Comarcal del Pallars Sobir\u00e0 conserva 10 cartes de la correspond\u00e8ncia entre Manuel Companys i Jover i Jaume Creus i Ventura (vuit cartes de Manuel Companys i dues de Jaume Creus). Cinc missives s\u00f3n del 1945; tres del 1947 i dues del 1948. Les cartes corresponen a tres moments ben diferents. Les de l\u2019any 1945 [&hellip;]<\/p>\n","protected":false},"author":28,"featured_media":0,"parent":0,"menu_order":0,"comment_status":"closed","ping_status":"closed","template":"","meta":{"footnotes":""},"class_list":["post-73556","page","type-page","status-publish","hentry"],"_links":{"self":[{"href":"https:\/\/www.memoria.cat\/manuel-companys\/wp-json\/wp\/v2\/pages\/73556","targetHints":{"allow":["GET"]}}],"collection":[{"href":"https:\/\/www.memoria.cat\/manuel-companys\/wp-json\/wp\/v2\/pages"}],"about":[{"href":"https:\/\/www.memoria.cat\/manuel-companys\/wp-json\/wp\/v2\/types\/page"}],"author":[{"embeddable":true,"href":"https:\/\/www.memoria.cat\/manuel-companys\/wp-json\/wp\/v2\/users\/28"}],"replies":[{"embeddable":true,"href":"https:\/\/www.memoria.cat\/manuel-companys\/wp-json\/wp\/v2\/comments?post=73556"}],"version-history":[{"count":0,"href":"https:\/\/www.memoria.cat\/manuel-companys\/wp-json\/wp\/v2\/pages\/73556\/revisions"}],"wp:attachment":[{"href":"https:\/\/www.memoria.cat\/manuel-companys\/wp-json\/wp\/v2\/media?parent=73556"}],"curies":[{"name":"wp","href":"https:\/\/api.w.org\/{rel}","templated":true}]}}