{"id":74151,"date":"2021-02-04T14:16:24","date_gmt":"2021-02-04T13:16:24","guid":{"rendered":"https:\/\/www.memoria.cat\/manresanes-guerra-civil-i-repressio\/?page_id=74151"},"modified":"2022-02-18T12:23:35","modified_gmt":"2022-02-18T11:23:35","slug":"josefa-campos-solervicens","status":"publish","type":"page","link":"https:\/\/www.memoria.cat\/manresanes-guerra-civil-i-repressio\/josefa-campos-solervicens\/","title":{"rendered":"Josefa Campos Solervicens"},"content":{"rendered":"<p><strong>(Navarcles, 19\/02\/1914 &#8211; ?)<br \/>\nTreballadora de Can Jorba. Represaliada pel franquisme<\/strong><\/p>\n<p>Era caixera de Can Jorba des de feia onze anys. Dos o tres dies abans de l\u2019entrada dels franquistes (exactament el 22 i 23 de gener), va participar en l&#8217;evacuaci\u00f3 del material del magatzem de Can Jorba en direcci\u00f3 a Fran\u00e7a.<\/p>\n<p>Juntament amb el seu n\u00f2vio Pere Forast\u00e9, que tamb\u00e9 era dependent de Can Jorba, i altres treballadors, declara que van seguir ordres del Ministeri d&#8217;Hisenda. Ella va viatjar en un dels camions direcci\u00f3 Sant Joan de les Abadesses-Puigcerd\u00e0, i en arribar a Fran\u00e7a la van internar en un poble que es deia La Boteria amb altres dones que havien passat la frontera. Aviat va aconseguir tornar a Manresa.<\/p>\n<p>La van detenir i empresonar a la pres\u00f3 de Manresa i a la Pres\u00f3 de Dones de Barcelona, i va ser jutjada juntament amb els seus companys. A ella la van absoldre per manca de proves.<\/p>\n<p><a href=\"http:\/\/www1.memoria.cat\/censpresos\/content\/campos-solervicens-josepa\">Manresans privats de llibertat (1939-1975). Campos Solervicens, Josepa<\/a><\/p>\n<p>&nbsp;<\/p>\n","protected":false},"excerpt":{"rendered":"<p>(Navarcles, 19\/02\/1914 &#8211; ?) Treballadora de Can Jorba. Represaliada pel franquisme Era caixera de Can Jorba des de feia onze anys. Dos o tres dies abans de l\u2019entrada dels franquistes (exactament el 22 i 23 de gener), va participar en l&#8217;evacuaci\u00f3 del material del magatzem de Can Jorba en direcci\u00f3 a Fran\u00e7a. Juntament amb el [&hellip;]<\/p>\n","protected":false},"author":20,"featured_media":0,"parent":0,"menu_order":0,"comment_status":"closed","ping_status":"closed","template":"","meta":{"iawp_total_views":8,"footnotes":""},"class_list":["post-74151","page","type-page","status-publish","hentry"],"_links":{"self":[{"href":"https:\/\/www.memoria.cat\/manresanes-guerra-civil-i-repressio\/wp-json\/wp\/v2\/pages\/74151","targetHints":{"allow":["GET"]}}],"collection":[{"href":"https:\/\/www.memoria.cat\/manresanes-guerra-civil-i-repressio\/wp-json\/wp\/v2\/pages"}],"about":[{"href":"https:\/\/www.memoria.cat\/manresanes-guerra-civil-i-repressio\/wp-json\/wp\/v2\/types\/page"}],"author":[{"embeddable":true,"href":"https:\/\/www.memoria.cat\/manresanes-guerra-civil-i-repressio\/wp-json\/wp\/v2\/users\/20"}],"replies":[{"embeddable":true,"href":"https:\/\/www.memoria.cat\/manresanes-guerra-civil-i-repressio\/wp-json\/wp\/v2\/comments?post=74151"}],"version-history":[{"count":0,"href":"https:\/\/www.memoria.cat\/manresanes-guerra-civil-i-repressio\/wp-json\/wp\/v2\/pages\/74151\/revisions"}],"wp:attachment":[{"href":"https:\/\/www.memoria.cat\/manresanes-guerra-civil-i-repressio\/wp-json\/wp\/v2\/media?parent=74151"}],"curies":[{"name":"wp","href":"https:\/\/api.w.org\/{rel}","templated":true}]}}