{"id":74004,"date":"2021-01-20T13:08:29","date_gmt":"2021-01-20T12:08:29","guid":{"rendered":"https:\/\/www.memoria.cat\/manresanes-guerra-civil-i-repressio\/?page_id=74004"},"modified":"2022-02-10T18:47:58","modified_gmt":"2022-02-10T17:47:58","slug":"josepa-claveria-salles","status":"publish","type":"page","link":"https:\/\/www.memoria.cat\/manresanes-guerra-civil-i-repressio\/josepa-claveria-salles\/","title":{"rendered":"Pepita Claveria Sall\u00e9s"},"content":{"rendered":"<p><strong>(Manresa, 2\/06\/1917 &#8211; Barcelona, 28\/11\/2010)<\/strong><br \/>\n<strong>Del Grup Femen\u00ed d&#8217;ERC<\/strong><\/p>\n<p><img fetchpriority=\"high\" decoding=\"async\" class=\"alignleft\" src=\"https:\/\/www.memoria.cat\/manresanes-guerra-civil-i-repressio\/wp-content\/uploads\/sites\/55\/2021\/08\/claveria2.jpg\" width=\"215\" height=\"339\" \/>Pepita Claveria fou una jove activista del Grup Femen\u00ed d&#8217;ERC. Estudia a l&#8217;Institut Llu\u00eds de Peguera i a la universitat, i durant la guerra va treballar al departament de Cultura de l&#8217;Ajuntament de Manresa.\u00a0 Es casa amb Isidre Morros Alt\u00e9s (1914-1955), referent cultural de la ciutat que col\u00b7labora sovint a la premsa local, tamb\u00e9 membre actiu d&#8217;ERC. <a href=\"#ipsum1\">(1)<\/a><\/p>\n<p>Als anys de la guerra trobem la Pepita partipant com a ponent en dos actes:<\/p>\n<p>El 24 d&#8217;abril de 1937, juntament amb Francesc Marcet i com a representant del Grup Femen\u00ed de Manresa, participa en un acte d&#8217;ERC a Moi\u00e0, amb motiu de la reorganitzaci\u00f3 del partit en aquesta poblaci\u00f3. <a href=\"#ipsum2\">(2)<\/a><\/p>\n<p>El 13 d&#8217;agost de 1937 es constitueixen a Manresa les Joventuts d&#8217;Esquerra Republicana-Estat Catal\u00e0 (JEREC). Ella \u00e9s una de les ponents de l&#8217;acte. <a href=\"#ipsum3\">(3)<\/a><\/p>\n<p>Ja hav\u00edem trobat Pepita Claveria participant en actes a Sant Fruit\u00f3s de Bages (8\/02\/1936) i Call\u00fas (09\/02\/1936), com a representant del Grup Femen\u00ed d&#8217;ERC abans d&#8217;esclatar la guerra civil. <a href=\"#ipsum4\">(4)<\/a><\/p>\n<p>Fins a la seva mort va guardar dues cartes que Joaquim Amat i Piniella va escriure a Isidre Morros, el seu marit. Mem\u00f2ria.cat les va poder publicar:<\/p>\n<p><a href=\"http:\/\/www1.memoria.cat\/amat\/content\/apareixen-2-valuoses-cartes-de-joaquim-amat-piniella-i-2-fotos-tamb%C3%A9-in%C3%A8dites\"><strong><em>Una carta est\u00e0 escrita des de la pres\u00f3 Model (novembre del 1934); l\u2019altra, sota els bombardeigs franquistes del front de Granada (febrer del 1938)<\/em><\/strong><\/a><\/p>\n<p><a id=\"ipsum1\"><\/a>(1) <a href=\"http:\/\/www1.memoria.cat\/amat\/content\/apareixen-2-valuoses-cartes-de-joaquim-amat-piniella-i-2-fotos-tamb%C3%A9-in%C3%A8dites\">Web de Joaquim Amat-Piniella<\/a>. Memoria.cat<br \/>\n<a id=\"ipsum2\"><\/a>(2) Diari <em>El Dia<\/em>, 24\/04\/1937<br \/>\n<a id=\"ipsum3\"><\/a>(3) Diari <em>El Dia,<\/em> 12\/08\/1937<br \/>\n<a id=\"ipsum4\"><\/a>(4) Diari <em>El Dia,<\/em> 8\/2\/1936 i 9\/2\/1936<\/p>\n<p><img decoding=\"async\" class=\"aligncenter\" src=\"https:\/\/www.memoria.cat\/manresanes-guerra-civil-i-repressio\/wp-content\/uploads\/sites\/55\/2021\/08\/claveria1.jpg\" width=\"378\" height=\"483\" \/><\/p>\n<p>Foto: Pepita Sall\u00e9s. Col\u00b7lecci\u00f3 familiar Valent\u00ed Sala-Maria Dolors Costa<\/p>\n","protected":false},"excerpt":{"rendered":"<p>(Manresa, 2\/06\/1917 &#8211; Barcelona, 28\/11\/2010) Del Grup Femen\u00ed d&#8217;ERC Pepita Claveria fou una jove activista del Grup Femen\u00ed d&#8217;ERC. Estudia a l&#8217;Institut Llu\u00eds de Peguera i a la universitat, i durant la guerra va treballar al departament de Cultura de l&#8217;Ajuntament de Manresa.\u00a0 Es casa amb Isidre Morros Alt\u00e9s (1914-1955), referent cultural de la ciutat [&hellip;]<\/p>\n","protected":false},"author":20,"featured_media":0,"parent":0,"menu_order":0,"comment_status":"closed","ping_status":"closed","template":"","meta":{"iawp_total_views":5,"footnotes":""},"class_list":["post-74004","page","type-page","status-publish","hentry"],"_links":{"self":[{"href":"https:\/\/www.memoria.cat\/manresanes-guerra-civil-i-repressio\/wp-json\/wp\/v2\/pages\/74004","targetHints":{"allow":["GET"]}}],"collection":[{"href":"https:\/\/www.memoria.cat\/manresanes-guerra-civil-i-repressio\/wp-json\/wp\/v2\/pages"}],"about":[{"href":"https:\/\/www.memoria.cat\/manresanes-guerra-civil-i-repressio\/wp-json\/wp\/v2\/types\/page"}],"author":[{"embeddable":true,"href":"https:\/\/www.memoria.cat\/manresanes-guerra-civil-i-repressio\/wp-json\/wp\/v2\/users\/20"}],"replies":[{"embeddable":true,"href":"https:\/\/www.memoria.cat\/manresanes-guerra-civil-i-repressio\/wp-json\/wp\/v2\/comments?post=74004"}],"version-history":[{"count":0,"href":"https:\/\/www.memoria.cat\/manresanes-guerra-civil-i-repressio\/wp-json\/wp\/v2\/pages\/74004\/revisions"}],"wp:attachment":[{"href":"https:\/\/www.memoria.cat\/manresanes-guerra-civil-i-repressio\/wp-json\/wp\/v2\/media?parent=74004"}],"curies":[{"name":"wp","href":"https:\/\/api.w.org\/{rel}","templated":true}]}}