{"id":73644,"date":"2020-11-14T21:47:29","date_gmt":"2020-11-14T20:47:29","guid":{"rendered":"https:\/\/www.memoria.cat\/manresanes-guerra-civil-i-repressio\/?page_id=73644"},"modified":"2022-03-03T21:46:10","modified_gmt":"2022-03-03T20:46:10","slug":"manresanes-represaliades-2","status":"publish","type":"page","link":"https:\/\/www.memoria.cat\/manresanes-guerra-civil-i-repressio\/manresanes-represaliades-2\/","title":{"rendered":"Manresanes represaliades"},"content":{"rendered":"<p>A Manresa, acabada la guerra, el r\u00e8gim franquista va empresonar un centenar de dones, una setantena de les quals van ser jutjades en consell de guerra.<\/p>\n<p>Bona part d\u2019elles va passar primer per la pres\u00f3 de Manresa al carrer de Sant Bartomeu, a l\u2019antic convent de les Germanetes dels Pobres, on ocuparen el primer pis, separades dels homes. Despr\u00e9s, a la majoria les van traslladar a la Pres\u00f3 de Dones de Barcelona situada al barri de Les Corts, per acabar de complir la condemna despr\u00e9s del judici.<\/p>\n<p>&nbsp;<\/p>\n<p><strong>Quines manresanes van ser detingudes i empresonades? <\/strong><\/p>\n<p>Les dones que havien estat l\u00edders en algun partit o sindicat en els per\u00edodes de la Rep\u00fablica i la guerra, i les capdavanteres d\u2019organitzacions, com el Socors Roig.<\/p>\n<p>Les dones que havien escrit a la premsa o havien participat en m\u00edtings p\u00fablics.<\/p>\n<p>Dones que eren esposes, mares, filles o amants d\u2019exiliats, empresonats o afusellats pels franquistes.<\/p>\n<p>Dones que foren denunciades per ve\u00efns o companys de treball pels seus comentaris a favor de la Rep\u00fablica.<\/p>\n<p>Dones que foren detingudes juntament amb la seva parella per considerar-los c\u00f2mplices en les seves activitats.<\/p>\n<p>Infermeres que, seguint les ordres del Departament de Sanitat de la Generalitat, van evacuar els ferits dels hospitals militars a Fran\u00e7a.<\/p>\n<p>Dones que havien treballat a la seu del Comit\u00e8 o d\u2019alguna organitzaci\u00f3 pol\u00edtica en oficis diversos, com neteja, cuina, etc.<\/p>\n<p>Dones que foren denunciades per haver participat en el saqueig que va tenir lloc als Magatzems Jorba els dies abans de l\u2019entrada de l\u2019ex\u00e8rcit franquista a la ciutat.<\/p>\n<p>Dones que havien viscut en un pis incautat, del qual n&#8217;havien fugit els propietaris.<\/p>\n<p>Dones que havien fet favors a exiliats per posar-se en contacte amb la fam\u00edlia.<\/p>\n<p>Tamb\u00e9 casos curiosos, com la mestressa d\u2019un prost\u00edbul que va amagar un comissari pol\u00edtic de fora de Manresa.<\/p>\n<p>Tamb\u00e9 les enemistats entre ve\u00efns, els amors no correspostos, les revenges personals i les sospites sense proves van trobar sortida en les delacions que tant fomentava el nou r\u00e8gim i que van portar dones manresanes a la pres\u00f3.<\/p>\n<p><strong><br \/>\n<a href=\"https:\/\/www.memoria.cat\/manresanes-guerra-civil-i-repressio\/empresonades-manresanes\/\">DONES EMPRESONADES A MANRESA ENTRE 1939 I 1945<\/a><\/strong><\/p>\n<p>&nbsp;<\/p>\n<h4><strong>Altres repres\u00e0lies: Depuracions, acomiadaments, desterraments<\/strong><\/h4>\n<p>Infermeres, cuineres, cosidores, mecan\u00f2grafes, professores, puericultores, personal de neteja, etc., en n\u00f2mina de l&#8217;Ajuntament de Manresa van ser cessades en un primer moment, com tot el personal contractat els anys de la guerra. Algunes van ser readmeses, per\u00f2 moltes dones van perdre la feina en la nova organitzaci\u00f3.<\/p>\n<p><a href=\"https:\/\/www.memoria.cat\/depurats\/\">Cens de depurats pel franquisme a l&#8217;Ajuntament de Manresa<\/a><\/p>\n<p>&nbsp;<\/p>\n<p>Tamb\u00e9 es va exercir el c\u00e0stig amb sancions, acomiadaments i desterraments en el m\u00f3n de l&#8217;ensenyament. El franquisme va considerar que els mestres eren els principals difusors de les idees republicanes.<\/p>\n<p><a href=\"http:\/\/www1.memoria.cat\/amat\/content\/maria-llaveries-lesposa-damat-piniella\"><strong>Maria Llaverias Viladomiu<\/strong><\/a> i <strong><a href=\"http:\/\/www1.memoria.cat\/mestres\/content\/bot%C3%A9-puiggr%C3%B3s-merc%C3%A8-0\">Merc\u00e8 Bot\u00e9 Puiggros<\/a> <\/strong>van ser traslladades fora de la prov\u00edncia de Barcelona i les van inhabilitar cinc anys per a c\u00e0rrecs directius.<\/p>\n<p><a href=\"http:\/\/www1.memoria.cat\/mestres\/content\/delhom-brugu%C3%A9s-rosa-0\"><strong>Rosa Delhom Brugu\u00e9s<\/strong><\/a> i <strong><a href=\"http:\/\/www1.memoria.cat\/mestres\/content\/cuende-sierra-vicenta-0\">Vicenta Cuende Sierra<\/a> <\/strong>van ser cessades del servei.<\/p>\n<p>M\u00e9s informaci\u00f3:<br \/>\n<a href=\"http:\/\/www1.memoria.cat\/mestres\/\">Els mestres de la Rep\u00fablica a Manresa. Traject\u00f2ries, pedagogies i depuracions.<\/a><\/p>\n<p>&nbsp;<\/p>\n<p>&nbsp;<\/p>\n<p>&nbsp;<\/p>\n<p>&nbsp;<\/p>\n<p>&nbsp;<\/p>\n<p>&nbsp;<\/p>\n","protected":false},"excerpt":{"rendered":"<p>A Manresa, acabada la guerra, el r\u00e8gim franquista va empresonar un centenar de dones, una setantena de les quals van ser jutjades en consell de guerra. Bona part d\u2019elles va passar primer per la pres\u00f3 de Manresa al carrer de Sant Bartomeu, a l\u2019antic convent de les Germanetes dels Pobres, on ocuparen el primer pis, [&hellip;]<\/p>\n","protected":false},"author":20,"featured_media":0,"parent":0,"menu_order":0,"comment_status":"closed","ping_status":"closed","template":"","meta":{"iawp_total_views":20,"footnotes":""},"class_list":["post-73644","page","type-page","status-publish","hentry"],"_links":{"self":[{"href":"https:\/\/www.memoria.cat\/manresanes-guerra-civil-i-repressio\/wp-json\/wp\/v2\/pages\/73644","targetHints":{"allow":["GET"]}}],"collection":[{"href":"https:\/\/www.memoria.cat\/manresanes-guerra-civil-i-repressio\/wp-json\/wp\/v2\/pages"}],"about":[{"href":"https:\/\/www.memoria.cat\/manresanes-guerra-civil-i-repressio\/wp-json\/wp\/v2\/types\/page"}],"author":[{"embeddable":true,"href":"https:\/\/www.memoria.cat\/manresanes-guerra-civil-i-repressio\/wp-json\/wp\/v2\/users\/20"}],"replies":[{"embeddable":true,"href":"https:\/\/www.memoria.cat\/manresanes-guerra-civil-i-repressio\/wp-json\/wp\/v2\/comments?post=73644"}],"version-history":[{"count":0,"href":"https:\/\/www.memoria.cat\/manresanes-guerra-civil-i-repressio\/wp-json\/wp\/v2\/pages\/73644\/revisions"}],"wp:attachment":[{"href":"https:\/\/www.memoria.cat\/manresanes-guerra-civil-i-repressio\/wp-json\/wp\/v2\/media?parent=73644"}],"curies":[{"name":"wp","href":"https:\/\/api.w.org\/{rel}","templated":true}]}}