{"id":3099,"date":"2018-01-09T12:30:49","date_gmt":"2018-01-09T12:30:49","guid":{"rendered":"https:\/\/www.memoria.cat\/lluis-rubiralta\/?page_id=3099"},"modified":"2025-08-20T06:50:35","modified_gmt":"2025-08-20T05:50:35","slug":"salvament-patrimoni-manresa","status":"publish","type":"page","link":"https:\/\/www.memoria.cat\/lluis-rubiralta\/salvament-patrimoni-manresa\/","title":{"rendered":"Les mem\u00f2ries de Llu\u00eds Rubiralta sobre el salvament del patrimoni manres\u00e0"},"content":{"rendered":"<p><a class=\"bellows-target\" href=\"https:\/\/www.memoria.cat\/lluis-rubiralta\/salvament-patrimoni-manresa\/capitol-1-ofrena-explicacio-duna-actuacio-perque-recollida-patrimoni-artistic-manresa\/\"><span class=\"bellows-target-title bellows-target-text\">Cap\u00edtol 1. Ofrena. Explicaci\u00f3 d\u2019una actuaci\u00f3. El perqu\u00e8 de la recollida del patrimoni art\u00edstic de Manresa<\/span><\/a><\/p>\n<p><a class=\"bellows-target\" href=\"https:\/\/www.memoria.cat\/lluis-rubiralta\/salvament-patrimoni-manresa\/capitol-2-primers-passos-efectius-pacte-triangle-guix-blanc-entra-funcio\/\"><span class=\"bellows-target-title bellows-target-text\">Cap\u00edtol 2. Uns primers passos efectius. El pacte del triangle. El guix blanc entra en funci\u00f3<\/span><\/a><\/p>\n<p><a class=\"bellows-target\" href=\"https:\/\/www.memoria.cat\/lluis-rubiralta\/salvament-patrimoni-manresa\/capitol-3-intent-poc-afortunat-museu-tancat-sagristia-restes-victimes-dels-tres-roures-final-tarda-mes-llarga-meva-vida-recomanacio-dos-guardies-civ\/\"><span class=\"bellows-target-title bellows-target-text\">Cap\u00edtol 3. Un intent poc afortunat. El museu de la Seu, tancat. La sagristia. Les restes de les v\u00edctimes dels Tres Roures. Final de la tarda m\u00e9s llarga de la meva vida. Recomanaci\u00f3 de dos gu\u00e0rdies civils. La Mare de D\u00e9u g\u00f2tica, de pedra, del portal de la Seu. El drama del Convent de Santa Clara. Un comit\u00e8 del Salvament del patrimoni art\u00edstic. Destitu\u00eft.<\/span><\/a><\/p>\n<p><a class=\"bellows-target\" href=\"https:\/\/www.memoria.cat\/lluis-rubiralta\/salvament-patrimoni-manresa\/capitol-4-deu-claus-totes-iguals-joan-simon-resulta-persona-non-grata-concessio-ledifici-cova-sant-ignasi-museu-artur-duocastella-sincorpora\/\"><span class=\"bellows-target-title bellows-target-text\">Cap\u00edtol 4. Deu claus, totes iguals, de la Seu. Joan Simon resulta ser persona non grata. Concessi\u00f3 de l\u2019edifici de la Cova de Sant Ignasi com a Museu. Artur Duocastella s\u2019incorpora desinteressadament. Com foren salvades les banderes de la Pur\u00edssima i la dels Cossos Sants. Recull i trasllat de l\u2019Arxiu de la Seu. Desmuntatge del Museu de la Seu: el Frontal Florent\u00ed i els retaules de Sant Marc, de Cabrera i de Gu\u00e0rdia. Els sepulcres de la Seu. L\u2019orfebreria de la Seu.<\/span><\/a><\/p>\n<p><a class=\"bellows-target\" href=\"https:\/\/www.memoria.cat\/lluis-rubiralta\/salvament-patrimoni-manresa\/capitol-5-laccidentat-salvament-mare-deu-lalba-desmuntatge-retaule-sant-esperit-pere-serra\/\"><span class=\"bellows-target-title bellows-target-text\">Cap\u00edtol 5. L\u2019accidentat salvament de la Mare de D\u00e9u de l\u2019Alba. El desmuntatge del Retaule del Sant Esperit, de Pere Serra.<\/span><\/a><\/p>\n<p><a class=\"bellows-target\" href=\"https:\/\/www.memoria.cat\/lluis-rubiralta\/salvament-patrimoni-manresa\/capitol-6-carme\/\"><span class=\"bellows-target-title bellows-target-text\">Cap\u00edtol 6. El Carme<\/span><\/a><\/p>\n<p><a class=\"bellows-target\" href=\"https:\/\/www.memoria.cat\/lluis-rubiralta\/salvament-patrimoni-manresa\/apitol-7-claustre-gotic-convent-monges-caputxines-lesglesia-sant-miquel\/\"><span class=\"bellows-target-title bellows-target-text\">Cap\u00edtol 7. El claustre g\u00f2tic del Convent de les Monges Caputxines. L\u2019Esgl\u00e9sia de Sant Miquel.<\/span><\/a><\/p>\n<p><a class=\"bellows-target\" href=\"https:\/\/www.memoria.cat\/lluis-rubiralta\/salvament-patrimoni-manresa\/capitol-8-descobriment-ceramica-manresana-segle-xiv\/\"><span class=\"bellows-target-title bellows-target-text\">Cap\u00edtol 8. El descobriment de la Cer\u00e0mica Manresana del segle XIV.<\/span><\/a><\/p>\n<p><a class=\"bellows-target\" href=\"https:\/\/www.memoria.cat\/lluis-rubiralta\/salvament-patrimoni-manresa\/capitol-9-lluita-pel-salvament-lensorrament-laltar-major\/\"><span class=\"bellows-target-title bellows-target-text\">Cap\u00edtol 9. La lluita pel salvament de la Seu. L\u2019ensorrament de l\u2019Altar Major de la Seu.<\/span><\/a><\/p>\n<p><a class=\"bellows-target\" href=\"https:\/\/www.memoria.cat\/lluis-rubiralta\/salvament-patrimoni-manresa\/capitol-10-lesglesia-sant-domenec\/\"><span class=\"bellows-target-title bellows-target-text\">Cap\u00edtol 10. L\u2019esgl\u00e9sia de Sant Dom\u00e8nec.<\/span><\/a><\/p>\n<p><a class=\"bellows-target\" href=\"https:\/\/www.memoria.cat\/lluis-rubiralta\/salvament-patrimoni-manresa\/capitol-11-torrent-sant-ignasi-lesglesia-sant-ignasi-primera-visita-dr-pere-bosch-gimpera-patrimoni-artistic-manresa-predella-lluis-borrassa-manresa-paris\/\"><span class=\"bellows-target-title bellows-target-text\">Cap\u00edtol 11. El torrent de Sant Ignasi. L\u2019Esgl\u00e9sia de Sant Ignasi. Primera visita del Dr. Pere Bosch i Gimpera al Patrimoni Art\u00edstic de Manresa. La predel\u00b7la de Llu\u00eds Borrass\u00e0 de Manresa a Par\u00eds. Trasllat de l\u2019Arxiu Municipal de Manresa. Nomenament oficial sense sou ni retribuci\u00f3. El fitxer de l\u2019Arxiu Municipal de Manresa.<\/span><\/a><\/p>\n<p><a class=\"bellows-target\" href=\"https:\/\/www.memoria.cat\/lluis-rubiralta\/salvament-patrimoni-manresa\/capitol-12-inici-muntatge-dun-gran-museu-reunio-comite-conservacio-monuments-patrimoni-artistic-cotxes-camions-tiberis\/\"><span class=\"bellows-target-title bellows-target-text\">Cap\u00edtol 12. Inici del muntatge d\u2019un gran Museu. Una reuni\u00f3 del Comit\u00e8 de Conservaci\u00f3 de Monuments i Patrimoni Art\u00edstic. Cotxes, camions i tiberis.<\/span><\/a><\/p>\n<p><a class=\"bellows-target\" href=\"https:\/\/www.memoria.cat\/lluis-rubiralta\/salvament-patrimoni-manresa\/capitol-13-visita-sospitosa-amagatall-excavat-roca-ordre-devacuacio-patrimoni-artistic-manresa-descoberta-dun-fons-sitja-excavat-damunt-bancada-ped\/\"><span class=\"bellows-target-title bellows-target-text\">Cap\u00edtol 13. Una visita sospitosa. Un amagatall excavat a la roca. Ordre d\u2019evacuaci\u00f3 del patrimoni art\u00edstic manres\u00e0. Descoberta d\u2019un fons de sitja excavat al damunt de la bancada de pedra en el parc de la Seu.<\/span><\/a><\/p>\n<p><a class=\"bellows-target\" href=\"https:\/\/www.memoria.cat\/lluis-rubiralta\/salvament-patrimoni-manresa\/capitol-14-nostre-equip-jurament-damunt-llibre-dels-evangelis-sescriu-historia-inventari-aproximat-mossen-santamaria\/\"><span class=\"bellows-target-title bellows-target-text\">Cap\u00edtol 14. El nostre equip. Un jurament damunt del llibre dels Evangelis. Com s\u2019escriu la hist\u00f2ria. Inventari aproximat. Moss\u00e8n Santamaria.<\/span><\/a><\/p>\n","protected":false},"excerpt":{"rendered":"<p>Cap\u00edtol 1. Ofrena. Explicaci\u00f3 d\u2019una actuaci\u00f3. El perqu\u00e8 de la recollida del patrimoni art\u00edstic de Manresa Cap\u00edtol 2. Uns primers passos efectius. El pacte del triangle. El guix blanc entra en funci\u00f3 Cap\u00edtol 3. Un intent poc afortunat. El museu de la Seu, tancat. La sagristia. Les restes de les v\u00edctimes dels Tres Roures. Final [&hellip;]<\/p>\n","protected":false},"author":89,"featured_media":0,"parent":0,"menu_order":0,"comment_status":"closed","ping_status":"closed","template":"","meta":{"footnotes":""},"class_list":["post-3099","page","type-page","status-publish","hentry"],"yoast_head":"<!-- This site is optimized with the Yoast SEO plugin v27.4 - https:\/\/yoast.com\/product\/yoast-seo-wordpress\/ -->\n<title>Les mem\u00f2ries de Llu\u00eds Rubiralta sobre el salvament del patrimoni manres\u00e0 - Mem\u00f2ries de Llu\u00eds Rubiralta<\/title>\n<meta name=\"robots\" content=\"index, follow, max-snippet:-1, max-image-preview:large, max-video-preview:-1\" \/>\n<link rel=\"canonical\" href=\"https:\/\/www.memoria.cat\/lluis-rubiralta\/salvament-patrimoni-manresa\/\" \/>\n<meta property=\"og:locale\" content=\"ca_ES\" \/>\n<meta property=\"og:type\" content=\"article\" \/>\n<meta property=\"og:title\" content=\"Les mem\u00f2ries de Llu\u00eds Rubiralta sobre el salvament del patrimoni manres\u00e0 - Mem\u00f2ries de Llu\u00eds Rubiralta\" \/>\n<meta property=\"og:description\" content=\"Cap\u00edtol 1. Ofrena. Explicaci\u00f3 d\u2019una actuaci\u00f3. El perqu\u00e8 de la recollida del patrimoni art\u00edstic de Manresa Cap\u00edtol 2. Uns primers passos efectius. El pacte del triangle. El guix blanc entra en funci\u00f3 Cap\u00edtol 3. Un intent poc afortunat. El museu de la Seu, tancat. La sagristia. Les restes de les v\u00edctimes dels Tres Roures. Final [&hellip;]\" \/>\n<meta property=\"og:url\" content=\"https:\/\/www.memoria.cat\/lluis-rubiralta\/salvament-patrimoni-manresa\/\" \/>\n<meta property=\"og:site_name\" content=\"Mem\u00f2ries de Llu\u00eds Rubiralta\" \/>\n<meta property=\"article:modified_time\" content=\"2025-08-20T05:50:35+00:00\" \/>\n<meta name=\"twitter:card\" content=\"summary_large_image\" \/>\n<meta name=\"twitter:label1\" content=\"Temps estimat de lectura\" \/>\n\t<meta name=\"twitter:data1\" content=\"2 minuts\" \/>\n<script type=\"application\/ld+json\" class=\"yoast-schema-graph\">{\"@context\":\"https:\\\/\\\/schema.org\",\"@graph\":[{\"@type\":\"WebPage\",\"@id\":\"https:\\\/\\\/www.memoria.cat\\\/lluis-rubiralta\\\/salvament-patrimoni-manresa\\\/\",\"url\":\"https:\\\/\\\/www.memoria.cat\\\/lluis-rubiralta\\\/salvament-patrimoni-manresa\\\/\",\"name\":\"Les mem\u00f2ries de Llu\u00eds Rubiralta sobre el salvament del patrimoni manres\u00e0 - Mem\u00f2ries de Llu\u00eds Rubiralta\",\"isPartOf\":{\"@id\":\"https:\\\/\\\/www.memoria.cat\\\/lluis-rubiralta\\\/#website\"},\"datePublished\":\"2018-01-09T12:30:49+00:00\",\"dateModified\":\"2025-08-20T05:50:35+00:00\",\"breadcrumb\":{\"@id\":\"https:\\\/\\\/www.memoria.cat\\\/lluis-rubiralta\\\/salvament-patrimoni-manresa\\\/#breadcrumb\"},\"inLanguage\":\"ca\",\"potentialAction\":[{\"@type\":\"ReadAction\",\"target\":[\"https:\\\/\\\/www.memoria.cat\\\/lluis-rubiralta\\\/salvament-patrimoni-manresa\\\/\"]}]},{\"@type\":\"BreadcrumbList\",\"@id\":\"https:\\\/\\\/www.memoria.cat\\\/lluis-rubiralta\\\/salvament-patrimoni-manresa\\\/#breadcrumb\",\"itemListElement\":[{\"@type\":\"ListItem\",\"position\":1,\"name\":\"Inici\",\"item\":\"https:\\\/\\\/www.memoria.cat\\\/lluis-rubiralta\\\/\"},{\"@type\":\"ListItem\",\"position\":2,\"name\":\"Les mem\u00f2ries de Llu\u00eds Rubiralta sobre el salvament del patrimoni manres\u00e0\"}]},{\"@type\":\"WebSite\",\"@id\":\"https:\\\/\\\/www.memoria.cat\\\/lluis-rubiralta\\\/#website\",\"url\":\"https:\\\/\\\/www.memoria.cat\\\/lluis-rubiralta\\\/\",\"name\":\"Mem\u00f2ries de Llu\u00eds Rubiralta\",\"description\":\"El salvament del patrimoni durant la guerra\",\"potentialAction\":[{\"@type\":\"SearchAction\",\"target\":{\"@type\":\"EntryPoint\",\"urlTemplate\":\"https:\\\/\\\/www.memoria.cat\\\/lluis-rubiralta\\\/?s={search_term_string}\"},\"query-input\":{\"@type\":\"PropertyValueSpecification\",\"valueRequired\":true,\"valueName\":\"search_term_string\"}}],\"inLanguage\":\"ca\"}]}<\/script>\n<!-- \/ Yoast SEO plugin. -->","yoast_head_json":{"title":"Les mem\u00f2ries de Llu\u00eds Rubiralta sobre el salvament del patrimoni manres\u00e0 - Mem\u00f2ries de Llu\u00eds Rubiralta","robots":{"index":"index","follow":"follow","max-snippet":"max-snippet:-1","max-image-preview":"max-image-preview:large","max-video-preview":"max-video-preview:-1"},"canonical":"https:\/\/www.memoria.cat\/lluis-rubiralta\/salvament-patrimoni-manresa\/","og_locale":"ca_ES","og_type":"article","og_title":"Les mem\u00f2ries de Llu\u00eds Rubiralta sobre el salvament del patrimoni manres\u00e0 - Mem\u00f2ries de Llu\u00eds Rubiralta","og_description":"Cap\u00edtol 1. Ofrena. Explicaci\u00f3 d\u2019una actuaci\u00f3. El perqu\u00e8 de la recollida del patrimoni art\u00edstic de Manresa Cap\u00edtol 2. Uns primers passos efectius. El pacte del triangle. El guix blanc entra en funci\u00f3 Cap\u00edtol 3. Un intent poc afortunat. El museu de la Seu, tancat. La sagristia. Les restes de les v\u00edctimes dels Tres Roures. Final [&hellip;]","og_url":"https:\/\/www.memoria.cat\/lluis-rubiralta\/salvament-patrimoni-manresa\/","og_site_name":"Mem\u00f2ries de Llu\u00eds Rubiralta","article_modified_time":"2025-08-20T05:50:35+00:00","twitter_card":"summary_large_image","twitter_misc":{"Temps estimat de lectura":"2 minuts"},"schema":{"@context":"https:\/\/schema.org","@graph":[{"@type":"WebPage","@id":"https:\/\/www.memoria.cat\/lluis-rubiralta\/salvament-patrimoni-manresa\/","url":"https:\/\/www.memoria.cat\/lluis-rubiralta\/salvament-patrimoni-manresa\/","name":"Les mem\u00f2ries de Llu\u00eds Rubiralta sobre el salvament del patrimoni manres\u00e0 - Mem\u00f2ries de Llu\u00eds Rubiralta","isPartOf":{"@id":"https:\/\/www.memoria.cat\/lluis-rubiralta\/#website"},"datePublished":"2018-01-09T12:30:49+00:00","dateModified":"2025-08-20T05:50:35+00:00","breadcrumb":{"@id":"https:\/\/www.memoria.cat\/lluis-rubiralta\/salvament-patrimoni-manresa\/#breadcrumb"},"inLanguage":"ca","potentialAction":[{"@type":"ReadAction","target":["https:\/\/www.memoria.cat\/lluis-rubiralta\/salvament-patrimoni-manresa\/"]}]},{"@type":"BreadcrumbList","@id":"https:\/\/www.memoria.cat\/lluis-rubiralta\/salvament-patrimoni-manresa\/#breadcrumb","itemListElement":[{"@type":"ListItem","position":1,"name":"Inici","item":"https:\/\/www.memoria.cat\/lluis-rubiralta\/"},{"@type":"ListItem","position":2,"name":"Les mem\u00f2ries de Llu\u00eds Rubiralta sobre el salvament del patrimoni manres\u00e0"}]},{"@type":"WebSite","@id":"https:\/\/www.memoria.cat\/lluis-rubiralta\/#website","url":"https:\/\/www.memoria.cat\/lluis-rubiralta\/","name":"Mem\u00f2ries de Llu\u00eds Rubiralta","description":"El salvament del patrimoni durant la guerra","potentialAction":[{"@type":"SearchAction","target":{"@type":"EntryPoint","urlTemplate":"https:\/\/www.memoria.cat\/lluis-rubiralta\/?s={search_term_string}"},"query-input":{"@type":"PropertyValueSpecification","valueRequired":true,"valueName":"search_term_string"}}],"inLanguage":"ca"}]}},"_links":{"self":[{"href":"https:\/\/www.memoria.cat\/lluis-rubiralta\/wp-json\/wp\/v2\/pages\/3099","targetHints":{"allow":["GET"]}}],"collection":[{"href":"https:\/\/www.memoria.cat\/lluis-rubiralta\/wp-json\/wp\/v2\/pages"}],"about":[{"href":"https:\/\/www.memoria.cat\/lluis-rubiralta\/wp-json\/wp\/v2\/types\/page"}],"author":[{"embeddable":true,"href":"https:\/\/www.memoria.cat\/lluis-rubiralta\/wp-json\/wp\/v2\/users\/89"}],"replies":[{"embeddable":true,"href":"https:\/\/www.memoria.cat\/lluis-rubiralta\/wp-json\/wp\/v2\/comments?post=3099"}],"version-history":[{"count":0,"href":"https:\/\/www.memoria.cat\/lluis-rubiralta\/wp-json\/wp\/v2\/pages\/3099\/revisions"}],"wp:attachment":[{"href":"https:\/\/www.memoria.cat\/lluis-rubiralta\/wp-json\/wp\/v2\/media?parent=3099"}],"curies":[{"name":"wp","href":"https:\/\/api.w.org\/{rel}","templated":true}]}}