{"id":73900,"date":"2015-09-04T21:50:44","date_gmt":"2015-09-04T20:50:44","guid":{"rendered":"https:\/\/www.memoria.cat\/lluis-companys-salamanca-nova\/altres-documents-sobre-lluis-companys\/"},"modified":"2020-09-22T13:57:51","modified_gmt":"2020-09-22T12:57:51","slug":"altres-documents-sobre-lluis-companys","status":"publish","type":"page","link":"https:\/\/www.memoria.cat\/lluis-companys-salamanca\/altres-documents-sobre-lluis-companys\/","title":{"rendered":"Altres documents sobre Llu\u00eds Companys"},"content":{"rendered":"<div class=\"imatges documents peu\">\n<div class=\"peu\">\n<div id=\"jig1\" class=\"justified-image-grid jig-19f91bbfdeae8255ac16f0930fb71387 jig-preset-c2 jig-source-wp-gallery jig-rml-id-4\"><div class=\"jig-clearfix\"><\/div><noscript id=\"jig1-html\" class=\"justified-image-grid-html\" data-lazy-src=\"skiplazyload\" data-src=\"skipunveillazyload\"><ul><li><a href=\"https:\/\/www.memoria.cat\/lluis-companys-salamanca\/wp-content\/uploads\/sites\/46\/2020\/09\/salamanca067.jpg\" title=\"salamanca067\"><img decoding=\"async\" src=\"https:\/\/www.memoria.cat\/lluis-companys-salamanca\/wp-content\/uploads\/sites\/46\/2020\/09\/salamanca067.jpg\" alt=\"salamanca067\" width=\"190\" height=\"230\" \/><\/a><p class=\"jig-HTMLdescription\">salamanca067<\/p><\/li><\/ul><\/noscript><\/div>\n<div class=\"imatges documents peu\">\n<div class=\"peu\">\n<p>7\/7\/1931: Carta d\u2019Esquerra Republicana de Catalunya al Congr\u00e9s de Diputats en qu\u00e8 li adjunta les credencials de diputat a Corts de Llu\u00eds Companys Jover, Manuel Serra i Moret, Joan Selves i Carn\u00e9, Amadeu Aragay Dav\u00ed, Domingo Palet Barba, Josep Xirau Palau, Carles Pi Sunyer i Josep Grau Jasans.<\/p>\n<\/div>\n<\/div>\n<div class=\"imatges documents peu\">\n<div id=\"jig2\" class=\"justified-image-grid jig-b88ebbc1bac9697f0dd35c4bfe089320 jig-preset-c2 jig-source-wp-gallery jig-rml-id-5\"><div class=\"jig-clearfix\"><\/div><noscript id=\"jig2-html\" class=\"justified-image-grid-html\" data-lazy-src=\"skiplazyload\" data-src=\"skipunveillazyload\"><ul><li><a href=\"https:\/\/www.memoria.cat\/lluis-companys-salamanca\/wp-content\/uploads\/sites\/46\/2020\/09\/carta_dsbert_a_companys.jpg\" title=\"carta_dsbert_a_companys\"><img decoding=\"async\" src=\"https:\/\/www.memoria.cat\/lluis-companys-salamanca\/wp-content\/uploads\/sites\/46\/2020\/09\/carta_dsbert_a_companys.jpg\" alt=\"carta_dsbert_a_companys\" width=\"159\" height=\"230\" \/><\/a><p class=\"jig-HTMLdescription\">carta_dsbert_a_companys<\/p><\/li><\/ul><\/noscript><\/div>\n<div class=\"peu\">\n<p>(Sense data). Carta de Antoni Maria Sbert i M. Soto, d\u2019adhesi\u00f3 al president Llu\u00eds Companys, en qu\u00e8 expressa, a m\u00e9s, \u201c<em>la m\u00e9s en\u00e8rgica protesta per totes aquestes maquinacions que puguin posar en perill la Independ\u00e8ncia d\u2019Espanya i les llibertats de Catalunya que v\u00f3s tan honrosament sempre heu defensat<\/em>\u201d.<\/p>\n<\/div>\n<\/div>\n<div class=\"imatges documents peu\">\n<div id=\"jig3\" class=\"justified-image-grid jig-656cb745d405a9863134a4dfa4f0534d jig-preset-c2 jig-source-wp-gallery jig-rml-id-6\"><div class=\"jig-clearfix\"><\/div><noscript id=\"jig3-html\" class=\"justified-image-grid-html\" data-lazy-src=\"skiplazyload\" data-src=\"skipunveillazyload\"><ul><li><a href=\"https:\/\/www.memoria.cat\/lluis-companys-salamanca\/wp-content\/uploads\/sites\/46\/2020\/09\/carta_adhesio_a_companys.jpg\" title=\"carta_adhesio_a_companys\"><img decoding=\"async\" src=\"https:\/\/www.memoria.cat\/lluis-companys-salamanca\/wp-content\/uploads\/sites\/46\/2020\/09\/carta_adhesio_a_companys.jpg\" alt=\"carta_adhesio_a_companys\" width=\"170\" height=\"230\" \/><\/a><p class=\"jig-HTMLdescription\">carta_adhesio_a_companys<\/p><\/li><li><a href=\"https:\/\/www.memoria.cat\/lluis-companys-salamanca\/wp-content\/uploads\/sites\/46\/2020\/09\/carta_dadhesio3.jpg\" title=\"carta_dadhesio3\"><img loading=\"lazy\" decoding=\"async\" src=\"https:\/\/www.memoria.cat\/lluis-companys-salamanca\/wp-content\/uploads\/sites\/46\/2020\/09\/carta_dadhesio3.jpg\" alt=\"carta_dadhesio3\" width=\"165\" height=\"230\" \/><\/a><p class=\"jig-HTMLdescription\">carta_dadhesio3<\/p><\/li><li><a href=\"https:\/\/www.memoria.cat\/lluis-companys-salamanca\/wp-content\/uploads\/sites\/46\/2020\/09\/resposta_carta_dadhesio.jpg\" title=\"resposta_carta_dadhesio\"><img loading=\"lazy\" decoding=\"async\" src=\"https:\/\/www.memoria.cat\/lluis-companys-salamanca\/wp-content\/uploads\/sites\/46\/2020\/09\/resposta_carta_dadhesio.jpg\" alt=\"resposta_carta_dadhesio\" width=\"179\" height=\"230\" \/><\/a><p class=\"jig-HTMLdescription\">resposta_carta_dadhesio<\/p><\/li><\/ul><\/noscript><\/div>\n<div class=\"peu\">\n<p>Octubre de 1936: carta del Vice-c\u00f2nsol d\u2019Espanya a l\u2019Uruguai, d\u2019adhesi\u00f3 a Llu\u00eds Companys i resposta del president.<\/p>\n<\/div>\n<\/div>\n<div class=\"imatges documents peu\">\n<div id=\"jig4\" class=\"justified-image-grid jig-9827b9a928d62c199e27ddc3c90f0e53 jig-preset-c2 jig-source-wp-gallery jig-rml-id-7\"><div class=\"jig-clearfix\"><\/div><noscript id=\"jig4-html\" class=\"justified-image-grid-html\" data-lazy-src=\"skiplazyload\" data-src=\"skipunveillazyload\"><ul><li><a href=\"https:\/\/www.memoria.cat\/lluis-companys-salamanca\/wp-content\/uploads\/sites\/46\/2020\/09\/salamanca058.jpg\" title=\"salamanca058\"><img loading=\"lazy\" decoding=\"async\" src=\"https:\/\/www.memoria.cat\/lluis-companys-salamanca\/wp-content\/uploads\/sites\/46\/2020\/09\/salamanca058.jpg\" alt=\"salamanca058\" width=\"321\" height=\"230\" \/><\/a><p class=\"jig-HTMLdescription\">salamanca058<\/p><\/li><\/ul><\/noscript><\/div>\n<div class=\"peu\">\n<p>6\/4\/1937: carta de l\u2019alcalde de Manresa, Francesc Marcet, d\u2019adhesi\u00f3 a Llu\u00eds Companys<\/p>\n<\/div>\n<\/div>\n<div class=\"imatges documents peu\">\n<div id=\"jig5\" class=\"justified-image-grid jig-e92ca804d0ce1b44eb4737bf5278950f jig-preset-c2 jig-source-wp-gallery jig-rml-id-8\"><div class=\"jig-clearfix\"><\/div><noscript id=\"jig5-html\" class=\"justified-image-grid-html\" data-lazy-src=\"skiplazyload\" data-src=\"skipunveillazyload\"><ul><li><a href=\"https:\/\/www.memoria.cat\/lluis-companys-salamanca\/wp-content\/uploads\/sites\/46\/2020\/09\/celler_galerias_layetanas1.jpg\" title=\"celler_galerias_layetanas1\"><img loading=\"lazy\" decoding=\"async\" src=\"https:\/\/www.memoria.cat\/lluis-companys-salamanca\/wp-content\/uploads\/sites\/46\/2020\/09\/celler_galerias_layetanas1.jpg\" alt=\"celler_galerias_layetanas1\" width=\"147\" height=\"230\" \/><\/a><p class=\"jig-HTMLdescription\">celler_galerias_layetanas1<\/p><\/li><li><a href=\"https:\/\/www.memoria.cat\/lluis-companys-salamanca\/wp-content\/uploads\/sites\/46\/2020\/09\/celler_galerias_layetanas2.jpg\" title=\"celler_galerias_layetanas2\"><img loading=\"lazy\" decoding=\"async\" src=\"https:\/\/www.memoria.cat\/lluis-companys-salamanca\/wp-content\/uploads\/sites\/46\/2020\/09\/celler_galerias_layetanas2.jpg\" alt=\"celler_galerias_layetanas2\" width=\"152\" height=\"230\" \/><\/a><p class=\"jig-HTMLdescription\">celler_galerias_layetanas2<\/p><\/li><\/ul><\/noscript><\/div>\n<div class=\"peu\">\n<p>7\/4\/1937: carta de l\u2019artista Adolfo Fargnoli (La Bisbal, 1890-Barcelona, 1951), de la famosa sala noucentista Celler de les Galeries Laietanes, al president Llu\u00eds Companys, en qu\u00e8 expressa el seu desig que \u201c<em>sien coronats del major ensert I fortuna els vostres anhels i esfor\u00e7os en b\u00e9 de Catalunya, i per la vict\u00f2ria dels ideals d\u2019humanitat i just\u00edcia que v\u00f3s i tots els homes de bona voluntat desitgem<\/em>\u201d<\/p>\n<\/div>\n<\/div>\n<div class=\"imatges documents peu\">\n<div id=\"jig6\" class=\"justified-image-grid jig-a9b12480856e1dd9516b50d61b1700a4 jig-preset-c2 jig-source-wp-gallery jig-rml-id-9\"><div class=\"jig-clearfix\"><\/div><noscript id=\"jig6-html\" class=\"justified-image-grid-html\" data-lazy-src=\"skiplazyload\" data-src=\"skipunveillazyload\"><ul><li><a href=\"https:\/\/www.memoria.cat\/lluis-companys-salamanca\/wp-content\/uploads\/sites\/46\/2020\/09\/salamanca060.jpg\" title=\"salamanca060\"><img loading=\"lazy\" decoding=\"async\" src=\"https:\/\/www.memoria.cat\/lluis-companys-salamanca\/wp-content\/uploads\/sites\/46\/2020\/09\/salamanca060.jpg\" alt=\"salamanca060\" width=\"190\" height=\"230\" \/><\/a><p class=\"jig-HTMLdescription\">salamanca060<\/p><\/li><\/ul><\/noscript><\/div>\n<div class=\"peu\">\n<p>14\/9\/1937: carta de Llu\u00eds Companys al president de M\u00e8xic, L\u00e1zaro C\u00e1rdenas, d\u2019agra\u00efment \u201c<em>al pueblo mexicano que tan generosamente ayuda la causa de la Rep\u00fablica Espa\u00f1ola<\/em>\u201d.<\/p>\n<\/div>\n<\/div>\n<\/div>\n<\/div>\n","protected":false},"excerpt":{"rendered":"<p>7\/7\/1931: Carta d\u2019Esquerra Republicana de Catalunya al Congr\u00e9s de Diputats en qu\u00e8 li adjunta les credencials de diputat a Corts de Llu\u00eds Companys Jover, Manuel Serra i Moret, Joan Selves i Carn\u00e9, Amadeu Aragay Dav\u00ed, Domingo Palet Barba, Josep Xirau Palau, Carles Pi Sunyer i Josep Grau Jasans. (Sense data). Carta de Antoni Maria Sbert [&hellip;]<\/p>\n","protected":false},"author":1,"featured_media":73891,"parent":0,"menu_order":0,"comment_status":"closed","ping_status":"closed","template":"","meta":{"iawp_total_views":0,"footnotes":""},"class_list":["post-73900","page","type-page","status-publish","has-post-thumbnail","hentry"],"_links":{"self":[{"href":"https:\/\/www.memoria.cat\/lluis-companys-salamanca\/wp-json\/wp\/v2\/pages\/73900","targetHints":{"allow":["GET"]}}],"collection":[{"href":"https:\/\/www.memoria.cat\/lluis-companys-salamanca\/wp-json\/wp\/v2\/pages"}],"about":[{"href":"https:\/\/www.memoria.cat\/lluis-companys-salamanca\/wp-json\/wp\/v2\/types\/page"}],"author":[{"embeddable":true,"href":"https:\/\/www.memoria.cat\/lluis-companys-salamanca\/wp-json\/wp\/v2\/users\/1"}],"replies":[{"embeddable":true,"href":"https:\/\/www.memoria.cat\/lluis-companys-salamanca\/wp-json\/wp\/v2\/comments?post=73900"}],"version-history":[{"count":0,"href":"https:\/\/www.memoria.cat\/lluis-companys-salamanca\/wp-json\/wp\/v2\/pages\/73900\/revisions"}],"wp:featuredmedia":[{"embeddable":true,"href":"https:\/\/www.memoria.cat\/lluis-companys-salamanca\/wp-json\/wp\/v2\/media\/73891"}],"wp:attachment":[{"href":"https:\/\/www.memoria.cat\/lluis-companys-salamanca\/wp-json\/wp\/v2\/media?parent=73900"}],"curies":[{"name":"wp","href":"https:\/\/api.w.org\/{rel}","templated":true}]}}