{"id":73557,"date":"2015-09-25T19:19:39","date_gmt":"2015-09-25T18:19:39","guid":{"rendered":"https:\/\/www.memoria.cat\/nova-lluis-companys-mico\/lluis-companys-i-el-seu-fill-lluiset\/"},"modified":"2020-10-08T15:12:23","modified_gmt":"2020-10-08T14:12:23","slug":"lluis-companys-i-el-seu-fill-lluiset","status":"publish","type":"page","link":"https:\/\/www.memoria.cat\/lluis-companys-mico\/lluis-companys-i-el-seu-fill-lluiset\/","title":{"rendered":"Llu\u00eds Companys i el seu fill Llu\u00efset"},"content":{"rendered":"<p>Llu\u00eds Companys va tenir dos fills del seu primer matrimoni amb Merc\u00e8 Mic\u00f3, de qui es va divorciar: Llu\u00eds i Maria. Al Llu\u00eds, anomenat sovint a la fam\u00edlia com a Llu\u00efset, se li va manifestar una greu malaltia mental quan estava cursant la carrera de Dret a la Universitat. Es tractava d&#8217;una hebefr\u00e8nia catat\u00f2nica, un tipus d&#8217;esquizofr\u00e8nia molt greu i progressiva que li alternava per\u00edodes depressius amb d&#8217;altres d&#8217;agressivitat.<\/p>\n<p>El gener de 1936 fou internat a l&#8217;Institut Pere Mata de Reus, per\u00f2 en comen\u00e7ar la guerra i dispersar-se&#8217;n els interns, fou enviat a un sanatori a Su\u00efssa, primer, i a B\u00e8lgica, despr\u00e9s. \u00c9s d&#8217;aquesta segona cl\u00ednica d&#8217;on provenen <a href=\"https:\/\/www.memoria.cat\/lluis-companys-mico\/postals-de-lluis-companys-i-mico-al-seu-pare-enviades-des-de-la-clinica-de-brusselles-1937-o-1938\/\">les postals escrites pel Llu\u00eds fill al seu pare<\/a> que mostrem en aquest web. Aquesta cl\u00ednica belga, l&#8217;Institut Fond&#8217;Roy, es troba, encara avui, al municipi d&#8217;Uccle, al costat de Brussel\u00b7les<\/p>\n<p>El setembre de 1938 Companys va decidir canviar de centre de salut i dur el seu fill a la cl\u00ednica neuropsiqui\u00e0trica L&#8217;Abbaye, de Viry-Chatillon, a les rodalies de Par\u00eds, dirigida pel doctor Buvat. A Par\u00eds hi havia el doctor Anguera de Sojo, exiliat i que se&#8217;n f\u00e9u c\u00e0rrec. Ben aviat en tindria cura Carme Ballester, la segona esposa de Companys. \u00c9s d&#8217;aquesta etapa que provenen la resta de documents que reprodu\u00efm: les <a href=\"https:\/\/www.memoria.cat\/lluis-companys-mico\/cartes-de-lluis-companys-i-mico-al-seu-pare-enviades-des-de-paris\/\">dues breus cartes manuscrites de Llu\u00eds fill a son pare<\/a>, <a href=\"https:\/\/www.memoria.cat\/lluis-companys-mico\/copies-de-dues-cartes-de-carme-ballester-a-la-clinica-de-paris\/\">les cartes de Carme Ballester a la cl\u00ednica<\/a>, <a href=\"https:\/\/www.memoria.cat\/lluis-companys-mico\/rebuts-de-les-despeses-de-lestada-de-lluis-companys-i-mico-a-la-clinica-de-paris\/\">els rebuts de les despeses de l\u2019estada<\/a> i <a href=\"https:\/\/www.memoria.cat\/lluis-companys-mico\/cartes-de-la-clinica-de-paris-adrecades-a-carme-ballester-sobre-lestat-de-salut-del-fill-del-president-marc-de-1940\/\">les notes del doctor Buvat sobre l&#8217;estat de salut d&#8217;en Llu\u00efset<\/a>.<\/p>\n<p>Segons explica Josep Benet<sup class=\"enllac-nota\"><a id=\"enllac-nota-1\" href=\"#nota-1\">1<\/a><\/sup>, Llu\u00eds Companys i Mic\u00f3 pat\u00ed un agreujament de la seva malaltia. Quan la invasi\u00f3 alemanya provoc\u00e0 el trasllat de la cl\u00ednica i dels seus estadants cap al sud, un bombardeig a la carretera f\u00e9u que en Llu\u00efset es perd\u00e9s. Incapa\u00e7 de parlar i sense documentaci\u00f3 al damunt, fou conf\u00f3s per un soldat franc\u00e8s desertor, primer, i despr\u00e9s ingressat en un sanatori prop de Llemotges. El president, confinat per les autoritats franceses a La Baule, a la Bretanya, renunci\u00e0 a fugir dels alemanys, entre altres raons, per poder localitzar el seu fill. Per\u00f2 ja no el va poder veure m\u00e9s, ja que el 13 d&#8217;agost de 1940 era detingut per la policia militar alemanya acompanyada d&#8217;agents franquistes i dos mesos m\u00e9s tard, el 15 d\u2019octubre, afusellat al castell de Montju\u00efc.<\/p>\n<p>Carme Ballester aconsegu\u00ed localitzar en Llu\u00efset a base de posar anuncis als diaris sobre la seva desaparici\u00f3. Un cop trobat, se\u2019l port\u00e0 a Par\u00eds, on Anguera de Sojo l\u2019acoll\u00ed a casa seva fins el 1942. Posteriorment fou ingressat en un sanatori a Saint-Mand\u00e9, Par\u00eds, i Carme Ballester se\u2019n f\u00e9u c\u00e0rrec durant la quinzena d&#8217;anys que en Llu\u00efset encara va viure. Llu\u00eds Companys i Mic\u00f3 va morir el 1956 als 45 anys. Als seus funerals hi assistiren una trentena d&#8217;exiliats catalans, entre els quals l&#8217;exconseller Ventura Gassol. Enterrat inicialment a Saint-Mand\u00e9, ara reposa al cementiri de Montju\u00efc al costat del seu pare i de Carme Ballester.<\/p>\n<p>&nbsp;<\/p>\n<ul class=\"notes-peu\">\n<li id=\"nota-1\"><a href=\"#enllac-nota-1\">[1]<\/a> <em>El president Companys afusellat<\/em>. Edicions 62. Barcelona, 2005<\/li>\n<\/ul>\n","protected":false},"excerpt":{"rendered":"<p>Llu\u00eds Companys va tenir dos fills del seu primer matrimoni amb Merc\u00e8 Mic\u00f3, de qui es va divorciar: Llu\u00eds i Maria. Al Llu\u00eds, anomenat sovint a la fam\u00edlia com a Llu\u00efset, se li va manifestar una greu malaltia mental quan estava cursant la carrera de Dret a la Universitat. Es tractava d&#8217;una hebefr\u00e8nia catat\u00f2nica, un tipus d&#8217;esquizofr\u00e8nia molt greu i progressiva que li alternava per\u00edodes depressius amb d&#8217;altres d&#8217;agressivitat.<\/p>\n","protected":false},"author":1,"featured_media":0,"parent":0,"menu_order":0,"comment_status":"closed","ping_status":"closed","template":"","meta":{"footnotes":""},"class_list":["post-73557","page","type-page","status-publish","hentry"],"_links":{"self":[{"href":"https:\/\/www.memoria.cat\/lluis-companys-mico\/wp-json\/wp\/v2\/pages\/73557","targetHints":{"allow":["GET"]}}],"collection":[{"href":"https:\/\/www.memoria.cat\/lluis-companys-mico\/wp-json\/wp\/v2\/pages"}],"about":[{"href":"https:\/\/www.memoria.cat\/lluis-companys-mico\/wp-json\/wp\/v2\/types\/page"}],"author":[{"embeddable":true,"href":"https:\/\/www.memoria.cat\/lluis-companys-mico\/wp-json\/wp\/v2\/users\/1"}],"replies":[{"embeddable":true,"href":"https:\/\/www.memoria.cat\/lluis-companys-mico\/wp-json\/wp\/v2\/comments?post=73557"}],"version-history":[{"count":0,"href":"https:\/\/www.memoria.cat\/lluis-companys-mico\/wp-json\/wp\/v2\/pages\/73557\/revisions"}],"wp:attachment":[{"href":"https:\/\/www.memoria.cat\/lluis-companys-mico\/wp-json\/wp\/v2\/media?parent=73557"}],"curies":[{"name":"wp","href":"https:\/\/api.w.org\/{rel}","templated":true}]}}