{"id":73665,"date":"2015-09-12T21:29:29","date_gmt":"2015-09-12T20:29:29","guid":{"rendered":"https:\/\/www.memoria.cat\/lluis-companys-nova-dossierpolicial\/transcripcio-declaracio-de-lluis-companys-al-control-destrangeria\/"},"modified":"2015-09-12T21:29:29","modified_gmt":"2015-09-12T20:29:29","slug":"transcripcio-declaracio-de-lluis-companys-al-control-destrangeria","status":"publish","type":"page","link":"https:\/\/www.memoria.cat\/lluis-companys-dossierpolicial\/transcripcio-declaracio-de-lluis-companys-al-control-destrangeria\/","title":{"rendered":"Transcripci\u00f3 declaraci\u00f3 de Llu\u00eds Companys al Control d\u2019estrangeria"},"content":{"rendered":"<blockquote class=\"transcripcio\">\n<pre><em>Nacionalitat espanyola  C.C. 1599519<\/em>\r\n\r\n<em>El dia d'avui<\/em>: 21 abril 1939\r\n\r\n<em>es presenta en aquest Servei l'anomenat<\/em>: (Cognoms) Companys Jover, (Nom): Luis\r\n\r\n<em>Data i lloc de naixement<\/em>: 21 de juny de 1883 a Tarr\u00f2s (T\u00e0rrega)\r\n\r\n<em>Darrer domicili<\/em>: Barcelona\r\n\r\n<em>De fa<\/em>: diversos anys\r\n\r\n<em>Estat civil<\/em>: casat (certificat de casament de Barcelona)\r\n\r\n<em>Professi\u00f3<\/em>: advocat\r\n\r\n<em>Religi\u00f3<\/em>: cat\u00f2lica\r\n\r\n<em>Documents d'identitat aportats<\/em>: Passaport diplom\u00e0tic 213 em\u00e8s a Barcelona el 5\/10\/38\r\n\t\t\t\t\t\t        Visat del consolat franc\u00e8s de Barcelona del 6\/10\/38\r\n\r\n<em>Que declara venir a Fran\u00e7a pels motius seg\u00fcents<\/em>:\r\nper escapar de la guerra civil (La Sra. Companys \u00e9s titular <br>d'un R.C.I de la Prefectura de Policia del 25\/5\/38 C.C. 1599519)\r\n\r\n<em>Data d'entrada a Fran\u00e7a<\/em>: 5 de febrer de 1939\r\nper la frontera de: Les Illes (Pirineus Orientals), segons les seves declaracions\r\n\r\n<em>Adre\u00e7a a Fran\u00e7a<\/em>: 45 rue Descamps\r\n\r\n<em>Disposa de recursos?<\/em> S\u00ed\r\n\r\n<em>T\u00e9 amics o parents a Fran\u00e7a que puguin allotjar-lo?<\/em> \r\nD\u00f3na com a refer\u00e8ncies el Sr. i la Sra. Albert Sarraut i Fran\u00e7ois de Tessan\r\n\r\n<em>Qu\u00e8 t\u00e9 intenci\u00f3 de fer a Fran\u00e7a?<\/em> Residir-hi temporalment\r\n\r\n<em>Ha estat avisat que no pot treballar a Fran\u00e7a sense autoritzaci\u00f3 de la M\u00e0 d'Obra Estrangera?<\/em> S\u00ed\r\n\r\n<em>Ha estat a Fran\u00e7a amb anterioritat?<\/em> S\u00ed, diverses vegades\r\n\r\n<em>Ha deixat fam\u00edlia al pa\u00eds on residia?<\/em> Tres germanes\r\n\r\n<em>OBSERVACIONS<\/em>: \r\nPresident de la Generalitat de Catalunya, Diputat de Barcelona, antic Ministre.\r\n\r\nSeguint instruccions del Ministeri de l'Interior per carta col\u00b7lectiva<br>del 27\/3\/39 del Gabinet del Ministre, un R.C.I. de 3 mesos amb seguiment<br>li ha estat lliurat el dia d'avui C.C. 1599519.\r\n\r\nHa lliurat a la Prefectura de Policia una sol\u00b7licitud de perm\u00eds de resid\u00e8ncia sotm\u00e8s a seguiment.\r\n\r\nDesconegut als arxius dels Serveis d'Informaci\u00f3, de la Policia Judicial i als Registres de condemnes judicials.\r\n\r\n<\/pre>\n<\/blockquote>\n","protected":false},"excerpt":{"rendered":"<blockquote class=\"transcripcio\">\n<pre><em>Nacionalitat espanyola  C.C.<\/p>\n","protected":false},"author":1,"featured_media":0,"parent":0,"menu_order":0,"comment_status":"closed","ping_status":"closed","template":"","meta":{"iawp_total_views":0,"footnotes":""},"class_list":["post-73665","page","type-page","status-publish","hentry"],"_links":{"self":[{"href":"https:\/\/www.memoria.cat\/lluis-companys-dossierpolicial\/wp-json\/wp\/v2\/pages\/73665","targetHints":{"allow":["GET"]}}],"collection":[{"href":"https:\/\/www.memoria.cat\/lluis-companys-dossierpolicial\/wp-json\/wp\/v2\/pages"}],"about":[{"href":"https:\/\/www.memoria.cat\/lluis-companys-dossierpolicial\/wp-json\/wp\/v2\/types\/page"}],"author":[{"embeddable":true,"href":"https:\/\/www.memoria.cat\/lluis-companys-dossierpolicial\/wp-json\/wp\/v2\/users\/1"}],"replies":[{"embeddable":true,"href":"https:\/\/www.memoria.cat\/lluis-companys-dossierpolicial\/wp-json\/wp\/v2\/comments?post=73665"}],"version-history":[{"count":0,"href":"https:\/\/www.memoria.cat\/lluis-companys-dossierpolicial\/wp-json\/wp\/v2\/pages\/73665\/revisions"}],"wp:attachment":[{"href":"https:\/\/www.memoria.cat\/lluis-companys-dossierpolicial\/wp-json\/wp\/v2\/media?parent=73665"}],"curies":[{"name":"wp","href":"https:\/\/api.w.org\/{rel}","templated":true}]}}