{"id":73664,"date":"2015-09-12T14:00:57","date_gmt":"2015-09-12T13:00:57","guid":{"rendered":"https:\/\/www.memoria.cat\/lluis-companys-nova-dossierpolicial\/credits\/"},"modified":"2020-09-22T12:59:16","modified_gmt":"2020-09-22T11:59:16","slug":"credits","status":"publish","type":"page","link":"https:\/\/www.memoria.cat\/lluis-companys-dossierpolicial\/credits\/","title":{"rendered":"Cr\u00e8dits"},"content":{"rendered":"<p><strong>Proced\u00e8ncia dels documents:<\/strong> Archives Nationales<\/p>\n<p><strong>Recerca i continguts:<\/strong> Jordi Pons Pujol<\/p>\n<p><strong>Maquetaci\u00f3:<\/strong> Oriol Perramon<\/p>\n<p><strong>Disseny:<\/strong> <a href=\"https:\/\/thanks.studio\/\" target=\"_blank\" rel=\"noopener noreferrer\">Arnau Aloy i Oliv\u00e9<\/a><\/p>\n<p>Manresa, setembre de 2015<br \/>\nAssociaci\u00f3 Mem\u00f2ria i Hist\u00f2ria de Manresa<\/p>\n","protected":false},"excerpt":{"rendered":"<p><strong>Proced\u00e8ncia dels documents:<\/strong> Archives Nationales<\/p>\n<p><strong>Recerca i continguts:<\/strong> Jordi Pons Pujol<\/p>\n<p><strong>Maquetaci\u00f3:<\/strong> Oriol Perramon<\/p>\n<p><strong>Disseny:<\/strong> <a href=\"http:\/\/www.zliks.cat\" target=\"_blank\" rel=\"noopener noreferrer\">Arnau Aloy i Oliv\u00e9<\/a><\/p>\n<p>Manresa, setembre de 2015<br \/>Associaci\u00f3 Mem\u00f2ria i Hist\u00f2ria de Manresa<\/p>\n","protected":false},"author":1,"featured_media":0,"parent":0,"menu_order":0,"comment_status":"closed","ping_status":"closed","template":"","meta":{"iawp_total_views":0,"footnotes":""},"class_list":["post-73664","page","type-page","status-publish","hentry"],"_links":{"self":[{"href":"https:\/\/www.memoria.cat\/lluis-companys-dossierpolicial\/wp-json\/wp\/v2\/pages\/73664","targetHints":{"allow":["GET"]}}],"collection":[{"href":"https:\/\/www.memoria.cat\/lluis-companys-dossierpolicial\/wp-json\/wp\/v2\/pages"}],"about":[{"href":"https:\/\/www.memoria.cat\/lluis-companys-dossierpolicial\/wp-json\/wp\/v2\/types\/page"}],"author":[{"embeddable":true,"href":"https:\/\/www.memoria.cat\/lluis-companys-dossierpolicial\/wp-json\/wp\/v2\/users\/1"}],"replies":[{"embeddable":true,"href":"https:\/\/www.memoria.cat\/lluis-companys-dossierpolicial\/wp-json\/wp\/v2\/comments?post=73664"}],"version-history":[{"count":0,"href":"https:\/\/www.memoria.cat\/lluis-companys-dossierpolicial\/wp-json\/wp\/v2\/pages\/73664\/revisions"}],"wp:attachment":[{"href":"https:\/\/www.memoria.cat\/lluis-companys-dossierpolicial\/wp-json\/wp\/v2\/media?parent=73664"}],"curies":[{"name":"wp","href":"https:\/\/api.w.org\/{rel}","templated":true}]}}