{"id":73625,"date":"2015-08-15T22:31:22","date_gmt":"2015-08-15T21:31:22","guid":{"rendered":"https:\/\/www.memoria.cat\/lluis-companys-nova-dossierpolicial\/portada\/"},"modified":"2020-10-03T02:37:58","modified_gmt":"2020-10-03T01:37:58","slug":"portada","status":"publish","type":"page","link":"https:\/\/www.memoria.cat\/lluis-companys-dossierpolicial\/","title":{"rendered":"Portada"},"content":{"rendered":"<p>Us presentem un expedient que la Direcci\u00f3 de la Seguretat Nacional de la III Rep\u00fablica Francesa (1870-1940) va elaborar sobre el president Llu\u00eds Companys i Jover. L\u2019expedient es conserva als Archives Nationales francesos. La revista S\u00e0piens se\u2019n f\u00e9u ress\u00f2 l\u2019octubre de 2010 (n\u00fam. 96) i hi dedic\u00e0 una p\u00e0gina. Ara per primera vegada es publiquen els documents m\u00e9s significatius d\u2019aquest interessant dossier policial.<\/p>\n<p>La documentaci\u00f3 inclou des de la primera visita de Companys en territori franc\u00e8s, el 1934, fins el mar\u00e7 de 1940, quan ja es troba refugiat a Fran\u00e7a i confinat a La Baule, a la Bretanya. Tres mesos despr\u00e9s una ofensiva de les tropes alemanyes escombrar\u00e0 l&#8217;ex\u00e8rcit franc\u00e8s i s&#8217;ensorrar\u00e0 la Rep\u00fablica francesa amb el seu aparell de Seguretat.<\/p>\n<p>Aquest dossier policial, com tot el Fitxer Central de la policia nacional francesa, ser\u00e0 capturat per les tropes nazis, que se l&#8217;enduran a Berl\u00edn per emprar-lo en tasques repressives al llarg de la 2\u00aa Guerra Mundial. El maig de 1945, quan les tropes sovi\u00e8tiques entrin victorioses a Berl\u00edn, s&#8217;emportaran aquesta documentaci\u00f3 a Moscou, on es conservar\u00e0 fins als anys noranta. La desintegraci\u00f3 de l&#8217;URSS va permetre a les autoritats franceses de negociar el seu retorn i posterior dip\u00f2sit als Archives Nationales.<\/p>\n<p>L\u2019expedient cont\u00e9 el seguiment de les entrades de Companys en territori franc\u00e8s fins el 1939 i els seus despla\u00e7aments interns quan ja era un exiliat m\u00e9s del feixisme. S&#8217;hi reflecteixen, per exemple, les seves visites a la Layetana Office, l\u2019oficina de la Generalitat a Par\u00eds. Tamb\u00e9 s&#8217;hi veu el pas per territori franc\u00e8s del seu fill, Llu\u00eds Companys i Mic\u00f3, i l&#8217;entrada a Fran\u00e7a de la seva muller, Carme Ballester. Entre els diferents documents, destaquem els de la prohibici\u00f3 del govern franc\u00e8s del Front Popular de L\u00e9on Blum de permetre l&#8217;entrada de Companys per participar en un m\u00edting-crida a Par\u00eds en suport de l&#8217;Espanya republicana (desembre de 1936), i la declaraci\u00f3 de Llu\u00eds Companys al Control d&#8217;estrangeria (abril de 1939), en qu\u00e8 afirma que va entrar a Fran\u00e7a per fugir de la Guerra Civil i sol\u00b7licita un perm\u00eds de resid\u00e8ncia.<\/p>\n<p>Alguns documents permeten entreveure l&#8217;actitud del govern franc\u00e8s davant la Guerra Civil i respecte l&#8217;exili republic\u00e0 del 1939, a m\u00e9s d&#8217;algunes de les reaccions que suscitava en la societat francesa. Tamb\u00e9 es reflecteixen les tensions internes de la Catalunya antifeixista durant la guerra i a l&#8217;exili.<\/p>\n<p>&nbsp;<\/p>\n<p>Fons: Archives Nationales<br \/>\nLocalitzaci\u00f3 de la documentaci\u00f3:\u00a0Jordi Pons Pujol<\/p>\n","protected":false},"excerpt":{"rendered":"<p>Us presentem un expedient que la Direcci\u00f3 de la Seguretat Nacional de la III Rep\u00fablica Francesa (1870-1940) va elaborar sobre el president Llu\u00eds Companys i Jover. L\u2019expedient es conserva als Archives Nationales francesos. La revista S\u00e0piens se\u2019n f\u00e9u ress\u00f2 l\u2019octubre de 2010 (n\u00fam. 96) i hi dedic\u00e0 una p\u00e0gina. Ara per primera vegada es publiquen els documents m\u00e9s significatius d\u2019aquest interessant dossier policial.<\/p>\n","protected":false},"author":1,"featured_media":0,"parent":0,"menu_order":0,"comment_status":"closed","ping_status":"closed","template":"","meta":{"iawp_total_views":9,"footnotes":""},"class_list":["post-73625","page","type-page","status-publish","hentry"],"_links":{"self":[{"href":"https:\/\/www.memoria.cat\/lluis-companys-dossierpolicial\/wp-json\/wp\/v2\/pages\/73625","targetHints":{"allow":["GET"]}}],"collection":[{"href":"https:\/\/www.memoria.cat\/lluis-companys-dossierpolicial\/wp-json\/wp\/v2\/pages"}],"about":[{"href":"https:\/\/www.memoria.cat\/lluis-companys-dossierpolicial\/wp-json\/wp\/v2\/types\/page"}],"author":[{"embeddable":true,"href":"https:\/\/www.memoria.cat\/lluis-companys-dossierpolicial\/wp-json\/wp\/v2\/users\/1"}],"replies":[{"embeddable":true,"href":"https:\/\/www.memoria.cat\/lluis-companys-dossierpolicial\/wp-json\/wp\/v2\/comments?post=73625"}],"version-history":[{"count":0,"href":"https:\/\/www.memoria.cat\/lluis-companys-dossierpolicial\/wp-json\/wp\/v2\/pages\/73625\/revisions"}],"wp:attachment":[{"href":"https:\/\/www.memoria.cat\/lluis-companys-dossierpolicial\/wp-json\/wp\/v2\/media?parent=73625"}],"curies":[{"name":"wp","href":"https:\/\/api.w.org\/{rel}","templated":true}]}}