{"id":37,"date":"2015-05-09T15:24:54","date_gmt":"2015-05-09T14:24:54","guid":{"rendered":"https:\/\/www.memoria.cat\/lluis-companys-avila-nova\/15-3-1937-carta-de-la-delegacio-de-barcelona-del-comite-internacional-de-la-creu-roja-al-president-lluis-companys-sobre-intercanvis-de-presoners-de-guerra\/"},"modified":"2020-09-21T19:08:54","modified_gmt":"2020-09-21T18:08:54","slug":"15-3-1937-carta-de-la-delegacio-de-barcelona-del-comite-internacional-de-la-creu-roja-al-president-lluis-companys-sobre-intercanvis-de-presoners-de-guerra","status":"publish","type":"page","link":"https:\/\/www.memoria.cat\/lluis-companys-avila\/15-3-1937-carta-de-la-delegacio-de-barcelona-del-comite-internacional-de-la-creu-roja-al-president-lluis-companys-sobre-intercanvis-de-presoners-de-guerra\/","title":{"rendered":"15\/3\/1937: carta de la delegaci\u00f3 de Barcelona del Comit\u00e8 Internacional de la Creu Roja al president Llu\u00eds Companys sobre intercanvis de presoners de guerra"},"content":{"rendered":"<div class=\"imatges\"><div id=\"jig1\" class=\"justified-image-grid jig-19f91bbfdeae8255ac16f0930fb71387 jig-preset-c2 jig-source-wp-gallery jig-rml-id-4\"><div class=\"jig-clearfix\"><\/div><noscript id=\"jig1-html\" class=\"justified-image-grid-html\" data-lazy-src=\"skiplazyload\" data-src=\"skipunveillazyload\"><ul><li><a href=\"https:\/\/www.memoria.cat\/lluis-companys-avila\/wp-content\/uploads\/sites\/45\/2020\/09\/document_93.jpg\" title=\"document_93\"><img decoding=\"async\" src=\"https:\/\/www.memoria.cat\/lluis-companys-avila\/wp-content\/uploads\/sites\/45\/2020\/09\/document_93.jpg\" alt=\"document_93\" width=\"167\" height=\"230\" \/><\/a><p class=\"jig-HTMLdescription\">document_93<\/p><\/li><\/ul><\/noscript><\/div><\/div>\n<p>Es fa ress\u00f2 de l\u2019acord del Govern de la Rep\u00fablica (instal\u00b7lat aleshores a Val\u00e8ncia) de crear una comissi\u00f3 per resoldre, amb la intermediaci\u00f3 del Comit\u00e8 Internacional de la Creu Roja, el tema dels intercanvis de presoners no combatents i de presoners de guerra. (Archivo General Militar de \u00c1vila).<\/p>\n<div id=\"hzImg\" style=\"border: 1px solid #ffffff; line-height: 0; overflow: hidden; padding: 2px; margin: 0px; position: absolute; z-index: 2147483647; border-radius: 3px; box-shadow: rgba(0, 0, 0, 0.33) 3px 3px 9px 5px; opacity: 1; top: 0px; left: 191px; background-color: #ffffff; cursor: pointer; pointer-events: none; display: none;\"><\/div>\n","protected":false},"excerpt":{"rendered":"<p>Es fa ress\u00f2 de l\u2019acord del Govern de la Rep\u00fablica (instal\u00b7lat aleshores a Val\u00e8ncia) de crear una comissi\u00f3 per resoldre, amb la intermediaci\u00f3 del Comit\u00e8 Internacional de la Creu Roja, el tema dels intercanvis de presoners no combatents i de presoners de guerra. (Archivo General Militar de \u00c1vila).<\/p>\n","protected":false},"author":1,"featured_media":36,"parent":0,"menu_order":0,"comment_status":"closed","ping_status":"closed","template":"","meta":{"footnotes":""},"class_list":["post-37","page","type-page","status-publish","has-post-thumbnail","hentry"],"yoast_head":"<!-- This site is optimized with the Yoast SEO plugin v27.4 - https:\/\/yoast.com\/product\/yoast-seo-wordpress\/ -->\n<title>15\/3\/1937: carta de la delegaci\u00f3 de Barcelona del Comit\u00e8 Internacional de la Creu Roja al president Llu\u00eds Companys sobre intercanvis de presoners de guerra - Documents sobre Llu\u00eds Companys conservats a l\u2019Archivo General Militar d\u2019\u00c0vila<\/title>\n<meta name=\"robots\" content=\"index, follow, max-snippet:-1, max-image-preview:large, max-video-preview:-1\" \/>\n<link rel=\"canonical\" href=\"https:\/\/www.memoria.cat\/lluis-companys-avila\/15-3-1937-carta-de-la-delegacio-de-barcelona-del-comite-internacional-de-la-creu-roja-al-president-lluis-companys-sobre-intercanvis-de-presoners-de-guerra\/\" \/>\n<meta property=\"og:locale\" content=\"ca_ES\" \/>\n<meta property=\"og:type\" content=\"article\" \/>\n<meta property=\"og:title\" content=\"15\/3\/1937: carta de la delegaci\u00f3 de Barcelona del Comit\u00e8 Internacional de la Creu Roja al president Llu\u00eds Companys sobre intercanvis de presoners de guerra - Documents sobre Llu\u00eds Companys conservats a l\u2019Archivo General Militar d\u2019\u00c0vila\" \/>\n<meta property=\"og:description\" content=\"Es fa ress\u00f2 de l\u2019acord del Govern de la Rep\u00fablica (instal\u00b7lat aleshores a Val\u00e8ncia) de crear una comissi\u00f3 per resoldre, amb la intermediaci\u00f3 del Comit\u00e8 Internacional de la Creu Roja, el tema dels intercanvis de presoners no combatents i de presoners de guerra. (Archivo General Militar de \u00c1vila).\" \/>\n<meta property=\"og:url\" content=\"https:\/\/www.memoria.cat\/lluis-companys-avila\/15-3-1937-carta-de-la-delegacio-de-barcelona-del-comite-internacional-de-la-creu-roja-al-president-lluis-companys-sobre-intercanvis-de-presoners-de-guerra\/\" \/>\n<meta property=\"og:site_name\" content=\"Documents sobre Llu\u00eds Companys conservats a l\u2019Archivo General Militar d\u2019\u00c0vila\" \/>\n<meta property=\"article:modified_time\" content=\"2020-09-21T18:08:54+00:00\" \/>\n<meta property=\"og:image\" content=\"https:\/\/www.memoria.cat\/lluis-companys-avila\/wp-content\/uploads\/sites\/45\/2015\/05\/document_93.thumbnail.jpg\" \/>\n\t<meta property=\"og:image:width\" content=\"145\" \/>\n\t<meta property=\"og:image:height\" content=\"200\" \/>\n\t<meta property=\"og:image:type\" content=\"image\/jpeg\" \/>\n<meta name=\"twitter:card\" content=\"summary_large_image\" \/>\n<script type=\"application\/ld+json\" class=\"yoast-schema-graph\">{\"@context\":\"https:\\\/\\\/schema.org\",\"@graph\":[{\"@type\":\"WebPage\",\"@id\":\"https:\\\/\\\/www.memoria.cat\\\/lluis-companys-avila\\\/15-3-1937-carta-de-la-delegacio-de-barcelona-del-comite-internacional-de-la-creu-roja-al-president-lluis-companys-sobre-intercanvis-de-presoners-de-guerra\\\/\",\"url\":\"https:\\\/\\\/www.memoria.cat\\\/lluis-companys-avila\\\/15-3-1937-carta-de-la-delegacio-de-barcelona-del-comite-internacional-de-la-creu-roja-al-president-lluis-companys-sobre-intercanvis-de-presoners-de-guerra\\\/\",\"name\":\"15\\\/3\\\/1937: carta de la delegaci\u00f3 de Barcelona del Comit\u00e8 Internacional de la Creu Roja al president Llu\u00eds Companys sobre intercanvis de presoners de guerra - Documents sobre Llu\u00eds Companys conservats a l\u2019Archivo General Militar d\u2019\u00c0vila\",\"isPartOf\":{\"@id\":\"https:\\\/\\\/www.memoria.cat\\\/lluis-companys-avila\\\/#website\"},\"primaryImageOfPage\":{\"@id\":\"https:\\\/\\\/www.memoria.cat\\\/lluis-companys-avila\\\/15-3-1937-carta-de-la-delegacio-de-barcelona-del-comite-internacional-de-la-creu-roja-al-president-lluis-companys-sobre-intercanvis-de-presoners-de-guerra\\\/#primaryimage\"},\"image\":{\"@id\":\"https:\\\/\\\/www.memoria.cat\\\/lluis-companys-avila\\\/15-3-1937-carta-de-la-delegacio-de-barcelona-del-comite-internacional-de-la-creu-roja-al-president-lluis-companys-sobre-intercanvis-de-presoners-de-guerra\\\/#primaryimage\"},\"thumbnailUrl\":\"https:\\\/\\\/www.memoria.cat\\\/lluis-companys-avila\\\/wp-content\\\/uploads\\\/sites\\\/45\\\/2015\\\/05\\\/document_93.thumbnail.jpg\",\"datePublished\":\"2015-05-09T14:24:54+00:00\",\"dateModified\":\"2020-09-21T18:08:54+00:00\",\"breadcrumb\":{\"@id\":\"https:\\\/\\\/www.memoria.cat\\\/lluis-companys-avila\\\/15-3-1937-carta-de-la-delegacio-de-barcelona-del-comite-internacional-de-la-creu-roja-al-president-lluis-companys-sobre-intercanvis-de-presoners-de-guerra\\\/#breadcrumb\"},\"inLanguage\":\"ca\",\"potentialAction\":[{\"@type\":\"ReadAction\",\"target\":[\"https:\\\/\\\/www.memoria.cat\\\/lluis-companys-avila\\\/15-3-1937-carta-de-la-delegacio-de-barcelona-del-comite-internacional-de-la-creu-roja-al-president-lluis-companys-sobre-intercanvis-de-presoners-de-guerra\\\/\"]}]},{\"@type\":\"ImageObject\",\"inLanguage\":\"ca\",\"@id\":\"https:\\\/\\\/www.memoria.cat\\\/lluis-companys-avila\\\/15-3-1937-carta-de-la-delegacio-de-barcelona-del-comite-internacional-de-la-creu-roja-al-president-lluis-companys-sobre-intercanvis-de-presoners-de-guerra\\\/#primaryimage\",\"url\":\"https:\\\/\\\/www.memoria.cat\\\/lluis-companys-avila\\\/wp-content\\\/uploads\\\/sites\\\/45\\\/2015\\\/05\\\/document_93.thumbnail.jpg\",\"contentUrl\":\"https:\\\/\\\/www.memoria.cat\\\/lluis-companys-avila\\\/wp-content\\\/uploads\\\/sites\\\/45\\\/2015\\\/05\\\/document_93.thumbnail.jpg\",\"width\":145,\"height\":200},{\"@type\":\"BreadcrumbList\",\"@id\":\"https:\\\/\\\/www.memoria.cat\\\/lluis-companys-avila\\\/15-3-1937-carta-de-la-delegacio-de-barcelona-del-comite-internacional-de-la-creu-roja-al-president-lluis-companys-sobre-intercanvis-de-presoners-de-guerra\\\/#breadcrumb\",\"itemListElement\":[{\"@type\":\"ListItem\",\"position\":1,\"name\":\"Inici\",\"item\":\"https:\\\/\\\/www.memoria.cat\\\/lluis-companys-avila\\\/\"},{\"@type\":\"ListItem\",\"position\":2,\"name\":\"15\\\/3\\\/1937: carta de la delegaci\u00f3 de Barcelona del Comit\u00e8 Internacional de la Creu Roja al president Llu\u00eds Companys sobre intercanvis de presoners de guerra\"}]},{\"@type\":\"WebSite\",\"@id\":\"https:\\\/\\\/www.memoria.cat\\\/lluis-companys-avila\\\/#website\",\"url\":\"https:\\\/\\\/www.memoria.cat\\\/lluis-companys-avila\\\/\",\"name\":\"Documents sobre Llu\u00eds Companys conservats a l\u2019Archivo General Militar d\u2019\u00c0vila\",\"description\":\"\",\"potentialAction\":[{\"@type\":\"SearchAction\",\"target\":{\"@type\":\"EntryPoint\",\"urlTemplate\":\"https:\\\/\\\/www.memoria.cat\\\/lluis-companys-avila\\\/?s={search_term_string}\"},\"query-input\":{\"@type\":\"PropertyValueSpecification\",\"valueRequired\":true,\"valueName\":\"search_term_string\"}}],\"inLanguage\":\"ca\"}]}<\/script>\n<!-- \/ Yoast SEO plugin. -->","yoast_head_json":{"title":"15\/3\/1937: carta de la delegaci\u00f3 de Barcelona del Comit\u00e8 Internacional de la Creu Roja al president Llu\u00eds Companys sobre intercanvis de presoners de guerra - Documents sobre Llu\u00eds Companys conservats a l\u2019Archivo General Militar d\u2019\u00c0vila","robots":{"index":"index","follow":"follow","max-snippet":"max-snippet:-1","max-image-preview":"max-image-preview:large","max-video-preview":"max-video-preview:-1"},"canonical":"https:\/\/www.memoria.cat\/lluis-companys-avila\/15-3-1937-carta-de-la-delegacio-de-barcelona-del-comite-internacional-de-la-creu-roja-al-president-lluis-companys-sobre-intercanvis-de-presoners-de-guerra\/","og_locale":"ca_ES","og_type":"article","og_title":"15\/3\/1937: carta de la delegaci\u00f3 de Barcelona del Comit\u00e8 Internacional de la Creu Roja al president Llu\u00eds Companys sobre intercanvis de presoners de guerra - Documents sobre Llu\u00eds Companys conservats a l\u2019Archivo General Militar d\u2019\u00c0vila","og_description":"Es fa ress\u00f2 de l\u2019acord del Govern de la Rep\u00fablica (instal\u00b7lat aleshores a Val\u00e8ncia) de crear una comissi\u00f3 per resoldre, amb la intermediaci\u00f3 del Comit\u00e8 Internacional de la Creu Roja, el tema dels intercanvis de presoners no combatents i de presoners de guerra. (Archivo General Militar de \u00c1vila).","og_url":"https:\/\/www.memoria.cat\/lluis-companys-avila\/15-3-1937-carta-de-la-delegacio-de-barcelona-del-comite-internacional-de-la-creu-roja-al-president-lluis-companys-sobre-intercanvis-de-presoners-de-guerra\/","og_site_name":"Documents sobre Llu\u00eds Companys conservats a l\u2019Archivo General Militar d\u2019\u00c0vila","article_modified_time":"2020-09-21T18:08:54+00:00","og_image":[{"width":145,"height":200,"url":"https:\/\/www.memoria.cat\/lluis-companys-avila\/wp-content\/uploads\/sites\/45\/2015\/05\/document_93.thumbnail.jpg","type":"image\/jpeg"}],"twitter_card":"summary_large_image","schema":{"@context":"https:\/\/schema.org","@graph":[{"@type":"WebPage","@id":"https:\/\/www.memoria.cat\/lluis-companys-avila\/15-3-1937-carta-de-la-delegacio-de-barcelona-del-comite-internacional-de-la-creu-roja-al-president-lluis-companys-sobre-intercanvis-de-presoners-de-guerra\/","url":"https:\/\/www.memoria.cat\/lluis-companys-avila\/15-3-1937-carta-de-la-delegacio-de-barcelona-del-comite-internacional-de-la-creu-roja-al-president-lluis-companys-sobre-intercanvis-de-presoners-de-guerra\/","name":"15\/3\/1937: carta de la delegaci\u00f3 de Barcelona del Comit\u00e8 Internacional de la Creu Roja al president Llu\u00eds Companys sobre intercanvis de presoners de guerra - Documents sobre Llu\u00eds Companys conservats a l\u2019Archivo General Militar d\u2019\u00c0vila","isPartOf":{"@id":"https:\/\/www.memoria.cat\/lluis-companys-avila\/#website"},"primaryImageOfPage":{"@id":"https:\/\/www.memoria.cat\/lluis-companys-avila\/15-3-1937-carta-de-la-delegacio-de-barcelona-del-comite-internacional-de-la-creu-roja-al-president-lluis-companys-sobre-intercanvis-de-presoners-de-guerra\/#primaryimage"},"image":{"@id":"https:\/\/www.memoria.cat\/lluis-companys-avila\/15-3-1937-carta-de-la-delegacio-de-barcelona-del-comite-internacional-de-la-creu-roja-al-president-lluis-companys-sobre-intercanvis-de-presoners-de-guerra\/#primaryimage"},"thumbnailUrl":"https:\/\/www.memoria.cat\/lluis-companys-avila\/wp-content\/uploads\/sites\/45\/2015\/05\/document_93.thumbnail.jpg","datePublished":"2015-05-09T14:24:54+00:00","dateModified":"2020-09-21T18:08:54+00:00","breadcrumb":{"@id":"https:\/\/www.memoria.cat\/lluis-companys-avila\/15-3-1937-carta-de-la-delegacio-de-barcelona-del-comite-internacional-de-la-creu-roja-al-president-lluis-companys-sobre-intercanvis-de-presoners-de-guerra\/#breadcrumb"},"inLanguage":"ca","potentialAction":[{"@type":"ReadAction","target":["https:\/\/www.memoria.cat\/lluis-companys-avila\/15-3-1937-carta-de-la-delegacio-de-barcelona-del-comite-internacional-de-la-creu-roja-al-president-lluis-companys-sobre-intercanvis-de-presoners-de-guerra\/"]}]},{"@type":"ImageObject","inLanguage":"ca","@id":"https:\/\/www.memoria.cat\/lluis-companys-avila\/15-3-1937-carta-de-la-delegacio-de-barcelona-del-comite-internacional-de-la-creu-roja-al-president-lluis-companys-sobre-intercanvis-de-presoners-de-guerra\/#primaryimage","url":"https:\/\/www.memoria.cat\/lluis-companys-avila\/wp-content\/uploads\/sites\/45\/2015\/05\/document_93.thumbnail.jpg","contentUrl":"https:\/\/www.memoria.cat\/lluis-companys-avila\/wp-content\/uploads\/sites\/45\/2015\/05\/document_93.thumbnail.jpg","width":145,"height":200},{"@type":"BreadcrumbList","@id":"https:\/\/www.memoria.cat\/lluis-companys-avila\/15-3-1937-carta-de-la-delegacio-de-barcelona-del-comite-internacional-de-la-creu-roja-al-president-lluis-companys-sobre-intercanvis-de-presoners-de-guerra\/#breadcrumb","itemListElement":[{"@type":"ListItem","position":1,"name":"Inici","item":"https:\/\/www.memoria.cat\/lluis-companys-avila\/"},{"@type":"ListItem","position":2,"name":"15\/3\/1937: carta de la delegaci\u00f3 de Barcelona del Comit\u00e8 Internacional de la Creu Roja al president Llu\u00eds Companys sobre intercanvis de presoners de guerra"}]},{"@type":"WebSite","@id":"https:\/\/www.memoria.cat\/lluis-companys-avila\/#website","url":"https:\/\/www.memoria.cat\/lluis-companys-avila\/","name":"Documents sobre Llu\u00eds Companys conservats a l\u2019Archivo General Militar d\u2019\u00c0vila","description":"","potentialAction":[{"@type":"SearchAction","target":{"@type":"EntryPoint","urlTemplate":"https:\/\/www.memoria.cat\/lluis-companys-avila\/?s={search_term_string}"},"query-input":{"@type":"PropertyValueSpecification","valueRequired":true,"valueName":"search_term_string"}}],"inLanguage":"ca"}]}},"_links":{"self":[{"href":"https:\/\/www.memoria.cat\/lluis-companys-avila\/wp-json\/wp\/v2\/pages\/37","targetHints":{"allow":["GET"]}}],"collection":[{"href":"https:\/\/www.memoria.cat\/lluis-companys-avila\/wp-json\/wp\/v2\/pages"}],"about":[{"href":"https:\/\/www.memoria.cat\/lluis-companys-avila\/wp-json\/wp\/v2\/types\/page"}],"author":[{"embeddable":true,"href":"https:\/\/www.memoria.cat\/lluis-companys-avila\/wp-json\/wp\/v2\/users\/1"}],"replies":[{"embeddable":true,"href":"https:\/\/www.memoria.cat\/lluis-companys-avila\/wp-json\/wp\/v2\/comments?post=37"}],"version-history":[{"count":0,"href":"https:\/\/www.memoria.cat\/lluis-companys-avila\/wp-json\/wp\/v2\/pages\/37\/revisions"}],"wp:featuredmedia":[{"embeddable":true,"href":"https:\/\/www.memoria.cat\/lluis-companys-avila\/wp-json\/wp\/v2\/media\/36"}],"wp:attachment":[{"href":"https:\/\/www.memoria.cat\/lluis-companys-avila\/wp-json\/wp\/v2\/media?parent=37"}],"curies":[{"name":"wp","href":"https:\/\/api.w.org\/{rel}","templated":true}]}}