{"id":73639,"date":"2022-02-11T18:58:27","date_gmt":"2022-02-11T17:58:27","guid":{"rendered":"https:\/\/www.memoria.cat\/llibre-signatures-cecb\/?page_id=73639"},"modified":"2022-03-04T12:01:23","modified_gmt":"2022-03-04T11:01:23","slug":"credits-del-web","status":"publish","type":"page","link":"https:\/\/www.memoria.cat\/llibre-signatures-cecb\/credits-del-web\/","title":{"rendered":"Cr\u00e8dits del web"},"content":{"rendered":"<p>Autor del web: Joan M. Serra<\/p>\n<p>Idea i projecte: Associaci\u00f3 Mem\u00f2ria i Hist\u00f2ria de Manresa<\/p>\n<p>Proced\u00e8ncia de la documentaci\u00f3: Centre Excursionista de la Comarca de Bages<\/p>\n<p>Digitalitzaci\u00f3 del llibre de signatures: Mireia Arso<\/p>\n<p>Traducci\u00f3 de textos en alemany: Hans B\u00f6sch<\/p>\n<p>Disseny del web: Arnau Aloy i Oliv\u00e9<\/p>\n<p>Maquetaci\u00f3 del web: Jordi Griera-Cors<\/p>\n<p>Agra\u00efments: Centre Excursionista de la Comarca de Bages, Xavier Ferrer Nogu\u00e9s<\/p>\n<p>Manresa, mar\u00e7 de 2022<\/p>\n","protected":false},"excerpt":{"rendered":"<p>Autor del web: Joan M. Serra Idea i projecte: Associaci\u00f3 Mem\u00f2ria i Hist\u00f2ria de Manresa Proced\u00e8ncia de la documentaci\u00f3: Centre Excursionista de la Comarca de Bages Digitalitzaci\u00f3 del llibre de signatures: Mireia Arso Traducci\u00f3 de textos en alemany: Hans B\u00f6sch Disseny del web: Arnau Aloy i Oliv\u00e9 Maquetaci\u00f3 del web: Jordi Griera-Cors Agra\u00efments: Centre Excursionista [&hellip;]<\/p>\n","protected":false},"author":28,"featured_media":0,"parent":0,"menu_order":0,"comment_status":"closed","ping_status":"closed","template":"","meta":{"iawp_total_views":0,"footnotes":""},"class_list":["post-73639","page","type-page","status-publish","hentry"],"_links":{"self":[{"href":"https:\/\/www.memoria.cat\/llibre-signatures-cecb\/wp-json\/wp\/v2\/pages\/73639","targetHints":{"allow":["GET"]}}],"collection":[{"href":"https:\/\/www.memoria.cat\/llibre-signatures-cecb\/wp-json\/wp\/v2\/pages"}],"about":[{"href":"https:\/\/www.memoria.cat\/llibre-signatures-cecb\/wp-json\/wp\/v2\/types\/page"}],"author":[{"embeddable":true,"href":"https:\/\/www.memoria.cat\/llibre-signatures-cecb\/wp-json\/wp\/v2\/users\/28"}],"replies":[{"embeddable":true,"href":"https:\/\/www.memoria.cat\/llibre-signatures-cecb\/wp-json\/wp\/v2\/comments?post=73639"}],"version-history":[{"count":0,"href":"https:\/\/www.memoria.cat\/llibre-signatures-cecb\/wp-json\/wp\/v2\/pages\/73639\/revisions"}],"wp:attachment":[{"href":"https:\/\/www.memoria.cat\/llibre-signatures-cecb\/wp-json\/wp\/v2\/media?parent=73639"}],"curies":[{"name":"wp","href":"https:\/\/api.w.org\/{rel}","templated":true}]}}