{"id":73635,"date":"2022-02-11T18:57:59","date_gmt":"2022-02-11T17:57:59","guid":{"rendered":"https:\/\/www.memoria.cat\/llibre-signatures-cecb\/?page_id=73635"},"modified":"2022-02-11T19:02:52","modified_gmt":"2022-02-11T18:02:52","slug":"ressenya-historica-del-cecb","status":"publish","type":"page","link":"https:\/\/www.memoria.cat\/llibre-signatures-cecb\/ressenya-historica-del-cecb\/","title":{"rendered":"Ressenya hist\u00f2rica del CECB"},"content":{"rendered":"<p>El Centre Excursionista de la Comarca de Bages (CECB) \u00e9s una entitat excursionista, esportiva i cultural manresana d\u2019\u00e0mbit comarcal. \u00c9s la segona entitat excursionista de Catalunya per antiguitat entre les que existeixen actualment, despr\u00e9s del Centre Excursionista de Catalunya.<\/p>\n<p>El CECB va ser\u00a0 fundat el 9 d\u2019abril de 1905 per una colla de prohoms manresans fidels al caire cultural i patri\u00f2tic que tenia l\u2019excursionisme en aquell moment. Com a primer president fou escollit el farmac\u00e8utic Josep Esteve i Segu\u00ed i, com a president honorari figur\u00e0 en Leonci Soler i March, diputat per Manresa i persona d\u2019un ampli reconeixement ciutad\u00e0 i cultural.<\/p>\n<p>El primer local de l\u2019entitat estava situat a la Pla\u00e7a Major, al pis 2n 2\u00aa de l\u2019actual n\u00famero 17 (damunt els antics Magatzems Gras); posteriorment, cap al 1910, es trasllad\u00e0 al carrer del Mestre Blanch, a l\u2019actual n\u00famero 2. Poc abans de la guerra civil hi hagu\u00e9 un altre canvi de local cap al n\u00famero 6 del carrer del Born i, a partir de 1940, l\u2019entitat s\u2019instal\u00b7l\u00e0 al primer pis del n\u00famero 14 del carrer d\u2019Urgell, on continua actualment.<\/p>\n<p>A m\u00e9s de les activitats excursionistes, en el centre van trobar acollida una s\u00e8rie d\u2019iniciatives de gran contingut cultural. Des del principi compt\u00e0 amb una secci\u00f3 d\u2019arqueologia i ci\u00e8ncies, s\u2019hi form\u00e0 una biblioteca sobre coneixement de la comarca i Catalunya, s\u2019inici\u00e0 una intensa activitat fotogr\u00e0fica. El local del centre va aixoplugar, sobretot a partir dels anys trenta del segle passat, interessants confer\u00e8ncies de personalitats destacades en els camps de la llengua, la hist\u00f2ria, l\u2019excursionisme, l\u2019arqueologia i l\u2019alpinisme.<\/p>\n<p>En el CECB van n\u00e9ixer les primeres activitats d\u2019escalada, espeleologia i esqu\u00ed que s\u2019organitzaren a Manresa, aix\u00ed com la pr\u00e0ctica de l\u2019atletisme amb l\u2019organitzaci\u00f3 de les primeres curses locals i comarcals. Entre els anys seixanta i vuitanta del segle passat, el Grup d\u2019Alta Muntanya del CECB mostr\u00e0 una gran activitat alpinista, amb l\u2019organitzaci\u00f3 d\u2019expedicions als Andes, a l\u2019Atles i l\u2019Him\u00e0laia i a altres indrets del planeta. M\u00e9s recentment, a finals del segle XX i principis del XXI, s\u2019hi crearen la Coral Esw\u00e8rtia i les seccions de submarinisme, parapent i kayak.<\/p>\n<p>&nbsp;<\/p>\n","protected":false},"excerpt":{"rendered":"<p>El Centre Excursionista de la Comarca de Bages (CECB) \u00e9s una entitat excursionista, esportiva i cultural manresana d\u2019\u00e0mbit comarcal. \u00c9s la segona entitat excursionista de Catalunya per antiguitat entre les que existeixen actualment, despr\u00e9s del Centre Excursionista de Catalunya. El CECB va ser\u00a0 fundat el 9 d\u2019abril de 1905 per una colla de prohoms manresans [&hellip;]<\/p>\n","protected":false},"author":28,"featured_media":0,"parent":0,"menu_order":0,"comment_status":"closed","ping_status":"closed","template":"","meta":{"iawp_total_views":9,"footnotes":""},"class_list":["post-73635","page","type-page","status-publish","hentry"],"_links":{"self":[{"href":"https:\/\/www.memoria.cat\/llibre-signatures-cecb\/wp-json\/wp\/v2\/pages\/73635","targetHints":{"allow":["GET"]}}],"collection":[{"href":"https:\/\/www.memoria.cat\/llibre-signatures-cecb\/wp-json\/wp\/v2\/pages"}],"about":[{"href":"https:\/\/www.memoria.cat\/llibre-signatures-cecb\/wp-json\/wp\/v2\/types\/page"}],"author":[{"embeddable":true,"href":"https:\/\/www.memoria.cat\/llibre-signatures-cecb\/wp-json\/wp\/v2\/users\/28"}],"replies":[{"embeddable":true,"href":"https:\/\/www.memoria.cat\/llibre-signatures-cecb\/wp-json\/wp\/v2\/comments?post=73635"}],"version-history":[{"count":0,"href":"https:\/\/www.memoria.cat\/llibre-signatures-cecb\/wp-json\/wp\/v2\/pages\/73635\/revisions"}],"wp:attachment":[{"href":"https:\/\/www.memoria.cat\/llibre-signatures-cecb\/wp-json\/wp\/v2\/media?parent=73635"}],"curies":[{"name":"wp","href":"https:\/\/api.w.org\/{rel}","templated":true}]}}