{"id":73404,"date":"2019-11-11T13:18:10","date_gmt":"2019-11-11T12:18:10","guid":{"rendered":"https:\/\/www.memoria.cat\/llibre-signatures-cecb\/?page_id=73404"},"modified":"2022-02-11T19:56:33","modified_gmt":"2022-02-11T18:56:33","slug":"portada","status":"publish","type":"page","link":"https:\/\/www.memoria.cat\/llibre-signatures-cecb\/","title":{"rendered":"Portada"},"content":{"rendered":"<p>En aquest web presentem el llibre de signatures del Centre Excursionista de la Comarca de Bages que l\u2019entitat dispos\u00e0 des de la seva creaci\u00f3. En ell es convidava a escriure una dedicat\u00f2ria i a signar a persones que es consideraven rellevants per alguna ra\u00f3 determinada.<\/p>\n<p>Hi trobareu <a href=\"https:\/\/www.memoria.cat\/llibre-signatures-cecb\/el-llibre-de-signatures-fotografiat\/\">totes les p\u00e0gines del llibre fotografiades<\/a> i <a href=\"https:\/\/www.memoria.cat\/llibre-signatures-cecb\/transcripcio-del-llibre-de-signatures\/\">la seva corresponent transcripci\u00f3<\/a>. Tamb\u00e9 <a href=\"https:\/\/www.memoria.cat\/llibre-signatures-cecb\/ressenya-historica-del-cecb\/\">una ressenya hist\u00f2rica de l\u2019entitat<\/a> i <a href=\"https:\/\/www.memoria.cat\/llibre-signatures-cecb\/els-presidents-del-cecb\/\">una relaci\u00f3 de tots els presidents<\/a> que ha tingut al llarg de la seva hist\u00f2ria.<\/p>\n<p>Al llibre podem trobar-hi dedicat\u00f2ries i signatures que comprenen des de 1905 fins a 1992. Cal dir, per\u00f2, que el ritme de signatures \u00e9s bastant irregular. El llibre comen\u00e7a amb un pilot de signatures que es van fer el 24 d\u2019abril de 1905 en l\u2019acte comarcal de creaci\u00f3 de l\u2019entitat que es va celebrar a Sant Benet de Bages. En aquesta data hi consten les dedicat\u00f2ries del Centre Excursionista de Catalunya i del Centre Catal\u00e0 Autonomista de Navarcles, amb un total de 72 signatures. Despr\u00e9s s\u2019obre un buit de 25 anys en els quals no hi ha cap signatura i no n\u2019hi torna a haver fins a 1930. A part del buit obligat corresponent a la guerra civil, hi ha alguns altres anys en qu\u00e8 no hi ha cap signatura destacant-hi els deu anys compresos entre 1981 i 1990. Fet i fet, dels 88 anys en qu\u00e8 es va fer servir el llibre, en trobem 52 sense cap signatura. Les dates en qu\u00e8 n\u2019hi hagu\u00e9 m\u00e9s abund\u00e0ncia s\u00f3n els per\u00edodes 1925-1934 i 1955-1974. Del total de 159 dedicat\u00f2ries que hi ha, el 75% estan escrites en catal\u00e0, el 15% en castell\u00e0, el 7% en franc\u00e8s i itali\u00e0, i el 3% restant en alemany, occit\u00e0 i llat\u00ed. Com a dada curiosa, la primera dedicat\u00f2ria en castell\u00e0 no hi apareix fins el 1942 i l\u2019\u00faltima el 1968.<\/p>\n<p>Malgrat que nom\u00e9s hi hagi 36 anys amb dedicat\u00f2ries i signatures, hi trobem personalitats destacades en diferents \u00e0mbits:<\/p>\n<ul>\n<li>Cient\u00edfics: Ignasi Puig, Pius Font i Quer<\/li>\n<li>Literats: Maria Aur\u00e8lia Capmany, Pere Quart<\/li>\n<li>Fil\u00f2legs: Pompeu Fabra<\/li>\n<li>Excursionistes i escaladors: C\u00e8sar August Torres, Llu\u00eds Estasen, Maria Ant\u00f2nia Sim\u00f3, Agust\u00ed Jolis, Romano Merendi, Michel Vaucher, Kurt Diemberger<\/li>\n<li>Ge\u00f2grafs: Pau Vila, Joan Vil\u00e0 i Valent\u00ed, Josep Igl\u00e9sies<\/li>\n<li>Arquitectes: Alexandre Soler i March<\/li>\n<li>Historiadors, arque\u00f2legs i arxivers: F\u00e8lix Duran i Canyameres, Josep Serra R\u00e0fols, Manel Riu, Antoni Jutglar<\/li>\n<li>Fot\u00f2grafs: Francesc Catal\u00e0-Roca<\/li>\n<li>Economistes: Ernest Lluch<\/li>\n<li>M\u00fasics: Montserrat Torrent, Valent\u00ed Miserachs<\/li>\n<li>Escultors i ceramistes: Josep Maria Subirachs, Paul\u00ed<\/li>\n<li>Religiosos: Cassi\u00e0 Maria Just<\/li>\n<\/ul>\n<p>A m\u00e9s d\u2019aquestes persones que hem destacat com a mostra, podem trobar-hi aviadors, espele\u00f2legs, esperantistes, activistes socials, fil\u00f2sofs, pedagogs, un ampli ventall d\u2019especialistes en diferents camps de la cultura, l\u2019esport i les ci\u00e8ncies socials que demostren la profunda petjada cultural i c\u00edvica del Centre Excursionista de la Comarca de Bages a la ciutat.<\/p>\n<p>Finalment, cal dir que de les 371 signatures que consten al llibre, n\u2019hem sabut identificar el 80%; per tant n\u2019ha quedat un 20% que, o b\u00e9 perqu\u00e8 s\u00f3n una simple r\u00fabrica, unes inicials o altres circumst\u00e0ncies, no hem pogut saber a qui representaven.<\/p>\n<p>&nbsp;<\/p>\n","protected":false},"excerpt":{"rendered":"<p>En aquest web presentem el llibre de signatures del Centre Excursionista de la Comarca de Bages que l\u2019entitat dispos\u00e0 des de la seva creaci\u00f3. En ell es convidava a escriure una dedicat\u00f2ria i a signar a persones que es consideraven rellevants per alguna ra\u00f3 determinada. Hi trobareu totes les p\u00e0gines del llibre fotografiades i la [&hellip;]<\/p>\n","protected":false},"author":1,"featured_media":0,"parent":0,"menu_order":0,"comment_status":"closed","ping_status":"closed","template":"","meta":{"iawp_total_views":18,"footnotes":""},"class_list":["post-73404","page","type-page","status-publish","hentry"],"_links":{"self":[{"href":"https:\/\/www.memoria.cat\/llibre-signatures-cecb\/wp-json\/wp\/v2\/pages\/73404","targetHints":{"allow":["GET"]}}],"collection":[{"href":"https:\/\/www.memoria.cat\/llibre-signatures-cecb\/wp-json\/wp\/v2\/pages"}],"about":[{"href":"https:\/\/www.memoria.cat\/llibre-signatures-cecb\/wp-json\/wp\/v2\/types\/page"}],"author":[{"embeddable":true,"href":"https:\/\/www.memoria.cat\/llibre-signatures-cecb\/wp-json\/wp\/v2\/users\/1"}],"replies":[{"embeddable":true,"href":"https:\/\/www.memoria.cat\/llibre-signatures-cecb\/wp-json\/wp\/v2\/comments?post=73404"}],"version-history":[{"count":0,"href":"https:\/\/www.memoria.cat\/llibre-signatures-cecb\/wp-json\/wp\/v2\/pages\/73404\/revisions"}],"wp:attachment":[{"href":"https:\/\/www.memoria.cat\/llibre-signatures-cecb\/wp-json\/wp\/v2\/media?parent=73404"}],"curies":[{"name":"wp","href":"https:\/\/api.w.org\/{rel}","templated":true}]}}