{"id":72368,"date":"2019-09-30T17:12:31","date_gmt":"2019-09-30T16:12:31","guid":{"rendered":"https:\/\/www.memoria.cat\/llevadelbibero\/?page_id=72368"},"modified":"2019-12-12T18:22:52","modified_gmt":"2019-12-12T17:22:52","slug":"joan-casellas-soler","status":"publish","type":"page","link":"https:\/\/www.memoria.cat\/llevadelbibero\/entrevistes-a-biberons-supervivents-del-bages-any-2019\/joan-casellas-soler\/","title":{"rendered":"Joan Casellas Soler"},"content":{"rendered":"<h2>Joan Casellas Soler. 13\/9\/1920. La Pobla de Lillet-Aviny\u00f3.<\/h2>\n<p><em>\u00ab<\/em><em>Quan et fan presoner, no ets ning\u00fa<\/em><em>\u00bb<\/em><\/p>\n<p>A Joan Casellas Soler encara li quedaven quatre mesos llargs per fer els divuit anys. Va passar per l\u2019Ebre i per la Sentiu a la l\u00ednia del front de T\u00e0rrega-Balaguer. A l\u2019Ebre va tenir la sort de ser evacuat per malaltia i es va estalviar una part del tr\u00e0ngol i qui sap si aquest fet li va salvar la vida, ell pensa que s\u00ed.<\/p>\n<p>Un cop fet presoner el van dur al camp de concentraci\u00f3 d\u2019Avil\u00e9s. Eren quatre mil captius mal alimentats i en un ambient d\u2019insalubritat manifesta en tot moment. La gana, per\u00f2, el Joan Casellas ja l\u2019havia coneguda a les files de l\u2019ex\u00e8rcit republic\u00e0 on els naps crus, arrabassats als camps dels pagesos que encara els treballaven, i el moll dels tronxos de les cols, havien estat menges per omplir la panxa i tamb\u00e9 els clots que servien de latrines.<\/p>\n<p>A Avil\u00e9s li va arribar l\u2019aval que va signar un capell\u00e0. Despr\u00e9s va venir el servei militar. El 10 de juny del 1939 figura com a soldat adscrit a la Maestranza y Parque de Artilleria de la Corunya. El 8 juny del 1942 encara vestia l\u2019uniforme tal com consta en el document identificatiu militar que el fa artiller de segona amb l\u2019ofici de paleta de la Maestranza de Barcelona, destacament de Manresa.<\/p>\n<p>Un cop retornat a Aviny\u00f3, es reincorpor\u00e0 a la feina de pag\u00e8s, a fer de llenyataire. Explica que una de les preocupacions socials del rodal d\u2019Aviny\u00f3 de postguerra era que hi havia m\u00e9s noies casadores que no pas homes i que a les cases bones li paraven el lla\u00e7.<\/p>\n<h2>Imatges i Documents<\/h2>\n<div id=\"jig1\" class=\"justified-image-grid jig-3753004e0027e51e608f2a784c802209 jig-preset-c1 jig-source-wp-gallery jig-rml-id-12\"><div class=\"jig-clearfix\"><\/div><noscript id=\"jig1-html\" class=\"justified-image-grid-html\" data-lazy-src=\"skiplazyload\" data-src=\"skipunveillazyload\"><ul><li><a href=\"https:\/\/www.memoria.cat\/llevadelbibero\/wp-content\/uploads\/sites\/26\/2019\/09\/1a-3.jpg\" title=\"Primera fotografia, encara sense distintius, enviada a la mare. \"><img decoding=\"async\" src=\"https:\/\/www.memoria.cat\/llevadelbibero\/wp-content\/uploads\/sites\/26\/2019\/09\/1a-3.jpg\" alt=\"Primera fotografia, encara sense distintius, enviada a la mare. \" width=\"172\" height=\"230\" \/><\/a><p class=\"jig-HTMLdescription\">Primera fotografia, encara sense distintius, enviada a la mare. <\/p><\/li><li><a href=\"https:\/\/www.memoria.cat\/llevadelbibero\/wp-content\/uploads\/sites\/26\/2019\/09\/2a-2.jpg\" title=\"2.\tFotografia en qu\u00e8 Joan Casellas ja llueix el distintiu de l\u2019arma d\u2019Artilleria.\"><img decoding=\"async\" src=\"https:\/\/www.memoria.cat\/llevadelbibero\/wp-content\/uploads\/sites\/26\/2019\/09\/2a-2.jpg\" alt=\"2.\tFotografia en qu\u00e8 Joan Casellas ja llueix el distintiu de l\u2019arma d\u2019Artilleria.\" width=\"156\" height=\"230\" \/><\/a><p class=\"jig-HTMLdescription\">2.\tFotografia en qu\u00e8 Joan Casellas ja llueix el distintiu de l\u2019arma d\u2019Artilleria.<\/p><\/li><li><a href=\"https:\/\/www.memoria.cat\/llevadelbibero\/wp-content\/uploads\/sites\/26\/2019\/09\/3a-2.jpg\" title=\"Joan Casellas vestit de soldat en el per\u00edode de la Maestranza de la Corunya.\"><img decoding=\"async\" src=\"https:\/\/www.memoria.cat\/llevadelbibero\/wp-content\/uploads\/sites\/26\/2019\/09\/3a-2.jpg\" alt=\"Joan Casellas vestit de soldat en el per\u00edode de la Maestranza de la Corunya.\" width=\"156\" height=\"230\" \/><\/a><p class=\"jig-HTMLdescription\">Joan Casellas vestit de soldat en el per\u00edode de la Maestranza de la Corunya.<\/p><\/li><li><a href=\"https:\/\/www.memoria.cat\/llevadelbibero\/wp-content\/uploads\/sites\/26\/2019\/09\/4a-2.jpg\" title=\"Joan Casellas vestit de soldat en el per\u00edode de la Maestranza de la Corunya.\"><img loading=\"lazy\" decoding=\"async\" src=\"https:\/\/www.memoria.cat\/llevadelbibero\/wp-content\/uploads\/sites\/26\/2019\/09\/4a-2.jpg\" alt=\"Joan Casellas vestit de soldat en el per\u00edode de la Maestranza de la Corunya.\" width=\"156\" height=\"230\" \/><\/a><p class=\"jig-HTMLdescription\">Joan Casellas vestit de soldat en el per\u00edode de la Maestranza de la Corunya.<\/p><\/li><li><a href=\"https:\/\/www.memoria.cat\/llevadelbibero\/wp-content\/uploads\/sites\/26\/2019\/09\/5a-2.jpg\" title=\"Felicitaci\u00f3 de cap d\u2019any adre\u00e7ada a la fam\u00edlia.\"><img loading=\"lazy\" decoding=\"async\" src=\"https:\/\/www.memoria.cat\/llevadelbibero\/wp-content\/uploads\/sites\/26\/2019\/09\/5a-2.jpg\" alt=\"Felicitaci\u00f3 de cap d\u2019any adre\u00e7ada a la fam\u00edlia.\" width=\"156\" height=\"230\" \/><\/a><p class=\"jig-HTMLdescription\">Felicitaci\u00f3 de cap d\u2019any adre\u00e7ada a la fam\u00edlia.<\/p><\/li><li><a href=\"https:\/\/www.memoria.cat\/llevadelbibero\/wp-content\/uploads\/sites\/26\/2019\/09\/6a-2.jpg\" title=\"Certificat en qu\u00e8 consta que Joan Casellas est\u00e0 destinat a la Maestranza de la Corunya des del 10 de juny del 1939, datada el 17 de gener del 1940.\"><img loading=\"lazy\" decoding=\"async\" src=\"https:\/\/www.memoria.cat\/llevadelbibero\/wp-content\/uploads\/sites\/26\/2019\/09\/6a-2.jpg\" alt=\"Certificat en qu\u00e8 consta que Joan Casellas est\u00e0 destinat a la Maestranza de la Corunya des del 10 de juny del 1939, datada el 17 de gener del 1940.\" width=\"181\" height=\"230\" \/><\/a><p class=\"jig-HTMLdescription\">Certificat en qu\u00e8 consta que Joan Casellas est\u00e0 destinat a la Maestranza de la Corunya des del 10 de juny del 1939, datada el 17 de gener del 1940.<\/p><\/li><li><a href=\"https:\/\/www.memoria.cat\/llevadelbibero\/wp-content\/uploads\/sites\/26\/2019\/09\/7a-2.jpg\" title=\"\u00abCartilla\u00bb militar, datada el 8 de juny del 1942, feta a Barcelona, en qu\u00e8 es fa constar que Casellas \u00e9s un artiller de segona amb el dest\u00ed de paleta i que dep\u00e8n de la Maestranza d\u2019Artilleria de Barcelona enquadrat en el destacament de Manresa.\"><img loading=\"lazy\" decoding=\"async\" src=\"https:\/\/www.memoria.cat\/llevadelbibero\/wp-content\/uploads\/sites\/26\/2019\/09\/7a-2.jpg\" alt=\"\u00abCartilla\u00bb militar, datada el 8 de juny del 1942, feta a Barcelona, en qu\u00e8 es fa constar que Casellas \u00e9s un artiller de segona amb el dest\u00ed de paleta i que dep\u00e8n de la Maestranza d\u2019Artilleria de Barcelona enquadrat en el destacament de Manresa.\" width=\"291\" height=\"230\" \/><\/a><p class=\"jig-HTMLdescription\">\u00abCartilla\u00bb militar, datada el 8 de juny del 1942, feta a Barcelona, en qu\u00e8 es fa constar que Casellas \u00e9s un artiller de segona amb el dest\u00ed de paleta i que dep\u00e8n de la Maestranza d\u2019Artilleria de Barcelona enquadrat en el destacament de Manresa.<\/p><\/li><li><a href=\"https:\/\/www.memoria.cat\/llevadelbibero\/wp-content\/uploads\/sites\/26\/2019\/09\/8a-2.jpg\" title=\"Fotografies de l\u2019entrevista feta el dia 31 de maig del 2019.\t\"><img loading=\"lazy\" decoding=\"async\" src=\"https:\/\/www.memoria.cat\/llevadelbibero\/wp-content\/uploads\/sites\/26\/2019\/09\/8a-2.jpg\" alt=\"Fotografies de l\u2019entrevista feta el dia 31 de maig del 2019.\t\" width=\"344\" height=\"230\" \/><\/a><p class=\"jig-HTMLdescription\">Fotografies de l\u2019entrevista feta el dia 31 de maig del 2019.\t<\/p><\/li><\/ul><\/noscript><\/div>\n<h2>Video<\/h2>\n<p><iframe title=\"Entrevista a Joan Casellas\" src=\"https:\/\/player.vimeo.com\/video\/373741917?dnt=1&amp;app_id=122963\" width=\"800\" height=\"450\" frameborder=\"0\" allow=\"autoplay; fullscreen; picture-in-picture; clipboard-write; encrypted-media\"><\/iframe><\/p>\n","protected":false},"excerpt":{"rendered":"<p>Joan Casellas Soler. 13\/9\/1920. La Pobla de Lillet-Aviny\u00f3. \u00abQuan et fan presoner, no ets ning\u00fa\u00bb A Joan Casellas Soler encara li quedaven quatre mesos llargs per fer els divuit anys. Va passar per l\u2019Ebre i per la Sentiu a la l\u00ednia del front de T\u00e0rrega-Balaguer. A l\u2019Ebre va tenir la sort de ser evacuat per [&hellip;]<\/p>\n","protected":false},"author":28,"featured_media":0,"parent":72329,"menu_order":0,"comment_status":"closed","ping_status":"closed","template":"","meta":{"footnotes":""},"class_list":["post-72368","page","type-page","status-publish","hentry"],"yoast_head":"<!-- This site is optimized with the Yoast SEO plugin v27.4 - https:\/\/yoast.com\/product\/yoast-seo-wordpress\/ -->\n<title>Joan Casellas Soler - Bagencs de la \u201cLleva del Biber\u00f3\u201d<\/title>\n<meta name=\"robots\" content=\"noindex, follow, max-snippet:-1, max-image-preview:large, max-video-preview:-1\" \/>\n<meta property=\"og:locale\" content=\"ca_ES\" \/>\n<meta property=\"og:type\" content=\"article\" \/>\n<meta property=\"og:title\" content=\"Joan Casellas Soler - Bagencs de la \u201cLleva del Biber\u00f3\u201d\" \/>\n<meta property=\"og:description\" content=\"Joan Casellas Soler. 13\/9\/1920. La Pobla de Lillet-Aviny\u00f3. \u00abQuan et fan presoner, no ets ning\u00fa\u00bb A Joan Casellas Soler encara li quedaven quatre mesos llargs per fer els divuit anys. Va passar per l\u2019Ebre i per la Sentiu a la l\u00ednia del front de T\u00e0rrega-Balaguer. A l\u2019Ebre va tenir la sort de ser evacuat per [&hellip;]\" \/>\n<meta property=\"og:url\" content=\"https:\/\/www.memoria.cat\/llevadelbibero\/entrevistes-a-biberons-supervivents-del-bages-any-2019\/joan-casellas-soler\/\" \/>\n<meta property=\"og:site_name\" content=\"Bagencs de la \u201cLleva del Biber\u00f3\u201d\" \/>\n<meta property=\"article:modified_time\" content=\"2019-12-12T17:22:52+00:00\" \/>\n<meta name=\"twitter:card\" content=\"summary_large_image\" \/>\n<meta name=\"twitter:label1\" content=\"Temps estimat de lectura\" \/>\n\t<meta name=\"twitter:data1\" content=\"2 minuts\" \/>\n<script type=\"application\/ld+json\" class=\"yoast-schema-graph\">{\"@context\":\"https:\\\/\\\/schema.org\",\"@graph\":[{\"@type\":\"WebPage\",\"@id\":\"https:\\\/\\\/www.memoria.cat\\\/llevadelbibero\\\/entrevistes-a-biberons-supervivents-del-bages-any-2019\\\/joan-casellas-soler\\\/\",\"url\":\"https:\\\/\\\/www.memoria.cat\\\/llevadelbibero\\\/entrevistes-a-biberons-supervivents-del-bages-any-2019\\\/joan-casellas-soler\\\/\",\"name\":\"Joan Casellas Soler - Bagencs de la \u201cLleva del Biber\u00f3\u201d\",\"isPartOf\":{\"@id\":\"https:\\\/\\\/www.memoria.cat\\\/llevadelbibero\\\/#website\"},\"datePublished\":\"2019-09-30T16:12:31+00:00\",\"dateModified\":\"2019-12-12T17:22:52+00:00\",\"breadcrumb\":{\"@id\":\"https:\\\/\\\/www.memoria.cat\\\/llevadelbibero\\\/entrevistes-a-biberons-supervivents-del-bages-any-2019\\\/joan-casellas-soler\\\/#breadcrumb\"},\"inLanguage\":\"ca\",\"potentialAction\":[{\"@type\":\"ReadAction\",\"target\":[\"https:\\\/\\\/www.memoria.cat\\\/llevadelbibero\\\/entrevistes-a-biberons-supervivents-del-bages-any-2019\\\/joan-casellas-soler\\\/\"]}]},{\"@type\":\"BreadcrumbList\",\"@id\":\"https:\\\/\\\/www.memoria.cat\\\/llevadelbibero\\\/entrevistes-a-biberons-supervivents-del-bages-any-2019\\\/joan-casellas-soler\\\/#breadcrumb\",\"itemListElement\":[{\"@type\":\"ListItem\",\"position\":1,\"name\":\"Inici\",\"item\":\"https:\\\/\\\/www.memoria.cat\\\/llevadelbibero\\\/\"},{\"@type\":\"ListItem\",\"position\":2,\"name\":\"10 ENTREVISTES A \u00abBIBERONS\u00bb SUPERVIVENTS DEL BAGES (any 2019)\",\"item\":\"https:\\\/\\\/www.memoria.cat\\\/llevadelbibero\\\/entrevistes-a-biberons-supervivents-del-bages-any-2019\\\/\"},{\"@type\":\"ListItem\",\"position\":3,\"name\":\"Joan Casellas Soler\"}]},{\"@type\":\"WebSite\",\"@id\":\"https:\\\/\\\/www.memoria.cat\\\/llevadelbibero\\\/#website\",\"url\":\"https:\\\/\\\/www.memoria.cat\\\/llevadelbibero\\\/\",\"name\":\"Bagencs de la \u201cLleva del Biber\u00f3\u201d\",\"description\":\"\",\"publisher\":{\"@id\":\"https:\\\/\\\/www.memoria.cat\\\/llevadelbibero\\\/#organization\"},\"potentialAction\":[{\"@type\":\"SearchAction\",\"target\":{\"@type\":\"EntryPoint\",\"urlTemplate\":\"https:\\\/\\\/www.memoria.cat\\\/llevadelbibero\\\/?s={search_term_string}\"},\"query-input\":{\"@type\":\"PropertyValueSpecification\",\"valueRequired\":true,\"valueName\":\"search_term_string\"}}],\"inLanguage\":\"ca\"},{\"@type\":\"Organization\",\"@id\":\"https:\\\/\\\/www.memoria.cat\\\/llevadelbibero\\\/#organization\",\"name\":\"Associaci\u00f3 Memoria i Hist\u00f2ria de Manresa\",\"url\":\"https:\\\/\\\/www.memoria.cat\\\/llevadelbibero\\\/\",\"logo\":{\"@type\":\"ImageObject\",\"inLanguage\":\"ca\",\"@id\":\"https:\\\/\\\/www.memoria.cat\\\/llevadelbibero\\\/#\\\/schema\\\/logo\\\/image\\\/\",\"url\":\"https:\\\/\\\/www.memoria.cat\\\/llevadelbibero\\\/wp-content\\\/uploads\\\/sites\\\/26\\\/2018\\\/02\\\/logo-memoria-cat.svg\",\"contentUrl\":\"https:\\\/\\\/www.memoria.cat\\\/llevadelbibero\\\/wp-content\\\/uploads\\\/sites\\\/26\\\/2018\\\/02\\\/logo-memoria-cat.svg\",\"width\":41902,\"height\":9887,\"caption\":\"Associaci\u00f3 Memoria i Hist\u00f2ria de Manresa\"},\"image\":{\"@id\":\"https:\\\/\\\/www.memoria.cat\\\/llevadelbibero\\\/#\\\/schema\\\/logo\\\/image\\\/\"}}]}<\/script>\n<!-- \/ Yoast SEO plugin. -->","yoast_head_json":{"title":"Joan Casellas Soler - Bagencs de la \u201cLleva del Biber\u00f3\u201d","robots":{"index":"noindex","follow":"follow","max-snippet":"max-snippet:-1","max-image-preview":"max-image-preview:large","max-video-preview":"max-video-preview:-1"},"og_locale":"ca_ES","og_type":"article","og_title":"Joan Casellas Soler - Bagencs de la \u201cLleva del Biber\u00f3\u201d","og_description":"Joan Casellas Soler. 13\/9\/1920. La Pobla de Lillet-Aviny\u00f3. \u00abQuan et fan presoner, no ets ning\u00fa\u00bb A Joan Casellas Soler encara li quedaven quatre mesos llargs per fer els divuit anys. Va passar per l\u2019Ebre i per la Sentiu a la l\u00ednia del front de T\u00e0rrega-Balaguer. A l\u2019Ebre va tenir la sort de ser evacuat per [&hellip;]","og_url":"https:\/\/www.memoria.cat\/llevadelbibero\/entrevistes-a-biberons-supervivents-del-bages-any-2019\/joan-casellas-soler\/","og_site_name":"Bagencs de la \u201cLleva del Biber\u00f3\u201d","article_modified_time":"2019-12-12T17:22:52+00:00","twitter_card":"summary_large_image","twitter_misc":{"Temps estimat de lectura":"2 minuts"},"schema":{"@context":"https:\/\/schema.org","@graph":[{"@type":"WebPage","@id":"https:\/\/www.memoria.cat\/llevadelbibero\/entrevistes-a-biberons-supervivents-del-bages-any-2019\/joan-casellas-soler\/","url":"https:\/\/www.memoria.cat\/llevadelbibero\/entrevistes-a-biberons-supervivents-del-bages-any-2019\/joan-casellas-soler\/","name":"Joan Casellas Soler - Bagencs de la \u201cLleva del Biber\u00f3\u201d","isPartOf":{"@id":"https:\/\/www.memoria.cat\/llevadelbibero\/#website"},"datePublished":"2019-09-30T16:12:31+00:00","dateModified":"2019-12-12T17:22:52+00:00","breadcrumb":{"@id":"https:\/\/www.memoria.cat\/llevadelbibero\/entrevistes-a-biberons-supervivents-del-bages-any-2019\/joan-casellas-soler\/#breadcrumb"},"inLanguage":"ca","potentialAction":[{"@type":"ReadAction","target":["https:\/\/www.memoria.cat\/llevadelbibero\/entrevistes-a-biberons-supervivents-del-bages-any-2019\/joan-casellas-soler\/"]}]},{"@type":"BreadcrumbList","@id":"https:\/\/www.memoria.cat\/llevadelbibero\/entrevistes-a-biberons-supervivents-del-bages-any-2019\/joan-casellas-soler\/#breadcrumb","itemListElement":[{"@type":"ListItem","position":1,"name":"Inici","item":"https:\/\/www.memoria.cat\/llevadelbibero\/"},{"@type":"ListItem","position":2,"name":"10 ENTREVISTES A \u00abBIBERONS\u00bb SUPERVIVENTS DEL BAGES (any 2019)","item":"https:\/\/www.memoria.cat\/llevadelbibero\/entrevistes-a-biberons-supervivents-del-bages-any-2019\/"},{"@type":"ListItem","position":3,"name":"Joan Casellas Soler"}]},{"@type":"WebSite","@id":"https:\/\/www.memoria.cat\/llevadelbibero\/#website","url":"https:\/\/www.memoria.cat\/llevadelbibero\/","name":"Bagencs de la \u201cLleva del Biber\u00f3\u201d","description":"","publisher":{"@id":"https:\/\/www.memoria.cat\/llevadelbibero\/#organization"},"potentialAction":[{"@type":"SearchAction","target":{"@type":"EntryPoint","urlTemplate":"https:\/\/www.memoria.cat\/llevadelbibero\/?s={search_term_string}"},"query-input":{"@type":"PropertyValueSpecification","valueRequired":true,"valueName":"search_term_string"}}],"inLanguage":"ca"},{"@type":"Organization","@id":"https:\/\/www.memoria.cat\/llevadelbibero\/#organization","name":"Associaci\u00f3 Memoria i Hist\u00f2ria de Manresa","url":"https:\/\/www.memoria.cat\/llevadelbibero\/","logo":{"@type":"ImageObject","inLanguage":"ca","@id":"https:\/\/www.memoria.cat\/llevadelbibero\/#\/schema\/logo\/image\/","url":"https:\/\/www.memoria.cat\/llevadelbibero\/wp-content\/uploads\/sites\/26\/2018\/02\/logo-memoria-cat.svg","contentUrl":"https:\/\/www.memoria.cat\/llevadelbibero\/wp-content\/uploads\/sites\/26\/2018\/02\/logo-memoria-cat.svg","width":41902,"height":9887,"caption":"Associaci\u00f3 Memoria i Hist\u00f2ria de Manresa"},"image":{"@id":"https:\/\/www.memoria.cat\/llevadelbibero\/#\/schema\/logo\/image\/"}}]}},"_links":{"self":[{"href":"https:\/\/www.memoria.cat\/llevadelbibero\/wp-json\/wp\/v2\/pages\/72368","targetHints":{"allow":["GET"]}}],"collection":[{"href":"https:\/\/www.memoria.cat\/llevadelbibero\/wp-json\/wp\/v2\/pages"}],"about":[{"href":"https:\/\/www.memoria.cat\/llevadelbibero\/wp-json\/wp\/v2\/types\/page"}],"author":[{"embeddable":true,"href":"https:\/\/www.memoria.cat\/llevadelbibero\/wp-json\/wp\/v2\/users\/28"}],"replies":[{"embeddable":true,"href":"https:\/\/www.memoria.cat\/llevadelbibero\/wp-json\/wp\/v2\/comments?post=72368"}],"version-history":[{"count":0,"href":"https:\/\/www.memoria.cat\/llevadelbibero\/wp-json\/wp\/v2\/pages\/72368\/revisions"}],"up":[{"embeddable":true,"href":"https:\/\/www.memoria.cat\/llevadelbibero\/wp-json\/wp\/v2\/pages\/72329"}],"wp:attachment":[{"href":"https:\/\/www.memoria.cat\/llevadelbibero\/wp-json\/wp\/v2\/media?parent=72368"}],"curies":[{"name":"wp","href":"https:\/\/api.w.org\/{rel}","templated":true}]}}