{"id":72227,"date":"2019-09-28T12:59:05","date_gmt":"2019-09-28T11:59:05","guid":{"rendered":"https:\/\/www.memoria.cat\/llevadelbibero\/?page_id=72227"},"modified":"2019-09-28T14:43:47","modified_gmt":"2019-09-28T13:43:47","slug":"resso-als-mitjans-de-comunicacio","status":"publish","type":"page","link":"https:\/\/www.memoria.cat\/llevadelbibero\/lhomenatge-als-bagencs-de-lalleva-del-bibero-02-12-2018\/resso-als-mitjans-de-comunicacio\/","title":{"rendered":"Ress\u00f3 als mitjans de comunicaci\u00f3"},"content":{"rendered":"<p>Diari Regi\u00f37 del dia 3\/12\/2018:<\/p>\n<div id=\"jig1\" class=\"justified-image-grid jig-9827b9a928d62c199e27ddc3c90f0e53 jig-preset-c2 jig-source-wp-gallery jig-rml-id-7\"><div class=\"jig-clearfix\"><\/div><noscript id=\"jig1-html\" class=\"justified-image-grid-html\" data-lazy-src=\"skiplazyload\" data-src=\"skipunveillazyload\"><ul><li><a href=\"https:\/\/www.memoria.cat\/llevadelbibero\/wp-content\/uploads\/sites\/26\/2019\/09\/capcaleraa.jpg\" title=\"capcaleraa\"><img fetchpriority=\"high\" decoding=\"async\" src=\"https:\/\/www.memoria.cat\/llevadelbibero\/wp-content\/uploads\/sites\/26\/2019\/09\/capcaleraa.jpg\" alt=\"capcaleraa\" width=\"420\" height=\"230\" \/><\/a><p class=\"jig-HTMLdescription\">capcaleraa<\/p><\/li><li><a href=\"https:\/\/www.memoria.cat\/llevadelbibero\/wp-content\/uploads\/sites\/26\/2019\/09\/editoriala.jpg\" title=\"editoriala\"><img decoding=\"async\" src=\"https:\/\/www.memoria.cat\/llevadelbibero\/wp-content\/uploads\/sites\/26\/2019\/09\/editoriala.jpg\" alt=\"editoriala\" width=\"200\" height=\"230\" \/><\/a><p class=\"jig-HTMLdescription\">editoriala<\/p><\/li><li><a href=\"https:\/\/www.memoria.cat\/llevadelbibero\/wp-content\/uploads\/sites\/26\/2019\/09\/regio73122018-copiaa.jpg\"><img decoding=\"async\" src=\"https:\/\/www.memoria.cat\/llevadelbibero\/wp-content\/uploads\/sites\/26\/2019\/09\/regio73122018-copiaa.jpg\" alt=\"\" width=\"179\" height=\"230\" \/><\/a><\/li><li><a href=\"https:\/\/www.memoria.cat\/llevadelbibero\/wp-content\/uploads\/sites\/26\/2019\/09\/interior2a.jpg\" title=\"interior2a\"><img loading=\"lazy\" decoding=\"async\" src=\"https:\/\/www.memoria.cat\/llevadelbibero\/wp-content\/uploads\/sites\/26\/2019\/09\/interior2a.jpg\" alt=\"interior2a\" width=\"251\" height=\"230\" \/><\/a><p class=\"jig-HTMLdescription\">interior2a<\/p><\/li><\/ul><\/noscript><\/div>\n<p><a href=\"https:\/\/www.manresa.cat\/web\/noticies\/5940-acte-d'homenatge-als-manresans-mobilitzats-per-la-lleva-del-bibero\">Acte d\u2019homenatge als manresans mobilitzats per la Lleva del biber\u00f3<\/a> (web Ajuntament de Manresa, 17\/9\/2018)<\/p>\n<p><a href=\"https:\/\/www.manresa.cat\/web\/noticies\/6124-acaba-el-termini-per-participar-a-l'homenatge-de-la-lleva-del-bibero\">Acaba el termini per participar a l&#8217;homenatge de la Lleva del Biber\u00f3<\/a> (web Ajuntament de Manresa, 31\/10\/2018)<\/p>\n<p><a href=\"https:\/\/www.regio7.cat\/manresa\/2018\/11\/26\/manresa-homenatja-manresans-bagencs-que\/512228.html\">Homenatge a Manresa als manresans i bagencs de la Lleva del Biber\u00f3<\/a> (Regi\u00f37, 26\/11\/2018)<\/p>\n<p><a href=\"https:\/\/www.naciodigital.cat\/manresa\/noticia\/79873\/nou\/bagencs\/supervivents\/lleva\/bibero\/rebran\/diumenge\/homenatge\/manresa\">Nou bagencs supervivents de la Lleva del Biber\u00f3 rebran, diumenge, un homenatge a Manresa<\/a> (Regi\u00f37, 27\/11\/2018)<\/p>\n<p><a href=\"https:\/\/www.regio7.cat\/manresa\/2018\/12\/01\/lhomenatge-lleva-del-bibero-aplegara\/513207.html\">L&#8217;homenatge a la Lleva del Biber\u00f3 aplegar\u00e0 10 supervivents bagencs<\/a> (Regi\u00f37, 30\/11\/2018)<\/p>\n<p><a href=\"https:\/\/www.canaltaronja.cat\/central\/programes\/barra-lliure-19102018-lexperiencia-salvador-farres-supervivent-lleva-bibero-guerra-civil-espanyola-relat-historic-impressionant\/\">Entrevista a Salvador Farr\u00e9s, supervivent de la Lleva del Biber\u00f3 (Canal Taronja, Barra Lliure, 19\/10\/2018)<\/a><\/p>\n<p><a href=\"https:\/\/www.manresa.cat\/web\/article\/9480-homenatge-a-la-lleva-del-bibero\">Homenatge a la Lleva del Biber\u00f3<\/a> (web Ajuntament de Manresa)<\/p>\n<p><a href=\"https:\/\/www.canaltaronja.cat\/central\/manresa\/acte-dhomenatge-lleva-bibero-ajuntament-manresa\/\">Acte d\u2019homenatge a la Lleva del Biber\u00f3 Ajuntament de Manresa<\/a> (Canal Taronja, Not\u00edcies, 4\/12\/2018)<\/p>\n<p><a href=\"https:\/\/www.naciodigital.cat\/manresa\/noticia\/80010\/manresa\/bages\/fan\/sentit\/emotiu\/homenatge\/lleva\/bibero\">Manresa i el Bages fan un sentit i emotiu homenatge a la Lleva del Biber\u00f3<\/a> (Naci\u00f3Manresa, 2\/12\/2018)<\/p>\n<p><a href=\"https:\/\/castellvilarenc.info\/2018\/12\/02\/el-castellvilarenc-rosendo-badia-rep-a-manresa-un-homenatge-per-recordar-la-lleva-del-bibero\/\">El castellvilarenc Rosendo Badia rep a Manresa un homenatge per recordar la lleva del Biber\u00f3<\/a> (Castellvilarenc.info, 3\/12\/2018)<\/p>\n<p><a href=\"http:\/\/www.elpou.cat\/noticia\/3271\/calaf\/van\/fer\/anar\/peu\/fins\/sanauja\/vam\/fer\/primers\/dies\/instruccio\/amb\/escombra\/perque\/teniem\/armes\">\u00abDe Calaf, ens van fer anar a peu fins a Sana\u00fcja, on vam fer els primers dies d\u2019instrucci\u00f3 amb una escombra, perqu\u00e8 no ten\u00edem armes\u00bb<\/a> (\u201cEl Pou de la Gallina\u201d, Desembre del 2018. Entrevista de Jordi Sardans al \u201cbiber\u00f3\u201d Salvador Farr\u00e9s)<\/p>\n<p>&nbsp;<\/p>\n<p>&nbsp;<\/p>\n<p>&nbsp;<\/p>\n<p>&nbsp;<\/p>\n<p>&nbsp;<\/p>\n<p>&nbsp;<\/p>\n","protected":false},"excerpt":{"rendered":"<p>Diari Regi\u00f37 del dia 3\/12\/2018: Acte d\u2019homenatge als manresans mobilitzats per la Lleva del biber\u00f3 (web Ajuntament de Manresa, 17\/9\/2018) Acaba el termini per participar a l&#8217;homenatge de la Lleva del Biber\u00f3 (web Ajuntament de Manresa, 31\/10\/2018) Homenatge a Manresa als manresans i bagencs de la Lleva del Biber\u00f3 (Regi\u00f37, 26\/11\/2018) Nou bagencs supervivents de [&hellip;]<\/p>\n","protected":false},"author":28,"featured_media":0,"parent":72160,"menu_order":0,"comment_status":"closed","ping_status":"closed","template":"","meta":{"footnotes":""},"class_list":["post-72227","page","type-page","status-publish","hentry"],"yoast_head":"<!-- This site is optimized with the Yoast SEO plugin v27.4 - https:\/\/yoast.com\/product\/yoast-seo-wordpress\/ -->\n<title>Ress\u00f3 als mitjans de comunicaci\u00f3 - Bagencs de la \u201cLleva del Biber\u00f3\u201d<\/title>\n<meta name=\"robots\" content=\"noindex, follow, max-snippet:-1, max-image-preview:large, max-video-preview:-1\" \/>\n<meta property=\"og:locale\" content=\"ca_ES\" \/>\n<meta property=\"og:type\" content=\"article\" \/>\n<meta property=\"og:title\" content=\"Ress\u00f3 als mitjans de comunicaci\u00f3 - Bagencs de la \u201cLleva del Biber\u00f3\u201d\" \/>\n<meta property=\"og:description\" content=\"Diari Regi\u00f37 del dia 3\/12\/2018: Acte d\u2019homenatge als manresans mobilitzats per la Lleva del biber\u00f3 (web Ajuntament de Manresa, 17\/9\/2018) Acaba el termini per participar a l&#8217;homenatge de la Lleva del Biber\u00f3 (web Ajuntament de Manresa, 31\/10\/2018) Homenatge a Manresa als manresans i bagencs de la Lleva del Biber\u00f3 (Regi\u00f37, 26\/11\/2018) Nou bagencs supervivents de [&hellip;]\" \/>\n<meta property=\"og:url\" content=\"https:\/\/www.memoria.cat\/llevadelbibero\/lhomenatge-als-bagencs-de-lalleva-del-bibero-02-12-2018\/resso-als-mitjans-de-comunicacio\/\" \/>\n<meta property=\"og:site_name\" content=\"Bagencs de la \u201cLleva del Biber\u00f3\u201d\" \/>\n<meta property=\"article:modified_time\" content=\"2019-09-28T13:43:47+00:00\" \/>\n<meta name=\"twitter:card\" content=\"summary_large_image\" \/>\n<meta name=\"twitter:label1\" content=\"Temps estimat de lectura\" \/>\n\t<meta name=\"twitter:data1\" content=\"1 minut\" \/>\n<script type=\"application\/ld+json\" class=\"yoast-schema-graph\">{\"@context\":\"https:\\\/\\\/schema.org\",\"@graph\":[{\"@type\":\"WebPage\",\"@id\":\"https:\\\/\\\/www.memoria.cat\\\/llevadelbibero\\\/lhomenatge-als-bagencs-de-lalleva-del-bibero-02-12-2018\\\/resso-als-mitjans-de-comunicacio\\\/\",\"url\":\"https:\\\/\\\/www.memoria.cat\\\/llevadelbibero\\\/lhomenatge-als-bagencs-de-lalleva-del-bibero-02-12-2018\\\/resso-als-mitjans-de-comunicacio\\\/\",\"name\":\"Ress\u00f3 als mitjans de comunicaci\u00f3 - Bagencs de la \u201cLleva del Biber\u00f3\u201d\",\"isPartOf\":{\"@id\":\"https:\\\/\\\/www.memoria.cat\\\/llevadelbibero\\\/#website\"},\"datePublished\":\"2019-09-28T11:59:05+00:00\",\"dateModified\":\"2019-09-28T13:43:47+00:00\",\"breadcrumb\":{\"@id\":\"https:\\\/\\\/www.memoria.cat\\\/llevadelbibero\\\/lhomenatge-als-bagencs-de-lalleva-del-bibero-02-12-2018\\\/resso-als-mitjans-de-comunicacio\\\/#breadcrumb\"},\"inLanguage\":\"ca\",\"potentialAction\":[{\"@type\":\"ReadAction\",\"target\":[\"https:\\\/\\\/www.memoria.cat\\\/llevadelbibero\\\/lhomenatge-als-bagencs-de-lalleva-del-bibero-02-12-2018\\\/resso-als-mitjans-de-comunicacio\\\/\"]}]},{\"@type\":\"BreadcrumbList\",\"@id\":\"https:\\\/\\\/www.memoria.cat\\\/llevadelbibero\\\/lhomenatge-als-bagencs-de-lalleva-del-bibero-02-12-2018\\\/resso-als-mitjans-de-comunicacio\\\/#breadcrumb\",\"itemListElement\":[{\"@type\":\"ListItem\",\"position\":1,\"name\":\"Inici\",\"item\":\"https:\\\/\\\/www.memoria.cat\\\/llevadelbibero\\\/\"},{\"@type\":\"ListItem\",\"position\":2,\"name\":\"L&#8217;homenatge als bagencs de la&#8221;Lleva del Biber\u00f3&#8221; (02\\\/12\\\/2018)\",\"item\":\"https:\\\/\\\/www.memoria.cat\\\/llevadelbibero\\\/lhomenatge-als-bagencs-de-lalleva-del-bibero-02-12-2018\\\/\"},{\"@type\":\"ListItem\",\"position\":3,\"name\":\"Ress\u00f3 als mitjans de comunicaci\u00f3\"}]},{\"@type\":\"WebSite\",\"@id\":\"https:\\\/\\\/www.memoria.cat\\\/llevadelbibero\\\/#website\",\"url\":\"https:\\\/\\\/www.memoria.cat\\\/llevadelbibero\\\/\",\"name\":\"Bagencs de la \u201cLleva del Biber\u00f3\u201d\",\"description\":\"\",\"publisher\":{\"@id\":\"https:\\\/\\\/www.memoria.cat\\\/llevadelbibero\\\/#organization\"},\"potentialAction\":[{\"@type\":\"SearchAction\",\"target\":{\"@type\":\"EntryPoint\",\"urlTemplate\":\"https:\\\/\\\/www.memoria.cat\\\/llevadelbibero\\\/?s={search_term_string}\"},\"query-input\":{\"@type\":\"PropertyValueSpecification\",\"valueRequired\":true,\"valueName\":\"search_term_string\"}}],\"inLanguage\":\"ca\"},{\"@type\":\"Organization\",\"@id\":\"https:\\\/\\\/www.memoria.cat\\\/llevadelbibero\\\/#organization\",\"name\":\"Associaci\u00f3 Memoria i Hist\u00f2ria de Manresa\",\"url\":\"https:\\\/\\\/www.memoria.cat\\\/llevadelbibero\\\/\",\"logo\":{\"@type\":\"ImageObject\",\"inLanguage\":\"ca\",\"@id\":\"https:\\\/\\\/www.memoria.cat\\\/llevadelbibero\\\/#\\\/schema\\\/logo\\\/image\\\/\",\"url\":\"https:\\\/\\\/www.memoria.cat\\\/llevadelbibero\\\/wp-content\\\/uploads\\\/sites\\\/26\\\/2018\\\/02\\\/logo-memoria-cat.svg\",\"contentUrl\":\"https:\\\/\\\/www.memoria.cat\\\/llevadelbibero\\\/wp-content\\\/uploads\\\/sites\\\/26\\\/2018\\\/02\\\/logo-memoria-cat.svg\",\"width\":41902,\"height\":9887,\"caption\":\"Associaci\u00f3 Memoria i Hist\u00f2ria de Manresa\"},\"image\":{\"@id\":\"https:\\\/\\\/www.memoria.cat\\\/llevadelbibero\\\/#\\\/schema\\\/logo\\\/image\\\/\"}}]}<\/script>\n<!-- \/ Yoast SEO plugin. -->","yoast_head_json":{"title":"Ress\u00f3 als mitjans de comunicaci\u00f3 - Bagencs de la \u201cLleva del Biber\u00f3\u201d","robots":{"index":"noindex","follow":"follow","max-snippet":"max-snippet:-1","max-image-preview":"max-image-preview:large","max-video-preview":"max-video-preview:-1"},"og_locale":"ca_ES","og_type":"article","og_title":"Ress\u00f3 als mitjans de comunicaci\u00f3 - Bagencs de la \u201cLleva del Biber\u00f3\u201d","og_description":"Diari Regi\u00f37 del dia 3\/12\/2018: Acte d\u2019homenatge als manresans mobilitzats per la Lleva del biber\u00f3 (web Ajuntament de Manresa, 17\/9\/2018) Acaba el termini per participar a l&#8217;homenatge de la Lleva del Biber\u00f3 (web Ajuntament de Manresa, 31\/10\/2018) Homenatge a Manresa als manresans i bagencs de la Lleva del Biber\u00f3 (Regi\u00f37, 26\/11\/2018) Nou bagencs supervivents de [&hellip;]","og_url":"https:\/\/www.memoria.cat\/llevadelbibero\/lhomenatge-als-bagencs-de-lalleva-del-bibero-02-12-2018\/resso-als-mitjans-de-comunicacio\/","og_site_name":"Bagencs de la \u201cLleva del Biber\u00f3\u201d","article_modified_time":"2019-09-28T13:43:47+00:00","twitter_card":"summary_large_image","twitter_misc":{"Temps estimat de lectura":"1 minut"},"schema":{"@context":"https:\/\/schema.org","@graph":[{"@type":"WebPage","@id":"https:\/\/www.memoria.cat\/llevadelbibero\/lhomenatge-als-bagencs-de-lalleva-del-bibero-02-12-2018\/resso-als-mitjans-de-comunicacio\/","url":"https:\/\/www.memoria.cat\/llevadelbibero\/lhomenatge-als-bagencs-de-lalleva-del-bibero-02-12-2018\/resso-als-mitjans-de-comunicacio\/","name":"Ress\u00f3 als mitjans de comunicaci\u00f3 - Bagencs de la \u201cLleva del Biber\u00f3\u201d","isPartOf":{"@id":"https:\/\/www.memoria.cat\/llevadelbibero\/#website"},"datePublished":"2019-09-28T11:59:05+00:00","dateModified":"2019-09-28T13:43:47+00:00","breadcrumb":{"@id":"https:\/\/www.memoria.cat\/llevadelbibero\/lhomenatge-als-bagencs-de-lalleva-del-bibero-02-12-2018\/resso-als-mitjans-de-comunicacio\/#breadcrumb"},"inLanguage":"ca","potentialAction":[{"@type":"ReadAction","target":["https:\/\/www.memoria.cat\/llevadelbibero\/lhomenatge-als-bagencs-de-lalleva-del-bibero-02-12-2018\/resso-als-mitjans-de-comunicacio\/"]}]},{"@type":"BreadcrumbList","@id":"https:\/\/www.memoria.cat\/llevadelbibero\/lhomenatge-als-bagencs-de-lalleva-del-bibero-02-12-2018\/resso-als-mitjans-de-comunicacio\/#breadcrumb","itemListElement":[{"@type":"ListItem","position":1,"name":"Inici","item":"https:\/\/www.memoria.cat\/llevadelbibero\/"},{"@type":"ListItem","position":2,"name":"L&#8217;homenatge als bagencs de la&#8221;Lleva del Biber\u00f3&#8221; (02\/12\/2018)","item":"https:\/\/www.memoria.cat\/llevadelbibero\/lhomenatge-als-bagencs-de-lalleva-del-bibero-02-12-2018\/"},{"@type":"ListItem","position":3,"name":"Ress\u00f3 als mitjans de comunicaci\u00f3"}]},{"@type":"WebSite","@id":"https:\/\/www.memoria.cat\/llevadelbibero\/#website","url":"https:\/\/www.memoria.cat\/llevadelbibero\/","name":"Bagencs de la \u201cLleva del Biber\u00f3\u201d","description":"","publisher":{"@id":"https:\/\/www.memoria.cat\/llevadelbibero\/#organization"},"potentialAction":[{"@type":"SearchAction","target":{"@type":"EntryPoint","urlTemplate":"https:\/\/www.memoria.cat\/llevadelbibero\/?s={search_term_string}"},"query-input":{"@type":"PropertyValueSpecification","valueRequired":true,"valueName":"search_term_string"}}],"inLanguage":"ca"},{"@type":"Organization","@id":"https:\/\/www.memoria.cat\/llevadelbibero\/#organization","name":"Associaci\u00f3 Memoria i Hist\u00f2ria de Manresa","url":"https:\/\/www.memoria.cat\/llevadelbibero\/","logo":{"@type":"ImageObject","inLanguage":"ca","@id":"https:\/\/www.memoria.cat\/llevadelbibero\/#\/schema\/logo\/image\/","url":"https:\/\/www.memoria.cat\/llevadelbibero\/wp-content\/uploads\/sites\/26\/2018\/02\/logo-memoria-cat.svg","contentUrl":"https:\/\/www.memoria.cat\/llevadelbibero\/wp-content\/uploads\/sites\/26\/2018\/02\/logo-memoria-cat.svg","width":41902,"height":9887,"caption":"Associaci\u00f3 Memoria i Hist\u00f2ria de Manresa"},"image":{"@id":"https:\/\/www.memoria.cat\/llevadelbibero\/#\/schema\/logo\/image\/"}}]}},"_links":{"self":[{"href":"https:\/\/www.memoria.cat\/llevadelbibero\/wp-json\/wp\/v2\/pages\/72227","targetHints":{"allow":["GET"]}}],"collection":[{"href":"https:\/\/www.memoria.cat\/llevadelbibero\/wp-json\/wp\/v2\/pages"}],"about":[{"href":"https:\/\/www.memoria.cat\/llevadelbibero\/wp-json\/wp\/v2\/types\/page"}],"author":[{"embeddable":true,"href":"https:\/\/www.memoria.cat\/llevadelbibero\/wp-json\/wp\/v2\/users\/28"}],"replies":[{"embeddable":true,"href":"https:\/\/www.memoria.cat\/llevadelbibero\/wp-json\/wp\/v2\/comments?post=72227"}],"version-history":[{"count":0,"href":"https:\/\/www.memoria.cat\/llevadelbibero\/wp-json\/wp\/v2\/pages\/72227\/revisions"}],"up":[{"embeddable":true,"href":"https:\/\/www.memoria.cat\/llevadelbibero\/wp-json\/wp\/v2\/pages\/72160"}],"wp:attachment":[{"href":"https:\/\/www.memoria.cat\/llevadelbibero\/wp-json\/wp\/v2\/media?parent=72227"}],"curies":[{"name":"wp","href":"https:\/\/api.w.org\/{rel}","templated":true}]}}