{"id":74604,"date":"2023-06-19T10:21:46","date_gmt":"2023-06-19T09:21:46","guid":{"rendered":"https:\/\/www.memoria.cat\/josep-maria-planes\/?page_id=74604"},"modified":"2023-09-13T12:07:40","modified_gmt":"2023-09-13T11:07:40","slug":"obra-disponible-de-josep-maria-planes","status":"publish","type":"page","link":"https:\/\/www.memoria.cat\/josep-maria-planes\/obra-disponible-de-josep-maria-planes\/","title":{"rendered":"Obra disponible de Josep Maria Planes"},"content":{"rendered":"<p>Actualment, al mercat editorial es poden trobar els seg\u00fcents llibres de Josep Maria Planes:<\/p>\n<div class=\"cont\">\n<p><a href=\"#esport\"><strong>PLANES D\u2019ESPORT<\/strong><\/a><\/p>\n<p><a href=\"#gansters\"><strong>ELS G\u00c0NGSTERS DE BARCELONA<\/strong><\/a><\/p>\n<p><a href=\"#nits\"><strong>NITS DE BARCELONA<\/strong><\/a><\/p>\n<\/div>\n<p><a name=\"esport\"><\/a><\/p>\n<p style=\"text-align: center;\"><a href=\"https:\/\/www.memoria.cat\/josep-maria-planes\/wp-content\/uploads\/sites\/76\/2023\/08\/Planes-Esport.jpg\"><img fetchpriority=\"high\" decoding=\"async\" class=\"wp-image-74754 size-medium aligncenter\" src=\"https:\/\/www.memoria.cat\/josep-maria-planes\/wp-content\/uploads\/sites\/76\/2023\/08\/Planes-Esport-193x300.jpg\" alt=\"\" width=\"193\" height=\"300\" srcset=\"https:\/\/www.memoria.cat\/josep-maria-planes\/wp-content\/uploads\/sites\/76\/2023\/08\/Planes-Esport-193x300.jpg 193w, https:\/\/www.memoria.cat\/josep-maria-planes\/wp-content\/uploads\/sites\/76\/2023\/08\/Planes-Esport.jpg 545w\" sizes=\"(max-width: 193px) 100vw, 193px\" \/><\/a>PLANES D&#8217;ESPORT<br \/>\nJosep M. Planes<br \/>\nEDICIONS PROA, S.A.<br \/>\nCol\u00b7lecci\u00f3: Perfils,\u00a0 80<br \/>\nP\u00e0gines: 144<br \/>\nAny d&#8217;edici\u00f3: 2007<\/p>\n<p>Importador d&#8217;un nou estil period\u00edstic, apr\u00e8s a Par\u00eds, Josep M. Planes va donar una nova dimensi\u00f3 al periodisme esportiu. Per ell, l&#8217;esport no era una simple competici\u00f3 d&#8217;homes esfor\u00e7ats, sin\u00f3 un esdeveniment de masses, una festa, un espai d&#8217;oci a l&#8217;abast de tothom. D&#8217;aquesta manera, les seves cr\u00f2niques sovint s\u00f3n m\u00e9s retrats d&#8217;\u00e8poca, de paisatges i de seguidors, que no pas informes esportius. Es tracta, en definitiva, d&#8217;una nova manera d&#8217;acostar-se a l&#8217;esport. Per aquestes cr\u00f2niques ir\u00f2niques i amenes hi desfilen noms m\u00edtics del ciclisme com Mari\u00e0 Ca\u00f1ardo, o futbolistes com Josep Samitier i Ricard Zamora.<\/p>\n<p>Josep M. Planes i Mart\u00ed (Manresa, 1907 &#8211; Barcelona, 1936) va comen\u00e7ar a publicar als diaris de la seva ciutat natal. En nom\u00e9s deu anys, des del 1926, quan arriba a Barcelona, fins al dia del seu assassinat, l&#8217;activitat de Planes \u00e9s fren\u00e8tica i prou consistent com per fer-se un nom en una societat en ebullici\u00f3. Als vint-i-dos anys entr\u00e0 a treballar a Mirador, un any despr\u00e9s particip\u00e0 en la constituci\u00f3 d&#8217;Acci\u00f3 Catalana com a partit, acte seguit fou enviat com a corresponsal a Par\u00eds pel diari La Publicitat, on va aprendre-hi nous estils de fer periodisme i, en tornar fou director del setmanari sat\u00edric El Be Negre i de la revista il\u00b7lustrada Imatges, a m\u00e9s de col\u00b7laborar en diaris esportius (La Nau dels Esports, L&#8217;Esport Catal\u00e0) o en d&#8217;altres d&#8217;informaci\u00f3 general, on s&#8217;especialitza en el retrat de l&#8217;oci barcelon\u00ed: les estrenes, els bars de copes, el futbol o el ciclisme. L&#8217;any 1934 inici\u00e0 un seguit de reportatges sobre els pistolers, tant anarquistes com falangistes i d&#8217;Estat Catal\u00e0, el posaran en el punt de mira de la FAI, que el detingu\u00e9 i l&#8217;assassin\u00e0 poc despr\u00e9s de comen\u00e7ada la Guerra Civil. Tot just tenia 29 anys.<\/p>\n<p><a name=\"gansters\"><\/a><\/p>\n<p><a href=\"https:\/\/www.memoria.cat\/josep-maria-planes\/wp-content\/uploads\/sites\/76\/2023\/08\/gangsters1-scaled.jpg\"><img decoding=\"async\" class=\"aligncenter wp-image-74755 size-medium\" src=\"https:\/\/www.memoria.cat\/josep-maria-planes\/wp-content\/uploads\/sites\/76\/2023\/08\/gangsters1-195x300.jpg\" alt=\"\" width=\"195\" height=\"300\" srcset=\"https:\/\/www.memoria.cat\/josep-maria-planes\/wp-content\/uploads\/sites\/76\/2023\/08\/gangsters1-195x300.jpg 195w, https:\/\/www.memoria.cat\/josep-maria-planes\/wp-content\/uploads\/sites\/76\/2023\/08\/gangsters1-667x1024.jpg 667w, https:\/\/www.memoria.cat\/josep-maria-planes\/wp-content\/uploads\/sites\/76\/2023\/08\/gangsters1-768x1180.jpg 768w, https:\/\/www.memoria.cat\/josep-maria-planes\/wp-content\/uploads\/sites\/76\/2023\/08\/gangsters1-1000x1536.jpg 1000w, https:\/\/www.memoria.cat\/josep-maria-planes\/wp-content\/uploads\/sites\/76\/2023\/08\/gangsters1-1333x2048.jpg 1333w, https:\/\/www.memoria.cat\/josep-maria-planes\/wp-content\/uploads\/sites\/76\/2023\/08\/gangsters1-scaled.jpg 1667w\" sizes=\"(max-width: 195px) 100vw, 195px\" \/><\/a><\/p>\n<p style=\"text-align: center;\">ELS G\u00c0NGSTERS DE BARCELONA<br \/>\nJOSEP M. PLANES<br \/>\nP\u00e0gines: 170<br \/>\nEDICIONS PROA<br \/>\nCol\u00b7lecci\u00f3: &#8220;Perfils&#8221;, 31<br \/>\nAny d&#8217;edici\u00f3: 2002<\/p>\n<p>Entre el 4 d&#8217;abril i el 27 de maig de 1934, Josep Maria Planes va publicar al diari La Publicitat una trentena d&#8217;articles sobre l&#8217;entramat anarquista, dividits en dues s\u00e8ries que titul\u00e0, respectivament, &#8220;Els g\u00e0ngsters de Barcelona&#8221; i &#8220;L&#8217;organitzaci\u00f3 de l&#8217;anarquisme a Catalunya i a Espanya&#8221;. Amant de la llibertat, defensor del catalanisme i de la legalitat establerta per la Generalitat republicana, Planes va dur a terme una intensa -i aleshores in\u00e8dita- tasca d&#8217;investigaci\u00f3 i va disseccionar la part m\u00e9s obscura de les organitzacions anarquistes a Catalunya: la de la criminalitat disfressada d&#8217;ideologia. Ell mateix fou, per\u00f2, la primera v\u00edctima: el 24 d&#8217;agost de 1936, dos anys i tres mesos despr\u00e9s del darrer dels articles, Josep Maria Planes fou assassinat per uns pistolers de la FAI i es convert\u00ed en la primera v\u00edctima del periodisme catal\u00e0.<\/p>\n<p>Aquest volum recull les dues s\u00e8ries d&#8217;aquell exercici period\u00edstic excepcional que posa novament sobre la taula la realitat d&#8217;uns fets hist\u00f2rics que han estat molt debatuts. Eren uns textos que romanien amagats a les hemeroteques i que Edicions Proa, amb leg\u00edtim orgull atesa la seva import\u00e0ncia i excepcionalitat, es complau a posar a l&#8217;abast del p\u00fablic lector.<\/p>\n<p><a name=\"nits\"><\/a><\/p>\n<p><a href=\"https:\/\/www.memoria.cat\/josep-maria-planes\/wp-content\/uploads\/sites\/76\/2023\/08\/Nits-de-barcelona-scaled.jpg\"><img decoding=\"async\" class=\"aligncenter wp-image-74756 size-medium\" src=\"https:\/\/www.memoria.cat\/josep-maria-planes\/wp-content\/uploads\/sites\/76\/2023\/08\/Nits-de-barcelona-191x300.jpg\" alt=\"\" width=\"191\" height=\"300\" srcset=\"https:\/\/www.memoria.cat\/josep-maria-planes\/wp-content\/uploads\/sites\/76\/2023\/08\/Nits-de-barcelona-191x300.jpg 191w, https:\/\/www.memoria.cat\/josep-maria-planes\/wp-content\/uploads\/sites\/76\/2023\/08\/Nits-de-barcelona-652x1024.jpg 652w, https:\/\/www.memoria.cat\/josep-maria-planes\/wp-content\/uploads\/sites\/76\/2023\/08\/Nits-de-barcelona-768x1206.jpg 768w, https:\/\/www.memoria.cat\/josep-maria-planes\/wp-content\/uploads\/sites\/76\/2023\/08\/Nits-de-barcelona-978x1536.jpg 978w, https:\/\/www.memoria.cat\/josep-maria-planes\/wp-content\/uploads\/sites\/76\/2023\/08\/Nits-de-barcelona-1305x2048.jpg 1305w, https:\/\/www.memoria.cat\/josep-maria-planes\/wp-content\/uploads\/sites\/76\/2023\/08\/Nits-de-barcelona-scaled.jpg 1631w\" sizes=\"(max-width: 191px) 100vw, 191px\" \/><\/a><\/p>\n<p style=\"text-align: center;\">NITS DE BARCELONA<br \/>\nJOSEP M. PLANES<br \/>\nP\u00e0gines: 184<br \/>\nEDICIONS PROA<br \/>\nCol\u00b7lecci\u00f3 &#8220;Perfils&#8221;, 25<br \/>\nAny d&#8217;edici\u00f3: 2001<\/p>\n<p style=\"text-align: left;\">Un dels pioners del periodisme d&#8217;investigaci\u00f3 a Catalunya va ser Josep M. Planes (Manresa, 1907 &#8211; Barcelona, 1936), testimoni d&#8217;excepci\u00f3 de la nova Barcelona, moderna i inquieta, hereva de l&#8217;esperit electritzant de l&#8217;Exposici\u00f3 del 29. L&#8217;an\u00e0lisi d&#8217;aquesta ciutat noct\u00e0mbula d&#8217;entreguerres, que viu l&#8217;eclosi\u00f3 de les noves modes i dels nous gustos importats de Par\u00eds i de Londres, sorprendr\u00e0 el lector d&#8217;avui per la frescor vital i l&#8217;alt inter\u00e8s hist\u00f2ric. El jove Planes, que feia tert\u00falia a la terrassa de l&#8217;Hotel Col\u00f3n de dia i se submergia entre les boirines de l&#8217;Excelsior de nit, \u00e9s sens dubte, ja als vint-i-quatre anys, un periodista excepcional. Escriu d&#8217;all\u00f2 que viu i veu: el jazz, els cabarets, el music-hall, les cocottes, els esports, els perfums francesos\u2026amb un llenguatge lleuger i prec\u00eds, que uneix el glamour i el realisme.<\/p>\n","protected":false},"excerpt":{"rendered":"<p>Actualment, al mercat editorial es poden trobar els seg\u00fcents llibres de Josep Maria Planes: PLANES D\u2019ESPORT ELS G\u00c0NGSTERS DE BARCELONA NITS DE BARCELONA PLANES D&#8217;ESPORT Josep M. Planes EDICIONS PROA, S.A. Col\u00b7lecci\u00f3: Perfils,\u00a0 80 P\u00e0gines: 144 Any d&#8217;edici\u00f3: 2007 Importador d&#8217;un nou estil period\u00edstic, apr\u00e8s a Par\u00eds, Josep M. Planes va donar una nova dimensi\u00f3 [&hellip;]<\/p>\n","protected":false},"author":66,"featured_media":0,"parent":0,"menu_order":0,"comment_status":"closed","ping_status":"closed","template":"","meta":{"iawp_total_views":25,"footnotes":""},"class_list":["post-74604","page","type-page","status-publish","hentry"],"_links":{"self":[{"href":"https:\/\/www.memoria.cat\/josep-maria-planes\/wp-json\/wp\/v2\/pages\/74604","targetHints":{"allow":["GET"]}}],"collection":[{"href":"https:\/\/www.memoria.cat\/josep-maria-planes\/wp-json\/wp\/v2\/pages"}],"about":[{"href":"https:\/\/www.memoria.cat\/josep-maria-planes\/wp-json\/wp\/v2\/types\/page"}],"author":[{"embeddable":true,"href":"https:\/\/www.memoria.cat\/josep-maria-planes\/wp-json\/wp\/v2\/users\/66"}],"replies":[{"embeddable":true,"href":"https:\/\/www.memoria.cat\/josep-maria-planes\/wp-json\/wp\/v2\/comments?post=74604"}],"version-history":[{"count":0,"href":"https:\/\/www.memoria.cat\/josep-maria-planes\/wp-json\/wp\/v2\/pages\/74604\/revisions"}],"wp:attachment":[{"href":"https:\/\/www.memoria.cat\/josep-maria-planes\/wp-json\/wp\/v2\/media?parent=74604"}],"curies":[{"name":"wp","href":"https:\/\/api.w.org\/{rel}","templated":true}]}}