{"id":74353,"date":"2023-05-29T15:17:06","date_gmt":"2023-05-29T14:17:06","guid":{"rendered":"https:\/\/www.memoria.cat\/josep-maria-planes\/?page_id=74353"},"modified":"2023-07-30T19:40:23","modified_gmt":"2023-07-30T18:40:23","slug":"primicia-fotografies-inedites-de-josep-maria-planes-25-9-2008","status":"publish","type":"page","link":"https:\/\/www.memoria.cat\/josep-maria-planes\/primicia-fotografies-inedites-de-josep-maria-planes-25-9-2008\/","title":{"rendered":"Prim\u00edcia: fotografies in\u00e8dites de Josep Maria Planes (25\/9\/2008)"},"content":{"rendered":"<p>A l\u2019Arxiu Nacional de Catalunya (ANC) s\u2019han localitzat 8 fotografies de Josep Maria Planes. 5 s\u00f3n in\u00e8dites i 3 s\u00f3n pr\u00e0cticament desconegudes. Es tracta de documents d\u2019una gran v\u00e0lua, perqu\u00e8, de fet, es conserven molt poques imatges del prestigi\u00f3s periodista manres\u00e0.<\/p>\n<p>Tamb\u00e9 s\u2019ha localitzat el clix\u00e9 original de la\u00a0<a href=\"http:\/\/www1.memoria.cat\/planes\/content\/prim%C3%ADcia-fotografies-in%C3%A8dites-de-josep-maria-planes-25-9-2008#fotoconeguda\">f<\/a><a href=\"#foto-coneguda\">otografia m\u00e9s coneguda de Planes<\/a>, en la qual apareix posant per al fot\u00f2graf amb gavardina i pipa.<\/p>\n<p>Totes aquestes imatges \u2013que podeu veure a continuaci\u00f3- procedeixen del fons Gabriel Casas i Galobardes (Barcelona, 1892 -1973), l\u2019autor de les fotografies. Gabriel Casas fou un dels grans noms del fotoperiodisme dels anys trenta i divulg\u00e0 els seus treballs entre les millors publicacions del moment<\/p>\n<p>Per poder reproduir aquestes imatges \u00e9s obligatori comptar amb l\u2019autoritzaci\u00f3 de l\u2019<a href=\"https:\/\/anc.gencat.cat\/ca\/inici\/\">Arxiu Nacional de Catalunya<\/a><\/p>\n<div id=\"jig1\" class=\"justified-image-grid jig-4b1c670c334e6525fa4ccf0d041e5ee2 jig-preset-c2 jig-source-wp-gallery jig-rml-id-11\"><div class=\"jig-clearfix\"><\/div><noscript id=\"jig1-html\" class=\"justified-image-grid-html\" data-lazy-src=\"skiplazyload\" data-src=\"skipunveillazyload\"><ul><li><a href=\"https:\/\/www.memoria.cat\/josep-maria-planes\/wp-content\/uploads\/sites\/76\/2023\/05\/1-1_0.jpg\"><img decoding=\"async\" src=\"https:\/\/www.memoria.cat\/josep-maria-planes\/wp-content\/uploads\/sites\/76\/2023\/05\/1-1_0.jpg\" alt=\"\" width=\"156\" height=\"230\" \/><\/a><\/li><li><a href=\"https:\/\/www.memoria.cat\/josep-maria-planes\/wp-content\/uploads\/sites\/76\/2023\/05\/2-1_0.jpg\"><img decoding=\"async\" src=\"https:\/\/www.memoria.cat\/josep-maria-planes\/wp-content\/uploads\/sites\/76\/2023\/05\/2-1_0.jpg\" alt=\"\" width=\"151\" height=\"230\" \/><\/a><\/li><\/ul><\/noscript><\/div>\n<p style=\"text-align: left\"><strong>Dos retrats d\u2019estudi in\u00e8dits de Josep Maria Planes.<\/strong><br \/>\nCronologia: 1929-1933<br \/>\nAutor: Gabriel Casas<br \/>\nFons: Gabriel Casas (Arxiu Nacional de Catalunya). No \u00e9s permesa la reproducci\u00f3 sense l\u2019autoritzaci\u00f3 del titular.<\/p>\n<p>&nbsp;<\/p>\n<div id=\"jig2\" class=\"justified-image-grid jig-59a1f019f6a254a151a509d1686cf2df jig-preset-c2 jig-source-wp-gallery jig-rml-id-12\"><div class=\"jig-clearfix\"><\/div><noscript id=\"jig2-html\" class=\"justified-image-grid-html\" data-lazy-src=\"skiplazyload\" data-src=\"skipunveillazyload\"><ul><li><a href=\"https:\/\/www.memoria.cat\/josep-maria-planes\/wp-content\/uploads\/sites\/76\/2023\/05\/3-1_0.jpg\"><img decoding=\"async\" src=\"https:\/\/www.memoria.cat\/josep-maria-planes\/wp-content\/uploads\/sites\/76\/2023\/05\/3-1_0.jpg\" alt=\"\" width=\"168\" height=\"230\" \/><\/a><\/li><\/ul><\/noscript><\/div>\n<p style=\"text-align: left\"><strong>Planes, als 23 anys<\/strong><br \/>\nAquesta \u00e9s una fotografia pr\u00e0cticament desconeguda de Josep Maria Planes. Tanmateix, apareix reprodu\u00efda al setmanari \u201cEl Mirador\u201d, el 10-4-1930. Ara es pot veure amb una gran resoluci\u00f3 i nitidesa.<br \/>\nAutor: Gabriel Casas<br \/>\nFons: Gabriel Casas (Arxiu Nacional de Catalunya). No \u00e9s permesa la reproducci\u00f3 sense l\u2019autoritzaci\u00f3 del titular.<\/p>\n<p>&nbsp;<\/p>\n<div id=\"jig3\" class=\"justified-image-grid jig-bfee66cd646e7976f6093023557a3ff7 jig-preset-c2 jig-source-wp-gallery jig-rml-id-13\"><div class=\"jig-clearfix\"><\/div><noscript id=\"jig3-html\" class=\"justified-image-grid-html\" data-lazy-src=\"skiplazyload\" data-src=\"skipunveillazyload\"><ul><li><a href=\"https:\/\/www.memoria.cat\/josep-maria-planes\/wp-content\/uploads\/sites\/76\/2023\/05\/4-1_0.jpg\"><img loading=\"lazy\" decoding=\"async\" src=\"https:\/\/www.memoria.cat\/josep-maria-planes\/wp-content\/uploads\/sites\/76\/2023\/05\/4-1_0.jpg\" alt=\"\" width=\"166\" height=\"230\" \/><\/a><\/li><\/ul><\/noscript><\/div>\n<p style=\"text-align: left\"><strong>Planes, acompanyat<\/strong><br \/>\nLa tercera foto in\u00e8dita de Josep Maria Planes, que en aquest cas apareix acompanyat d\u2019una noia. Desconeixem de si es tracta de la seva companya, Lilian.<br \/>\nCronologia: 1929-1935<br \/>\nAutor: Gabriel Casas<br \/>\nFons: Gabriel Casas (Arxiu Nacional de Catalunya). No \u00e9s permesa la reproducci\u00f3 sense l\u2019autoritzaci\u00f3 del titular.<\/p>\n<p>&nbsp;<\/p>\n<div id=\"jig4\" class=\"justified-image-grid jig-9ab0c83f5e7509a1075aab646ec4d4aa jig-preset-c2 jig-source-wp-gallery jig-rml-id-14\"><div class=\"jig-clearfix\"><\/div><noscript id=\"jig4-html\" class=\"justified-image-grid-html\" data-lazy-src=\"skiplazyload\" data-src=\"skipunveillazyload\"><ul><li><a href=\"https:\/\/www.memoria.cat\/josep-maria-planes\/wp-content\/uploads\/sites\/76\/2023\/05\/5-1_0.jpg\"><img loading=\"lazy\" decoding=\"async\" src=\"https:\/\/www.memoria.cat\/josep-maria-planes\/wp-content\/uploads\/sites\/76\/2023\/05\/5-1_0.jpg\" alt=\"\" width=\"317\" height=\"230\" \/><\/a><\/li><li><a href=\"https:\/\/www.memoria.cat\/josep-maria-planes\/wp-content\/uploads\/sites\/76\/2023\/05\/6-1_0.jpg\"><img loading=\"lazy\" decoding=\"async\" src=\"https:\/\/www.memoria.cat\/josep-maria-planes\/wp-content\/uploads\/sites\/76\/2023\/05\/6-1_0.jpg\" alt=\"\" width=\"166\" height=\"230\" \/><\/a><\/li><\/ul><\/noscript><\/div>\n<p style=\"text-align: left\"><strong>Dues fotos al Pont de Martorell, amb Josep Pla i Francesc Pujols<\/strong><br \/>\nAquestes dues fotografies es van fer al pont del Diable, de Martorell, per a un reportatge que Planes publicaria a la revista \u201cImatges\u201d el 2 de juliol del 1930 i que es titulava \u201cUna tarda a Martorell, amb Francesc Pujols i Josep Pla\u201d. La fotografia de la dreta va apar\u00e8ixer publicada al setmanari, per\u00f2 no s\u2019hi indicava \u2013i tampoc no es podia distingir- que la persona que es recolza a l\u2019arbre \u00e9s Josep Maria Planes. L\u2019altra imatge, molt semblant a l\u2019anterior, \u00e9s in\u00e8dita. Planes continua estant a l\u2019esquerra de la fotografia. A totes dues fotografies, hi podem veure tamb\u00e9 l\u2019editor Antoni L\u00f3pez i Llaus\u00e0s i els escriptors Francesc Pujols, Josep Maria de Sagarra i Josep Pla.<br \/>\nAutor: Gabriel Casas<br \/>\nFons: Gabriel Casas (Arxiu Nacional de Catalunya). No \u00e9s permesa la reproducci\u00f3 sense l\u2019autoritzaci\u00f3 del titular.<\/p>\n<p>&nbsp;<\/p>\n<div id=\"jig5\" class=\"justified-image-grid jig-f1f82eddacef36c6b9b7c90a62af7294 jig-preset-c2 jig-source-wp-gallery jig-rml-id-15\"><div class=\"jig-clearfix\"><\/div><noscript id=\"jig5-html\" class=\"justified-image-grid-html\" data-lazy-src=\"skiplazyload\" data-src=\"skipunveillazyload\"><ul><li><a href=\"https:\/\/www.memoria.cat\/josep-maria-planes\/wp-content\/uploads\/sites\/76\/2023\/05\/7-1.jpg\"><img loading=\"lazy\" decoding=\"async\" src=\"https:\/\/www.memoria.cat\/josep-maria-planes\/wp-content\/uploads\/sites\/76\/2023\/05\/7-1.jpg\" alt=\"\" width=\"318\" height=\"230\" \/><\/a><\/li><\/ul><\/noscript><\/div>\n<p style=\"text-align: left\"><strong>Planes, amb Josep Maria de Sagarra<\/strong><br \/>\nAquesta fotografia \u00e9s molt poc coneguda, tot i que ja es va publicar al setmanari \u201cMirador\u201d. Ara tamb\u00e9 es pot veure amb una gran qualitat. Es tracta d\u2019un grup de periodistes i escriptors, entre els quals Josep Maria de Sagarra (assegut), M\u00e0rius Gifreda (el segon per l\u2019esquerra), Joaquim Ventall\u00f3 (el segon per la dreta) i Josep Maria Planes (el tercer per la dreta)<br \/>\nAutor: Gabriel Casas<br \/>\nFons: Gabriel Casas (Arxiu Nacional de Catalunya). No \u00e9s permesa la reproducci\u00f3 sense l\u2019autoritzaci\u00f3 del titular.<\/p>\n<p><a name=\"foto-coneguda\"><\/a><\/p>\n<div id=\"jig6\" class=\"justified-image-grid jig-f7fcd21e4b64daf5583b76f96b434e00 jig-preset-c2 jig-source-wp-gallery jig-rml-id-16\"><div class=\"jig-clearfix\"><\/div><noscript id=\"jig6-html\" class=\"justified-image-grid-html\" data-lazy-src=\"skiplazyload\" data-src=\"skipunveillazyload\"><ul><li><a href=\"https:\/\/www.memoria.cat\/josep-maria-planes\/wp-content\/uploads\/sites\/76\/2023\/05\/8-1.jpg\"><img loading=\"lazy\" decoding=\"async\" src=\"https:\/\/www.memoria.cat\/josep-maria-planes\/wp-content\/uploads\/sites\/76\/2023\/05\/8-1.jpg\" alt=\"\" width=\"147\" height=\"230\" \/><\/a><\/li><li><a href=\"https:\/\/www.memoria.cat\/josep-maria-planes\/wp-content\/uploads\/sites\/76\/2023\/05\/9-1.jpg\"><img loading=\"lazy\" decoding=\"async\" src=\"https:\/\/www.memoria.cat\/josep-maria-planes\/wp-content\/uploads\/sites\/76\/2023\/05\/9-1.jpg\" alt=\"\" width=\"149\" height=\"230\" \/><\/a><\/li><\/ul><\/noscript><\/div>\n<p style=\"text-align: left\"><strong>La foto m\u00e9s coneguda de Josep Maria Planes i la foto m\u00e9s desconeguda de Samitier<\/strong><\/p>\n<p style=\"text-align: left\">Dos retrats d\u2019estudi pr\u00e0cticament id\u00e8ntics de dos personatges rellevants de l\u2019\u00e8poca. L\u2019un, en l\u2019\u00e0mbit esportiu; l\u2019altre, en el period\u00edstic. A l\u2019esquerra, el futbolista Josep Samitier; a la dreta, Josep Maria Planes. Tots dos posen per al fot\u00f2graf amb la mateixa posici\u00f3, si b\u00e9 Samitier porta barret i fuma una cigarreta i Planes fuma amb pipa.<\/p>\n<p style=\"text-align: left\">La t\u00e8cnica fotogr\u00e0fica \u00e9s la mateixa. Segurament, les dues imatges van ser enregistrades en el mateix estudi: el del fot\u00f2graf Gabriel Casas i Galobardes, l\u2019autor.<\/p>\n<p style=\"text-align: left\">D\u2019altra banda, la localitzaci\u00f3 d\u2019aquest clix\u00e9 en el fons Gabriel Casas ens permet saber per primera vegada qui \u00e9s l\u2019autor d\u2019aquesta famosa fotografia<\/p>\n<p style=\"text-align: left\">La foto de Josep Maria Planes \u00e9s la m\u00e9s coneguda de les poques que s\u2019han conservat i ha estat reprodu\u00efda a bastament. Tanmateix, aqu\u00ed podem veure per primera vegada el retrat original sencer, i adonar-nos que el clix\u00e9 de vidre original est\u00e0 trencat per la part inferior esquerra. D\u2019altra banda, la localitzaci\u00f3 d\u2019aquest clix\u00e9 en el fons Gabriel Casas ens permet aclarir qui \u00e9s l\u2019autor d\u2019aquesta famosa fotografia.<\/p>\n<p style=\"text-align: left\">Segons les dates del fons de l\u2019ANC, la imatge de Planes est\u00e0 enregistrada entre els anys 1929 i 1933 i la de Samitier, entre els anys 1920 i 1925<br \/>\nAutor: Gabriel Casas<br \/>\nFons: Gabriel Casas (Arxiu Nacional de Catalunya). No \u00e9s permesa la reproducci\u00f3 sense l\u2019autoritzaci\u00f3 del titular.<\/p>\n<p>&nbsp;<\/p>\n<div id=\"jig7\" class=\"justified-image-grid jig-e83fc98ca41254e4eec9477793cce5ea jig-preset-c2 jig-source-wp-gallery jig-rml-id-17\"><div class=\"jig-clearfix\"><\/div><noscript id=\"jig7-html\" class=\"justified-image-grid-html\" data-lazy-src=\"skiplazyload\" data-src=\"skipunveillazyload\"><ul><li><a href=\"https:\/\/www.memoria.cat\/josep-maria-planes\/wp-content\/uploads\/sites\/76\/2023\/05\/10-1.jpg\"><img loading=\"lazy\" decoding=\"async\" src=\"https:\/\/www.memoria.cat\/josep-maria-planes\/wp-content\/uploads\/sites\/76\/2023\/05\/10-1.jpg\" alt=\"\" width=\"357\" height=\"230\" \/><\/a><\/li><\/ul><\/noscript><\/div>\n<p style=\"text-align: left\"><strong>Fotografia a la pla\u00e7a Reial<\/strong><br \/>\nLa cinquena fotografia in\u00e8dita: un grup de persones davant d\u2019una font a la pla\u00e7a Reial, de Barcelona. Josep Maria Planes \u00e9s el tercer per l\u2019esquerra.<br \/>\nCronologia: 1925-1935<br \/>\nAutor: Gabriel Casas<br \/>\nFons: Gabriel Casas (Arxiu Nacional de Catalunya). No \u00e9s permesa la reproducci\u00f3 sense l\u2019autoritzaci\u00f3 del titular.<\/p>\n<p>Agra\u00efments: <a href=\"https:\/\/anc.gencat.cat\/ca\/inici\/\">ARXIU NACIONAL DE CATALUNYA<\/a>,\u00a0Marc Torras i Serra i Conxi Petit.<\/p>\n<p class=\"rtecenter\">(<a href=\"https:\/\/www.memoria.cat\/josep-maria-planes\/noticies-a-lentorn-del-centenari-de-josep-maria-planes-1907-1936\/\">Vegeu la not\u00edcia reprodu\u00efda a l\u2019Ag\u00e8ncia Catalana de Not\u00edcies<\/a>)<\/p>\n","protected":false},"excerpt":{"rendered":"<p>A l\u2019Arxiu Nacional de Catalunya (ANC) s\u2019han localitzat 8 fotografies de Josep Maria Planes. 5 s\u00f3n in\u00e8dites i 3 s\u00f3n pr\u00e0cticament desconegudes. Es tracta de documents d\u2019una gran v\u00e0lua, perqu\u00e8, de fet, es conserven molt poques imatges del prestigi\u00f3s periodista manres\u00e0. Tamb\u00e9 s\u2019ha localitzat el clix\u00e9 original de la\u00a0fotografia m\u00e9s coneguda de Planes, en la [&hellip;]<\/p>\n","protected":false},"author":66,"featured_media":0,"parent":0,"menu_order":0,"comment_status":"closed","ping_status":"closed","template":"","meta":{"iawp_total_views":12,"footnotes":""},"class_list":["post-74353","page","type-page","status-publish","hentry"],"_links":{"self":[{"href":"https:\/\/www.memoria.cat\/josep-maria-planes\/wp-json\/wp\/v2\/pages\/74353","targetHints":{"allow":["GET"]}}],"collection":[{"href":"https:\/\/www.memoria.cat\/josep-maria-planes\/wp-json\/wp\/v2\/pages"}],"about":[{"href":"https:\/\/www.memoria.cat\/josep-maria-planes\/wp-json\/wp\/v2\/types\/page"}],"author":[{"embeddable":true,"href":"https:\/\/www.memoria.cat\/josep-maria-planes\/wp-json\/wp\/v2\/users\/66"}],"replies":[{"embeddable":true,"href":"https:\/\/www.memoria.cat\/josep-maria-planes\/wp-json\/wp\/v2\/comments?post=74353"}],"version-history":[{"count":0,"href":"https:\/\/www.memoria.cat\/josep-maria-planes\/wp-json\/wp\/v2\/pages\/74353\/revisions"}],"wp:attachment":[{"href":"https:\/\/www.memoria.cat\/josep-maria-planes\/wp-json\/wp\/v2\/media?parent=74353"}],"curies":[{"name":"wp","href":"https:\/\/api.w.org\/{rel}","templated":true}]}}