{"id":73404,"date":"2019-11-11T13:18:10","date_gmt":"2019-11-11T12:18:10","guid":{"rendered":"https:\/\/www.memoria.cat\/josep-maria-planes\/?page_id=73404"},"modified":"2023-07-30T16:44:51","modified_gmt":"2023-07-30T15:44:51","slug":"portada","status":"publish","type":"page","link":"https:\/\/www.memoria.cat\/josep-maria-planes\/","title":{"rendered":"Portada"},"content":{"rendered":"<h1>Josep Maria Planes, una personalitat excepcional<\/h1>\n<p>&nbsp;<\/p>\n<div class=\"cont\">\n<h2 style=\"text-align: center\">\u201cper damunt de tot, m&#8217;interessa<br \/>\nla dignitat i la llibertat de Catalunya\u201d<\/h2>\n<p style=\"text-align: center\">(Josep Maria Planes, 30-1-1936)<\/p>\n<p>&nbsp;<\/p>\n<p>He dedicat aquest web a un personatge excepcional: el manres\u00e0 Josep Maria Planes i Mart\u00ed (1907-1936), un escriptor brillant, innovador, avan\u00e7at a la seva \u00e8poca i un dels millors periodistes de Catalunya. Iniciador del periodisme d\u2019investigaci\u00f3 al nostre pa\u00eds, dissortadament tamb\u00e9 en va ser la primera v\u00edctima. Membres de la FAI van assassinar-lo, l\u2019agost del 1936, despr\u00e9s que Planes hagu\u00e9s denunciat aquesta organitzaci\u00f3 m\u00faltiples vegades, amb una gran valentia.<\/p>\n<p>La seva traject\u00f2ria professional, doncs, fou curta, per\u00f2 extraordin\u00e0ria: fundador i director de la revista \u201cImatges\u201d als 23 anys; director de l\u2019hist\u00f2ric setmanari humor\u00edstic \u201cEl Be Negre\u201d als 24 anys; i assidu col\u00b7laborador de les publicacions m\u00e9s prestigioses de l\u2019\u00e8poca com \u201cLa Rambla\u201d, \u201cMirador\u201d i \u201cLa Publicitat\u201d.<\/p>\n<p>Era un escriptor capa\u00e7 d\u2019utilitzar i aprofitar efica\u00e7ment m\u00faltiples registres de l\u2019idioma; de parlar de gaireb\u00e9 tot amb una prosa brillant. Aix\u00ed, va escriure des d\u2019unes innovadores cr\u00f2niques esportives i del m\u00f3n noct\u00e0mbul barcelon\u00ed, fins a unes reflexions l\u00facides i compromeses sobre l&#8217;actualitat pol\u00edtica dels anys 30. <strong><a href=\"https:\/\/www.memoria.cat\/josep-maria-planes\/articles\/\">En aquest web, trobareu, extrets de les hemeroteques, m\u00e9s d\u2019un centenar d\u2019articles ben diversos de Josep Maria Planes<\/a><\/strong>, la majoria no reeditats posteriorment, que evidencien la riquesa i el domini absolut que aquest manres\u00e0 tenia de la nostra llengua i la seva expressi\u00f3 escrita. Alhora, tamb\u00e9 s\u00f3n un testimoni de les seves profundes conviccions republicanes i catalanistes, que defens\u00e0 aferrissadament fins al darrer moment.<\/p>\n<p>Tamb\u00e9 hi trobareu, entre altres informacions, <a href=\"https:\/\/www.memoria.cat\/josep-maria-planes\/documents\/\">documents,<\/a> <a href=\"https:\/\/www.memoria.cat\/josep-maria-planes\/fotografies\/\">Fotografies\u00a0<\/a>una <a href=\"https:\/\/www.memoria.cat\/josep-maria-planes\/biografia\/\">biografia <\/a>de Josep Maria Planes, una\u00a0<a href=\"http:\/\/goo.gl\/WDjz81\">selecci\u00f3 d&#8217;opinions seves <\/a>i un <a href=\"https:\/\/www.memoria.cat\/josep-maria-planes\/articles-sobre-jmp\/\">recull d&#8217;articles i comentaris de diferents intel\u00b7lectuals<\/a> sobre la seva personalitat i obra. Especialment commovedor \u00e9s el testimoniatge dels escriptors <a href=\"https:\/\/www.memoria.cat\/josep-maria-planes\/opinions-sobre-jmp\/\">Avel\u00b7l\u00ed Art\u00eds Gener, T\u00edsner, i Antoni Farreras<\/a> quan recorden com es van assabentar de la mort del gran escriptor manres\u00e0. Finalment, no us perdeu <a href=\"https:\/\/www.memoria.cat\/josep-maria-planes\/entrevista-a-dos-testimonis-dels-seus-darrers-dies\/\">l&#8217;entrevista a Josep Planas i Igl\u00e9sias, nebot del periodista, i Francesc Planas i Serra, masover del mas les Planes,<\/a> que expliquen com era Planes i en recorden la darrera estada al mas.<\/p>\n<p>El seu assassinat, als 29 anys, trenc\u00e0 tr\u00e0gicament una traject\u00f2ria fulgurant. \u00c9s l\u00edcit preguntar-se on hauria pogut arribar en el m\u00f3n del periodisme i de la literatura catalana aquest mestre de les lletres i aquest model de periodisme modern, enginy\u00f3s, comprom\u00e8s i lligat al pa\u00eds que era Josep Maria Planes. Nom\u00e9s sabem que la seva tr\u00e0gica desaparici\u00f3 va ser una p\u00e8rdua irreparable per a Catalunya, el seu periodisme i la seva literatura.<\/p>\n<p>Aquest web, elaborat durant l\u2019any del centenari del seu naixement (2007), pret\u00e9n contribuir modestament a la divulgaci\u00f3 de la seva figura i obra. Ignorar-la o menystenir-la \u00e9s un luxe que el nostre pa\u00eds i la nostra cultura no es poden permetre.<\/p>\n<p class=\"rtecenter\">\u00a0 \u00a0 \u00a0 \u00a0 \u00a0 \u00a0 \u00a0 \u00a0 \u00a0 \u00a0 \u00a0 \u00a0 \u00a0 \u00a0 \u00a0 \u00a0 \u00a0 \u00a0 \u00a0 \u00a0 \u00a0 \u00a0 \u00a0 \u00a0 \u00a0 \u00a0 \u00a0 \u00a0 \u00a0 \u00a0 \u00a0 \u00a0 \u00a0 \u00a0 \u00a0 \u00a0 \u00a0 \u00a0 \u00a0 Joaquim Aloy<\/p>\n<\/div>\n<div><\/div>\n","protected":false},"excerpt":{"rendered":"<p>Josep Maria Planes, una personalitat excepcional &nbsp; \u201cper damunt de tot, m&#8217;interessa la dignitat i la llibertat de Catalunya\u201d (Josep Maria Planes, 30-1-1936) &nbsp; He dedicat aquest web a un personatge excepcional: el manres\u00e0 Josep Maria Planes i Mart\u00ed (1907-1936), un escriptor brillant, innovador, avan\u00e7at a la seva \u00e8poca i un dels millors periodistes de [&hellip;]<\/p>\n","protected":false},"author":1,"featured_media":0,"parent":0,"menu_order":0,"comment_status":"closed","ping_status":"closed","template":"","meta":{"iawp_total_views":64,"footnotes":""},"class_list":["post-73404","page","type-page","status-publish","hentry"],"_links":{"self":[{"href":"https:\/\/www.memoria.cat\/josep-maria-planes\/wp-json\/wp\/v2\/pages\/73404","targetHints":{"allow":["GET"]}}],"collection":[{"href":"https:\/\/www.memoria.cat\/josep-maria-planes\/wp-json\/wp\/v2\/pages"}],"about":[{"href":"https:\/\/www.memoria.cat\/josep-maria-planes\/wp-json\/wp\/v2\/types\/page"}],"author":[{"embeddable":true,"href":"https:\/\/www.memoria.cat\/josep-maria-planes\/wp-json\/wp\/v2\/users\/1"}],"replies":[{"embeddable":true,"href":"https:\/\/www.memoria.cat\/josep-maria-planes\/wp-json\/wp\/v2\/comments?post=73404"}],"version-history":[{"count":0,"href":"https:\/\/www.memoria.cat\/josep-maria-planes\/wp-json\/wp\/v2\/pages\/73404\/revisions"}],"wp:attachment":[{"href":"https:\/\/www.memoria.cat\/josep-maria-planes\/wp-json\/wp\/v2\/media?parent=73404"}],"curies":[{"name":"wp","href":"https:\/\/api.w.org\/{rel}","templated":true}]}}