{"id":73963,"date":"2024-07-05T09:57:56","date_gmt":"2024-07-05T08:57:56","guid":{"rendered":"https:\/\/www.memoria.cat\/josep-compte\/?page_id=73963"},"modified":"2024-07-16T07:38:01","modified_gmt":"2024-07-16T06:38:01","slug":"credits","status":"publish","type":"page","link":"https:\/\/www.memoria.cat\/josep-compte\/credits\/","title":{"rendered":"Cr\u00e8dits"},"content":{"rendered":"<p><strong>Autor: <\/strong>Salvador Red\u00f3 i Mart\u00ed<\/p>\n<p><strong>Transcripci\u00f3 de les mem\u00f2ries i de les cartes:<\/strong> Joan Compte i Teresa Torra.<\/p>\n<p><strong>Proced\u00e8ncia de la documentaci\u00f3:<\/strong> Arxiu familiar de Josep Compte Teixid\u00f3 i Arxiu del Centre Excursionista de la Comarca de Bages<\/p>\n<p><strong>Digitalitzaci\u00f3 de la documentaci\u00f3 i de les imatges:<\/strong> Mireia Arso i Salvador Red\u00f3.<\/p>\n<p><strong>Maquetaci\u00f3 del web:<\/strong> Jordi Griera-Cors.<\/p>\n<p><strong>Disseny:<\/strong> Arnau Aloy Oliv\u00e9. <strong>Cap\u00e7alera:<\/strong> Carla M\u00e9ndez.<\/p>\n<p><strong>Revisi\u00f3 ortogr\u00e0fica:<\/strong> Teresa Torra.<\/p>\n<p><strong>Agra\u00efments:<\/strong> Joan Compte i Centre Excursionista de la Comarca de Bages<\/p>\n<p>Manresa: juliol del 2024.<\/p>\n","protected":false},"excerpt":{"rendered":"<p>Autor: Salvador Red\u00f3 i Mart\u00ed Transcripci\u00f3 de les mem\u00f2ries i de les cartes: Joan Compte i Teresa Torra. Proced\u00e8ncia de la documentaci\u00f3: Arxiu familiar de Josep Compte Teixid\u00f3 i Arxiu del Centre Excursionista de la Comarca de Bages Digitalitzaci\u00f3 de la documentaci\u00f3 i de les imatges: Mireia Arso i Salvador Red\u00f3. Maquetaci\u00f3 del web: Jordi [&hellip;]<\/p>\n","protected":false},"author":28,"featured_media":0,"parent":0,"menu_order":0,"comment_status":"closed","ping_status":"closed","template":"","meta":{"iawp_total_views":0,"footnotes":""},"class_list":["post-73963","page","type-page","status-publish","hentry"],"_links":{"self":[{"href":"https:\/\/www.memoria.cat\/josep-compte\/wp-json\/wp\/v2\/pages\/73963","targetHints":{"allow":["GET"]}}],"collection":[{"href":"https:\/\/www.memoria.cat\/josep-compte\/wp-json\/wp\/v2\/pages"}],"about":[{"href":"https:\/\/www.memoria.cat\/josep-compte\/wp-json\/wp\/v2\/types\/page"}],"author":[{"embeddable":true,"href":"https:\/\/www.memoria.cat\/josep-compte\/wp-json\/wp\/v2\/users\/28"}],"replies":[{"embeddable":true,"href":"https:\/\/www.memoria.cat\/josep-compte\/wp-json\/wp\/v2\/comments?post=73963"}],"version-history":[{"count":0,"href":"https:\/\/www.memoria.cat\/josep-compte\/wp-json\/wp\/v2\/pages\/73963\/revisions"}],"wp:attachment":[{"href":"https:\/\/www.memoria.cat\/josep-compte\/wp-json\/wp\/v2\/media?parent=73963"}],"curies":[{"name":"wp","href":"https:\/\/api.w.org\/{rel}","templated":true}]}}