{"id":73961,"date":"2024-07-05T09:57:40","date_gmt":"2024-07-05T08:57:40","guid":{"rendered":"https:\/\/www.memoria.cat\/josep-compte\/?page_id=73961"},"modified":"2024-08-30T17:25:27","modified_gmt":"2024-08-30T16:25:27","slug":"bibliografia","status":"publish","type":"page","link":"https:\/\/www.memoria.cat\/josep-compte\/bibliografia\/","title":{"rendered":"Bibliografia"},"content":{"rendered":"<p><span style=\"font-family: Arial, sans-serif\"><span style=\"font-size: large\">Carreras, Josep \u00c0ngel (2013). <\/span><\/span><em><span style=\"font-family: Arial, sans-serif\"><span style=\"font-size: large\">Els Pirinencs i l\u2019assassinat del capit\u00e0 Millet<\/span><\/span><\/em> <a href=\"http:\/\/ja-acops.blogspot.com\/2013\/11\/els-pirinencs-i-lassassinat-del-capita.html\" target=\"_blank\" rel=\"noopener\"><span style=\"color: #333366\"><span style=\"font-family: Arial, sans-serif\"><span style=\"font-size: large\">http:\/\/ja-acops.blogspot.com\/2013\/11\/els-pirinencs-i-lassassinat-del-capita.html<\/span><\/span><\/span><\/a><\/p>\n<p><span style=\"font-family: Arial, sans-serif\"><span style=\"font-size: large\"><span style=\"color: #383838\">Cruells i Pifarr\u00e9, Manuel (1975). El separatisme catal\u00e0 durant la Guerra Civil. DOPESA. Barcelona.<\/span><\/span><\/span><\/p>\n<p><span style=\"font-family: Times New Roman, serif\"><span style=\"font-size: medium\"><span style=\"color: #383838\"><span style=\"font-family: Arial, sans-serif\"><span style=\"font-size: large\">Segal\u00e0s i Sol\u00e9, Alfons (1986).\u00a0<\/span><\/span><\/span><em><span style=\"color: #383838\"><span style=\"font-family: Arial, sans-serif\"><span style=\"font-size: large\">Carnet d\u2019un milici\u00e0-soldat. 1936-1939<\/span><\/span><\/span><\/em><span style=\"color: #383838\"><span style=\"font-family: Arial, sans-serif\"><span style=\"font-size: large\">. Ed. P\u00f2rtic. Barcelona.<\/span><\/span><\/span><\/span><\/span><\/p>\n<p><span style=\"font-family: Arial, sans-serif\"><span style=\"font-size: large\"><span style=\"color: #222222\">Sol\u00e9 i Sabat\u00e9, Josep Maria \/ Pous i Porta,\u00a0Joan (1991). <\/span><span style=\"color: #222222\"><i>Anarquia i Rep\u00fablica a la Cerdanya<\/i><\/span><span style=\"color: #222222\">. <\/span><span style=\"color: #222222\"><i>1936-1939. \u201cEl Cojo de M\u00e1laga\u201d i els fets de Bellver.<\/i><\/span><span style=\"color: #222222\"> Ed. Publicacions de l\u2019Abadia de Montserrat.<\/span><\/span><\/span><\/p>\n<p><span style=\"font-family: Arial, sans-serif\"><span style=\"font-size: large\">Llorens, Carles. <\/span><\/span><span style=\"font-family: Arial, sans-serif\"><span style=\"font-size: large\"><i>El Cojo de M\u00e1laga<\/i><\/span><\/span><span style=\"font-family: Arial, sans-serif\"><span style=\"font-size: large\">, a <a href=\"https:\/\/www.sapiens.cat\/revista\/sapiens-206\/el-cojo-de-malaga_202234_102.html\">https:\/\/www.sapiens.cat\/revista\/sapiens-206\/el-cojo-de-malaga_202234_102.html<\/a><\/span><\/span><\/p>\n<p>&nbsp;<\/p>\n","protected":false},"excerpt":{"rendered":"<p>Carreras, Josep \u00c0ngel (2013). Els Pirinencs i l\u2019assassinat del capit\u00e0 Millet http:\/\/ja-acops.blogspot.com\/2013\/11\/els-pirinencs-i-lassassinat-del-capita.html Cruells i Pifarr\u00e9, Manuel (1975). El separatisme catal\u00e0 durant la Guerra Civil. DOPESA. Barcelona. Segal\u00e0s i Sol\u00e9, Alfons (1986).\u00a0Carnet d\u2019un milici\u00e0-soldat. 1936-1939. Ed. P\u00f2rtic. Barcelona. Sol\u00e9 i Sabat\u00e9, Josep Maria \/ Pous i Porta,\u00a0Joan (1991). Anarquia i Rep\u00fablica a la Cerdanya. 1936-1939. \u201cEl [&hellip;]<\/p>\n","protected":false},"author":28,"featured_media":0,"parent":0,"menu_order":0,"comment_status":"closed","ping_status":"closed","template":"","meta":{"iawp_total_views":2,"footnotes":""},"class_list":["post-73961","page","type-page","status-publish","hentry"],"_links":{"self":[{"href":"https:\/\/www.memoria.cat\/josep-compte\/wp-json\/wp\/v2\/pages\/73961","targetHints":{"allow":["GET"]}}],"collection":[{"href":"https:\/\/www.memoria.cat\/josep-compte\/wp-json\/wp\/v2\/pages"}],"about":[{"href":"https:\/\/www.memoria.cat\/josep-compte\/wp-json\/wp\/v2\/types\/page"}],"author":[{"embeddable":true,"href":"https:\/\/www.memoria.cat\/josep-compte\/wp-json\/wp\/v2\/users\/28"}],"replies":[{"embeddable":true,"href":"https:\/\/www.memoria.cat\/josep-compte\/wp-json\/wp\/v2\/comments?post=73961"}],"version-history":[{"count":0,"href":"https:\/\/www.memoria.cat\/josep-compte\/wp-json\/wp\/v2\/pages\/73961\/revisions"}],"wp:attachment":[{"href":"https:\/\/www.memoria.cat\/josep-compte\/wp-json\/wp\/v2\/media?parent=73961"}],"curies":[{"name":"wp","href":"https:\/\/api.w.org\/{rel}","templated":true}]}}