{"id":73959,"date":"2024-07-05T09:57:26","date_gmt":"2024-07-05T08:57:26","guid":{"rendered":"https:\/\/www.memoria.cat\/josep-compte\/?page_id=73959"},"modified":"2024-07-09T13:20:00","modified_gmt":"2024-07-09T12:20:00","slug":"reproduccio-de-quatre-pagines-singulars-de-les-memories","status":"publish","type":"page","link":"https:\/\/www.memoria.cat\/josep-compte\/reproduccio-de-quatre-pagines-singulars-de-les-memories\/","title":{"rendered":"Reproducci\u00f3 de quatre p\u00e0gines singulars de les mem\u00f2ries."},"content":{"rendered":"<p>&nbsp;<\/p>\n<div id=\"jig1\" class=\"justified-image-grid jig-0925ae3456eabb25718b1fe1edd52c13 jig-preset-c3 jig-source-wp-gallery jig-rml-id-4\"><div class=\"jig-clearfix\"><\/div><noscript id=\"jig1-html\" class=\"justified-image-grid-html\" data-lazy-src=\"skiplazyload\" data-src=\"skipunveillazyload\"><ul><li><a href=\"https:\/\/www.memoria.cat\/josep-compte\/wp-content\/uploads\/sites\/137\/2024\/07\/025-scaled.jpg\" title=\"Primera p\u00e0gina del manuscrit.\"><img decoding=\"async\" src=\"https:\/\/www.memoria.cat\/josep-compte\/wp-content\/plugins\/justified-image-grid\/timthumb.php?src=https%3A%2F%2Fwww.memoria.cat%2Fjosep-compte%2Fwp-content%2Fuploads%2Fsites%2F137%2F2024%2F07%2F025-scaled.jpg&amp;h=230&amp;q=90&amp;f=.jpg\" alt=\"Primera p\u00e0gina del manuscrit.\" width=\"153\" height=\"230\" \/><\/a><p class=\"jig-HTMLdescription\">Primera p\u00e0gina del manuscrit.<\/p><\/li><li><a href=\"https:\/\/www.memoria.cat\/josep-compte\/wp-content\/uploads\/sites\/137\/2024\/07\/026-scaled.jpg\" title=\"P\u00e0gina del manuscrit dels fets de La Molina i de Bellver.\"><img decoding=\"async\" src=\"https:\/\/www.memoria.cat\/josep-compte\/wp-content\/plugins\/justified-image-grid\/timthumb.php?src=https%3A%2F%2Fwww.memoria.cat%2Fjosep-compte%2Fwp-content%2Fuploads%2Fsites%2F137%2F2024%2F07%2F026-scaled.jpg&amp;h=230&amp;q=90&amp;f=.jpg\" alt=\"P\u00e0gina del manuscrit dels fets de La Molina i de Bellver.\" width=\"153\" height=\"230\" \/><\/a><p class=\"jig-HTMLdescription\">P\u00e0gina del manuscrit dels fets de La Molina i de Bellver.<\/p><\/li><li><a href=\"https:\/\/www.memoria.cat\/josep-compte\/wp-content\/uploads\/sites\/137\/2024\/07\/027-scaled.jpg\" title=\"P\u00e0gina del  manuscrit sobre la dissoluci\u00f3 del Regiment Pirinenc.\"><img decoding=\"async\" src=\"https:\/\/www.memoria.cat\/josep-compte\/wp-content\/plugins\/justified-image-grid\/timthumb.php?src=https%3A%2F%2Fwww.memoria.cat%2Fjosep-compte%2Fwp-content%2Fuploads%2Fsites%2F137%2F2024%2F07%2F027-scaled.jpg&amp;h=230&amp;q=90&amp;f=.jpg\" alt=\"P\u00e0gina del  manuscrit sobre la dissoluci\u00f3 del Regiment Pirinenc.\" width=\"153\" height=\"230\" \/><\/a><p class=\"jig-HTMLdescription\">P\u00e0gina del  manuscrit sobre la dissoluci\u00f3 del Regiment Pirinenc.<\/p><\/li><li><a href=\"https:\/\/www.memoria.cat\/josep-compte\/wp-content\/uploads\/sites\/137\/2024\/07\/028-scaled.jpg\" title=\"P\u00e0gina del manuscrit del retorn per Hendaia.\"><img loading=\"lazy\" decoding=\"async\" src=\"https:\/\/www.memoria.cat\/josep-compte\/wp-content\/plugins\/justified-image-grid\/timthumb.php?src=https%3A%2F%2Fwww.memoria.cat%2Fjosep-compte%2Fwp-content%2Fuploads%2Fsites%2F137%2F2024%2F07%2F028-scaled.jpg&amp;h=230&amp;q=90&amp;f=.jpg\" alt=\"P\u00e0gina del manuscrit del retorn per Hendaia.\" width=\"153\" height=\"230\" \/><\/a><p class=\"jig-HTMLdescription\">P\u00e0gina del manuscrit del retorn per Hendaia.<\/p><\/li><\/ul><\/noscript><\/div>\n<p>&nbsp;<\/p>\n","protected":false},"excerpt":{"rendered":"<p>&nbsp; &nbsp;<\/p>\n","protected":false},"author":28,"featured_media":0,"parent":0,"menu_order":0,"comment_status":"closed","ping_status":"closed","template":"","meta":{"iawp_total_views":2,"footnotes":""},"class_list":["post-73959","page","type-page","status-publish","hentry"],"_links":{"self":[{"href":"https:\/\/www.memoria.cat\/josep-compte\/wp-json\/wp\/v2\/pages\/73959","targetHints":{"allow":["GET"]}}],"collection":[{"href":"https:\/\/www.memoria.cat\/josep-compte\/wp-json\/wp\/v2\/pages"}],"about":[{"href":"https:\/\/www.memoria.cat\/josep-compte\/wp-json\/wp\/v2\/types\/page"}],"author":[{"embeddable":true,"href":"https:\/\/www.memoria.cat\/josep-compte\/wp-json\/wp\/v2\/users\/28"}],"replies":[{"embeddable":true,"href":"https:\/\/www.memoria.cat\/josep-compte\/wp-json\/wp\/v2\/comments?post=73959"}],"version-history":[{"count":0,"href":"https:\/\/www.memoria.cat\/josep-compte\/wp-json\/wp\/v2\/pages\/73959\/revisions"}],"wp:attachment":[{"href":"https:\/\/www.memoria.cat\/josep-compte\/wp-json\/wp\/v2\/media?parent=73959"}],"curies":[{"name":"wp","href":"https:\/\/api.w.org\/{rel}","templated":true}]}}